{"id":2392,"date":"2017-09-06T12:29:33","date_gmt":"2017-09-06T12:29:33","guid":{"rendered":"http:\/\/lozen-sport.com\/accessoires-sup\/"},"modified":"2019-02-18T11:07:41","modified_gmt":"2019-02-18T09:07:41","slug":"sup-accessoires","status":"publish","type":"page","link":"https:\/\/lozen-sport.com\/de\/sup-accessoires\/","title":{"rendered":"SUP-Zubeh\u00f6r"},"content":{"rendered":"[et_pb_section bb_built=&#8220;1&#8243;][et_pb_row][et_pb_column type=&#8220;4_4&#8243;][et_pb_text _builder_version=&#8220;3.19.14&#8243;]\n<h1 style=\"text-align: justify;\"><span style=\"font-weight: 400;\">Zubeh\u00f6r f\u00fcr aufblasbare Stand-up-Paddle zu erschwinglichen Preisen<\/span><\/h1>\n<p><span style=\"font-weight: 400;\">Um Ihnen das beste Gleiterlebnis mit unseren aufblasbaren Stand-up- Paddles zu garantieren, werden sie von allem notwendigen Zubeh\u00f6r begleitet, sowohl f\u00fcr den Gebrauch als auch f\u00fcr die Wartung.<\/span><\/p>\n<p><span style=\"font-weight: 400;\">Unsere Boards werden automatisch mit Pumpe, Leine, Paddel, Querruder, Reparatursatz und Aufbewahrungstasche verkauft. Indem wir diese Ausr\u00fcstung direkt mit jedem unserer Boards liefern, sind wir in der Lage, Ihnen Material zu einem g\u00fcnstigen Preis anzubieten.<\/span><span style=\"font-weight: 400;\"><br \/><\/span><span style=\"font-weight: 400;\">Einige Zubeh\u00f6rteile f\u00fcr aufblasbare Stand-up-Paddle sind jedoch nicht im Lieferumfang der Boards enthalten. Aus diesen Gr\u00fcnden bietet Ihnen Lozen die M\u00f6glichkeit, hier alle Produkte aus dem Zubeh\u00f6rsortiment zu finden.<\/span><\/p>\n[\/et_pb_text][et_pb_shop _builder_version=&#8220;3.11&#8243; type=&#8220;product_category&#8220; include_categories=&#8220;75&#8243; columns_number=&#8220;0&#8243; \/][\/et_pb_column][\/et_pb_row][et_pb_row][et_pb_column type=&#8220;1_2&#8243;][et_pb_text _builder_version=&#8220;3.19.14&#8243;]\n<h3><span style=\"font-weight: 400;\">Die Sicherheit<\/span><\/h3>\n<p><span style=\"font-weight: 400;\">Ein Wassersport birgt Risiken, die oft minimal sind, aber nicht vernachl\u00e4ssigt werden d\u00fcrfen. Um auf alle Eventualit\u00e4ten vorbereitet zu sein, bieten wir verschiedene Rettungswestenmodelle an, die auf Ihre Ma\u00dfe und Ihren Gebrauch abgestimmt sind: von SUP im Wildwasser \u00fcber Surfen am Meer bis hin zu Kanufahren im Fluss und das Angeln.<\/span><\/p>\n<p><span style=\"font-weight: 400;\">Die Westen sind mit einem Vorderrei\u00dfverschluss sowie verschiedenen Reflektorstreifen und Spannschnallen ausgestattet, um ihren festen Halt auf dem Oberk\u00f6rper zu gew\u00e4hrleisten. Das Angelmodell verf\u00fcgt \u00fcber viele an diese Aktivit\u00e4t angepasste Staur\u00e4ume, w\u00e4hrend das Kindermodell mit einer Pfeife f\u00fcr noch mehr Sicherheit ausgestattet ist.<\/span><\/p>\n[\/et_pb_text][\/et_pb_column][et_pb_column type=&#8220;1_2&#8243;][et_pb_text _builder_version=&#8220;3.19.14&#8243;]\n<h3 style=\"text-align: justify;\"><span style=\"font-weight: 400;\">Der Transport<\/span><\/h3>\n<p><span style=\"font-weight: 400;\">Um den Transport Ihres aufblasbaren Stand-up-Paddle zu erleichtern, l\u00e4sst es sich leicht in seinen Transportsack verstauen. Gr\u00f6\u00dfer und etwas dicker als ein Standard-Rucksack, ist er speziell entwickelt worden, um Ihnen Ihre Bewegungsfreiheit zu erleichtern.<\/span><\/p>\n<p><span style=\"font-weight: 400;\">Sobald der Sack voll ist, entsprechen seine Dimensionen denen eines Wanderrucksacks und seine rechteckige Form erm\u00f6glicht es Ihnen, ihn leicht in einem Kofferraum oder in den Staur\u00e4umen eines Zuges oder Flugzeugs unterzubringen.<\/span><\/p>\n<p><span style=\"font-weight: 400;\">Robust, praktisch, kompakt und komfortabel, dieser f\u00fcr aufblasbare SUP Tragesack ist auch wasserdicht!<\/span><\/p>\n[\/et_pb_text][\/et_pb_column][\/et_pb_row][et_pb_row][et_pb_column type=&#8220;4_4&#8243;][et_pb_text _builder_version=&#8220;3.19.14&#8243;]\n<h3 style=\"text-align: justify;\"><span style=\"font-weight: 400;\">Die Leistungen<\/span><\/h3>\n<p><span style=\"font-weight: 400;\">Um die F\u00e4higkeiten Ihres aufblasbaren Stand-up-Paddle optimal zu nutzen, m\u00fcssen Sie es mit einem hochwertigen Querruder ausstatten und \u00fcber ein gutes Paddelmodell verf\u00fcgen. <\/span><\/p>\n<p><span style=\"font-weight: 400;\">\u00dcber seine Form und Dimensionen hinaus muss ein SUP-Board mit einem robusten Querruder versehen sein, das f\u00fcr ein aufblasbares Paddle hergestellt ist. Mit einer Dimension von 18cm*3cm kombiniert das von uns vorgeschlagene Modell Leistung und Widerstand, um das Beste aus Ihrem Board herauszuholen.<\/span><\/p>\n<p><span style=\"font-weight: 400;\">Sehr einfach an der R\u00fcckseite Ihres SUP zu befestigen, kann es auch f\u00fcr eine gro\u00dfe Anzahl von aufblasbaren Standardmodellen verwendet werden.<\/span><\/p>\n<p><span style=\"font-weight: 400;\">Was unsere Paddel betrifft, haben wir uns f\u00fcr modulare Paddelmodelle entschieden, damit jeder so gut wie m\u00f6glich von seinem Board profitieren kann. Sie k\u00f6nnen es Ihren Freunden leihen oder Ihre Kinder damit surfen lassen, ohne ein neues, an ihre Gr\u00f6\u00dfe angepasstes Paddel kaufen zu m\u00fcssen. Hergestellt aus Aluminium und glasfaserverst\u00e4rktem Nylon, sind unsere Paddel f\u00fcr aufblasbare SUP sehr robust.<\/span><\/p>\n[\/et_pb_text][\/et_pb_column][\/et_pb_row][\/et_pb_section]\n","protected":false},"excerpt":{"rendered":"<p><div class=\"et_pb_row et_pb_row_0 et_pb_row_empty\">\n\t\t\t\t\n\t\t\t\t\n\t\t\t\t\n\t\t\t\t\n\t\t\t\t\n\t\t\t<\/div> Zubeh\u00f6r f\u00fcr aufblasbare Stand-up-Paddle zu erschwinglichen PreisenUm Ihnen das beste Gleiterlebnis mit unseren aufblasbaren Stand-up- Paddles zu garantieren, werden sie von allem notwendigen Zubeh\u00f6r begleitet, sowohl f\u00fcr den Gebrauch als auch f\u00fcr die Wartung.Unsere Boards werden automatisch mit Pumpe, Leine, Paddel, Querruder, Reparatursatz und Aufbewahrungstasche verkauft. Indem wir diese Ausr\u00fcstung direkt mit jedem unserer [&hellip;]<\/p>\n","protected":false},"author":1,"featured_media":0,"parent":0,"menu_order":0,"comment_status":"closed","ping_status":"closed","template":"","meta":{"_et_pb_use_builder":"on","_et_pb_old_content":"","_et_gb_content_width":"","content-type":"","footnotes":""},"class_list":["post-2392","page","type-page","status-publish","hentry"],"yoast_head":"<!-- This site is optimized with the Yoast SEO plugin v25.9 - https:\/\/yoast.com\/wordpress\/plugins\/seo\/ -->\n<title>Accessoire Stand up paddle par Lozen SUP<\/title>\n<meta name=\"description\" content=\"Une large gamme d&#039;accessoire pour Stand Up paddle: pagaie, gilet, leash, sac de transport, ailerons....Optez pour un design francais au meilleur prix.\" \/>\n<meta name=\"robots\" content=\"index, follow, max-snippet:-1, max-image-preview:large, max-video-preview:-1\" \/>\n<link rel=\"canonical\" href=\"https:\/\/lozen-sport.com\/de\/sup-accessoires\/\" \/>\n<meta property=\"og:locale\" content=\"de_DE\" \/>\n<meta property=\"og:type\" content=\"article\" \/>\n<meta property=\"og:title\" content=\"Accessoire Stand up paddle par Lozen SUP\" \/>\n<meta property=\"og:description\" content=\"Une large gamme d&#039;accessoire pour Stand Up paddle: pagaie, gilet, leash, sac de transport, ailerons....Optez pour un design francais au meilleur prix.\" \/>\n<meta property=\"og:url\" content=\"https:\/\/lozen-sport.com\/de\/sup-accessoires\/\" \/>\n<meta property=\"og:site_name\" content=\"LOZEN\" \/>\n<meta property=\"article:modified_time\" content=\"2019-02-18T09:07:41+00:00\" \/>\n<meta name=\"twitter:card\" content=\"summary_large_image\" \/>\n<meta name=\"twitter:label1\" content=\"Gesch\u00e4tzte Lesezeit\" \/>\n\t<meta name=\"twitter:data1\" content=\"3\u00a0Minuten\" \/>\n<script type=\"application\/ld+json\" class=\"yoast-schema-graph\">{\"@context\":\"https:\/\/schema.org\",\"@graph\":[{\"@type\":\"WebPage\",\"@id\":\"https:\/\/lozen-sport.com\/de\/sup-accessoires\/\",\"url\":\"https:\/\/lozen-sport.com\/de\/sup-accessoires\/\",\"name\":\"Accessoire Stand up paddle par Lozen SUP\",\"isPartOf\":{\"@id\":\"https:\/\/lozen-sport.com\/#website\"},\"datePublished\":\"2017-09-06T12:29:33+00:00\",\"dateModified\":\"2019-02-18T09:07:41+00:00\",\"description\":\"Une large gamme d'accessoire pour Stand Up paddle: pagaie, gilet, leash, sac de transport, ailerons....Optez pour un design francais au meilleur prix.\",\"breadcrumb\":{\"@id\":\"https:\/\/lozen-sport.com\/de\/sup-accessoires\/#breadcrumb\"},\"inLanguage\":\"de\",\"potentialAction\":[{\"@type\":\"ReadAction\",\"target\":[\"https:\/\/lozen-sport.com\/de\/sup-accessoires\/\"]}]},{\"@type\":\"BreadcrumbList\",\"@id\":\"https:\/\/lozen-sport.com\/de\/sup-accessoires\/#breadcrumb\",\"itemListElement\":[{\"@type\":\"ListItem\",\"position\":1,\"name\":\"Accueil\",\"item\":\"https:\/\/lozen-sport.com\/de\/\"},{\"@type\":\"ListItem\",\"position\":2,\"name\":\"SUP-Zubeh\u00f6r\"}]},{\"@type\":\"WebSite\",\"@id\":\"https:\/\/lozen-sport.com\/#website\",\"url\":\"https:\/\/lozen-sport.com\/\",\"name\":\"LOZEN\",\"description\":\"LE SUP POUR TOUS\",\"potentialAction\":[{\"@type\":\"SearchAction\",\"target\":{\"@type\":\"EntryPoint\",\"urlTemplate\":\"https:\/\/lozen-sport.com\/?s={search_term_string}\"},\"query-input\":{\"@type\":\"PropertyValueSpecification\",\"valueRequired\":true,\"valueName\":\"search_term_string\"}}],\"inLanguage\":\"de\"}]}<\/script>\n<!-- \/ Yoast SEO plugin. -->","yoast_head_json":{"title":"Accessoire Stand up paddle par Lozen SUP","description":"Une large gamme d'accessoire pour Stand Up paddle: pagaie, gilet, leash, sac de transport, ailerons....Optez pour un design francais au meilleur prix.","robots":{"index":"index","follow":"follow","max-snippet":"max-snippet:-1","max-image-preview":"max-image-preview:large","max-video-preview":"max-video-preview:-1"},"canonical":"https:\/\/lozen-sport.com\/de\/sup-accessoires\/","og_locale":"de_DE","og_type":"article","og_title":"Accessoire Stand up paddle par Lozen SUP","og_description":"Une large gamme d'accessoire pour Stand Up paddle: pagaie, gilet, leash, sac de transport, ailerons....Optez pour un design francais au meilleur prix.","og_url":"https:\/\/lozen-sport.com\/de\/sup-accessoires\/","og_site_name":"LOZEN","article_modified_time":"2019-02-18T09:07:41+00:00","twitter_card":"summary_large_image","twitter_misc":{"Gesch\u00e4tzte Lesezeit":"3\u00a0Minuten"},"schema":{"@context":"https:\/\/schema.org","@graph":[{"@type":"WebPage","@id":"https:\/\/lozen-sport.com\/de\/sup-accessoires\/","url":"https:\/\/lozen-sport.com\/de\/sup-accessoires\/","name":"Accessoire Stand up paddle par Lozen SUP","isPartOf":{"@id":"https:\/\/lozen-sport.com\/#website"},"datePublished":"2017-09-06T12:29:33+00:00","dateModified":"2019-02-18T09:07:41+00:00","description":"Une large gamme d'accessoire pour Stand Up paddle: pagaie, gilet, leash, sac de transport, ailerons....Optez pour un design francais au meilleur prix.","breadcrumb":{"@id":"https:\/\/lozen-sport.com\/de\/sup-accessoires\/#breadcrumb"},"inLanguage":"de","potentialAction":[{"@type":"ReadAction","target":["https:\/\/lozen-sport.com\/de\/sup-accessoires\/"]}]},{"@type":"BreadcrumbList","@id":"https:\/\/lozen-sport.com\/de\/sup-accessoires\/#breadcrumb","itemListElement":[{"@type":"ListItem","position":1,"name":"Accueil","item":"https:\/\/lozen-sport.com\/de\/"},{"@type":"ListItem","position":2,"name":"SUP-Zubeh\u00f6r"}]},{"@type":"WebSite","@id":"https:\/\/lozen-sport.com\/#website","url":"https:\/\/lozen-sport.com\/","name":"LOZEN","description":"LE SUP POUR TOUS","potentialAction":[{"@type":"SearchAction","target":{"@type":"EntryPoint","urlTemplate":"https:\/\/lozen-sport.com\/?s={search_term_string}"},"query-input":{"@type":"PropertyValueSpecification","valueRequired":true,"valueName":"search_term_string"}}],"inLanguage":"de"}]}},"_links":{"self":[{"href":"https:\/\/lozen-sport.com\/de\/wp-json\/wp\/v2\/pages\/2392","targetHints":{"allow":["GET"]}}],"collection":[{"href":"https:\/\/lozen-sport.com\/de\/wp-json\/wp\/v2\/pages"}],"about":[{"href":"https:\/\/lozen-sport.com\/de\/wp-json\/wp\/v2\/types\/page"}],"author":[{"embeddable":true,"href":"https:\/\/lozen-sport.com\/de\/wp-json\/wp\/v2\/users\/1"}],"replies":[{"embeddable":true,"href":"https:\/\/lozen-sport.com\/de\/wp-json\/wp\/v2\/comments?post=2392"}],"version-history":[{"count":0,"href":"https:\/\/lozen-sport.com\/de\/wp-json\/wp\/v2\/pages\/2392\/revisions"}],"wp:attachment":[{"href":"https:\/\/lozen-sport.com\/de\/wp-json\/wp\/v2\/media?parent=2392"}],"curies":[{"name":"wp","href":"https:\/\/api.w.org\/{rel}","templated":true}]}}