{"id":2429,"date":"2017-09-06T12:04:13","date_gmt":"2017-09-06T12:04:13","guid":{"rendered":"http:\/\/lozen-sport.com\/paddle-gonflable\/"},"modified":"2019-02-18T11:13:47","modified_gmt":"2019-02-18T09:13:47","slug":"paddle-gonflable","status":"publish","type":"page","link":"https:\/\/lozen-sport.com\/de\/paddle-gonflable\/","title":{"rendered":"AUFBLASBAREN STAND UP PADDLE BOARDS"},"content":{"rendered":"[et_pb_section bb_built=&#8220;1&#8243; _builder_version=&#8220;3.0.47&#8243;][et_pb_row _builder_version=&#8220;3.0.47&#8243; background_size=&#8220;initial&#8220; background_position=&#8220;top_left&#8220; background_repeat=&#8220;repeat&#8220;][et_pb_column type=&#8220;4_4&#8243;][et_pb_text _builder_version=&#8220;3.19.14&#8243; text_font_size=&#8220;12px&#8220; header_font=&#8220;AKKURAT BOLD|||on|||||&#8220; header_font_size=&#8220;40px&#8220; header_text_shadow_style=&#8220;preset3&#8243; header_text_shadow_color=&#8220;rgba(0,0,0,0.15)&#8220; text_orientation=&#8220;justified&#8220; module_alignment=&#8220;left&#8220; border_style=&#8220;solid&#8220;]\n<h1>UNSERE AUFBLASBAREN STAND UP PADDLE BOARDS<\/h1>\n<p><span style=\"font-weight: 400;\">Bei Lozen haben wir uns entschieden, auf aufblasbare SUP-Boards zu setzen. Sie sind zug\u00e4nglicher, vielseitiger und leicht zu transportieren. Aufblasbare Boards sind heute weit davon entfernt, was wir uns vor einigen Jahren h\u00e4tten vorstellen k\u00f6nnen. Dank des technologischen Fortschritts sind sie genauso leistungsf\u00e4hig wie starre Boards und das zu einem attraktiveren Preis. Wenn Sie nicht unbedingt im Rennen um das Podium sind, ist das genau das Richtige f\u00fcr Sie.<\/span><\/p>\n[\/et_pb_text][\/et_pb_column][\/et_pb_row][et_pb_row _builder_version=&#8220;3.0.69&#8243;][et_pb_column type=&#8220;4_4&#8243;][et_pb_shop type=&#8220;product_category&#8220; posts_number=&#8220;10&#8243; include_categories=&#8220;74&#8243; columns_number=&#8220;4&#8243; orderby=&#8220;price&#8220; _builder_version=&#8220;3.19.14&#8243; border_style_top_image=&#8220;solid&#8220; border_style_right_image=&#8220;solid&#8220; border_style_bottom_image=&#8220;solid&#8220; border_style_left_image=&#8220;solid&#8220;]\n[\/et_pb_shop][\/et_pb_column][\/et_pb_row][et_pb_row custom_padding=&#8220;27px|0px|25px|0px&#8220; _builder_version=&#8220;3.0.47&#8243; background_size=&#8220;initial&#8220; background_position=&#8220;top_left&#8220; background_repeat=&#8220;repeat&#8220;][et_pb_column type=&#8220;4_4&#8243;][et_pb_text _builder_version=&#8220;3.19.14&#8243; text_font_size=&#8220;12px&#8220; header_font=&#8220;AKKURAT BOLD|||on|||||&#8220; header_font_size=&#8220;40px&#8220; header_text_shadow_style=&#8220;preset3&#8243; header_text_shadow_color=&#8220;rgba(0,0,0,0.15)&#8220; header_2_font=&#8220;AKKURAT BOLD|||on|||||&#8220; header_2_text_align=&#8220;left&#8220; header_2_font_size=&#8220;30px&#8220; header_2_text_shadow_style=&#8220;preset3&#8243; header_2_text_shadow_color=&#8220;rgba(0,0,0,0.2)&#8220; text_orientation=&#8220;justified&#8220; module_alignment=&#8220;left&#8220; border_style=&#8220;solid&#8220;]\n<h2>WELCHE VORTEILE HAT EIN AUFBLASBARES STAND UP PADDLE ?<\/h2>\n<p>Mit dem Wunsch, unsere Liebe zur Disziplin zu teilen, haben wir uns entschieden, aufblasbare Stand up Paddles anzubieten, weil sie ebenso respektable Leistungen wie starre Modelle zu niedrigeren Kosten bieten.<\/p>\n[\/et_pb_text][\/et_pb_column][\/et_pb_row][et_pb_row custom_padding=&#8220;25px|0px|27px|0px&#8220; _builder_version=&#8220;3.0.87&#8243;][et_pb_column type=&#8220;1_2&#8243;][et_pb_toggle title=&#8220;Ein preiswertes aufblasbares Paddle, geht das zulasten der Produktqualit\u00e4t?&#8220; open_toggle_background_color=&#8220;#ffffff&#8220; closed_toggle_background_color=&#8220;#ffffff&#8220; _builder_version=&#8220;3.19.14&#8243; title_level=&#8220;h2&#8243; title_font=&#8220;AKKURAT BOLD||||||||&#8220; title_font_size=&#8220;18px&#8220; body_font_size=&#8220;12px&#8220; text_orientation=&#8220;left&#8220;]\n<h3 style=\"font-family: 'AKKURAT BOLD',Helvetica,Arial,Lucida,sans-serif; font-size: 120%; color: #333;\"><span style=\"font-weight: 400;\">Wie k\u00f6nnen wir qualitativ hochwertige, langlebige und kosteng\u00fcnstige Ger\u00e4te anbieten?<\/span><\/h3>\n<ol>\n<li><b><\/b><span style=\"font-weight: 400;\">Anstatt Zubeh\u00f6r f\u00fcr Stand up Paddle getrennt und zu einem hohen Preis zu verkaufen, bieten wir eine Reihe von SUP an, die durch alle Zubeh\u00f6rteile erg\u00e4nzt werden, die f\u00fcr Ihre Sicherheit, den ordnungsgem\u00e4\u00dfen Gebrauch Ihres Boards und dessen Wartung notwendig sind.<\/span><\/li>\n<li><b><\/b><span style=\"font-weight: 400;\">Warum sollte man sich f\u00fcr ein SUP signiert Denis Llorens oder ein von Monster gesponsertes entscheiden? Wir konzentrieren uns auf die eigentliche Qualit\u00e4t eines Boards und nicht auf das Ansehen eines Namens.<\/span><\/li>\n<li><b><\/b><span style=\"font-weight: 400;\">Ein aufblasbarer Stand up Paddle ist zwangsl\u00e4ufig billiger in der Herstellung. Materialien und Herstellungsverfahren sind kosteng\u00fcnstiger als bei starren Boards, ebenso wie die Wartung der Boards auf lange Sicht. Diese Elemente erm\u00f6glichen es uns, qualitativ hochwertige Stand up Paddle zu g\u00fcnstigen Preisen anzubieten.<\/span><\/li>\n<\/ol>\n[\/et_pb_toggle][\/et_pb_column][et_pb_column type=&#8220;1_2&#8243;][et_pb_toggle title=&#8220;Warum ist ein aufblasbares SUP g\u00fcnstiger als ein starres SUP?&#8220; open_toggle_background_color=&#8220;#ffffff&#8220; closed_toggle_background_color=&#8220;#ffffff&#8220; _builder_version=&#8220;3.19.14&#8243; title_level=&#8220;h2&#8243; title_font=&#8220;AKKURAT BOLD||||||||&#8220; title_font_size=&#8220;18px&#8220; body_font_size=&#8220;12px&#8220; text_orientation=&#8220;left&#8220;]\n<p><span style=\"font-weight: 400;\">Betrachten wir zun\u00e4chst die Materialien, aus denen ein starres SUP besteht: Epoxidharz, Glasfaser, expandiertes Polystyrol&#8230; Hochwertige, aber teure Materialien.Dar\u00fcber hinaus werden manche Boards auf traditionelle Weise in Handarbeit aus Qualit\u00e4tsholz hergestellt. Schlie\u00dflich tragen auch die Herstellungs-, Verarbeitungs- und Veredelungsprozesse der Boards zu dem Anstieg der Herstellungskosten bei, die sich auf den Verkaufspreis auswirken.<\/span><\/p>\n<p><span style=\"font-weight: 400;\">Durch die Verwendung kosteng\u00fcnstigerer Materialien und in kleineren Mengen bei gleicher Qualit\u00e4t bietet LOZEN Ihnen preiswerte aufblasbare Stand up Paddles an. Dar\u00fcber hinaus ist ein Paddle eine langfristige Investition, die zus\u00e4tzliche Kosten f\u00fcr die Wartung verursacht. Aufgrund seiner Zusammensetzung ist ein starres Board jedoch empfindlicher gegen St\u00f6\u00dfe und Kratzer und seine Reparatur wird sehr teuer sein.Ein aufblasbares Paddel ben\u00f6tigt dank des mit den Boards von Lozen gelieferten Wartungskits weniger R\u00fcckgabe an die Werkstatt.<\/span><\/p>\n<p><span style=\"font-weight: 400;\">Ein aufblasbares Stand up Paddle von Lozen ist preiswerter beim Kauf und sparsamer bei der Wartung.<\/span><\/p>\n[\/et_pb_toggle][\/et_pb_column][\/et_pb_row][et_pb_row custom_padding=&#8220;25px|0px|25px|0px&#8220; _builder_version=&#8220;3.0.47&#8243; background_size=&#8220;initial&#8220; background_position=&#8220;top_left&#8220; background_repeat=&#8220;repeat&#8220;][et_pb_column type=&#8220;4_4&#8243;][et_pb_text _builder_version=&#8220;3.19.14&#8243; text_font_size=&#8220;12px&#8220; header_font=&#8220;AKKURAT BOLD|||on|||||&#8220; header_font_size=&#8220;40px&#8220; header_text_shadow_style=&#8220;preset3&#8243; header_text_shadow_color=&#8220;rgba(0,0,0,0.15)&#8220; header_2_font=&#8220;AKKURAT BOLD|||on|||||&#8220; header_2_text_align=&#8220;left&#8220; header_2_font_size=&#8220;30px&#8220; header_2_text_shadow_style=&#8220;preset3&#8243; header_2_text_shadow_color=&#8220;rgba(0,0,0,0.2)&#8220; text_orientation=&#8220;justified&#8220; module_alignment=&#8220;left&#8220; border_style=&#8220;solid&#8220;]\n<h2>EIN AUFBLASBARES SUP VON LOZEN: PREISWERT UND SEHR PRAKTISCH!<\/h2>\n<p>Die Entscheidung f\u00fcr ein aufblasbares Stand up Paddle von Lozen bedeutet die Auswahl einer Ausr\u00fcstung mit Eigenschaften, die Qualit\u00e4t und Zweckm\u00e4\u00dfigkeit vereinen.<\/p>\n[\/et_pb_text][\/et_pb_column][\/et_pb_row][et_pb_row custom_padding=&#8220;25px|0px|27px|0px&#8220; _builder_version=&#8220;3.0.87&#8243;][et_pb_column type=&#8220;1_3&#8243;][et_pb_toggle title=&#8220;SOLIDIT\u00c4T&#8220; open_toggle_background_color=&#8220;#ffffff&#8220; closed_toggle_background_color=&#8220;#ffffff&#8220; _builder_version=&#8220;3.19.14&#8243; title_level=&#8220;h2&#8243; title_font=&#8220;AKKURAT BOLD||||||||&#8220; title_font_size=&#8220;18px&#8220; body_font_size=&#8220;12px&#8220; text_orientation=&#8220;left&#8220;]\n<p><span style=\"font-weight: 400;\">Trotz des Anscheins ist ein aufblasbares Board tats\u00e4chlich robuster als ein starres SUP und wird f\u00fcr die Aus\u00fcbung in flie\u00dfenden Gew\u00e4ssern viel vorteilhafter sein. Die zahlreichen PVC-Schichten erm\u00f6glichen eine effektive D\u00e4mpfung von St\u00f6\u00dfen und Reibungen.<\/span><\/p>\n<p><span style=\"font-weight: 400;\">Im Gegensatz zu einem starren Board riskieren Sie nicht, Ihres aufblasbares SUP durch einen ungeschickten Paddelschlag zu besch\u00e4digen oder es durch schroffen Kontakt mit Felsen zu zerkratzen oder stark zu besch\u00e4digen.<\/span><\/p>\n<p><span style=\"font-weight: 400;\">Dar\u00fcber hinaus kann jedes Leck dank des Wartungskits, das mit den aufblasbaren SUP von Lozen geliefert wird, sofort repariert werden. W\u00e4hrend bei einem starren Board ein gro\u00dfer Schaden nur in der Werkstatt behoben werden kann: eine zeitaufw\u00e4ndige und teure Reparatur.<\/span><\/p>\n[\/et_pb_toggle][\/et_pb_column][et_pb_column type=&#8220;1_3&#8243;][et_pb_toggle title=&#8220;TRANSPORT&#8220; open_toggle_background_color=&#8220;#ffffff&#8220; closed_toggle_background_color=&#8220;#ffffff&#8220; _builder_version=&#8220;3.19.14&#8243; title_level=&#8220;h2&#8243; title_font=&#8220;AKKURAT BOLD||||||||&#8220; title_font_size=&#8220;18px&#8220; body_font_size=&#8220;12px&#8220; text_orientation=&#8220;left&#8220;]\n<p><span style=\"font-weight: 400;\">Egal, ob Sie der Typ sind, der die besten Pl\u00e4tze alleine ausnutzt oder der das Vergn\u00fcgen des Stand up Paddle mit Familie oder Freunden teilt, ein aufblasbares Modell wird leichter zu tragen sein. Das Board passt problemlos in seine Reisesack mit dem Rest der Ausr\u00fcstung.<\/span><\/p>\n<p><span style=\"font-weight: 400;\">Sie k\u00f6nnen alles einfach auf dem R\u00fccken tragen und dann mit dem Zug oder Flugzeug mit minimalem Platzbedarf an Ihr Ziel kommen. Dar\u00fcber hinaus werden Familien es zu sch\u00e4tzen wissen, mehrere Boards nebeneinander im Kofferraum unterbringen zu k\u00f6nnen und noch Platz f\u00fcr den Rest des Gep\u00e4cks zu haben.<\/span><\/p>\n[\/et_pb_toggle][\/et_pb_column][et_pb_column type=&#8220;1_3&#8243;][et_pb_toggle title=&#8220;UNTERBRINGUNG&#8220; open_toggle_background_color=&#8220;#ffffff&#8220; closed_toggle_background_color=&#8220;#ffffff&#8220; _builder_version=&#8220;3.19.14&#8243; title_level=&#8220;h2&#8243; title_font=&#8220;AKKURAT BOLD||||||||&#8220; title_font_size=&#8220;18px&#8220; body_font_size=&#8220;12px&#8220; text_orientation=&#8220;left&#8220;]\n<p><span style=\"font-weight: 400;\">Nachdem die Luft raus ist, nimmt ein Stand up Paddle von Lozen, verstaut in seinem Tragesack, nur einen sehr kleinen Platz ein. Sie k\u00f6nnen es daher sehr einfach in einem Schrank oder in Ihrem Wohnzimmer hinter dem Sofa verstauen.<\/span><\/p>\n<p><span style=\"font-weight: 400;\">Diese Besonderheit ist interessant f\u00fcr Personen, die in Wohnungen auf begrenztem Raum leben. Stadtbewohner haben nicht unbedingt eine Garage oder R\u00e4ume mit hohen Decken, um ein starres Board problemlos unterzubringen.<\/span><\/p>\n[\/et_pb_toggle][\/et_pb_column][\/et_pb_row][\/et_pb_section]\n","protected":false},"excerpt":{"rendered":"<p>UNSERE AUFBLASBAREN STAND UP PADDLE BOARDSBei Lozen haben wir uns entschieden, auf aufblasbare SUP-Boards zu setzen. Sie sind zug\u00e4nglicher, vielseitiger und leicht zu transportieren. Aufblasbare Boards sind heute weit davon entfernt, was wir uns vor einigen Jahren h\u00e4tten vorstellen k\u00f6nnen. Dank des technologischen Fortschritts sind sie genauso leistungsf\u00e4hig wie starre Boards und das zu einem [&hellip;]<\/p>\n","protected":false},"author":1,"featured_media":0,"parent":0,"menu_order":0,"comment_status":"closed","ping_status":"closed","template":"","meta":{"_et_pb_use_builder":"on","_et_pb_old_content":"","_et_gb_content_width":"","content-type":"","footnotes":""},"class_list":["post-2429","page","type-page","status-publish","hentry"],"yoast_head":"<!-- This site is optimized with the Yoast SEO plugin v25.9 - https:\/\/yoast.com\/wordpress\/plugins\/seo\/ -->\n<title>Stand up paddle gonflable pas cher - Lozen SUP<\/title>\n<meta name=\"description\" content=\"Les stand up paddles gonflables de Lozen sont des planches de qualit\u00e9, polyvalentes et accessibles pour tous les budgets. Design Fran\u00e7ais. Livraison express\" \/>\n<meta name=\"robots\" content=\"index, follow, max-snippet:-1, max-image-preview:large, max-video-preview:-1\" \/>\n<link rel=\"canonical\" href=\"https:\/\/lozen-sport.com\/de\/paddle-gonflable\/\" \/>\n<meta property=\"og:locale\" content=\"de_DE\" \/>\n<meta property=\"og:type\" content=\"article\" \/>\n<meta property=\"og:title\" content=\"Stand up paddle gonflable pas cher - Lozen SUP\" \/>\n<meta property=\"og:description\" content=\"Les stand up paddles gonflables de Lozen sont des planches de qualit\u00e9, polyvalentes et accessibles pour tous les budgets. Design Fran\u00e7ais. Livraison express\" \/>\n<meta property=\"og:url\" content=\"https:\/\/lozen-sport.com\/de\/paddle-gonflable\/\" \/>\n<meta property=\"og:site_name\" content=\"LOZEN\" \/>\n<meta property=\"article:modified_time\" content=\"2019-02-18T09:13:47+00:00\" \/>\n<meta name=\"twitter:card\" content=\"summary_large_image\" \/>\n<meta name=\"twitter:label1\" content=\"Gesch\u00e4tzte Lesezeit\" \/>\n\t<meta name=\"twitter:data1\" content=\"7\u00a0Minuten\" \/>\n<script type=\"application\/ld+json\" class=\"yoast-schema-graph\">{\"@context\":\"https:\/\/schema.org\",\"@graph\":[{\"@type\":\"WebPage\",\"@id\":\"https:\/\/lozen-sport.com\/de\/paddle-gonflable\/\",\"url\":\"https:\/\/lozen-sport.com\/de\/paddle-gonflable\/\",\"name\":\"Stand up paddle gonflable pas cher - Lozen SUP\",\"isPartOf\":{\"@id\":\"https:\/\/lozen-sport.com\/#website\"},\"datePublished\":\"2017-09-06T12:04:13+00:00\",\"dateModified\":\"2019-02-18T09:13:47+00:00\",\"description\":\"Les stand up paddles gonflables de Lozen sont des planches de qualit\u00e9, polyvalentes et accessibles pour tous les budgets. Design Fran\u00e7ais. Livraison express\",\"breadcrumb\":{\"@id\":\"https:\/\/lozen-sport.com\/de\/paddle-gonflable\/#breadcrumb\"},\"inLanguage\":\"de\",\"potentialAction\":[{\"@type\":\"ReadAction\",\"target\":[\"https:\/\/lozen-sport.com\/de\/paddle-gonflable\/\"]}]},{\"@type\":\"BreadcrumbList\",\"@id\":\"https:\/\/lozen-sport.com\/de\/paddle-gonflable\/#breadcrumb\",\"itemListElement\":[{\"@type\":\"ListItem\",\"position\":1,\"name\":\"Accueil\",\"item\":\"https:\/\/lozen-sport.com\/de\/\"},{\"@type\":\"ListItem\",\"position\":2,\"name\":\"AUFBLASBAREN STAND UP PADDLE BOARDS\"}]},{\"@type\":\"WebSite\",\"@id\":\"https:\/\/lozen-sport.com\/#website\",\"url\":\"https:\/\/lozen-sport.com\/\",\"name\":\"LOZEN\",\"description\":\"LE SUP POUR TOUS\",\"potentialAction\":[{\"@type\":\"SearchAction\",\"target\":{\"@type\":\"EntryPoint\",\"urlTemplate\":\"https:\/\/lozen-sport.com\/?s={search_term_string}\"},\"query-input\":{\"@type\":\"PropertyValueSpecification\",\"valueRequired\":true,\"valueName\":\"search_term_string\"}}],\"inLanguage\":\"de\"}]}<\/script>\n<!-- \/ Yoast SEO plugin. -->","yoast_head_json":{"title":"Stand up paddle gonflable pas cher - Lozen SUP","description":"Les stand up paddles gonflables de Lozen sont des planches de qualit\u00e9, polyvalentes et accessibles pour tous les budgets. Design Fran\u00e7ais. Livraison express","robots":{"index":"index","follow":"follow","max-snippet":"max-snippet:-1","max-image-preview":"max-image-preview:large","max-video-preview":"max-video-preview:-1"},"canonical":"https:\/\/lozen-sport.com\/de\/paddle-gonflable\/","og_locale":"de_DE","og_type":"article","og_title":"Stand up paddle gonflable pas cher - Lozen SUP","og_description":"Les stand up paddles gonflables de Lozen sont des planches de qualit\u00e9, polyvalentes et accessibles pour tous les budgets. Design Fran\u00e7ais. Livraison express","og_url":"https:\/\/lozen-sport.com\/de\/paddle-gonflable\/","og_site_name":"LOZEN","article_modified_time":"2019-02-18T09:13:47+00:00","twitter_card":"summary_large_image","twitter_misc":{"Gesch\u00e4tzte Lesezeit":"7\u00a0Minuten"},"schema":{"@context":"https:\/\/schema.org","@graph":[{"@type":"WebPage","@id":"https:\/\/lozen-sport.com\/de\/paddle-gonflable\/","url":"https:\/\/lozen-sport.com\/de\/paddle-gonflable\/","name":"Stand up paddle gonflable pas cher - Lozen SUP","isPartOf":{"@id":"https:\/\/lozen-sport.com\/#website"},"datePublished":"2017-09-06T12:04:13+00:00","dateModified":"2019-02-18T09:13:47+00:00","description":"Les stand up paddles gonflables de Lozen sont des planches de qualit\u00e9, polyvalentes et accessibles pour tous les budgets. Design Fran\u00e7ais. Livraison express","breadcrumb":{"@id":"https:\/\/lozen-sport.com\/de\/paddle-gonflable\/#breadcrumb"},"inLanguage":"de","potentialAction":[{"@type":"ReadAction","target":["https:\/\/lozen-sport.com\/de\/paddle-gonflable\/"]}]},{"@type":"BreadcrumbList","@id":"https:\/\/lozen-sport.com\/de\/paddle-gonflable\/#breadcrumb","itemListElement":[{"@type":"ListItem","position":1,"name":"Accueil","item":"https:\/\/lozen-sport.com\/de\/"},{"@type":"ListItem","position":2,"name":"AUFBLASBAREN STAND UP PADDLE BOARDS"}]},{"@type":"WebSite","@id":"https:\/\/lozen-sport.com\/#website","url":"https:\/\/lozen-sport.com\/","name":"LOZEN","description":"LE SUP POUR TOUS","potentialAction":[{"@type":"SearchAction","target":{"@type":"EntryPoint","urlTemplate":"https:\/\/lozen-sport.com\/?s={search_term_string}"},"query-input":{"@type":"PropertyValueSpecification","valueRequired":true,"valueName":"search_term_string"}}],"inLanguage":"de"}]}},"_links":{"self":[{"href":"https:\/\/lozen-sport.com\/de\/wp-json\/wp\/v2\/pages\/2429","targetHints":{"allow":["GET"]}}],"collection":[{"href":"https:\/\/lozen-sport.com\/de\/wp-json\/wp\/v2\/pages"}],"about":[{"href":"https:\/\/lozen-sport.com\/de\/wp-json\/wp\/v2\/types\/page"}],"author":[{"embeddable":true,"href":"https:\/\/lozen-sport.com\/de\/wp-json\/wp\/v2\/users\/1"}],"replies":[{"embeddable":true,"href":"https:\/\/lozen-sport.com\/de\/wp-json\/wp\/v2\/comments?post=2429"}],"version-history":[{"count":0,"href":"https:\/\/lozen-sport.com\/de\/wp-json\/wp\/v2\/pages\/2429\/revisions"}],"wp:attachment":[{"href":"https:\/\/lozen-sport.com\/de\/wp-json\/wp\/v2\/media?parent=2429"}],"curies":[{"name":"wp","href":"https:\/\/api.w.org\/{rel}","templated":true}]}}