{"id":2434,"date":"2019-01-17T14:35:38","date_gmt":"2019-01-17T12:35:38","guid":{"rendered":"http:\/\/lozen-sport.com\/prendre-rendez-vous-sur-un-evenement\/"},"modified":"2019-02-13T11:53:11","modified_gmt":"2019-02-13T09:53:11","slug":"prendre-rendez-vous-sur-un-evenement","status":"publish","type":"page","link":"https:\/\/lozen-sport.com\/de\/prendre-rendez-vous-sur-un-evenement\/","title":{"rendered":"RENDEZ-VOUS LOZEN"},"content":{"rendered":"[et_pb_section bb_built=&#8220;1&#8243; custom_padding_last_edited=&#8220;on|desktop&#8220; _builder_version=&#8220;3.0.74&#8243; background_color=&#8220;#ff0000&#8243; custom_padding_tablet=&#8220;50px|0|50px|0&#8243; transparent_background=&#8220;off&#8220; padding_mobile=&#8220;off&#8220; next_background_color=&#8220;#ffffff&#8220;][et_pb_row][et_pb_column type=&#8220;4_4&#8243;][et_pb_text admin_label=&#8220;INTRODUCTION&#8220; _builder_version=&#8220;3.19.5&#8243; header_font=&#8220;AKKURAT BOLD||||||||&#8220; header_font_size=&#8220;50px&#8220; background_size=&#8220;initial&#8220; background_position=&#8220;top_left&#8220; background_repeat=&#8220;repeat&#8220; text_orientation=&#8220;center&#8220; background_layout=&#8220;dark&#8220; module_alignment=&#8220;left&#8220; custom_margin=&#8220;25px|||&#8220; border_style=&#8220;solid&#8220;]\n<h1>RENDEZ-VOUS LOZEN<\/h1>\n<p style=\"text-align: justify; text-align-last:center;\">Profitons de cet \u00e9v\u00e8nement pour prendre le temps de discuter !<\/p>\n[\/et_pb_text][\/et_pb_column][\/et_pb_row][\/et_pb_section][et_pb_section bb_built=&#8220;1&#8243; admin_label=&#8220;section&#8220; custom_padding_last_edited=&#8220;on|desktop&#8220; _builder_version=&#8220;3.0.74&#8243; background_color=&#8220;#ffffff&#8220; custom_padding_tablet=&#8220;50px|0|50px|0&#8243; transparent_background=&#8220;off&#8220; padding_mobile=&#8220;off&#8220; prev_background_color=&#8220;#ff0000&#8243;][et_pb_row _builder_version=&#8220;3.19.5&#8243; background_size=&#8220;initial&#8220; background_position=&#8220;top_left&#8220; background_repeat=&#8220;repeat&#8220;][et_pb_column type=&#8220;1_4&#8243;][\/et_pb_column][et_pb_column type=&#8220;1_2&#8243;][et_pb_image admin_label=&#8220;LOGO EVENT&#8220; _builder_version=&#8220;3.19.5&#8243; src=&#8220;http:\/\/lozen-sport.com\/docs\/logos\/logo-ispo-2019.svg&#8220; align=&#8220;center&#8220; module_alignment=&#8220;center&#8220; custom_padding=&#8220;25px|25px|25px|25px&#8220; max_width=&#8220;50%&#8220; \/][\/et_pb_column][et_pb_column type=&#8220;1_4&#8243;][\/et_pb_column][\/et_pb_row][et_pb_row _builder_version=&#8220;3.0.47&#8243; background_size=&#8220;initial&#8220; background_position=&#8220;top_left&#8220; background_repeat=&#8220;repeat&#8220;][et_pb_column type=&#8220;4_4&#8243;][et_pb_code admin_label=&#8220;CODE FORMULAIRE&#8220; _builder_version=&#8220;3.19.5&#8243;][wpforms id=&#8220;2281&#8243; title=&#8220;false&#8220; description=&#8220;false&#8220;][\/et_pb_code][\/et_pb_column][\/et_pb_row][\/et_pb_section]\n","protected":false},"excerpt":{"rendered":"<p><div class=\"et_pb_row et_pb_row_0 et_pb_row_empty\">\n\t\t\t\t\n\t\t\t\t\n\t\t\t\t\n\t\t\t\t\n\t\t\t\t\n\t\t\t<\/div> RENDEZ-VOUS LOZEN Profitons de cet \u00e9v\u00e8nement pour prendre le temps de discuter ! [wpforms id=&#8220;2281&#8243; title=&#8220;false&#8220; description=&#8220;false&#8220;]<\/p>\n","protected":false},"author":1,"featured_media":0,"parent":0,"menu_order":0,"comment_status":"closed","ping_status":"closed","template":"","meta":{"_et_pb_use_builder":"on","_et_pb_old_content":"","_et_gb_content_width":"","content-type":"","footnotes":""},"class_list":["post-2434","page","type-page","status-publish","hentry"],"yoast_head":"<!-- This site is optimized with the Yoast SEO plugin v25.9 - https:\/\/yoast.com\/wordpress\/plugins\/seo\/ -->\n<title>RENDEZ-VOUS LOZEN - LOZEN<\/title>\n<meta name=\"description\" content=\"Profitons de cet \u00e9v\u00e8nement pour prendre le temps de discuter ! Remplissez ce formulaire pour bloquer un rendez-vous avec notre \u00e9quipe.\" \/>\n<meta name=\"robots\" content=\"index, follow, max-snippet:-1, max-image-preview:large, max-video-preview:-1\" \/>\n<link rel=\"canonical\" href=\"https:\/\/lozen-sport.com\/de\/prendre-rendez-vous-sur-un-evenement\/\" \/>\n<meta property=\"og:locale\" content=\"de_DE\" \/>\n<meta property=\"og:type\" content=\"article\" \/>\n<meta property=\"og:title\" content=\"RENDEZ-VOUS LOZEN - LOZEN\" \/>\n<meta property=\"og:description\" content=\"Profitons de cet \u00e9v\u00e8nement pour prendre le temps de discuter ! Remplissez ce formulaire pour bloquer un rendez-vous avec notre \u00e9quipe.\" \/>\n<meta property=\"og:url\" content=\"https:\/\/lozen-sport.com\/de\/prendre-rendez-vous-sur-un-evenement\/\" \/>\n<meta property=\"og:site_name\" content=\"LOZEN\" \/>\n<meta property=\"article:modified_time\" content=\"2019-02-13T09:53:11+00:00\" \/>\n<meta name=\"twitter:card\" content=\"summary_large_image\" \/>\n<meta name=\"twitter:label1\" content=\"Gesch\u00e4tzte Lesezeit\" \/>\n\t<meta name=\"twitter:data1\" content=\"1\u00a0Minute\" \/>\n<script type=\"application\/ld+json\" class=\"yoast-schema-graph\">{\"@context\":\"https:\/\/schema.org\",\"@graph\":[{\"@type\":\"WebPage\",\"@id\":\"https:\/\/lozen-sport.com\/de\/prendre-rendez-vous-sur-un-evenement\/\",\"url\":\"https:\/\/lozen-sport.com\/de\/prendre-rendez-vous-sur-un-evenement\/\",\"name\":\"RENDEZ-VOUS LOZEN - LOZEN\",\"isPartOf\":{\"@id\":\"https:\/\/lozen-sport.com\/#website\"},\"datePublished\":\"2019-01-17T12:35:38+00:00\",\"dateModified\":\"2019-02-13T09:53:11+00:00\",\"description\":\"Profitons de cet \u00e9v\u00e8nement pour prendre le temps de discuter ! Remplissez ce formulaire pour bloquer un rendez-vous avec notre \u00e9quipe.\",\"breadcrumb\":{\"@id\":\"https:\/\/lozen-sport.com\/de\/prendre-rendez-vous-sur-un-evenement\/#breadcrumb\"},\"inLanguage\":\"de\",\"potentialAction\":[{\"@type\":\"ReadAction\",\"target\":[\"https:\/\/lozen-sport.com\/de\/prendre-rendez-vous-sur-un-evenement\/\"]}]},{\"@type\":\"BreadcrumbList\",\"@id\":\"https:\/\/lozen-sport.com\/de\/prendre-rendez-vous-sur-un-evenement\/#breadcrumb\",\"itemListElement\":[{\"@type\":\"ListItem\",\"position\":1,\"name\":\"Accueil\",\"item\":\"https:\/\/lozen-sport.com\/de\/\"},{\"@type\":\"ListItem\",\"position\":2,\"name\":\"RENDEZ-VOUS LOZEN\"}]},{\"@type\":\"WebSite\",\"@id\":\"https:\/\/lozen-sport.com\/#website\",\"url\":\"https:\/\/lozen-sport.com\/\",\"name\":\"LOZEN\",\"description\":\"LE SUP POUR TOUS\",\"potentialAction\":[{\"@type\":\"SearchAction\",\"target\":{\"@type\":\"EntryPoint\",\"urlTemplate\":\"https:\/\/lozen-sport.com\/?s={search_term_string}\"},\"query-input\":{\"@type\":\"PropertyValueSpecification\",\"valueRequired\":true,\"valueName\":\"search_term_string\"}}],\"inLanguage\":\"de\"}]}<\/script>\n<!-- \/ Yoast SEO plugin. -->","yoast_head_json":{"title":"RENDEZ-VOUS LOZEN - LOZEN","description":"Profitons de cet \u00e9v\u00e8nement pour prendre le temps de discuter ! Remplissez ce formulaire pour bloquer un rendez-vous avec notre \u00e9quipe.","robots":{"index":"index","follow":"follow","max-snippet":"max-snippet:-1","max-image-preview":"max-image-preview:large","max-video-preview":"max-video-preview:-1"},"canonical":"https:\/\/lozen-sport.com\/de\/prendre-rendez-vous-sur-un-evenement\/","og_locale":"de_DE","og_type":"article","og_title":"RENDEZ-VOUS LOZEN - LOZEN","og_description":"Profitons de cet \u00e9v\u00e8nement pour prendre le temps de discuter ! Remplissez ce formulaire pour bloquer un rendez-vous avec notre \u00e9quipe.","og_url":"https:\/\/lozen-sport.com\/de\/prendre-rendez-vous-sur-un-evenement\/","og_site_name":"LOZEN","article_modified_time":"2019-02-13T09:53:11+00:00","twitter_card":"summary_large_image","twitter_misc":{"Gesch\u00e4tzte Lesezeit":"1\u00a0Minute"},"schema":{"@context":"https:\/\/schema.org","@graph":[{"@type":"WebPage","@id":"https:\/\/lozen-sport.com\/de\/prendre-rendez-vous-sur-un-evenement\/","url":"https:\/\/lozen-sport.com\/de\/prendre-rendez-vous-sur-un-evenement\/","name":"RENDEZ-VOUS LOZEN - LOZEN","isPartOf":{"@id":"https:\/\/lozen-sport.com\/#website"},"datePublished":"2019-01-17T12:35:38+00:00","dateModified":"2019-02-13T09:53:11+00:00","description":"Profitons de cet \u00e9v\u00e8nement pour prendre le temps de discuter ! Remplissez ce formulaire pour bloquer un rendez-vous avec notre \u00e9quipe.","breadcrumb":{"@id":"https:\/\/lozen-sport.com\/de\/prendre-rendez-vous-sur-un-evenement\/#breadcrumb"},"inLanguage":"de","potentialAction":[{"@type":"ReadAction","target":["https:\/\/lozen-sport.com\/de\/prendre-rendez-vous-sur-un-evenement\/"]}]},{"@type":"BreadcrumbList","@id":"https:\/\/lozen-sport.com\/de\/prendre-rendez-vous-sur-un-evenement\/#breadcrumb","itemListElement":[{"@type":"ListItem","position":1,"name":"Accueil","item":"https:\/\/lozen-sport.com\/de\/"},{"@type":"ListItem","position":2,"name":"RENDEZ-VOUS LOZEN"}]},{"@type":"WebSite","@id":"https:\/\/lozen-sport.com\/#website","url":"https:\/\/lozen-sport.com\/","name":"LOZEN","description":"LE SUP POUR TOUS","potentialAction":[{"@type":"SearchAction","target":{"@type":"EntryPoint","urlTemplate":"https:\/\/lozen-sport.com\/?s={search_term_string}"},"query-input":{"@type":"PropertyValueSpecification","valueRequired":true,"valueName":"search_term_string"}}],"inLanguage":"de"}]}},"_links":{"self":[{"href":"https:\/\/lozen-sport.com\/de\/wp-json\/wp\/v2\/pages\/2434","targetHints":{"allow":["GET"]}}],"collection":[{"href":"https:\/\/lozen-sport.com\/de\/wp-json\/wp\/v2\/pages"}],"about":[{"href":"https:\/\/lozen-sport.com\/de\/wp-json\/wp\/v2\/types\/page"}],"author":[{"embeddable":true,"href":"https:\/\/lozen-sport.com\/de\/wp-json\/wp\/v2\/users\/1"}],"replies":[{"embeddable":true,"href":"https:\/\/lozen-sport.com\/de\/wp-json\/wp\/v2\/comments?post=2434"}],"version-history":[{"count":0,"href":"https:\/\/lozen-sport.com\/de\/wp-json\/wp\/v2\/pages\/2434\/revisions"}],"wp:attachment":[{"href":"https:\/\/lozen-sport.com\/de\/wp-json\/wp\/v2\/media?parent=2434"}],"curies":[{"name":"wp","href":"https:\/\/api.w.org\/{rel}","templated":true}]}}