{"id":2525,"date":"2021-01-01T12:00:00","date_gmt":"2021-01-01T10:00:00","guid":{"rendered":"http:\/\/lozen-sport.com\/shop\/non%20class\u00e9\/sup-lozen-9-9\/"},"modified":"2022-06-07T14:28:57","modified_gmt":"2022-06-07T12:28:57","slug":"sup-lozen-9-9","status":"publish","type":"product","link":"https:\/\/lozen-sport.com\/de\/shop\/aufblasbaren-stand-up-paddle-boards\/sup-lozen-9-9\/","title":{"rendered":"SUP LOZEN 10&#8242;"},"content":{"rendered":"[et_pb_section fb_built=&#8220;1&#8243; _builder_version=&#8220;3.22&#8243; custom_padding=&#8220;0px||||false|false&#8220;][et_pb_row _builder_version=&#8220;3.25&#8243; background_size=&#8220;initial&#8220; background_position=&#8220;top_left&#8220; background_repeat=&#8220;repeat&#8220; width=&#8220;100%&#8220; custom_padding=&#8220;0px||0px||false|false&#8220;][et_pb_column type=&#8220;4_4&#8243; _builder_version=&#8220;3.25&#8243; custom_padding=&#8220;|||&#8220; custom_padding__hover=&#8220;|||&#8220;][et_pb_wc_breadcrumb disabled_on=&#8220;on|on|on&#8220; _builder_version=&#8220;3.0.47&#8243; disabled=&#8220;on&#8220;][\/et_pb_wc_breadcrumb][et_pb_wc_cart_notice _builder_version=&#8220;3.0.47&#8243;][\/et_pb_wc_cart_notice][\/et_pb_column][\/et_pb_row][et_pb_row column_structure=&#8220;1_2,1_2&#8243; _builder_version=&#8220;4.3.3&#8243; background_size=&#8220;initial&#8220; background_position=&#8220;top_left&#8220; background_repeat=&#8220;repeat&#8220; width=&#8220;100%&#8220; custom_padding=&#8220;0px||||false|false&#8220;][et_pb_column type=&#8220;1_2&#8243; _builder_version=&#8220;3.25&#8243; custom_padding=&#8220;|||&#8220; custom_padding__hover=&#8220;|||&#8220;][et_pb_wc_images _builder_version=&#8220;3.0.47&#8243;][\/et_pb_wc_images][\/et_pb_column][et_pb_column type=&#8220;1_2&#8243; module_class=&#8220;card&#8220; _builder_version=&#8220;4.3.3&#8243; custom_padding=&#8220;|||&#8220; custom_padding__hover=&#8220;|||&#8220;][et_pb_wc_title _builder_version=&#8220;3.0.47&#8243;][\/et_pb_wc_title][et_pb_wc_rating _builder_version=&#8220;3.0.47&#8243;][\/et_pb_wc_rating][et_pb_wc_price _builder_version=&#8220;3.0.47&#8243;][\/et_pb_wc_price][et_pb_wc_description _builder_version=&#8220;3.0.47&#8243;][\/et_pb_wc_description][et_pb_text disabled_on=&#8220;on|on|on&#8220; admin_label=&#8220;ACTUELLEMENT EN RUPTURE DE STOCK&#8220; _builder_version=&#8220;4.8.1&#8243; disabled=&#8220;on&#8220; locked=&#8220;off&#8220;]\n<p><i class=\"fas fa-store-slash\" style=\"color: #ff0000;\"><\/i> <span style=\"color: #ff0000;\">Derzeit ausverkauft<\/span><\/p>\n<p>Kontaktieren Sie uns, um die n\u00e4chsten Verf\u00fcgbarkeiten zu erfahren.<\/p>\n[\/et_pb_text][et_pb_text disabled_on=&#8220;on|on|on&#8220; admin_label=&#8220;RUPTURE TEMPORAIRE&#8220; _builder_version=&#8220;4.8.1&#8243; disabled=&#8220;on&#8220; locked=&#8220;off&#8220;]\n<p><i class=\"fas fa-store-slash\" style=\"color: #ff0000;\"><\/i> <span style=\"color: #ff0000;\">Produkt als Opfer seines Erfolgs !<\/span><\/p>\n<p>Erh\u00e4ltlich als Vorbestellung :<br \/>\nLieferung voraussichtlich ab dem 28. Mai<\/p>\n[\/et_pb_text][et_pb_wc_add_to_cart _builder_version=&#8220;3.0.47&#8243;][\/et_pb_wc_add_to_cart][et_pb_wc_meta disabled_on=&#8220;on|on|on&#8220; admin_label=&#8220;Woo Meta&#8220; _builder_version=&#8220;3.0.47&#8243; disabled=&#8220;on&#8220;][\/et_pb_wc_meta][\/et_pb_column][\/et_pb_row][\/et_pb_section][et_pb_section fb_built=&#8220;1&#8243; _builder_version=&#8220;3.22&#8243; custom_padding=&#8220;0px||||false|false&#8220;][et_pb_row admin_label=&#8220;KONSTRUKTION&#8220; _builder_version=&#8220;4.8.1&#8243; _module_preset=&#8220;default&#8220; background_color=&#8220;#22c6d1&#8243; width=&#8220;100%&#8220; custom_margin=&#8220;25px|0px||0px|false|false&#8220;][et_pb_column type=&#8220;4_4&#8243; _builder_version=&#8220;4.8.1&#8243; _module_preset=&#8220;default&#8220;][et_pb_text admin_label=&#8220;TITRE CONSTRUCTION&#8220; _builder_version=&#8220;4.8.1&#8243; _module_preset=&#8220;default&#8220; header_line_height=&#8220;1.5em&#8220; header_3_font=&#8220;AKKURAT BOLD||||||||&#8220; header_3_text_align=&#8220;center&#8220; header_3_text_color=&#8220;#FFFFFF&#8220; header_3_font_size=&#8220;14px&#8220; header_3_letter_spacing=&#8220;10px&#8220; text_orientation=&#8220;center&#8220; custom_padding=&#8220;10px||0px||false|false&#8220;]\n<h3>CONSTRUCTION AL\u00c9G\u00c9E LIGHT &#038; STRONG<\/h3>\n[\/et_pb_text][\/et_pb_column][\/et_pb_row][et_pb_row column_structure=&#8220;1_2,1_2&#8243; use_custom_gutter=&#8220;on&#8220; gutter_width=&#8220;1&#8243; make_equal=&#8220;on&#8220; admin_label=&#8220;KONSTRUKTION&#8220; _builder_version=&#8220;4.8.1&#8243; _module_preset=&#8220;default&#8220; width=&#8220;100%&#8220; custom_margin=&#8220;0px||||false|false&#8220; custom_padding=&#8220;0px||||false|false&#8220;][et_pb_column type=&#8220;1_2&#8243; _builder_version=&#8220;4.8.1&#8243; _module_preset=&#8220;default&#8220;][et_pb_image src=&#8220;http:\/\/lozen-sport.com\/wp-content\/uploads\/2021\/01\/VISUEL-CONSTRUCTION-LIGHT-DROPSTITCH-LOZEN-PADDLE.jpg&#8220; alt=&#8220;Meilleure Konstruktion Stand Up Paddle Board Light Dropstitch Lozen&#8220; title_text=&#8220;VISUEL CONSTRUCTION LIGHT DROPSTITCH LOZEN PADDLE&#8220; admin_label=&#8220;Visuel construction&#8220; _builder_version=&#8220;4.8.1&#8243; _module_preset=&#8220;default&#8220;][\/et_pb_image][\/et_pb_column][et_pb_column type=&#8220;1_2&#8243; _builder_version=&#8220;4.8.1&#8243; _module_preset=&#8220;default&#8220;][et_pb_image src=&#8220;http:\/\/lozen-sport.com\/wp-content\/uploads\/2021\/01\/DETAILS-CONSTRUCTION-LIGHT-DROPSTITCH-LOZEN-PADDLE.jpg&#8220; alt=&#8220;Aufblasbares Paddle Board light Dropstitch: 1. Herz aus Dropstitch 2. Starke Schicht aus farbigem PVC 3. Erste PVC-Sicherheitsschicht auf der Schiene 4. Zweite PVC-Sicherheitsschicht auf der Schiene 5. Rutschfestes PAD croco-soft&#8220; title_text=&#8220;DETAILS KONSTRUKTION LEICHTER FALLSTICH LODENPADDEL&#8220; admin_label=&#8220;Description&#8220; _builder_version=&#8220;4.8.1&#8243; _module_preset=&#8220;default&#8220;][\/et_pb_image][\/et_pb_column][\/et_pb_row][\/et_pb_section][et_pb_section fb_built=&#8220;1&#8243; _builder_version=&#8220;3.22&#8243; custom_padding=&#8220;0px||||false|false&#8220;][et_pb_row _builder_version=&#8220;3.25&#8243; background_size=&#8220;initial&#8220; background_position=&#8220;top_left&#8220; background_repeat=&#8220;repeat&#8220; width=&#8220;100%&#8220;][et_pb_column type=&#8220;4_4&#8243; _builder_version=&#8220;3.25&#8243; custom_padding=&#8220;|||&#8220; custom_padding__hover=&#8220;|||&#8220;][et_pb_wc_tabs include_tabs=&#8220;|additional_information|reviews&#8220; disabled_on=&#8220;off|off|off&#8220; module_class=&#8220;card&#8220; _builder_version=&#8220;4.3.3&#8243;]\t\t\t\t\t[\/et_pb_wc_tabs][et_pb_wc_upsells _builder_version=&#8220;3.0.47&#8243;][\/et_pb_wc_upsells][et_pb_wc_related_products _builder_version=&#8220;3.0.47&#8243;][\/et_pb_wc_related_products][\/et_pb_column][\/et_pb_row][\/et_pb_section]\n","protected":false},"excerpt":{"rendered":"<p>DAS SUP DER SPORTLER<\/p>\n<p>Seine kurze Form und seine 6&#8243; Dicke machen das 9&#8217;9 Lozen zu einem ultra- wendigen Board, das eine sehr gute Stabilit\u00e4t und Starrheit bieten kann. Es wird in der Lage sein, sich unter Surfbedingungen perfekt zu verhalten oder kurze Spazierfahrten zu genie\u00dfen.<\/p>\n","protected":false},"featured_media":5369,"comment_status":"closed","ping_status":"closed","template":"","meta":{"_et_pb_use_builder":"on","_et_pb_old_content":"","_et_gb_content_width":"","content-type":""},"product_brand":[],"product_cat":[102],"product_tag":[],"class_list":{"0":"post-2525","1":"product","2":"type-product","3":"status-publish","4":"has-post-thumbnail","6":"product_cat-aufblasbaren-stand-up-paddle-boards","7":"product_shipping_class-sup-de-2","9":"first","10":"instock","11":"featured","12":"taxable","13":"shipping-taxable","14":"purchasable","15":"product-type-simple"},"yoast_head":"<!-- This site is optimized with the Yoast SEO plugin v25.9 - https:\/\/yoast.com\/wordpress\/plugins\/seo\/ -->\n<title>PADDLE SURF AUFGEBLASEN - SUP 10&#039; - LOZEN<\/title>\n<meta name=\"description\" content=\"Das aufblasbare Stand Up Paddle Board Lozen 10&#039; wurde f\u00fcr leichte K\u00f6rpergr\u00f6\u00dfen entwickelt, die eine schnelle Reaktionsf\u00e4higkeit beim Allround-\/Surfen suchen.\" \/>\n<meta name=\"robots\" content=\"index, follow, max-snippet:-1, max-image-preview:large, max-video-preview:-1\" \/>\n<link rel=\"canonical\" href=\"https:\/\/lozen-sport.com\/de\/shop\/aufblasbaren-stand-up-paddle-boards\/sup-lozen-9-9\/\" \/>\n<meta property=\"og:locale\" content=\"de_DE\" \/>\n<meta property=\"og:type\" content=\"article\" \/>\n<meta property=\"og:title\" content=\"PADDLE SURF AUFGEBLASEN - SUP 10&#039; - LOZEN\" \/>\n<meta property=\"og:description\" content=\"Das aufblasbare Stand Up Paddle Board Lozen 10&#039; wurde f\u00fcr leichte K\u00f6rpergr\u00f6\u00dfen entwickelt, die eine schnelle Reaktionsf\u00e4higkeit beim Allround-\/Surfen suchen.\" \/>\n<meta property=\"og:url\" content=\"https:\/\/lozen-sport.com\/de\/shop\/aufblasbaren-stand-up-paddle-boards\/sup-lozen-9-9\/\" \/>\n<meta property=\"og:site_name\" content=\"LOZEN\" \/>\n<meta property=\"article:modified_time\" content=\"2022-06-07T12:28:57+00:00\" \/>\n<meta property=\"og:image\" content=\"https:\/\/lozen-sport.com\/wp-content\/uploads\/2016\/11\/OZLB7546-PACK_COMPLET-STAND_UP_PADDLE_BOARD-LOZEN-10x32x6-LEGER.jpg\" \/>\n\t<meta property=\"og:image:width\" content=\"1000\" \/>\n\t<meta property=\"og:image:height\" content=\"1000\" \/>\n\t<meta property=\"og:image:type\" content=\"image\/jpeg\" \/>\n<meta name=\"twitter:card\" content=\"summary_large_image\" \/>\n<meta name=\"twitter:label1\" content=\"Gesch\u00e4tzte Lesezeit\" \/>\n\t<meta name=\"twitter:data1\" content=\"3\u00a0Minuten\" \/>\n<script type=\"application\/ld+json\" class=\"yoast-schema-graph\">{\"@context\":\"https:\/\/schema.org\",\"@graph\":[{\"@type\":\"WebPage\",\"@id\":\"https:\/\/lozen-sport.com\/de\/shop\/aufblasbaren-stand-up-paddle-boards\/sup-lozen-9-9\/\",\"url\":\"https:\/\/lozen-sport.com\/de\/shop\/aufblasbaren-stand-up-paddle-boards\/sup-lozen-9-9\/\",\"name\":\"PADDLE SURF AUFGEBLASEN - SUP 10' - LOZEN\",\"isPartOf\":{\"@id\":\"https:\/\/lozen-sport.com\/#website\"},\"primaryImageOfPage\":{\"@id\":\"https:\/\/lozen-sport.com\/de\/shop\/aufblasbaren-stand-up-paddle-boards\/sup-lozen-9-9\/#primaryimage\"},\"image\":{\"@id\":\"https:\/\/lozen-sport.com\/de\/shop\/aufblasbaren-stand-up-paddle-boards\/sup-lozen-9-9\/#primaryimage\"},\"thumbnailUrl\":\"https:\/\/lozen-sport.com\/wp-content\/uploads\/2021\/01\/OZLB7556-SUP-LOZEN-10-PACK.jpg\",\"datePublished\":\"2021-01-01T10:00:00+00:00\",\"dateModified\":\"2022-06-07T12:28:57+00:00\",\"description\":\"Das aufblasbare Stand Up Paddle Board Lozen 10' wurde f\u00fcr leichte K\u00f6rpergr\u00f6\u00dfen entwickelt, die eine schnelle Reaktionsf\u00e4higkeit beim Allround-\/Surfen suchen.\",\"breadcrumb\":{\"@id\":\"https:\/\/lozen-sport.com\/de\/shop\/aufblasbaren-stand-up-paddle-boards\/sup-lozen-9-9\/#breadcrumb\"},\"inLanguage\":\"de\",\"potentialAction\":[{\"@type\":\"ReadAction\",\"target\":[\"https:\/\/lozen-sport.com\/de\/shop\/aufblasbaren-stand-up-paddle-boards\/sup-lozen-9-9\/\"]}]},{\"@type\":\"ImageObject\",\"inLanguage\":\"de\",\"@id\":\"https:\/\/lozen-sport.com\/de\/shop\/aufblasbaren-stand-up-paddle-boards\/sup-lozen-9-9\/#primaryimage\",\"url\":\"https:\/\/lozen-sport.com\/wp-content\/uploads\/2021\/01\/OZLB7556-SUP-LOZEN-10-PACK.jpg\",\"contentUrl\":\"https:\/\/lozen-sport.com\/wp-content\/uploads\/2021\/01\/OZLB7556-SUP-LOZEN-10-PACK.jpg\",\"width\":1000,\"height\":1000,\"caption\":\"Pack de la lozen 10' nouveau design\"},{\"@type\":\"BreadcrumbList\",\"@id\":\"https:\/\/lozen-sport.com\/de\/shop\/aufblasbaren-stand-up-paddle-boards\/sup-lozen-9-9\/#breadcrumb\",\"itemListElement\":[{\"@type\":\"ListItem\",\"position\":1,\"name\":\"Accueil\",\"item\":\"https:\/\/lozen-sport.com\/de\/\"},{\"@type\":\"ListItem\",\"position\":2,\"name\":\"Produits\",\"item\":\"https:\/\/lozen-sport.com\/shop\/\"},{\"@type\":\"ListItem\",\"position\":3,\"name\":\"SUP LOZEN 10&#8242;\"}]},{\"@type\":\"WebSite\",\"@id\":\"https:\/\/lozen-sport.com\/#website\",\"url\":\"https:\/\/lozen-sport.com\/\",\"name\":\"LOZEN\",\"description\":\"LE SUP POUR TOUS\",\"potentialAction\":[{\"@type\":\"SearchAction\",\"target\":{\"@type\":\"EntryPoint\",\"urlTemplate\":\"https:\/\/lozen-sport.com\/?s={search_term_string}\"},\"query-input\":{\"@type\":\"PropertyValueSpecification\",\"valueRequired\":true,\"valueName\":\"search_term_string\"}}],\"inLanguage\":\"de\"}]}<\/script>\n<!-- \/ Yoast SEO plugin. -->","yoast_head_json":{"title":"PADDLE SURF AUFGEBLASEN - SUP 10' - LOZEN","description":"Das aufblasbare Stand Up Paddle Board Lozen 10' wurde f\u00fcr leichte K\u00f6rpergr\u00f6\u00dfen entwickelt, die eine schnelle Reaktionsf\u00e4higkeit beim Allround-\/Surfen suchen.","robots":{"index":"index","follow":"follow","max-snippet":"max-snippet:-1","max-image-preview":"max-image-preview:large","max-video-preview":"max-video-preview:-1"},"canonical":"https:\/\/lozen-sport.com\/de\/shop\/aufblasbaren-stand-up-paddle-boards\/sup-lozen-9-9\/","og_locale":"de_DE","og_type":"article","og_title":"PADDLE SURF AUFGEBLASEN - SUP 10' - LOZEN","og_description":"Das aufblasbare Stand Up Paddle Board Lozen 10' wurde f\u00fcr leichte K\u00f6rpergr\u00f6\u00dfen entwickelt, die eine schnelle Reaktionsf\u00e4higkeit beim Allround-\/Surfen suchen.","og_url":"https:\/\/lozen-sport.com\/de\/shop\/aufblasbaren-stand-up-paddle-boards\/sup-lozen-9-9\/","og_site_name":"LOZEN","article_modified_time":"2022-06-07T12:28:57+00:00","og_image":[{"width":1000,"height":1000,"url":"https:\/\/lozen-sport.com\/wp-content\/uploads\/2016\/11\/OZLB7546-PACK_COMPLET-STAND_UP_PADDLE_BOARD-LOZEN-10x32x6-LEGER.jpg","type":"image\/jpeg"}],"twitter_card":"summary_large_image","twitter_misc":{"Gesch\u00e4tzte Lesezeit":"3\u00a0Minuten"},"schema":{"@context":"https:\/\/schema.org","@graph":[{"@type":"WebPage","@id":"https:\/\/lozen-sport.com\/de\/shop\/aufblasbaren-stand-up-paddle-boards\/sup-lozen-9-9\/","url":"https:\/\/lozen-sport.com\/de\/shop\/aufblasbaren-stand-up-paddle-boards\/sup-lozen-9-9\/","name":"PADDLE SURF AUFGEBLASEN - SUP 10' - LOZEN","isPartOf":{"@id":"https:\/\/lozen-sport.com\/#website"},"primaryImageOfPage":{"@id":"https:\/\/lozen-sport.com\/de\/shop\/aufblasbaren-stand-up-paddle-boards\/sup-lozen-9-9\/#primaryimage"},"image":{"@id":"https:\/\/lozen-sport.com\/de\/shop\/aufblasbaren-stand-up-paddle-boards\/sup-lozen-9-9\/#primaryimage"},"thumbnailUrl":"https:\/\/lozen-sport.com\/wp-content\/uploads\/2021\/01\/OZLB7556-SUP-LOZEN-10-PACK.jpg","datePublished":"2021-01-01T10:00:00+00:00","dateModified":"2022-06-07T12:28:57+00:00","description":"Das aufblasbare Stand Up Paddle Board Lozen 10' wurde f\u00fcr leichte K\u00f6rpergr\u00f6\u00dfen entwickelt, die eine schnelle Reaktionsf\u00e4higkeit beim Allround-\/Surfen suchen.","breadcrumb":{"@id":"https:\/\/lozen-sport.com\/de\/shop\/aufblasbaren-stand-up-paddle-boards\/sup-lozen-9-9\/#breadcrumb"},"inLanguage":"de","potentialAction":[{"@type":"ReadAction","target":["https:\/\/lozen-sport.com\/de\/shop\/aufblasbaren-stand-up-paddle-boards\/sup-lozen-9-9\/"]}]},{"@type":"ImageObject","inLanguage":"de","@id":"https:\/\/lozen-sport.com\/de\/shop\/aufblasbaren-stand-up-paddle-boards\/sup-lozen-9-9\/#primaryimage","url":"https:\/\/lozen-sport.com\/wp-content\/uploads\/2021\/01\/OZLB7556-SUP-LOZEN-10-PACK.jpg","contentUrl":"https:\/\/lozen-sport.com\/wp-content\/uploads\/2021\/01\/OZLB7556-SUP-LOZEN-10-PACK.jpg","width":1000,"height":1000,"caption":"Pack de la lozen 10' nouveau design"},{"@type":"BreadcrumbList","@id":"https:\/\/lozen-sport.com\/de\/shop\/aufblasbaren-stand-up-paddle-boards\/sup-lozen-9-9\/#breadcrumb","itemListElement":[{"@type":"ListItem","position":1,"name":"Accueil","item":"https:\/\/lozen-sport.com\/de\/"},{"@type":"ListItem","position":2,"name":"Produits","item":"https:\/\/lozen-sport.com\/shop\/"},{"@type":"ListItem","position":3,"name":"SUP LOZEN 10&#8242;"}]},{"@type":"WebSite","@id":"https:\/\/lozen-sport.com\/#website","url":"https:\/\/lozen-sport.com\/","name":"LOZEN","description":"LE SUP POUR TOUS","potentialAction":[{"@type":"SearchAction","target":{"@type":"EntryPoint","urlTemplate":"https:\/\/lozen-sport.com\/?s={search_term_string}"},"query-input":{"@type":"PropertyValueSpecification","valueRequired":true,"valueName":"search_term_string"}}],"inLanguage":"de"}]}},"_links":{"self":[{"href":"https:\/\/lozen-sport.com\/de\/wp-json\/wp\/v2\/product\/2525","targetHints":{"allow":["GET"]}}],"collection":[{"href":"https:\/\/lozen-sport.com\/de\/wp-json\/wp\/v2\/product"}],"about":[{"href":"https:\/\/lozen-sport.com\/de\/wp-json\/wp\/v2\/types\/product"}],"replies":[{"embeddable":true,"href":"https:\/\/lozen-sport.com\/de\/wp-json\/wp\/v2\/comments?post=2525"}],"wp:featuredmedia":[{"embeddable":true,"href":"https:\/\/lozen-sport.com\/de\/wp-json\/wp\/v2\/media\/5369"}],"wp:attachment":[{"href":"https:\/\/lozen-sport.com\/de\/wp-json\/wp\/v2\/media?parent=2525"}],"wp:term":[{"taxonomy":"product_brand","embeddable":true,"href":"https:\/\/lozen-sport.com\/de\/wp-json\/wp\/v2\/product_brand?post=2525"},{"taxonomy":"product_cat","embeddable":true,"href":"https:\/\/lozen-sport.com\/de\/wp-json\/wp\/v2\/product_cat?post=2525"},{"taxonomy":"product_tag","embeddable":true,"href":"https:\/\/lozen-sport.com\/de\/wp-json\/wp\/v2\/product_tag?post=2525"}],"curies":[{"name":"wp","href":"https:\/\/api.w.org\/{rel}","templated":true}]}}