{"id":2637,"date":"2018-02-25T18:09:57","date_gmt":"2018-02-25T16:09:57","guid":{"rendered":"http:\/\/lozen-sport.com\/shop\/non%20class\u00e9\/sup-lozen-12-8-deux-personnes\/"},"modified":"2024-11-19T11:14:58","modified_gmt":"2024-11-19T09:14:58","slug":"sup-lozen-12-8-deux-personnes","status":"publish","type":"product","link":"https:\/\/lozen-sport.com\/de\/shop\/aufblasbaren-stand-up-paddle-boards\/sup-lozen-12-8-deux-personnes\/","title":{"rendered":"SUP LOZEN 12&#8217;8"},"content":{"rendered":"[et_pb_section fb_built=&#8220;1&#8243; _builder_version=&#8220;4.16&#8243; custom_padding=&#8220;0px||||false|false&#8220; global_colors_info=&#8220;{}&#8220;][et_pb_row _builder_version=&#8220;4.16&#8243; background_size=&#8220;initial&#8220; background_position=&#8220;top_left&#8220; background_repeat=&#8220;repeat&#8220; width=&#8220;100%&#8220; custom_padding=&#8220;0px||0px||false|false&#8220; global_colors_info=&#8220;{}&#8220;][et_pb_column type=&#8220;4_4&#8243; _builder_version=&#8220;4.16&#8243; custom_padding=&#8220;|||&#8220; global_colors_info=&#8220;{}&#8220; custom_padding__hover=&#8220;|||&#8220;][et_pb_wc_breadcrumb disabled_on=&#8220;on|on|on&#8220; _builder_version=&#8220;4.16&#8243; disabled=&#8220;on&#8220; global_colors_info=&#8220;{}&#8220;][\/et_pb_wc_breadcrumb][et_pb_wc_cart_notice _builder_version=&#8220;4.16&#8243; global_colors_info=&#8220;{}&#8220;][\/et_pb_wc_cart_notice][\/et_pb_column][\/et_pb_row][et_pb_row column_structure=&#8220;1_2,1_2&#8243; _builder_version=&#8220;4.16&#8243; background_size=&#8220;initial&#8220; background_position=&#8220;top_left&#8220; background_repeat=&#8220;repeat&#8220; width=&#8220;100%&#8220; custom_padding=&#8220;0px||||false|false&#8220; global_colors_info=&#8220;{}&#8220;][et_pb_column type=&#8220;1_2&#8243; _builder_version=&#8220;4.16&#8243; custom_padding=&#8220;|||&#8220; global_colors_info=&#8220;{}&#8220; custom_padding__hover=&#8220;|||&#8220;][et_pb_wc_images _builder_version=&#8220;4.16&#8243; global_colors_info=&#8220;{}&#8220;][\/et_pb_wc_images][\/et_pb_column][et_pb_column type=&#8220;1_2&#8243; module_class=&#8220;card&#8220; _builder_version=&#8220;4.16&#8243; custom_padding=&#8220;|||&#8220; global_colors_info=&#8220;{}&#8220; custom_padding__hover=&#8220;|||&#8220;][et_pb_wc_title _builder_version=&#8220;4.16&#8243; global_colors_info=&#8220;{}&#8220;][\/et_pb_wc_title][et_pb_wc_rating _builder_version=&#8220;4.16&#8243; global_colors_info=&#8220;{}&#8220;][\/et_pb_wc_rating][et_pb_wc_price _builder_version=&#8220;4.16&#8243; global_colors_info=&#8220;{}&#8220;][\/et_pb_wc_price][et_pb_wc_description _builder_version=&#8220;4.16&#8243; global_colors_info=&#8220;{}&#8220;][\/et_pb_wc_description][et_pb_wc_add_to_cart _builder_version=&#8220;4.16&#8243; global_colors_info=&#8220;{}&#8220;][\/et_pb_wc_add_to_cart][et_pb_wc_meta disabled_on=&#8220;on|on|on&#8220; admin_label=&#8220;Woo Meta&#8220; _builder_version=&#8220;4.16&#8243; disabled=&#8220;on&#8220; global_colors_info=&#8220;{}&#8220;][\/et_pb_wc_meta][\/et_pb_column][\/et_pb_row][et_pb_row _builder_version=&#8220;4.16&#8243; background_size=&#8220;initial&#8220; background_position=&#8220;top_left&#8220; background_repeat=&#8220;repeat&#8220; width=&#8220;100%&#8220; global_colors_info=&#8220;{}&#8220;][et_pb_column type=&#8220;4_4&#8243; _builder_version=&#8220;4.16&#8243; custom_padding=&#8220;|||&#8220; global_colors_info=&#8220;{}&#8220; custom_padding__hover=&#8220;|||&#8220;][et_pb_wc_tabs include_tabs=&#8220;|additional_information|reviews&#8220; disabled_on=&#8220;off|off|off&#8220; module_class=&#8220;card&#8220; _builder_version=&#8220;4.16&#8243; global_colors_info=&#8220;{}&#8220;]\t\t\t\t\t[\/et_pb_wc_tabs][et_pb_wc_upsells _builder_version=&#8220;4.16&#8243; global_colors_info=&#8220;{}&#8220;][\/et_pb_wc_upsells][et_pb_wc_related_products _builder_version=&#8220;4.16&#8243; global_colors_info=&#8220;{}&#8220;][\/et_pb_wc_related_products][\/et_pb_column][\/et_pb_row][\/et_pb_section]\n","protected":false},"excerpt":{"rendered":"<p>DAS GETEILTE VERGN\u00dcGEN DES SUP!<\/p>\n<p>Warum das Stand up Paddle alleine genie\u00dfen, wenn man es zu zweit teilen kann? Dank seiner L\u00e4nge von 12&#8217;8 und der sehr guten Stabilit\u00e4t ist das neueste SUP Lozen 12&#8217;8 ein echtes Spielzeug f\u00fcr die Familie. Es wird sowohl angehende Entdecker als auch Yogaliebhaber auf der Suche nach Raum \u00fcberzeugen. Dieses kleine Schmuckst\u00fcck erm\u00f6glicht es Ihnen, sich allein oder mit einer zweiten Person zu entwickeln, um Ihnen noch mehr Spa\u00df zu garantieren. Dank seiner \u00fcberlegenen Fusionkonstruktion, die es starrer und leichter macht, brauchen Sie sich nicht einmal anzustrengen.<\/p>\n<p>PACK :\u00a0Sac + Pompe + Pagaie 3 parties + Aileron + Leash t\u00e9l\u00e9phone + Kit de r\u00e9paration<\/p>\n","protected":false},"featured_media":2639,"comment_status":"closed","ping_status":"closed","template":"","meta":{"_et_pb_use_builder":"on","_et_pb_old_content":"","_et_gb_content_width":"","content-type":""},"product_brand":[],"product_cat":[102],"product_tag":[],"class_list":{"0":"post-2637","1":"product","2":"type-product","3":"status-publish","4":"has-post-thumbnail","6":"product_cat-aufblasbaren-stand-up-paddle-boards","7":"product_shipping_class-sup-de-2","9":"first","10":"outofstock","11":"taxable","12":"shipping-taxable","13":"purchasable","14":"product-type-simple"},"yoast_head":"<!-- This site is optimized with the Yoast SEO plugin v25.9 - https:\/\/yoast.com\/wordpress\/plugins\/seo\/ -->\n<title>STAND UP PADDLE LOZEN 12&#039;8&#039; - FUSION - LOZEN SUP<\/title>\n<meta name=\"robots\" content=\"index, follow, max-snippet:-1, max-image-preview:large, max-video-preview:-1\" \/>\n<link rel=\"canonical\" href=\"https:\/\/lozen-sport.com\/de\/shop\/aufblasbaren-stand-up-paddle-boards\/sup-lozen-12-8-deux-personnes\/\" \/>\n<meta property=\"og:locale\" content=\"de_DE\" \/>\n<meta property=\"og:type\" content=\"article\" \/>\n<meta property=\"og:title\" content=\"STAND UP PADDLE LOZEN 12&#039;8&#039; - FUSION - LOZEN SUP\" \/>\n<meta property=\"og:description\" content=\"DAS GETEILTE VERGN\u00dcGEN DES SUP!  Warum das Stand up Paddle alleine genie\u00dfen, wenn man es zu zweit teilen kann? Dank seiner L\u00e4nge von 12&#039;8 und der sehr guten Stabilit\u00e4t ist das neueste SUP Lozen 12&#039;8 ein echtes Spielzeug f\u00fcr die Familie. Es wird sowohl angehende Entdecker als auch Yogaliebhaber auf der Suche nach Raum \u00fcberzeugen. Dieses kleine Schmuckst\u00fcck erm\u00f6glicht es Ihnen, sich allein oder mit einer zweiten Person zu entwickeln, um Ihnen noch mehr Spa\u00df zu garantieren. Dank seiner \u00fcberlegenen Fusionkonstruktion, die es starrer und leichter macht, brauchen Sie sich nicht einmal anzustrengen.  PACK :\u00a0Sac + Pompe + Pagaie 3 parties + Aileron + Leash t\u00e9l\u00e9phone + Kit de r\u00e9paration\" \/>\n<meta property=\"og:url\" content=\"https:\/\/lozen-sport.com\/de\/shop\/aufblasbaren-stand-up-paddle-boards\/sup-lozen-12-8-deux-personnes\/\" \/>\n<meta property=\"og:site_name\" content=\"LOZEN\" \/>\n<meta property=\"article:modified_time\" content=\"2024-11-19T09:14:58+00:00\" \/>\n<meta property=\"og:image\" content=\"https:\/\/lozen-sport.com\/wp-content\/uploads\/2018\/02\/PACK-SUP-LOZEN-128-02_2018.jpg\" \/>\n\t<meta property=\"og:image:width\" content=\"1000\" \/>\n\t<meta property=\"og:image:height\" content=\"1000\" \/>\n\t<meta property=\"og:image:type\" content=\"image\/jpeg\" \/>\n<meta name=\"twitter:card\" content=\"summary_large_image\" \/>\n<meta name=\"twitter:label1\" content=\"Gesch\u00e4tzte Lesezeit\" \/>\n\t<meta name=\"twitter:data1\" content=\"1\u00a0Minute\" \/>\n<script type=\"application\/ld+json\" class=\"yoast-schema-graph\">{\"@context\":\"https:\/\/schema.org\",\"@graph\":[{\"@type\":\"WebPage\",\"@id\":\"https:\/\/lozen-sport.com\/de\/shop\/aufblasbaren-stand-up-paddle-boards\/sup-lozen-12-8-deux-personnes\/\",\"url\":\"https:\/\/lozen-sport.com\/de\/shop\/aufblasbaren-stand-up-paddle-boards\/sup-lozen-12-8-deux-personnes\/\",\"name\":\"STAND UP PADDLE LOZEN 12'8' - FUSION - LOZEN SUP\",\"isPartOf\":{\"@id\":\"https:\/\/lozen-sport.com\/#website\"},\"primaryImageOfPage\":{\"@id\":\"https:\/\/lozen-sport.com\/de\/shop\/aufblasbaren-stand-up-paddle-boards\/sup-lozen-12-8-deux-personnes\/#primaryimage\"},\"image\":{\"@id\":\"https:\/\/lozen-sport.com\/de\/shop\/aufblasbaren-stand-up-paddle-boards\/sup-lozen-12-8-deux-personnes\/#primaryimage\"},\"thumbnailUrl\":\"https:\/\/lozen-sport.com\/wp-content\/uploads\/2018\/02\/PACK-SUP-LOZEN-128-02_2018.jpg\",\"datePublished\":\"2018-02-25T16:09:57+00:00\",\"dateModified\":\"2024-11-19T09:14:58+00:00\",\"breadcrumb\":{\"@id\":\"https:\/\/lozen-sport.com\/de\/shop\/aufblasbaren-stand-up-paddle-boards\/sup-lozen-12-8-deux-personnes\/#breadcrumb\"},\"inLanguage\":\"de\",\"potentialAction\":[{\"@type\":\"ReadAction\",\"target\":[\"https:\/\/lozen-sport.com\/de\/shop\/aufblasbaren-stand-up-paddle-boards\/sup-lozen-12-8-deux-personnes\/\"]}]},{\"@type\":\"ImageObject\",\"inLanguage\":\"de\",\"@id\":\"https:\/\/lozen-sport.com\/de\/shop\/aufblasbaren-stand-up-paddle-boards\/sup-lozen-12-8-deux-personnes\/#primaryimage\",\"url\":\"https:\/\/lozen-sport.com\/wp-content\/uploads\/2018\/02\/PACK-SUP-LOZEN-128-02_2018.jpg\",\"contentUrl\":\"https:\/\/lozen-sport.com\/wp-content\/uploads\/2018\/02\/PACK-SUP-LOZEN-128-02_2018.jpg\",\"width\":1000,\"height\":1000,\"caption\":\"Stand Up Paddle Board gonflable pour deux personnes Lozen 12'8. Construction premium fusion ultra l\u00e9g\u00e8re pour les balades, le fitness et les petits surf.\"},{\"@type\":\"BreadcrumbList\",\"@id\":\"https:\/\/lozen-sport.com\/de\/shop\/aufblasbaren-stand-up-paddle-boards\/sup-lozen-12-8-deux-personnes\/#breadcrumb\",\"itemListElement\":[{\"@type\":\"ListItem\",\"position\":1,\"name\":\"Accueil\",\"item\":\"https:\/\/lozen-sport.com\/de\/\"},{\"@type\":\"ListItem\",\"position\":2,\"name\":\"Produits\",\"item\":\"https:\/\/lozen-sport.com\/shop\/\"},{\"@type\":\"ListItem\",\"position\":3,\"name\":\"SUP LOZEN 12&#8217;8\"}]},{\"@type\":\"WebSite\",\"@id\":\"https:\/\/lozen-sport.com\/#website\",\"url\":\"https:\/\/lozen-sport.com\/\",\"name\":\"LOZEN\",\"description\":\"LE SUP POUR TOUS\",\"potentialAction\":[{\"@type\":\"SearchAction\",\"target\":{\"@type\":\"EntryPoint\",\"urlTemplate\":\"https:\/\/lozen-sport.com\/?s={search_term_string}\"},\"query-input\":{\"@type\":\"PropertyValueSpecification\",\"valueRequired\":true,\"valueName\":\"search_term_string\"}}],\"inLanguage\":\"de\"}]}<\/script>\n<!-- \/ Yoast SEO plugin. -->","yoast_head_json":{"title":"STAND UP PADDLE LOZEN 12'8' - FUSION - LOZEN SUP","robots":{"index":"index","follow":"follow","max-snippet":"max-snippet:-1","max-image-preview":"max-image-preview:large","max-video-preview":"max-video-preview:-1"},"canonical":"https:\/\/lozen-sport.com\/de\/shop\/aufblasbaren-stand-up-paddle-boards\/sup-lozen-12-8-deux-personnes\/","og_locale":"de_DE","og_type":"article","og_title":"STAND UP PADDLE LOZEN 12'8' - FUSION - LOZEN SUP","og_description":"DAS GETEILTE VERGN\u00dcGEN DES SUP!  Warum das Stand up Paddle alleine genie\u00dfen, wenn man es zu zweit teilen kann? Dank seiner L\u00e4nge von 12'8 und der sehr guten Stabilit\u00e4t ist das neueste SUP Lozen 12'8 ein echtes Spielzeug f\u00fcr die Familie. Es wird sowohl angehende Entdecker als auch Yogaliebhaber auf der Suche nach Raum \u00fcberzeugen. Dieses kleine Schmuckst\u00fcck erm\u00f6glicht es Ihnen, sich allein oder mit einer zweiten Person zu entwickeln, um Ihnen noch mehr Spa\u00df zu garantieren. Dank seiner \u00fcberlegenen Fusionkonstruktion, die es starrer und leichter macht, brauchen Sie sich nicht einmal anzustrengen.  PACK :\u00a0Sac + Pompe + Pagaie 3 parties + Aileron + Leash t\u00e9l\u00e9phone + Kit de r\u00e9paration","og_url":"https:\/\/lozen-sport.com\/de\/shop\/aufblasbaren-stand-up-paddle-boards\/sup-lozen-12-8-deux-personnes\/","og_site_name":"LOZEN","article_modified_time":"2024-11-19T09:14:58+00:00","og_image":[{"width":1000,"height":1000,"url":"https:\/\/lozen-sport.com\/wp-content\/uploads\/2018\/02\/PACK-SUP-LOZEN-128-02_2018.jpg","type":"image\/jpeg"}],"twitter_card":"summary_large_image","twitter_misc":{"Gesch\u00e4tzte Lesezeit":"1\u00a0Minute"},"schema":{"@context":"https:\/\/schema.org","@graph":[{"@type":"WebPage","@id":"https:\/\/lozen-sport.com\/de\/shop\/aufblasbaren-stand-up-paddle-boards\/sup-lozen-12-8-deux-personnes\/","url":"https:\/\/lozen-sport.com\/de\/shop\/aufblasbaren-stand-up-paddle-boards\/sup-lozen-12-8-deux-personnes\/","name":"STAND UP PADDLE LOZEN 12'8' - FUSION - LOZEN SUP","isPartOf":{"@id":"https:\/\/lozen-sport.com\/#website"},"primaryImageOfPage":{"@id":"https:\/\/lozen-sport.com\/de\/shop\/aufblasbaren-stand-up-paddle-boards\/sup-lozen-12-8-deux-personnes\/#primaryimage"},"image":{"@id":"https:\/\/lozen-sport.com\/de\/shop\/aufblasbaren-stand-up-paddle-boards\/sup-lozen-12-8-deux-personnes\/#primaryimage"},"thumbnailUrl":"https:\/\/lozen-sport.com\/wp-content\/uploads\/2018\/02\/PACK-SUP-LOZEN-128-02_2018.jpg","datePublished":"2018-02-25T16:09:57+00:00","dateModified":"2024-11-19T09:14:58+00:00","breadcrumb":{"@id":"https:\/\/lozen-sport.com\/de\/shop\/aufblasbaren-stand-up-paddle-boards\/sup-lozen-12-8-deux-personnes\/#breadcrumb"},"inLanguage":"de","potentialAction":[{"@type":"ReadAction","target":["https:\/\/lozen-sport.com\/de\/shop\/aufblasbaren-stand-up-paddle-boards\/sup-lozen-12-8-deux-personnes\/"]}]},{"@type":"ImageObject","inLanguage":"de","@id":"https:\/\/lozen-sport.com\/de\/shop\/aufblasbaren-stand-up-paddle-boards\/sup-lozen-12-8-deux-personnes\/#primaryimage","url":"https:\/\/lozen-sport.com\/wp-content\/uploads\/2018\/02\/PACK-SUP-LOZEN-128-02_2018.jpg","contentUrl":"https:\/\/lozen-sport.com\/wp-content\/uploads\/2018\/02\/PACK-SUP-LOZEN-128-02_2018.jpg","width":1000,"height":1000,"caption":"Stand Up Paddle Board gonflable pour deux personnes Lozen 12'8. Construction premium fusion ultra l\u00e9g\u00e8re pour les balades, le fitness et les petits surf."},{"@type":"BreadcrumbList","@id":"https:\/\/lozen-sport.com\/de\/shop\/aufblasbaren-stand-up-paddle-boards\/sup-lozen-12-8-deux-personnes\/#breadcrumb","itemListElement":[{"@type":"ListItem","position":1,"name":"Accueil","item":"https:\/\/lozen-sport.com\/de\/"},{"@type":"ListItem","position":2,"name":"Produits","item":"https:\/\/lozen-sport.com\/shop\/"},{"@type":"ListItem","position":3,"name":"SUP LOZEN 12&#8217;8"}]},{"@type":"WebSite","@id":"https:\/\/lozen-sport.com\/#website","url":"https:\/\/lozen-sport.com\/","name":"LOZEN","description":"LE SUP POUR TOUS","potentialAction":[{"@type":"SearchAction","target":{"@type":"EntryPoint","urlTemplate":"https:\/\/lozen-sport.com\/?s={search_term_string}"},"query-input":{"@type":"PropertyValueSpecification","valueRequired":true,"valueName":"search_term_string"}}],"inLanguage":"de"}]}},"_links":{"self":[{"href":"https:\/\/lozen-sport.com\/de\/wp-json\/wp\/v2\/product\/2637","targetHints":{"allow":["GET"]}}],"collection":[{"href":"https:\/\/lozen-sport.com\/de\/wp-json\/wp\/v2\/product"}],"about":[{"href":"https:\/\/lozen-sport.com\/de\/wp-json\/wp\/v2\/types\/product"}],"replies":[{"embeddable":true,"href":"https:\/\/lozen-sport.com\/de\/wp-json\/wp\/v2\/comments?post=2637"}],"wp:featuredmedia":[{"embeddable":true,"href":"https:\/\/lozen-sport.com\/de\/wp-json\/wp\/v2\/media\/2639"}],"wp:attachment":[{"href":"https:\/\/lozen-sport.com\/de\/wp-json\/wp\/v2\/media?parent=2637"}],"wp:term":[{"taxonomy":"product_brand","embeddable":true,"href":"https:\/\/lozen-sport.com\/de\/wp-json\/wp\/v2\/product_brand?post=2637"},{"taxonomy":"product_cat","embeddable":true,"href":"https:\/\/lozen-sport.com\/de\/wp-json\/wp\/v2\/product_cat?post=2637"},{"taxonomy":"product_tag","embeddable":true,"href":"https:\/\/lozen-sport.com\/de\/wp-json\/wp\/v2\/product_tag?post=2637"}],"curies":[{"name":"wp","href":"https:\/\/api.w.org\/{rel}","templated":true}]}}