{"id":2767,"date":"2016-11-28T00:54:33","date_gmt":"2016-11-27T22:54:33","guid":{"rendered":"http:\/\/lozen-sport.com\/?post_type=product&#038;p=2767"},"modified":"2020-02-26T14:58:53","modified_gmt":"2020-02-26T12:58:53","slug":"leash-su","status":"publish","type":"product","link":"https:\/\/lozen-sport.com\/de\/shop\/sup-zubehoer\/leash-su\/","title":{"rendered":"LEASH SUP"},"content":{"rendered":"[et_pb_section fb_built=&#8220;1&#8243; _builder_version=&#8220;3.22&#8243; custom_padding=&#8220;0px||||false|false&#8220;][et_pb_row _builder_version=&#8220;3.25&#8243; background_size=&#8220;initial&#8220; background_position=&#8220;top_left&#8220; background_repeat=&#8220;repeat&#8220; width=&#8220;100%&#8220; custom_padding=&#8220;0px||0px||false|false&#8220;][et_pb_column type=&#8220;4_4&#8243; _builder_version=&#8220;3.25&#8243; custom_padding=&#8220;|||&#8220; custom_padding__hover=&#8220;|||&#8220;][et_pb_wc_breadcrumb disabled_on=&#8220;on|on|on&#8220; _builder_version=&#8220;3.0.47&#8243; disabled=&#8220;on&#8220;][\/et_pb_wc_breadcrumb][et_pb_wc_cart_notice _builder_version=&#8220;3.0.47&#8243;][\/et_pb_wc_cart_notice][\/et_pb_column][\/et_pb_row][et_pb_row column_structure=&#8220;1_2,1_2&#8243; _builder_version=&#8220;4.3.3&#8243; background_size=&#8220;initial&#8220; background_position=&#8220;top_left&#8220; background_repeat=&#8220;repeat&#8220; width=&#8220;100%&#8220; custom_padding=&#8220;0px||||false|false&#8220;][et_pb_column type=&#8220;1_2&#8243; _builder_version=&#8220;3.25&#8243; custom_padding=&#8220;|||&#8220; custom_padding__hover=&#8220;|||&#8220;][et_pb_wc_images _builder_version=&#8220;3.0.47&#8243;][\/et_pb_wc_images][\/et_pb_column][et_pb_column type=&#8220;1_2&#8243; module_class=&#8220;card&#8220; _builder_version=&#8220;4.3.3&#8243; custom_padding=&#8220;|||&#8220; custom_padding__hover=&#8220;|||&#8220;][et_pb_wc_title _builder_version=&#8220;3.0.47&#8243;][\/et_pb_wc_title][et_pb_wc_rating _builder_version=&#8220;3.0.47&#8243;][\/et_pb_wc_rating][et_pb_wc_price _builder_version=&#8220;3.0.47&#8243;][\/et_pb_wc_price][et_pb_wc_description _builder_version=&#8220;3.0.47&#8243;][\/et_pb_wc_description][et_pb_wc_add_to_cart _builder_version=&#8220;3.0.47&#8243;][\/et_pb_wc_add_to_cart][et_pb_wc_meta disabled_on=&#8220;on|on|on&#8220; admin_label=&#8220;Woo Meta&#8220; _builder_version=&#8220;3.0.47&#8243; disabled=&#8220;on&#8220;][\/et_pb_wc_meta][\/et_pb_column][\/et_pb_row][et_pb_row _builder_version=&#8220;3.25&#8243; background_size=&#8220;initial&#8220; background_position=&#8220;top_left&#8220; background_repeat=&#8220;repeat&#8220; width=&#8220;100%&#8220;][et_pb_column type=&#8220;4_4&#8243; _builder_version=&#8220;3.25&#8243; custom_padding=&#8220;|||&#8220; custom_padding__hover=&#8220;|||&#8220;][et_pb_wc_tabs include_tabs=&#8220;|additional_information|reviews&#8220; disabled_on=&#8220;off|off|off&#8220; module_class=&#8220;card&#8220; _builder_version=&#8220;4.3.3&#8243;]\t\t\t\t\t[\/et_pb_wc_tabs][et_pb_wc_upsells _builder_version=&#8220;3.0.47&#8243;][\/et_pb_wc_upsells][et_pb_wc_related_products _builder_version=&#8220;3.0.47&#8243;][\/et_pb_wc_related_products][\/et_pb_column][\/et_pb_row][\/et_pb_section]\n","protected":false},"excerpt":{"rendered":"<p>Unser leash SUP Lozen Spiralkabel wurde entworfen, um Ihre Sicherheit und Ihren Komfort w\u00e4hrend Ihres Stand Up Paddle Board Kurses zu gew\u00e4hrleisten. Er eignet sich bestens f\u00fcr verschiedene Nutzungen: Wellen, Fl\u00fcsse mit hohem Durchfluss (an der Weste befestigt) oder stilles Wasser. Dank seiner &#8222;Spiral&#8220; Konstruktion kann Ihr Board nach einem Sturz zu Ihnen zur\u00fcckgezogen zu werden. Er wird ebenfalls verhindern, dass sich die Verbindung w\u00e4hrend der Aus\u00fcbung verf\u00e4ngt und Sie st\u00f6rt.<\/p>\n","protected":false},"featured_media":3480,"comment_status":"closed","ping_status":"closed","template":"","meta":{"_et_pb_use_builder":"on","_et_pb_old_content":"","_et_gb_content_width":"","content-type":""},"product_brand":[],"product_cat":[110],"product_tag":[],"class_list":{"0":"post-2767","1":"product","2":"type-product","3":"status-publish","4":"has-post-thumbnail","6":"product_cat-sup-zubehoer","7":"product_shipping_class-zubehor","9":"first","10":"instock","11":"taxable","12":"shipping-taxable","13":"purchasable","14":"product-type-variable"},"yoast_head":"<!-- This site is optimized with the Yoast SEO plugin v25.9 - https:\/\/yoast.com\/wordpress\/plugins\/seo\/ -->\n<title>LEASH SUP - LOZEN<\/title>\n<meta name=\"robots\" content=\"index, follow, max-snippet:-1, max-image-preview:large, max-video-preview:-1\" \/>\n<link rel=\"canonical\" href=\"https:\/\/lozen-sport.com\/de\/shop\/sup-zubehoer\/leash-su\/\" \/>\n<meta property=\"og:locale\" content=\"de_DE\" \/>\n<meta property=\"og:type\" content=\"article\" \/>\n<meta property=\"og:title\" content=\"LEASH SUP - LOZEN\" \/>\n<meta property=\"og:description\" content=\"Unser leash SUP Lozen Spiralkabel wurde entworfen, um Ihre Sicherheit und Ihren Komfort w\u00e4hrend Ihres Stand Up Paddle Board Kurses zu gew\u00e4hrleisten. Er eignet sich bestens f\u00fcr verschiedene Nutzungen: Wellen, Fl\u00fcsse mit hohem Durchfluss (an der Weste befestigt) oder stilles Wasser. Dank seiner &quot;Spiral&quot; Konstruktion kann Ihr Board nach einem Sturz zu Ihnen zur\u00fcckgezogen zu werden. Er wird ebenfalls verhindern, dass sich die Verbindung w\u00e4hrend der Aus\u00fcbung verf\u00e4ngt und Sie st\u00f6rt.\" \/>\n<meta property=\"og:url\" content=\"https:\/\/lozen-sport.com\/de\/shop\/sup-zubehoer\/leash-su\/\" \/>\n<meta property=\"og:site_name\" content=\"LOZEN\" \/>\n<meta property=\"article:modified_time\" content=\"2020-02-26T12:58:53+00:00\" \/>\n<meta property=\"og:image\" content=\"https:\/\/lozen-sport.com\/wp-content\/uploads\/2016\/11\/OZLB7510B-LEASH-LOZEN-BLUE-FRONT-PACKAGING-WEB.jpg\" \/>\n\t<meta property=\"og:image:width\" content=\"1080\" \/>\n\t<meta property=\"og:image:height\" content=\"1080\" \/>\n\t<meta property=\"og:image:type\" content=\"image\/jpeg\" \/>\n<meta name=\"twitter:card\" content=\"summary_large_image\" \/>\n<meta name=\"twitter:label1\" content=\"Gesch\u00e4tzte Lesezeit\" \/>\n\t<meta name=\"twitter:data1\" content=\"2\u00a0Minuten\" \/>\n<script type=\"application\/ld+json\" class=\"yoast-schema-graph\">{\"@context\":\"https:\/\/schema.org\",\"@graph\":[{\"@type\":\"WebPage\",\"@id\":\"https:\/\/lozen-sport.com\/de\/shop\/sup-zubehoer\/leash-su\/\",\"url\":\"https:\/\/lozen-sport.com\/de\/shop\/sup-zubehoer\/leash-su\/\",\"name\":\"LEASH SUP - LOZEN\",\"isPartOf\":{\"@id\":\"https:\/\/lozen-sport.com\/#website\"},\"primaryImageOfPage\":{\"@id\":\"https:\/\/lozen-sport.com\/de\/shop\/sup-zubehoer\/leash-su\/#primaryimage\"},\"image\":{\"@id\":\"https:\/\/lozen-sport.com\/de\/shop\/sup-zubehoer\/leash-su\/#primaryimage\"},\"thumbnailUrl\":\"https:\/\/lozen-sport.com\/wp-content\/uploads\/2016\/11\/OZLB7510B-LEASH-LOZEN-BLUE-FRONT-PACKAGING-WEB.jpg\",\"datePublished\":\"2016-11-27T22:54:33+00:00\",\"dateModified\":\"2020-02-26T12:58:53+00:00\",\"breadcrumb\":{\"@id\":\"https:\/\/lozen-sport.com\/de\/shop\/sup-zubehoer\/leash-su\/#breadcrumb\"},\"inLanguage\":\"de\",\"potentialAction\":[{\"@type\":\"ReadAction\",\"target\":[\"https:\/\/lozen-sport.com\/de\/shop\/sup-zubehoer\/leash-su\/\"]}]},{\"@type\":\"ImageObject\",\"inLanguage\":\"de\",\"@id\":\"https:\/\/lozen-sport.com\/de\/shop\/sup-zubehoer\/leash-su\/#primaryimage\",\"url\":\"https:\/\/lozen-sport.com\/wp-content\/uploads\/2016\/11\/OZLB7510B-LEASH-LOZEN-BLUE-FRONT-PACKAGING-WEB.jpg\",\"contentUrl\":\"https:\/\/lozen-sport.com\/wp-content\/uploads\/2016\/11\/OZLB7510B-LEASH-LOZEN-BLUE-FRONT-PACKAGING-WEB.jpg\",\"width\":1080,\"height\":1080,\"caption\":\"Leash t\u00e9l\u00e9phone pour stand up paddle board Lozen 10' bleu\"},{\"@type\":\"BreadcrumbList\",\"@id\":\"https:\/\/lozen-sport.com\/de\/shop\/sup-zubehoer\/leash-su\/#breadcrumb\",\"itemListElement\":[{\"@type\":\"ListItem\",\"position\":1,\"name\":\"Accueil\",\"item\":\"https:\/\/lozen-sport.com\/de\/\"},{\"@type\":\"ListItem\",\"position\":2,\"name\":\"Produits\",\"item\":\"https:\/\/lozen-sport.com\/shop\/\"},{\"@type\":\"ListItem\",\"position\":3,\"name\":\"LEASH SUP\"}]},{\"@type\":\"WebSite\",\"@id\":\"https:\/\/lozen-sport.com\/#website\",\"url\":\"https:\/\/lozen-sport.com\/\",\"name\":\"LOZEN\",\"description\":\"LE SUP POUR TOUS\",\"potentialAction\":[{\"@type\":\"SearchAction\",\"target\":{\"@type\":\"EntryPoint\",\"urlTemplate\":\"https:\/\/lozen-sport.com\/?s={search_term_string}\"},\"query-input\":{\"@type\":\"PropertyValueSpecification\",\"valueRequired\":true,\"valueName\":\"search_term_string\"}}],\"inLanguage\":\"de\"}]}<\/script>\n<!-- \/ Yoast SEO plugin. -->","yoast_head_json":{"title":"LEASH SUP - LOZEN","robots":{"index":"index","follow":"follow","max-snippet":"max-snippet:-1","max-image-preview":"max-image-preview:large","max-video-preview":"max-video-preview:-1"},"canonical":"https:\/\/lozen-sport.com\/de\/shop\/sup-zubehoer\/leash-su\/","og_locale":"de_DE","og_type":"article","og_title":"LEASH SUP - LOZEN","og_description":"Unser leash SUP Lozen Spiralkabel wurde entworfen, um Ihre Sicherheit und Ihren Komfort w\u00e4hrend Ihres Stand Up Paddle Board Kurses zu gew\u00e4hrleisten. Er eignet sich bestens f\u00fcr verschiedene Nutzungen: Wellen, Fl\u00fcsse mit hohem Durchfluss (an der Weste befestigt) oder stilles Wasser. Dank seiner \"Spiral\" Konstruktion kann Ihr Board nach einem Sturz zu Ihnen zur\u00fcckgezogen zu werden. Er wird ebenfalls verhindern, dass sich die Verbindung w\u00e4hrend der Aus\u00fcbung verf\u00e4ngt und Sie st\u00f6rt.","og_url":"https:\/\/lozen-sport.com\/de\/shop\/sup-zubehoer\/leash-su\/","og_site_name":"LOZEN","article_modified_time":"2020-02-26T12:58:53+00:00","og_image":[{"width":1080,"height":1080,"url":"https:\/\/lozen-sport.com\/wp-content\/uploads\/2016\/11\/OZLB7510B-LEASH-LOZEN-BLUE-FRONT-PACKAGING-WEB.jpg","type":"image\/jpeg"}],"twitter_card":"summary_large_image","twitter_misc":{"Gesch\u00e4tzte Lesezeit":"2\u00a0Minuten"},"schema":{"@context":"https:\/\/schema.org","@graph":[{"@type":"WebPage","@id":"https:\/\/lozen-sport.com\/de\/shop\/sup-zubehoer\/leash-su\/","url":"https:\/\/lozen-sport.com\/de\/shop\/sup-zubehoer\/leash-su\/","name":"LEASH SUP - LOZEN","isPartOf":{"@id":"https:\/\/lozen-sport.com\/#website"},"primaryImageOfPage":{"@id":"https:\/\/lozen-sport.com\/de\/shop\/sup-zubehoer\/leash-su\/#primaryimage"},"image":{"@id":"https:\/\/lozen-sport.com\/de\/shop\/sup-zubehoer\/leash-su\/#primaryimage"},"thumbnailUrl":"https:\/\/lozen-sport.com\/wp-content\/uploads\/2016\/11\/OZLB7510B-LEASH-LOZEN-BLUE-FRONT-PACKAGING-WEB.jpg","datePublished":"2016-11-27T22:54:33+00:00","dateModified":"2020-02-26T12:58:53+00:00","breadcrumb":{"@id":"https:\/\/lozen-sport.com\/de\/shop\/sup-zubehoer\/leash-su\/#breadcrumb"},"inLanguage":"de","potentialAction":[{"@type":"ReadAction","target":["https:\/\/lozen-sport.com\/de\/shop\/sup-zubehoer\/leash-su\/"]}]},{"@type":"ImageObject","inLanguage":"de","@id":"https:\/\/lozen-sport.com\/de\/shop\/sup-zubehoer\/leash-su\/#primaryimage","url":"https:\/\/lozen-sport.com\/wp-content\/uploads\/2016\/11\/OZLB7510B-LEASH-LOZEN-BLUE-FRONT-PACKAGING-WEB.jpg","contentUrl":"https:\/\/lozen-sport.com\/wp-content\/uploads\/2016\/11\/OZLB7510B-LEASH-LOZEN-BLUE-FRONT-PACKAGING-WEB.jpg","width":1080,"height":1080,"caption":"Leash t\u00e9l\u00e9phone pour stand up paddle board Lozen 10' bleu"},{"@type":"BreadcrumbList","@id":"https:\/\/lozen-sport.com\/de\/shop\/sup-zubehoer\/leash-su\/#breadcrumb","itemListElement":[{"@type":"ListItem","position":1,"name":"Accueil","item":"https:\/\/lozen-sport.com\/de\/"},{"@type":"ListItem","position":2,"name":"Produits","item":"https:\/\/lozen-sport.com\/shop\/"},{"@type":"ListItem","position":3,"name":"LEASH SUP"}]},{"@type":"WebSite","@id":"https:\/\/lozen-sport.com\/#website","url":"https:\/\/lozen-sport.com\/","name":"LOZEN","description":"LE SUP POUR TOUS","potentialAction":[{"@type":"SearchAction","target":{"@type":"EntryPoint","urlTemplate":"https:\/\/lozen-sport.com\/?s={search_term_string}"},"query-input":{"@type":"PropertyValueSpecification","valueRequired":true,"valueName":"search_term_string"}}],"inLanguage":"de"}]}},"_links":{"self":[{"href":"https:\/\/lozen-sport.com\/de\/wp-json\/wp\/v2\/product\/2767","targetHints":{"allow":["GET"]}}],"collection":[{"href":"https:\/\/lozen-sport.com\/de\/wp-json\/wp\/v2\/product"}],"about":[{"href":"https:\/\/lozen-sport.com\/de\/wp-json\/wp\/v2\/types\/product"}],"replies":[{"embeddable":true,"href":"https:\/\/lozen-sport.com\/de\/wp-json\/wp\/v2\/comments?post=2767"}],"wp:featuredmedia":[{"embeddable":true,"href":"https:\/\/lozen-sport.com\/de\/wp-json\/wp\/v2\/media\/3480"}],"wp:attachment":[{"href":"https:\/\/lozen-sport.com\/de\/wp-json\/wp\/v2\/media?parent=2767"}],"wp:term":[{"taxonomy":"product_brand","embeddable":true,"href":"https:\/\/lozen-sport.com\/de\/wp-json\/wp\/v2\/product_brand?post=2767"},{"taxonomy":"product_cat","embeddable":true,"href":"https:\/\/lozen-sport.com\/de\/wp-json\/wp\/v2\/product_cat?post=2767"},{"taxonomy":"product_tag","embeddable":true,"href":"https:\/\/lozen-sport.com\/de\/wp-json\/wp\/v2\/product_tag?post=2767"}],"curies":[{"name":"wp","href":"https:\/\/api.w.org\/{rel}","templated":true}]}}