{"id":2770,"date":"2016-11-27T20:57:16","date_gmt":"2016-11-27T18:57:16","guid":{"rendered":"http:\/\/lozen-sport.com\/?post_type=product&#038;p=2770"},"modified":"2025-08-13T18:07:57","modified_gmt":"2025-08-13T16:07:57","slug":"slider-oz","status":"publish","type":"product","link":"https:\/\/lozen-sport.com\/de\/shop\/sup-zubehoer\/slider-oz\/","title":{"rendered":"LOZEN SLIDER WESTE"},"content":{"rendered":"[et_pb_section fb_built=&#8220;1&#8243; _builder_version=&#8220;4.16&#8243; custom_padding=&#8220;0px||||false|false&#8220; global_colors_info=&#8220;{}&#8220;][et_pb_row _builder_version=&#8220;4.16&#8243; background_size=&#8220;initial&#8220; background_position=&#8220;top_left&#8220; background_repeat=&#8220;repeat&#8220; width=&#8220;100%&#8220; custom_padding=&#8220;0px||0px||false|false&#8220; global_colors_info=&#8220;{}&#8220;][et_pb_column type=&#8220;4_4&#8243; _builder_version=&#8220;4.16&#8243; custom_padding=&#8220;|||&#8220; global_colors_info=&#8220;{}&#8220; custom_padding__hover=&#8220;|||&#8220;][et_pb_wc_breadcrumb disabled_on=&#8220;on|on|on&#8220; _builder_version=&#8220;4.16&#8243; disabled=&#8220;on&#8220; global_colors_info=&#8220;{}&#8220;][\/et_pb_wc_breadcrumb][et_pb_wc_cart_notice _builder_version=&#8220;4.16&#8243; global_colors_info=&#8220;{}&#8220;][\/et_pb_wc_cart_notice][\/et_pb_column][\/et_pb_row][et_pb_row column_structure=&#8220;1_2,1_2&#8243; _builder_version=&#8220;4.16&#8243; background_size=&#8220;initial&#8220; background_position=&#8220;top_left&#8220; background_repeat=&#8220;repeat&#8220; width=&#8220;100%&#8220; custom_padding=&#8220;0px||||false|false&#8220; global_colors_info=&#8220;{}&#8220;][et_pb_column type=&#8220;1_2&#8243; _builder_version=&#8220;4.16&#8243; custom_padding=&#8220;|||&#8220; global_colors_info=&#8220;{}&#8220; custom_padding__hover=&#8220;|||&#8220;][et_pb_wc_images _builder_version=&#8220;4.16&#8243; global_colors_info=&#8220;{}&#8220;][\/et_pb_wc_images][\/et_pb_column][et_pb_column type=&#8220;1_2&#8243; module_class=&#8220;card&#8220; _builder_version=&#8220;4.16&#8243; custom_padding=&#8220;|||&#8220; global_colors_info=&#8220;{}&#8220; custom_padding__hover=&#8220;|||&#8220;][et_pb_wc_title _builder_version=&#8220;4.16&#8243; global_colors_info=&#8220;{}&#8220;][\/et_pb_wc_title][et_pb_wc_rating _builder_version=&#8220;4.16&#8243; global_colors_info=&#8220;{}&#8220;][\/et_pb_wc_rating][et_pb_wc_price _builder_version=&#8220;4.16&#8243; global_colors_info=&#8220;{}&#8220;][\/et_pb_wc_price][et_pb_wc_description _builder_version=&#8220;4.16&#8243; global_colors_info=&#8220;{}&#8220;][\/et_pb_wc_description][et_pb_text disabled_on=&#8220;on|on|on&#8220; admin_label=&#8220;PRECOMMANDE&#8220; _builder_version=&#8220;4.16&#8243; disabled=&#8220;on&#8220; locked=&#8220;off&#8220; global_colors_info=&#8220;{}&#8220;]\n<p>Ce mod\u00e8le est en cours de r\u00e9approvisionnement :<br \/><i class=\"fas fa-truck\" style=\"color: #ff0000;\"><\/i> <span style=\"color: #ff0000;\">Livraison \u00e0 partir du 9 aout<\/span><\/p>\n[\/et_pb_text][et_pb_text disabled_on=&#8220;on|on|on&#8220; admin_label=&#8220;RUPTURE DE STOCK&#8220; _builder_version=&#8220;4.16&#8243; disabled=&#8220;on&#8220; locked=&#8220;off&#8220; global_colors_info=&#8220;{}&#8220;]\n<p><i class=\"fas fa-store-slash\" style=\"color: #ff0000;\"><\/i> <span style=\"color: #ff0000;\">Temporairement en rupture de stock<\/span><\/p>\n[\/et_pb_text][et_pb_wc_add_to_cart _builder_version=&#8220;4.16&#8243; global_colors_info=&#8220;{}&#8220;][\/et_pb_wc_add_to_cart][et_pb_wc_meta disabled_on=&#8220;on|on|on&#8220; admin_label=&#8220;Woo Meta&#8220; _builder_version=&#8220;4.16&#8243; disabled=&#8220;on&#8220; global_colors_info=&#8220;{}&#8220;][\/et_pb_wc_meta][et_pb_code admin_label=&#8220;Certificate of conformity&#8220; _builder_version=&#8220;4.16&#8243; _module_preset=&#8220;default&#8220; locked=&#8220;off&#8220; global_colors_info=&#8220;{}&#8220;]<a target=\"_blank\" href=\"\/wp-content\/uploads\/2021\/08\/CERTIFICAT_CONFORMITE-SLIDER_CLUB-scaled.jpg\" rel=\"noopener\"><!-- [et_pb_line_break_holder] --><button class=\"button\"><i class=\"fa fa-eye\"><\/i>   Bescheinigung der Konformit\u00e4t<\/button><!-- [et_pb_line_break_holder] --><\/a>[\/et_pb_code][\/et_pb_column][\/et_pb_row][et_pb_row _builder_version=&#8220;4.16&#8243; background_size=&#8220;initial&#8220; background_position=&#8220;top_left&#8220; background_repeat=&#8220;repeat&#8220; width=&#8220;100%&#8220; global_colors_info=&#8220;{}&#8220;][et_pb_column type=&#8220;4_4&#8243; _builder_version=&#8220;4.16&#8243; custom_padding=&#8220;|||&#8220; global_colors_info=&#8220;{}&#8220; custom_padding__hover=&#8220;|||&#8220;][et_pb_wc_tabs include_tabs=&#8220;|additional_information|reviews&#8220; disabled_on=&#8220;off|off|off&#8220; module_class=&#8220;card&#8220; _builder_version=&#8220;4.16&#8243; global_colors_info=&#8220;{}&#8220;]\t\t\t\t\t[\/et_pb_wc_tabs][et_pb_wc_upsells _builder_version=&#8220;4.16&#8243; global_colors_info=&#8220;{}&#8220;][\/et_pb_wc_upsells][et_pb_code admin_label=&#8220;Certificate of conformity&#8220; _builder_version=&#8220;4.22.1&#8243; _module_preset=&#8220;default&#8220; hover_enabled=&#8220;0&#8243; locked=&#8220;off&#8220; global_colors_info=&#8220;{}&#8220; text_orientation=&#8220;center&#8220; sticky_enabled=&#8220;0&#8243; custom_margin=&#8220;25px||25px||false|false&#8220;]<a target=\"_blank\" href=\"https:\/\/lozen-sport.com\/wp-content\/uploads\/2023\/11\/2021-NOTICE-LOZEN-SLIDER-CLUB-10x17cm-NF-EN-ISO-LIGHT.pdf\" rel=\"noopener\"><!-- [et_pb_line_break_holder] --><button class=\"button\"><i class=\"fa fa-eye\"><\/i>  Gebrauchsanweisung<\/button><!-- [et_pb_line_break_holder] --><\/a>[\/et_pb_code][et_pb_wc_related_products _builder_version=&#8220;4.16&#8243; global_colors_info=&#8220;{}&#8220;][\/et_pb_wc_related_products][\/et_pb_column][\/et_pb_row][\/et_pb_section]\n","protected":false},"excerpt":{"rendered":"<p>Die SLIDER OZ Weste ist ideal f\u00fcr SUP und Kanu-Kajakfahren, in Fl\u00fcssen und am Meer. Frontrei\u00dfverschluss, Gurt mit 4 cm Schnallenverschluss, reflektierende R\u00e4nder und elastischem Taillengurt.<\/p>\n","protected":false},"featured_media":2758,"comment_status":"closed","ping_status":"closed","template":"","meta":{"_et_pb_use_builder":"on","_et_pb_old_content":"","_et_gb_content_width":"","content-type":""},"product_brand":[],"product_cat":[136,110],"product_tag":[],"class_list":{"0":"post-2770","1":"product","2":"type-product","3":"status-publish","4":"has-post-thumbnail","6":"product_cat-buoyancy-aid-sup-de","7":"product_cat-sup-zubehoer","8":"product_shipping_class-zubehor","10":"first","11":"instock","12":"taxable","13":"shipping-taxable","14":"purchasable","15":"product-type-variable"},"yoast_head":"<!-- This site is optimized with the Yoast SEO plugin v25.9 - https:\/\/yoast.com\/wordpress\/plugins\/seo\/ -->\n<title>LOZEN SLIDER WESTE - LOZEN<\/title>\n<meta name=\"robots\" content=\"index, follow, max-snippet:-1, max-image-preview:large, max-video-preview:-1\" \/>\n<link rel=\"canonical\" href=\"https:\/\/lozen-sport.com\/shop\/tous-les-produits\/accessoires-sup\/gilet-slider-lozen\/\" \/>\n<meta property=\"og:locale\" content=\"de_DE\" \/>\n<meta property=\"og:type\" content=\"article\" \/>\n<meta property=\"og:title\" content=\"LOZEN SLIDER WESTE - LOZEN\" \/>\n<meta property=\"og:description\" content=\"Die SLIDER OZ Weste ist ideal f\u00fcr SUP und Kanu-Kajakfahren, in Fl\u00fcssen und am Meer. Frontrei\u00dfverschluss, Gurt mit 4 cm Schnallenverschluss, reflektierende R\u00e4nder und elastischem Taillengurt.\" \/>\n<meta property=\"og:url\" content=\"https:\/\/lozen-sport.com\/shop\/tous-les-produits\/accessoires-sup\/gilet-slider-lozen\/\" \/>\n<meta property=\"og:site_name\" content=\"LOZEN\" \/>\n<meta property=\"article:modified_time\" content=\"2025-08-13T16:07:57+00:00\" \/>\n<meta property=\"og:image\" content=\"https:\/\/lozen-sport.com\/wp-content\/uploads\/2016\/11\/GILET-SLIDER-LOZEN-ROUGE-FRONT-2016.jpg\" \/>\n\t<meta property=\"og:image:width\" content=\"1000\" \/>\n\t<meta property=\"og:image:height\" content=\"1000\" \/>\n\t<meta property=\"og:image:type\" content=\"image\/jpeg\" \/>\n<meta name=\"twitter:card\" content=\"summary_large_image\" \/>\n<meta name=\"twitter:label1\" content=\"Gesch\u00e4tzte Lesezeit\" \/>\n\t<meta name=\"twitter:data1\" content=\"2\u00a0Minuten\" \/>\n<script type=\"application\/ld+json\" class=\"yoast-schema-graph\">{\"@context\":\"https:\/\/schema.org\",\"@graph\":[{\"@type\":\"WebPage\",\"@id\":\"https:\/\/lozen-sport.com\/shop\/tous-les-produits\/accessoires-sup\/gilet-slider-lozen\/\",\"url\":\"https:\/\/lozen-sport.com\/shop\/tous-les-produits\/accessoires-sup\/gilet-slider-lozen\/\",\"name\":\"LOZEN SLIDER WESTE - LOZEN\",\"isPartOf\":{\"@id\":\"https:\/\/lozen-sport.com\/#website\"},\"primaryImageOfPage\":{\"@id\":\"https:\/\/lozen-sport.com\/shop\/tous-les-produits\/accessoires-sup\/gilet-slider-lozen\/#primaryimage\"},\"image\":{\"@id\":\"https:\/\/lozen-sport.com\/shop\/tous-les-produits\/accessoires-sup\/gilet-slider-lozen\/#primaryimage\"},\"thumbnailUrl\":\"https:\/\/lozen-sport.com\/wp-content\/uploads\/2016\/11\/GILET-SLIDER-LOZEN-ROUGE-FRONT-2016.jpg\",\"datePublished\":\"2016-11-27T18:57:16+00:00\",\"dateModified\":\"2025-08-13T16:07:57+00:00\",\"breadcrumb\":{\"@id\":\"https:\/\/lozen-sport.com\/shop\/tous-les-produits\/accessoires-sup\/gilet-slider-lozen\/#breadcrumb\"},\"inLanguage\":\"de\",\"potentialAction\":[{\"@type\":\"ReadAction\",\"target\":[\"https:\/\/lozen-sport.com\/shop\/tous-les-produits\/accessoires-sup\/gilet-slider-lozen\/\"]}]},{\"@type\":\"ImageObject\",\"inLanguage\":\"de\",\"@id\":\"https:\/\/lozen-sport.com\/shop\/tous-les-produits\/accessoires-sup\/gilet-slider-lozen\/#primaryimage\",\"url\":\"https:\/\/lozen-sport.com\/wp-content\/uploads\/2016\/11\/GILET-SLIDER-LOZEN-ROUGE-FRONT-2016.jpg\",\"contentUrl\":\"https:\/\/lozen-sport.com\/wp-content\/uploads\/2016\/11\/GILET-SLIDER-LOZEN-ROUGE-FRONT-2016.jpg\",\"width\":1000,\"height\":1000},{\"@type\":\"BreadcrumbList\",\"@id\":\"https:\/\/lozen-sport.com\/shop\/tous-les-produits\/accessoires-sup\/gilet-slider-lozen\/#breadcrumb\",\"itemListElement\":[{\"@type\":\"ListItem\",\"position\":1,\"name\":\"Accueil\",\"item\":\"https:\/\/lozen-sport.com\/de\/\"},{\"@type\":\"ListItem\",\"position\":2,\"name\":\"Produits\",\"item\":\"https:\/\/lozen-sport.com\/shop\/\"},{\"@type\":\"ListItem\",\"position\":3,\"name\":\"LOZEN SLIDER WESTE\"}]},{\"@type\":\"WebSite\",\"@id\":\"https:\/\/lozen-sport.com\/#website\",\"url\":\"https:\/\/lozen-sport.com\/\",\"name\":\"LOZEN\",\"description\":\"LE SUP POUR TOUS\",\"potentialAction\":[{\"@type\":\"SearchAction\",\"target\":{\"@type\":\"EntryPoint\",\"urlTemplate\":\"https:\/\/lozen-sport.com\/?s={search_term_string}\"},\"query-input\":{\"@type\":\"PropertyValueSpecification\",\"valueRequired\":true,\"valueName\":\"search_term_string\"}}],\"inLanguage\":\"de\"}]}<\/script>\n<!-- \/ Yoast SEO plugin. -->","yoast_head_json":{"title":"LOZEN SLIDER WESTE - LOZEN","robots":{"index":"index","follow":"follow","max-snippet":"max-snippet:-1","max-image-preview":"max-image-preview:large","max-video-preview":"max-video-preview:-1"},"canonical":"https:\/\/lozen-sport.com\/shop\/tous-les-produits\/accessoires-sup\/gilet-slider-lozen\/","og_locale":"de_DE","og_type":"article","og_title":"LOZEN SLIDER WESTE - LOZEN","og_description":"Die SLIDER OZ Weste ist ideal f\u00fcr SUP und Kanu-Kajakfahren, in Fl\u00fcssen und am Meer. Frontrei\u00dfverschluss, Gurt mit 4 cm Schnallenverschluss, reflektierende R\u00e4nder und elastischem Taillengurt.","og_url":"https:\/\/lozen-sport.com\/shop\/tous-les-produits\/accessoires-sup\/gilet-slider-lozen\/","og_site_name":"LOZEN","article_modified_time":"2025-08-13T16:07:57+00:00","og_image":[{"width":1000,"height":1000,"url":"https:\/\/lozen-sport.com\/wp-content\/uploads\/2016\/11\/GILET-SLIDER-LOZEN-ROUGE-FRONT-2016.jpg","type":"image\/jpeg"}],"twitter_card":"summary_large_image","twitter_misc":{"Gesch\u00e4tzte Lesezeit":"2\u00a0Minuten"},"schema":{"@context":"https:\/\/schema.org","@graph":[{"@type":"WebPage","@id":"https:\/\/lozen-sport.com\/shop\/tous-les-produits\/accessoires-sup\/gilet-slider-lozen\/","url":"https:\/\/lozen-sport.com\/shop\/tous-les-produits\/accessoires-sup\/gilet-slider-lozen\/","name":"LOZEN SLIDER WESTE - LOZEN","isPartOf":{"@id":"https:\/\/lozen-sport.com\/#website"},"primaryImageOfPage":{"@id":"https:\/\/lozen-sport.com\/shop\/tous-les-produits\/accessoires-sup\/gilet-slider-lozen\/#primaryimage"},"image":{"@id":"https:\/\/lozen-sport.com\/shop\/tous-les-produits\/accessoires-sup\/gilet-slider-lozen\/#primaryimage"},"thumbnailUrl":"https:\/\/lozen-sport.com\/wp-content\/uploads\/2016\/11\/GILET-SLIDER-LOZEN-ROUGE-FRONT-2016.jpg","datePublished":"2016-11-27T18:57:16+00:00","dateModified":"2025-08-13T16:07:57+00:00","breadcrumb":{"@id":"https:\/\/lozen-sport.com\/shop\/tous-les-produits\/accessoires-sup\/gilet-slider-lozen\/#breadcrumb"},"inLanguage":"de","potentialAction":[{"@type":"ReadAction","target":["https:\/\/lozen-sport.com\/shop\/tous-les-produits\/accessoires-sup\/gilet-slider-lozen\/"]}]},{"@type":"ImageObject","inLanguage":"de","@id":"https:\/\/lozen-sport.com\/shop\/tous-les-produits\/accessoires-sup\/gilet-slider-lozen\/#primaryimage","url":"https:\/\/lozen-sport.com\/wp-content\/uploads\/2016\/11\/GILET-SLIDER-LOZEN-ROUGE-FRONT-2016.jpg","contentUrl":"https:\/\/lozen-sport.com\/wp-content\/uploads\/2016\/11\/GILET-SLIDER-LOZEN-ROUGE-FRONT-2016.jpg","width":1000,"height":1000},{"@type":"BreadcrumbList","@id":"https:\/\/lozen-sport.com\/shop\/tous-les-produits\/accessoires-sup\/gilet-slider-lozen\/#breadcrumb","itemListElement":[{"@type":"ListItem","position":1,"name":"Accueil","item":"https:\/\/lozen-sport.com\/de\/"},{"@type":"ListItem","position":2,"name":"Produits","item":"https:\/\/lozen-sport.com\/shop\/"},{"@type":"ListItem","position":3,"name":"LOZEN SLIDER WESTE"}]},{"@type":"WebSite","@id":"https:\/\/lozen-sport.com\/#website","url":"https:\/\/lozen-sport.com\/","name":"LOZEN","description":"LE SUP POUR TOUS","potentialAction":[{"@type":"SearchAction","target":{"@type":"EntryPoint","urlTemplate":"https:\/\/lozen-sport.com\/?s={search_term_string}"},"query-input":{"@type":"PropertyValueSpecification","valueRequired":true,"valueName":"search_term_string"}}],"inLanguage":"de"}]}},"_links":{"self":[{"href":"https:\/\/lozen-sport.com\/de\/wp-json\/wp\/v2\/product\/2770","targetHints":{"allow":["GET"]}}],"collection":[{"href":"https:\/\/lozen-sport.com\/de\/wp-json\/wp\/v2\/product"}],"about":[{"href":"https:\/\/lozen-sport.com\/de\/wp-json\/wp\/v2\/types\/product"}],"replies":[{"embeddable":true,"href":"https:\/\/lozen-sport.com\/de\/wp-json\/wp\/v2\/comments?post=2770"}],"wp:featuredmedia":[{"embeddable":true,"href":"https:\/\/lozen-sport.com\/de\/wp-json\/wp\/v2\/media\/2758"}],"wp:attachment":[{"href":"https:\/\/lozen-sport.com\/de\/wp-json\/wp\/v2\/media?parent=2770"}],"wp:term":[{"taxonomy":"product_brand","embeddable":true,"href":"https:\/\/lozen-sport.com\/de\/wp-json\/wp\/v2\/product_brand?post=2770"},{"taxonomy":"product_cat","embeddable":true,"href":"https:\/\/lozen-sport.com\/de\/wp-json\/wp\/v2\/product_cat?post=2770"},{"taxonomy":"product_tag","embeddable":true,"href":"https:\/\/lozen-sport.com\/de\/wp-json\/wp\/v2\/product_tag?post=2770"}],"curies":[{"name":"wp","href":"https:\/\/api.w.org\/{rel}","templated":true}]}}