{"id":4241,"date":"2021-01-01T12:00:23","date_gmt":"2021-01-27T16:35:24","guid":{"rendered":""},"modified":"2024-11-19T11:21:09","modified_gmt":"2024-11-19T09:21:09","slug":"lozen-14-fusion-dropstitch-de","status":"publish","type":"product","link":"https:\/\/lozen-sport.com\/de\/shop\/aufblasbaren-stand-up-paddle-boards\/lozen-14-fusion-dropstitch-de\/","title":{"rendered":"SUP LOZEN 14&#8242;"},"content":{"rendered":"[et_pb_section fb_built=&#8220;1&#8243; _builder_version=&#8220;4.16&#8243; custom_padding=&#8220;0px||||false|false&#8220; global_colors_info=&#8220;{}&#8220;][et_pb_row _builder_version=&#8220;4.16&#8243; background_size=&#8220;initial&#8220; background_position=&#8220;top_left&#8220; background_repeat=&#8220;repeat&#8220; width=&#8220;100%&#8220; custom_padding=&#8220;0px||0px||false|false&#8220; global_colors_info=&#8220;{}&#8220;][et_pb_column type=&#8220;4_4&#8243; _builder_version=&#8220;4.16&#8243; custom_padding=&#8220;|||&#8220; global_colors_info=&#8220;{}&#8220; custom_padding__hover=&#8220;|||&#8220;][et_pb_wc_breadcrumb disabled_on=&#8220;on|on|on&#8220; _builder_version=&#8220;4.16&#8243; disabled=&#8220;on&#8220; global_colors_info=&#8220;{}&#8220;][\/et_pb_wc_breadcrumb][et_pb_wc_cart_notice _builder_version=&#8220;4.16&#8243; global_colors_info=&#8220;{}&#8220;][\/et_pb_wc_cart_notice][\/et_pb_column][\/et_pb_row][et_pb_row column_structure=&#8220;1_2,1_2&#8243; _builder_version=&#8220;4.16&#8243; background_size=&#8220;initial&#8220; background_position=&#8220;top_left&#8220; background_repeat=&#8220;repeat&#8220; width=&#8220;100%&#8220; custom_padding=&#8220;0px||||false|false&#8220; global_colors_info=&#8220;{}&#8220;][et_pb_column type=&#8220;1_2&#8243; _builder_version=&#8220;4.16&#8243; custom_padding=&#8220;|||&#8220; global_colors_info=&#8220;{}&#8220; custom_padding__hover=&#8220;|||&#8220;][et_pb_wc_images _builder_version=&#8220;4.16&#8243; global_colors_info=&#8220;{}&#8220;][\/et_pb_wc_images][\/et_pb_column][et_pb_column type=&#8220;1_2&#8243; module_class=&#8220;card&#8220; _builder_version=&#8220;4.16&#8243; custom_padding=&#8220;|||&#8220; global_colors_info=&#8220;{}&#8220; custom_padding__hover=&#8220;|||&#8220;][et_pb_wc_title _builder_version=&#8220;4.16&#8243; global_colors_info=&#8220;{}&#8220;][\/et_pb_wc_title][et_pb_wc_rating _builder_version=&#8220;4.16&#8243; global_colors_info=&#8220;{}&#8220;][\/et_pb_wc_rating][et_pb_wc_price _builder_version=&#8220;4.16&#8243; global_colors_info=&#8220;{}&#8220;][\/et_pb_wc_price][et_pb_wc_description _builder_version=&#8220;4.16&#8243; global_colors_info=&#8220;{}&#8220;][\/et_pb_wc_description][et_pb_text disabled_on=&#8220;on|on|on&#8220; admin_label=&#8220;ACTUELLEMENT EN RUPTURE DE STOCK&#8220; _builder_version=&#8220;4.16&#8243; disabled=&#8220;on&#8220; locked=&#8220;off&#8220; global_colors_info=&#8220;{}&#8220;]\n<p><i class=\"fas fa-store-slash\" style=\"color: #ff0000;\"><\/i> <span style=\"color: #ff0000;\">Derzeit ausverkauft<\/span><\/p>\n<p>Kontaktieren Sie uns, um die n\u00e4chsten Verf\u00fcgbarkeiten zu erfahren.<\/p>\n[\/et_pb_text][et_pb_text disabled_on=&#8220;on|on|on&#8220; admin_label=&#8220;RUPTURE TEMPORAIRE&#8220; _builder_version=&#8220;4.16&#8243; disabled=&#8220;on&#8220; locked=&#8220;off&#8220; global_colors_info=&#8220;{}&#8220;]\n<p><i class=\"fas fa-store-slash\" style=\"color: #ff0000;\"><\/i> <span style=\"color: #ff0000;\">Produkt als Opfer seines Erfolgs !<\/span><\/p>\n<p>Erh\u00e4ltlich als Vorbestellung :<br \/>\nVoraussichtlicher Versand ab dem 30. Juli.<\/p>\n[\/et_pb_text][et_pb_text disabled_on=&#8220;off|off|off&#8220; admin_label=&#8220;RUPTURE D\u00c9FINITIVE&#8220; _builder_version=&#8220;4.27.0&#8243; locked=&#8220;off&#8220; global_colors_info=&#8220;{}&#8220;]\n<p><i class=\"fas fa-store-slash\" style=\"color: #ff0000;\"><\/i> <span style=\"color: #ff0000;\">Endg\u00fcltiger Bruch!<\/span><\/p>\n<p>Dieses Produkt ist endg\u00fcltig ausverkauft und wird nicht mehr nachgeliefert.<\/p>\n[\/et_pb_text][et_pb_wc_add_to_cart _builder_version=&#8220;4.16&#8243; global_colors_info=&#8220;{}&#8220;][\/et_pb_wc_add_to_cart][et_pb_wc_meta disabled_on=&#8220;on|on|on&#8220; admin_label=&#8220;Woo Meta&#8220; _builder_version=&#8220;4.16&#8243; disabled=&#8220;on&#8220; global_colors_info=&#8220;{}&#8220;][\/et_pb_wc_meta][\/et_pb_column][\/et_pb_row][\/et_pb_section][et_pb_section fb_built=&#8220;1&#8243; _builder_version=&#8220;4.16&#8243; custom_padding=&#8220;0px||||false|false&#8220; global_colors_info=&#8220;{}&#8220;][et_pb_row admin_label=&#8220;KONSTRUKTION&#8220; _builder_version=&#8220;4.16&#8243; _module_preset=&#8220;default&#8220; background_color=&#8220;#dd0000&#8243; width=&#8220;100%&#8220; custom_margin=&#8220;25px|0px||0px|false|false&#8220; global_colors_info=&#8220;{}&#8220;][et_pb_column type=&#8220;4_4&#8243; _builder_version=&#8220;4.16&#8243; _module_preset=&#8220;default&#8220; global_colors_info=&#8220;{}&#8220;][et_pb_text admin_label=&#8220;TITRE CONSTRUCTION&#8220; _builder_version=&#8220;4.16&#8243; _module_preset=&#8220;default&#8220; header_line_height=&#8220;1.5em&#8220; header_3_font=&#8220;AKKURAT BOLD||||||||&#8220; header_3_text_align=&#8220;center&#8220; header_3_text_color=&#8220;#FFFFFF&#8220; header_3_font_size=&#8220;14px&#8220; header_3_letter_spacing=&#8220;10px&#8220; text_orientation=&#8220;center&#8220; custom_padding=&#8220;10px||0px||false|false&#8220; global_colors_info=&#8220;{}&#8220;]\n<h3>CONSTRUCTION RENFORC\u00c9E FUSION DROPSTITCH<\/h3>\n[\/et_pb_text][\/et_pb_column][\/et_pb_row][et_pb_row column_structure=&#8220;1_2,1_2&#8243; use_custom_gutter=&#8220;on&#8220; gutter_width=&#8220;1&#8243; make_equal=&#8220;on&#8220; admin_label=&#8220;KONSTRUKTION&#8220; _builder_version=&#8220;4.16&#8243; _module_preset=&#8220;default&#8220; width=&#8220;100%&#8220; custom_margin=&#8220;0px||||false|false&#8220; custom_padding=&#8220;0px||||false|false&#8220; global_colors_info=&#8220;{}&#8220;][et_pb_column type=&#8220;1_2&#8243; _builder_version=&#8220;4.16&#8243; _module_preset=&#8220;default&#8220; global_colors_info=&#8220;{}&#8220;][et_pb_image src=&#8220;https:\/\/lozen-sport.com\/wp-content\/uploads\/2021\/01\/VISUEL-CONSTRUCTION-FUSION-DROPSTITCH-LOZEN-PADDLE.jpg&#8220; alt=&#8220;Beste Konstruktion Stand Up Paddle Board Fusion Dropstitch Lozen&#8220; title_text=&#8220;VISUEL-CONSTRUCTION-FUSION-DROPSTITCH-LOZEN-PADDLE&#8220; admin_label=&#8220;Visuel construction&#8220; _builder_version=&#8220;4.16&#8243; _module_preset=&#8220;default&#8220; global_colors_info=&#8220;{}&#8220;][\/et_pb_image][\/et_pb_column][et_pb_column type=&#8220;1_2&#8243; _builder_version=&#8220;4.16&#8243; _module_preset=&#8220;default&#8220; global_colors_info=&#8220;{}&#8220;][et_pb_image src=&#8220;https:\/\/lozen-sport.com\/wp-content\/uploads\/2021\/01\/DETAILS-CONSTRUCTION-FUSION-DROPSTITCH-LOZEN-PADDLE.jpg&#8220; alt=&#8220;Aufblasbares Paddelbrett light Dropstitch : 1. Premium-Tropfenstich-Herz 2. Erste Schicht aus PVC 3. Solide Schicht aus farbigem PVC 4. Erste PVC-Sicherheitsschicht auf der Schiene 5. Zweite Lage PVC-Verst\u00e4rkung auf der Schiene 6. Croco-Soft Anti-Rutsch-Pad&#8220; title_text=&#8220;DETAILS-CONSTRUCTION-FUSION-DROPSTITCH-LOZEN-PADDLE&#8220; admin_label=&#8220;Description&#8220; _builder_version=&#8220;4.16&#8243; _module_preset=&#8220;default&#8220; global_colors_info=&#8220;{}&#8220;][\/et_pb_image][\/et_pb_column][\/et_pb_row][\/et_pb_section][et_pb_section fb_built=&#8220;1&#8243; _builder_version=&#8220;4.16&#8243; custom_padding=&#8220;0px||||false|false&#8220; global_colors_info=&#8220;{}&#8220;][et_pb_row _builder_version=&#8220;4.16&#8243; background_size=&#8220;initial&#8220; background_position=&#8220;top_left&#8220; background_repeat=&#8220;repeat&#8220; width=&#8220;100%&#8220; global_colors_info=&#8220;{}&#8220;][et_pb_column type=&#8220;4_4&#8243; _builder_version=&#8220;4.16&#8243; custom_padding=&#8220;|||&#8220; global_colors_info=&#8220;{}&#8220; custom_padding__hover=&#8220;|||&#8220;][et_pb_wc_tabs include_tabs=&#8220;|additional_information|reviews&#8220; disabled_on=&#8220;off|off|off&#8220; module_class=&#8220;card&#8220; _builder_version=&#8220;4.16&#8243; global_colors_info=&#8220;{}&#8220;]\t\t\t\t\t[\/et_pb_wc_tabs][et_pb_wc_upsells _builder_version=&#8220;4.16&#8243; global_colors_info=&#8220;{}&#8220;][\/et_pb_wc_upsells][et_pb_wc_related_products _builder_version=&#8220;4.16&#8243; global_colors_info=&#8220;{}&#8220;][\/et_pb_wc_related_products][\/et_pb_column][\/et_pb_row][\/et_pb_section]\n","protected":false},"excerpt":{"rendered":"<p>EIN ECHTES LEISTUNGSBRETT!!<\/p>\n<p>Das aufblasbare Stand Up Paddle Board Lozen 14&#8242; Fusion ist wie geschaffen f\u00fcr Rennen und Langstrecken. Dank seiner hochwertigen Konstruktion aus Dropstitch Fusion ist dieses Stand Up Paddle Board ein echter Hingucker. Sein dynamischer Shape bietet eine ideale Wasserdurchdringung f\u00fcr lange Distanzen und Geschwindigkeit. Es ist die perfekte Wahl f\u00fcr Abenteurer auf der Suche nach langen Touren oder f\u00fcr Herausforderer, die in den Wettkampf einsteigen wollen.<br \/>\nPACK : Tasche + Pumpe + 3-teiliges Paddel + Finne + Telefon-Leash + Reparaturset<\/p>\n","protected":false},"featured_media":4250,"comment_status":"closed","ping_status":"closed","template":"","meta":{"_et_pb_use_builder":"on","_et_pb_old_content":"","_et_gb_content_width":"","content-type":""},"product_brand":[],"product_cat":[102],"product_tag":[],"class_list":{"0":"post-4241","1":"product","2":"type-product","3":"status-publish","4":"has-post-thumbnail","6":"product_cat-aufblasbaren-stand-up-paddle-boards","7":"product_shipping_class-sup-de-2","9":"first","10":"outofstock","11":"taxable","12":"shipping-taxable","13":"purchasable","14":"product-type-simple"},"yoast_head":"<!-- This site is optimized with the Yoast SEO plugin v25.9 - https:\/\/yoast.com\/wordpress\/plugins\/seo\/ -->\n<title>PADDLE SURF LOZEN 14&#039; - FUSION - LOZEN SUP<\/title>\n<meta name=\"description\" content=\"Das aufblasbare Stand Up Paddle Board Lozen 14&#039; Fusion ist auf Leistung getrimmt. Es ist langlebig und perfekt zum Wandern und Rennen geeignet.\" \/>\n<meta name=\"robots\" content=\"index, follow, max-snippet:-1, max-image-preview:large, max-video-preview:-1\" \/>\n<link rel=\"canonical\" href=\"https:\/\/lozen-sport.com\/shop\/tous-les-produits\/paddle-gonflable\/lozen-14-fusion-dropstitch\/\" \/>\n<meta property=\"og:locale\" content=\"de_DE\" \/>\n<meta property=\"og:type\" content=\"article\" \/>\n<meta property=\"og:title\" content=\"PADDLE SURF LOZEN 14&#039; - FUSION - LOZEN SUP\" \/>\n<meta property=\"og:description\" content=\"Das aufblasbare Stand Up Paddle Board Lozen 14&#039; Fusion ist auf Leistung getrimmt. Es ist langlebig und perfekt zum Wandern und Rennen geeignet.\" \/>\n<meta property=\"og:url\" content=\"https:\/\/lozen-sport.com\/shop\/tous-les-produits\/paddle-gonflable\/lozen-14-fusion-dropstitch\/\" \/>\n<meta property=\"og:site_name\" content=\"LOZEN\" \/>\n<meta property=\"article:modified_time\" content=\"2024-11-19T09:21:09+00:00\" \/>\n<meta property=\"og:image\" content=\"https:\/\/lozen-sport.com\/wp-content\/uploads\/2021\/01\/OZLB7555-PACK_COMPLET-STAND_UP_PADDLE_BOARD-LOZEN-14x28x6-FUSION-WEB-1.jpg\" \/>\n\t<meta property=\"og:image:width\" content=\"1000\" \/>\n\t<meta property=\"og:image:height\" content=\"1000\" \/>\n\t<meta property=\"og:image:type\" content=\"image\/jpeg\" \/>\n<meta name=\"twitter:card\" content=\"summary_large_image\" \/>\n<meta name=\"twitter:label1\" content=\"Gesch\u00e4tzte Lesezeit\" \/>\n\t<meta name=\"twitter:data1\" content=\"4\u00a0Minuten\" \/>\n<script type=\"application\/ld+json\" class=\"yoast-schema-graph\">{\"@context\":\"https:\/\/schema.org\",\"@graph\":[{\"@type\":\"WebPage\",\"@id\":\"https:\/\/lozen-sport.com\/shop\/tous-les-produits\/paddle-gonflable\/lozen-14-fusion-dropstitch\/\",\"url\":\"https:\/\/lozen-sport.com\/shop\/tous-les-produits\/paddle-gonflable\/lozen-14-fusion-dropstitch\/\",\"name\":\"PADDLE SURF LOZEN 14' - FUSION - LOZEN SUP\",\"isPartOf\":{\"@id\":\"https:\/\/lozen-sport.com\/#website\"},\"primaryImageOfPage\":{\"@id\":\"https:\/\/lozen-sport.com\/shop\/tous-les-produits\/paddle-gonflable\/lozen-14-fusion-dropstitch\/#primaryimage\"},\"image\":{\"@id\":\"https:\/\/lozen-sport.com\/shop\/tous-les-produits\/paddle-gonflable\/lozen-14-fusion-dropstitch\/#primaryimage\"},\"thumbnailUrl\":\"https:\/\/lozen-sport.com\/wp-content\/uploads\/2021\/01\/OZLB7555-PACK_COMPLET-STAND_UP_PADDLE_BOARD-LOZEN-14x28x6-FUSION-WEB-1.jpg\",\"datePublished\":\"2021-01-27T16:35:24+00:00\",\"dateModified\":\"2024-11-19T09:21:09+00:00\",\"description\":\"Das aufblasbare Stand Up Paddle Board Lozen 14' Fusion ist auf Leistung getrimmt. Es ist langlebig und perfekt zum Wandern und Rennen geeignet.\",\"breadcrumb\":{\"@id\":\"https:\/\/lozen-sport.com\/shop\/tous-les-produits\/paddle-gonflable\/lozen-14-fusion-dropstitch\/#breadcrumb\"},\"inLanguage\":\"de\",\"potentialAction\":[{\"@type\":\"ReadAction\",\"target\":[\"https:\/\/lozen-sport.com\/shop\/tous-les-produits\/paddle-gonflable\/lozen-14-fusion-dropstitch\/\"]}]},{\"@type\":\"ImageObject\",\"inLanguage\":\"de\",\"@id\":\"https:\/\/lozen-sport.com\/shop\/tous-les-produits\/paddle-gonflable\/lozen-14-fusion-dropstitch\/#primaryimage\",\"url\":\"https:\/\/lozen-sport.com\/wp-content\/uploads\/2021\/01\/OZLB7555-PACK_COMPLET-STAND_UP_PADDLE_BOARD-LOZEN-14x28x6-FUSION-WEB-1.jpg\",\"contentUrl\":\"https:\/\/lozen-sport.com\/wp-content\/uploads\/2021\/01\/OZLB7555-PACK_COMPLET-STAND_UP_PADDLE_BOARD-LOZEN-14x28x6-FUSION-WEB-1.jpg\",\"width\":1000,\"height\":1000,\"caption\":\"Stand Up Paddle Board gonflable Lozen 14' Fusion Dropstitch version 2021 marque fran\u00e7aise\"},{\"@type\":\"BreadcrumbList\",\"@id\":\"https:\/\/lozen-sport.com\/shop\/tous-les-produits\/paddle-gonflable\/lozen-14-fusion-dropstitch\/#breadcrumb\",\"itemListElement\":[{\"@type\":\"ListItem\",\"position\":1,\"name\":\"Accueil\",\"item\":\"https:\/\/lozen-sport.com\/de\/\"},{\"@type\":\"ListItem\",\"position\":2,\"name\":\"Produits\",\"item\":\"https:\/\/lozen-sport.com\/shop\/\"},{\"@type\":\"ListItem\",\"position\":3,\"name\":\"SUP LOZEN 14&#8242;\"}]},{\"@type\":\"WebSite\",\"@id\":\"https:\/\/lozen-sport.com\/#website\",\"url\":\"https:\/\/lozen-sport.com\/\",\"name\":\"LOZEN\",\"description\":\"LE SUP POUR TOUS\",\"potentialAction\":[{\"@type\":\"SearchAction\",\"target\":{\"@type\":\"EntryPoint\",\"urlTemplate\":\"https:\/\/lozen-sport.com\/?s={search_term_string}\"},\"query-input\":{\"@type\":\"PropertyValueSpecification\",\"valueRequired\":true,\"valueName\":\"search_term_string\"}}],\"inLanguage\":\"de\"}]}<\/script>\n<!-- \/ Yoast SEO plugin. -->","yoast_head_json":{"title":"PADDLE SURF LOZEN 14' - FUSION - LOZEN SUP","description":"Das aufblasbare Stand Up Paddle Board Lozen 14' Fusion ist auf Leistung getrimmt. Es ist langlebig und perfekt zum Wandern und Rennen geeignet.","robots":{"index":"index","follow":"follow","max-snippet":"max-snippet:-1","max-image-preview":"max-image-preview:large","max-video-preview":"max-video-preview:-1"},"canonical":"https:\/\/lozen-sport.com\/shop\/tous-les-produits\/paddle-gonflable\/lozen-14-fusion-dropstitch\/","og_locale":"de_DE","og_type":"article","og_title":"PADDLE SURF LOZEN 14' - FUSION - LOZEN SUP","og_description":"Das aufblasbare Stand Up Paddle Board Lozen 14' Fusion ist auf Leistung getrimmt. Es ist langlebig und perfekt zum Wandern und Rennen geeignet.","og_url":"https:\/\/lozen-sport.com\/shop\/tous-les-produits\/paddle-gonflable\/lozen-14-fusion-dropstitch\/","og_site_name":"LOZEN","article_modified_time":"2024-11-19T09:21:09+00:00","og_image":[{"width":1000,"height":1000,"url":"https:\/\/lozen-sport.com\/wp-content\/uploads\/2021\/01\/OZLB7555-PACK_COMPLET-STAND_UP_PADDLE_BOARD-LOZEN-14x28x6-FUSION-WEB-1.jpg","type":"image\/jpeg"}],"twitter_card":"summary_large_image","twitter_misc":{"Gesch\u00e4tzte Lesezeit":"4\u00a0Minuten"},"schema":{"@context":"https:\/\/schema.org","@graph":[{"@type":"WebPage","@id":"https:\/\/lozen-sport.com\/shop\/tous-les-produits\/paddle-gonflable\/lozen-14-fusion-dropstitch\/","url":"https:\/\/lozen-sport.com\/shop\/tous-les-produits\/paddle-gonflable\/lozen-14-fusion-dropstitch\/","name":"PADDLE SURF LOZEN 14' - FUSION - LOZEN SUP","isPartOf":{"@id":"https:\/\/lozen-sport.com\/#website"},"primaryImageOfPage":{"@id":"https:\/\/lozen-sport.com\/shop\/tous-les-produits\/paddle-gonflable\/lozen-14-fusion-dropstitch\/#primaryimage"},"image":{"@id":"https:\/\/lozen-sport.com\/shop\/tous-les-produits\/paddle-gonflable\/lozen-14-fusion-dropstitch\/#primaryimage"},"thumbnailUrl":"https:\/\/lozen-sport.com\/wp-content\/uploads\/2021\/01\/OZLB7555-PACK_COMPLET-STAND_UP_PADDLE_BOARD-LOZEN-14x28x6-FUSION-WEB-1.jpg","datePublished":"2021-01-27T16:35:24+00:00","dateModified":"2024-11-19T09:21:09+00:00","description":"Das aufblasbare Stand Up Paddle Board Lozen 14' Fusion ist auf Leistung getrimmt. Es ist langlebig und perfekt zum Wandern und Rennen geeignet.","breadcrumb":{"@id":"https:\/\/lozen-sport.com\/shop\/tous-les-produits\/paddle-gonflable\/lozen-14-fusion-dropstitch\/#breadcrumb"},"inLanguage":"de","potentialAction":[{"@type":"ReadAction","target":["https:\/\/lozen-sport.com\/shop\/tous-les-produits\/paddle-gonflable\/lozen-14-fusion-dropstitch\/"]}]},{"@type":"ImageObject","inLanguage":"de","@id":"https:\/\/lozen-sport.com\/shop\/tous-les-produits\/paddle-gonflable\/lozen-14-fusion-dropstitch\/#primaryimage","url":"https:\/\/lozen-sport.com\/wp-content\/uploads\/2021\/01\/OZLB7555-PACK_COMPLET-STAND_UP_PADDLE_BOARD-LOZEN-14x28x6-FUSION-WEB-1.jpg","contentUrl":"https:\/\/lozen-sport.com\/wp-content\/uploads\/2021\/01\/OZLB7555-PACK_COMPLET-STAND_UP_PADDLE_BOARD-LOZEN-14x28x6-FUSION-WEB-1.jpg","width":1000,"height":1000,"caption":"Stand Up Paddle Board gonflable Lozen 14' Fusion Dropstitch version 2021 marque fran\u00e7aise"},{"@type":"BreadcrumbList","@id":"https:\/\/lozen-sport.com\/shop\/tous-les-produits\/paddle-gonflable\/lozen-14-fusion-dropstitch\/#breadcrumb","itemListElement":[{"@type":"ListItem","position":1,"name":"Accueil","item":"https:\/\/lozen-sport.com\/de\/"},{"@type":"ListItem","position":2,"name":"Produits","item":"https:\/\/lozen-sport.com\/shop\/"},{"@type":"ListItem","position":3,"name":"SUP LOZEN 14&#8242;"}]},{"@type":"WebSite","@id":"https:\/\/lozen-sport.com\/#website","url":"https:\/\/lozen-sport.com\/","name":"LOZEN","description":"LE SUP POUR TOUS","potentialAction":[{"@type":"SearchAction","target":{"@type":"EntryPoint","urlTemplate":"https:\/\/lozen-sport.com\/?s={search_term_string}"},"query-input":{"@type":"PropertyValueSpecification","valueRequired":true,"valueName":"search_term_string"}}],"inLanguage":"de"}]}},"_links":{"self":[{"href":"https:\/\/lozen-sport.com\/de\/wp-json\/wp\/v2\/product\/4241","targetHints":{"allow":["GET"]}}],"collection":[{"href":"https:\/\/lozen-sport.com\/de\/wp-json\/wp\/v2\/product"}],"about":[{"href":"https:\/\/lozen-sport.com\/de\/wp-json\/wp\/v2\/types\/product"}],"replies":[{"embeddable":true,"href":"https:\/\/lozen-sport.com\/de\/wp-json\/wp\/v2\/comments?post=4241"}],"wp:featuredmedia":[{"embeddable":true,"href":"https:\/\/lozen-sport.com\/de\/wp-json\/wp\/v2\/media\/4250"}],"wp:attachment":[{"href":"https:\/\/lozen-sport.com\/de\/wp-json\/wp\/v2\/media?parent=4241"}],"wp:term":[{"taxonomy":"product_brand","embeddable":true,"href":"https:\/\/lozen-sport.com\/de\/wp-json\/wp\/v2\/product_brand?post=4241"},{"taxonomy":"product_cat","embeddable":true,"href":"https:\/\/lozen-sport.com\/de\/wp-json\/wp\/v2\/product_cat?post=4241"},{"taxonomy":"product_tag","embeddable":true,"href":"https:\/\/lozen-sport.com\/de\/wp-json\/wp\/v2\/product_tag?post=4241"}],"curies":[{"name":"wp","href":"https:\/\/api.w.org\/{rel}","templated":true}]}}