{"id":4857,"date":"2022-10-05T17:42:37","date_gmt":"2022-10-05T15:42:38","guid":{"rendered":"https:\/\/lozen-sport.com\/?post_type=product&#038;p=4857"},"modified":"2024-01-24T12:41:24","modified_gmt":"2024-01-24T10:41:24","slug":"aufblasbares-sup-querruder-copie","status":"publish","type":"product","link":"https:\/\/lozen-sport.com\/de\/shop\/sup-zubehoer\/aufblasbares-sup-querruder-copie\/","title":{"rendered":"AUFBLASBARES SUP QUERRUDER (Copie)"},"content":{"rendered":"[et_pb_section fb_built=&#8220;1&#8243; _builder_version=&#8220;4.16&#8243; custom_padding=&#8220;0px||||false|false&#8220; global_colors_info=&#8220;{}&#8220;][et_pb_row _builder_version=&#8220;4.16&#8243; background_size=&#8220;initial&#8220; background_position=&#8220;top_left&#8220; background_repeat=&#8220;repeat&#8220; width=&#8220;100%&#8220; custom_padding=&#8220;0px||0px||false|false&#8220; global_colors_info=&#8220;{}&#8220;][et_pb_column type=&#8220;4_4&#8243; _builder_version=&#8220;4.16&#8243; custom_padding=&#8220;|||&#8220; global_colors_info=&#8220;{}&#8220; custom_padding__hover=&#8220;|||&#8220;][et_pb_wc_breadcrumb disabled_on=&#8220;on|on|on&#8220; _builder_version=&#8220;4.16&#8243; disabled=&#8220;on&#8220; global_colors_info=&#8220;{}&#8220;][\/et_pb_wc_breadcrumb][et_pb_wc_cart_notice _builder_version=&#8220;4.16&#8243; global_colors_info=&#8220;{}&#8220;][\/et_pb_wc_cart_notice][\/et_pb_column][\/et_pb_row][et_pb_row column_structure=&#8220;1_2,1_2&#8243; _builder_version=&#8220;4.16&#8243; background_size=&#8220;initial&#8220; background_position=&#8220;top_left&#8220; background_repeat=&#8220;repeat&#8220; width=&#8220;100%&#8220; custom_padding=&#8220;0px||||false|false&#8220; global_colors_info=&#8220;{}&#8220;][et_pb_column type=&#8220;1_2&#8243; _builder_version=&#8220;4.16&#8243; custom_padding=&#8220;|||&#8220; global_colors_info=&#8220;{}&#8220; custom_padding__hover=&#8220;|||&#8220;][et_pb_wc_images _builder_version=&#8220;4.16&#8243; global_colors_info=&#8220;{}&#8220;][\/et_pb_wc_images][\/et_pb_column][et_pb_column type=&#8220;1_2&#8243; module_class=&#8220;card&#8220; _builder_version=&#8220;4.16&#8243; custom_padding=&#8220;|||&#8220; global_colors_info=&#8220;{}&#8220; custom_padding__hover=&#8220;|||&#8220;][et_pb_wc_title _builder_version=&#8220;4.16&#8243; global_colors_info=&#8220;{}&#8220;][\/et_pb_wc_title][et_pb_wc_rating _builder_version=&#8220;4.16&#8243; global_colors_info=&#8220;{}&#8220;][\/et_pb_wc_rating][et_pb_wc_price _builder_version=&#8220;4.16&#8243; global_colors_info=&#8220;{}&#8220;][\/et_pb_wc_price][et_pb_wc_description _builder_version=&#8220;4.16&#8243; global_colors_info=&#8220;{}&#8220;][\/et_pb_wc_description][et_pb_wc_add_to_cart _builder_version=&#8220;4.16&#8243; global_colors_info=&#8220;{}&#8220;][\/et_pb_wc_add_to_cart][et_pb_wc_meta disabled_on=&#8220;on|on|on&#8220; admin_label=&#8220;Woo Meta&#8220; _builder_version=&#8220;4.16&#8243; disabled=&#8220;on&#8220; global_colors_info=&#8220;{}&#8220;][\/et_pb_wc_meta][\/et_pb_column][\/et_pb_row][et_pb_row _builder_version=&#8220;4.16&#8243; background_size=&#8220;initial&#8220; background_position=&#8220;top_left&#8220; background_repeat=&#8220;repeat&#8220; width=&#8220;100%&#8220; global_colors_info=&#8220;{}&#8220;][et_pb_column type=&#8220;4_4&#8243; _builder_version=&#8220;4.16&#8243; custom_padding=&#8220;|||&#8220; global_colors_info=&#8220;{}&#8220; custom_padding__hover=&#8220;|||&#8220;][et_pb_wc_tabs include_tabs=&#8220;|additional_information|&#8220; disabled_on=&#8220;off|off|off&#8220; module_class=&#8220;card&#8220; _builder_version=&#8220;4.23.1&#8243; hover_enabled=&#8220;0&#8243; global_colors_info=&#8220;{}&#8220; sticky_enabled=&#8220;0&#8243;]\t\t\t\t\t[\/et_pb_wc_tabs][et_pb_wc_upsells _builder_version=&#8220;4.16&#8243; global_colors_info=&#8220;{}&#8220;][\/et_pb_wc_upsells][et_pb_wc_related_products _builder_version=&#8220;4.16&#8243; global_colors_info=&#8220;{}&#8220;][\/et_pb_wc_related_products][\/et_pb_column][\/et_pb_row][\/et_pb_section]\n","protected":false},"excerpt":{"rendered":"<p>US Box Drift, entwickelt f\u00fcr das Wind SUP Lozen. Sie passt auf alle US-Boxen und kann als Hauptfinne auf einem Touring- oder Raceboard (andere Marken) verwendet werden. Sie ist mit einer Halterung ausgestattet, f\u00fcr deren Montage kein Werkzeug erforderlich ist.<\/p>\n","protected":false},"featured_media":4860,"comment_status":"open","ping_status":"closed","template":"","meta":{"_et_pb_use_builder":"on","_et_pb_old_content":"","_et_gb_content_width":"","content-type":""},"product_brand":[],"product_cat":[110],"product_tag":[],"class_list":{"0":"post-4857","1":"product","2":"type-product","3":"status-publish","4":"has-post-thumbnail","6":"product_cat-sup-zubehoer","8":"first","9":"instock","10":"taxable","11":"shipping-taxable","12":"purchasable","13":"product-type-simple"},"yoast_head":"<!-- This site is optimized with the Yoast SEO plugin v25.9 - https:\/\/yoast.com\/wordpress\/plugins\/seo\/ -->\n<title>Schwert US Box f\u00fcr WINDSUP - Zubeh\u00f6r SUP Lozen<\/title>\n<meta name=\"description\" content=\"US Box Drift f\u00fcr den Wind SUP Lozen. Passend f\u00fcr alle US Boxen. Dieses abnehmbare Schwert ist mit einer werkzeuglosen Befestigung ausgestattet.\" \/>\n<meta name=\"robots\" content=\"index, follow, max-snippet:-1, max-image-preview:large, max-video-preview:-1\" \/>\n<link rel=\"canonical\" href=\"https:\/\/lozen-sport.com\/shop\/tous-les-produits\/accessoires-sup\/derive-windsup-gonflable-us-box\/\" \/>\n<meta property=\"og:locale\" content=\"de_DE\" \/>\n<meta property=\"og:type\" content=\"article\" \/>\n<meta property=\"og:title\" content=\"Schwert US Box f\u00fcr WINDSUP - Zubeh\u00f6r SUP Lozen\" \/>\n<meta property=\"og:description\" content=\"US Box Drift f\u00fcr den Wind SUP Lozen. Passend f\u00fcr alle US Boxen. Dieses abnehmbare Schwert ist mit einer werkzeuglosen Befestigung ausgestattet.\" \/>\n<meta property=\"og:url\" content=\"https:\/\/lozen-sport.com\/shop\/tous-les-produits\/accessoires-sup\/derive-windsup-gonflable-us-box\/\" \/>\n<meta property=\"og:site_name\" content=\"LOZEN\" \/>\n<meta property=\"article:modified_time\" content=\"2024-01-24T10:41:24+00:00\" \/>\n<meta property=\"og:image\" content=\"https:\/\/lozen-sport.com\/wp-content\/uploads\/2022\/10\/LB7583-AILERON-DEMONTABLE-US_BOX-RACE-WEB.jpeg\" \/>\n\t<meta property=\"og:image:width\" content=\"1080\" \/>\n\t<meta property=\"og:image:height\" content=\"1080\" \/>\n\t<meta property=\"og:image:type\" content=\"image\/jpeg\" \/>\n<meta name=\"twitter:card\" content=\"summary_large_image\" \/>\n<meta name=\"twitter:label1\" content=\"Gesch\u00e4tzte Lesezeit\" \/>\n\t<meta name=\"twitter:data1\" content=\"2\u00a0Minuten\" \/>\n<script type=\"application\/ld+json\" class=\"yoast-schema-graph\">{\"@context\":\"https:\/\/schema.org\",\"@graph\":[{\"@type\":\"WebPage\",\"@id\":\"https:\/\/lozen-sport.com\/shop\/tous-les-produits\/accessoires-sup\/derive-windsup-gonflable-us-box\/\",\"url\":\"https:\/\/lozen-sport.com\/shop\/tous-les-produits\/accessoires-sup\/derive-windsup-gonflable-us-box\/\",\"name\":\"Schwert US Box f\u00fcr WINDSUP - Zubeh\u00f6r SUP Lozen\",\"isPartOf\":{\"@id\":\"https:\/\/lozen-sport.com\/#website\"},\"primaryImageOfPage\":{\"@id\":\"https:\/\/lozen-sport.com\/shop\/tous-les-produits\/accessoires-sup\/derive-windsup-gonflable-us-box\/#primaryimage\"},\"image\":{\"@id\":\"https:\/\/lozen-sport.com\/shop\/tous-les-produits\/accessoires-sup\/derive-windsup-gonflable-us-box\/#primaryimage\"},\"thumbnailUrl\":\"https:\/\/lozen-sport.com\/wp-content\/uploads\/2022\/10\/LB7583-AILERON-DEMONTABLE-US_BOX-RACE-WEB.jpeg\",\"datePublished\":\"2022-10-05T15:42:38+00:00\",\"dateModified\":\"2024-01-24T10:41:24+00:00\",\"description\":\"US Box Drift f\u00fcr den Wind SUP Lozen. Passend f\u00fcr alle US Boxen. Dieses abnehmbare Schwert ist mit einer werkzeuglosen Befestigung ausgestattet.\",\"breadcrumb\":{\"@id\":\"https:\/\/lozen-sport.com\/shop\/tous-les-produits\/accessoires-sup\/derive-windsup-gonflable-us-box\/#breadcrumb\"},\"inLanguage\":\"de\",\"potentialAction\":[{\"@type\":\"ReadAction\",\"target\":[\"https:\/\/lozen-sport.com\/shop\/tous-les-produits\/accessoires-sup\/derive-windsup-gonflable-us-box\/\"]}]},{\"@type\":\"ImageObject\",\"inLanguage\":\"de\",\"@id\":\"https:\/\/lozen-sport.com\/shop\/tous-les-produits\/accessoires-sup\/derive-windsup-gonflable-us-box\/#primaryimage\",\"url\":\"https:\/\/lozen-sport.com\/wp-content\/uploads\/2022\/10\/LB7583-AILERON-DEMONTABLE-US_BOX-RACE-WEB.jpeg\",\"contentUrl\":\"https:\/\/lozen-sport.com\/wp-content\/uploads\/2022\/10\/LB7583-AILERON-DEMONTABLE-US_BOX-RACE-WEB.jpeg\",\"width\":1080,\"height\":1080,\"caption\":\"Aileron \/ D\u00e9rive pour boitier US Box id\u00e9ale pour le WindSUP Lozen\"},{\"@type\":\"BreadcrumbList\",\"@id\":\"https:\/\/lozen-sport.com\/shop\/tous-les-produits\/accessoires-sup\/derive-windsup-gonflable-us-box\/#breadcrumb\",\"itemListElement\":[{\"@type\":\"ListItem\",\"position\":1,\"name\":\"Accueil\",\"item\":\"https:\/\/lozen-sport.com\/de\/\"},{\"@type\":\"ListItem\",\"position\":2,\"name\":\"Produits\",\"item\":\"https:\/\/lozen-sport.com\/shop\/\"},{\"@type\":\"ListItem\",\"position\":3,\"name\":\"AUFBLASBARES SUP QUERRUDER (Copie)\"}]},{\"@type\":\"WebSite\",\"@id\":\"https:\/\/lozen-sport.com\/#website\",\"url\":\"https:\/\/lozen-sport.com\/\",\"name\":\"LOZEN\",\"description\":\"LE SUP POUR TOUS\",\"potentialAction\":[{\"@type\":\"SearchAction\",\"target\":{\"@type\":\"EntryPoint\",\"urlTemplate\":\"https:\/\/lozen-sport.com\/?s={search_term_string}\"},\"query-input\":{\"@type\":\"PropertyValueSpecification\",\"valueRequired\":true,\"valueName\":\"search_term_string\"}}],\"inLanguage\":\"de\"}]}<\/script>\n<!-- \/ Yoast SEO plugin. -->","yoast_head_json":{"title":"Schwert US Box f\u00fcr WINDSUP - Zubeh\u00f6r SUP Lozen","description":"US Box Drift f\u00fcr den Wind SUP Lozen. Passend f\u00fcr alle US Boxen. Dieses abnehmbare Schwert ist mit einer werkzeuglosen Befestigung ausgestattet.","robots":{"index":"index","follow":"follow","max-snippet":"max-snippet:-1","max-image-preview":"max-image-preview:large","max-video-preview":"max-video-preview:-1"},"canonical":"https:\/\/lozen-sport.com\/shop\/tous-les-produits\/accessoires-sup\/derive-windsup-gonflable-us-box\/","og_locale":"de_DE","og_type":"article","og_title":"Schwert US Box f\u00fcr WINDSUP - Zubeh\u00f6r SUP Lozen","og_description":"US Box Drift f\u00fcr den Wind SUP Lozen. Passend f\u00fcr alle US Boxen. Dieses abnehmbare Schwert ist mit einer werkzeuglosen Befestigung ausgestattet.","og_url":"https:\/\/lozen-sport.com\/shop\/tous-les-produits\/accessoires-sup\/derive-windsup-gonflable-us-box\/","og_site_name":"LOZEN","article_modified_time":"2024-01-24T10:41:24+00:00","og_image":[{"width":1080,"height":1080,"url":"https:\/\/lozen-sport.com\/wp-content\/uploads\/2022\/10\/LB7583-AILERON-DEMONTABLE-US_BOX-RACE-WEB.jpeg","type":"image\/jpeg"}],"twitter_card":"summary_large_image","twitter_misc":{"Gesch\u00e4tzte Lesezeit":"2\u00a0Minuten"},"schema":{"@context":"https:\/\/schema.org","@graph":[{"@type":"WebPage","@id":"https:\/\/lozen-sport.com\/shop\/tous-les-produits\/accessoires-sup\/derive-windsup-gonflable-us-box\/","url":"https:\/\/lozen-sport.com\/shop\/tous-les-produits\/accessoires-sup\/derive-windsup-gonflable-us-box\/","name":"Schwert US Box f\u00fcr WINDSUP - Zubeh\u00f6r SUP Lozen","isPartOf":{"@id":"https:\/\/lozen-sport.com\/#website"},"primaryImageOfPage":{"@id":"https:\/\/lozen-sport.com\/shop\/tous-les-produits\/accessoires-sup\/derive-windsup-gonflable-us-box\/#primaryimage"},"image":{"@id":"https:\/\/lozen-sport.com\/shop\/tous-les-produits\/accessoires-sup\/derive-windsup-gonflable-us-box\/#primaryimage"},"thumbnailUrl":"https:\/\/lozen-sport.com\/wp-content\/uploads\/2022\/10\/LB7583-AILERON-DEMONTABLE-US_BOX-RACE-WEB.jpeg","datePublished":"2022-10-05T15:42:38+00:00","dateModified":"2024-01-24T10:41:24+00:00","description":"US Box Drift f\u00fcr den Wind SUP Lozen. Passend f\u00fcr alle US Boxen. Dieses abnehmbare Schwert ist mit einer werkzeuglosen Befestigung ausgestattet.","breadcrumb":{"@id":"https:\/\/lozen-sport.com\/shop\/tous-les-produits\/accessoires-sup\/derive-windsup-gonflable-us-box\/#breadcrumb"},"inLanguage":"de","potentialAction":[{"@type":"ReadAction","target":["https:\/\/lozen-sport.com\/shop\/tous-les-produits\/accessoires-sup\/derive-windsup-gonflable-us-box\/"]}]},{"@type":"ImageObject","inLanguage":"de","@id":"https:\/\/lozen-sport.com\/shop\/tous-les-produits\/accessoires-sup\/derive-windsup-gonflable-us-box\/#primaryimage","url":"https:\/\/lozen-sport.com\/wp-content\/uploads\/2022\/10\/LB7583-AILERON-DEMONTABLE-US_BOX-RACE-WEB.jpeg","contentUrl":"https:\/\/lozen-sport.com\/wp-content\/uploads\/2022\/10\/LB7583-AILERON-DEMONTABLE-US_BOX-RACE-WEB.jpeg","width":1080,"height":1080,"caption":"Aileron \/ D\u00e9rive pour boitier US Box id\u00e9ale pour le WindSUP Lozen"},{"@type":"BreadcrumbList","@id":"https:\/\/lozen-sport.com\/shop\/tous-les-produits\/accessoires-sup\/derive-windsup-gonflable-us-box\/#breadcrumb","itemListElement":[{"@type":"ListItem","position":1,"name":"Accueil","item":"https:\/\/lozen-sport.com\/de\/"},{"@type":"ListItem","position":2,"name":"Produits","item":"https:\/\/lozen-sport.com\/shop\/"},{"@type":"ListItem","position":3,"name":"AUFBLASBARES SUP QUERRUDER (Copie)"}]},{"@type":"WebSite","@id":"https:\/\/lozen-sport.com\/#website","url":"https:\/\/lozen-sport.com\/","name":"LOZEN","description":"LE SUP POUR TOUS","potentialAction":[{"@type":"SearchAction","target":{"@type":"EntryPoint","urlTemplate":"https:\/\/lozen-sport.com\/?s={search_term_string}"},"query-input":{"@type":"PropertyValueSpecification","valueRequired":true,"valueName":"search_term_string"}}],"inLanguage":"de"}]}},"_links":{"self":[{"href":"https:\/\/lozen-sport.com\/de\/wp-json\/wp\/v2\/product\/4857","targetHints":{"allow":["GET"]}}],"collection":[{"href":"https:\/\/lozen-sport.com\/de\/wp-json\/wp\/v2\/product"}],"about":[{"href":"https:\/\/lozen-sport.com\/de\/wp-json\/wp\/v2\/types\/product"}],"replies":[{"embeddable":true,"href":"https:\/\/lozen-sport.com\/de\/wp-json\/wp\/v2\/comments?post=4857"}],"wp:featuredmedia":[{"embeddable":true,"href":"https:\/\/lozen-sport.com\/de\/wp-json\/wp\/v2\/media\/4860"}],"wp:attachment":[{"href":"https:\/\/lozen-sport.com\/de\/wp-json\/wp\/v2\/media?parent=4857"}],"wp:term":[{"taxonomy":"product_brand","embeddable":true,"href":"https:\/\/lozen-sport.com\/de\/wp-json\/wp\/v2\/product_brand?post=4857"},{"taxonomy":"product_cat","embeddable":true,"href":"https:\/\/lozen-sport.com\/de\/wp-json\/wp\/v2\/product_cat?post=4857"},{"taxonomy":"product_tag","embeddable":true,"href":"https:\/\/lozen-sport.com\/de\/wp-json\/wp\/v2\/product_tag?post=4857"}],"curies":[{"name":"wp","href":"https:\/\/api.w.org\/{rel}","templated":true}]}}