{"id":4941,"date":"2023-05-15T10:03:30","date_gmt":"2023-05-15T08:03:30","guid":{"rendered":"https:\/\/lozen-sport.com\/shop\/unkategorisiert\/paddel-sup-kind-2-teilig\/"},"modified":"2024-01-25T17:25:19","modified_gmt":"2024-01-25T15:25:19","slug":"paddel-sup-kind-2-teilig","status":"publish","type":"product","link":"https:\/\/lozen-sport.com\/de\/shop\/sup-zubehoer\/paddel-sup-kind-2-teilig\/","title":{"rendered":"PADDEL SUP KIND 2 TEILIG"},"content":{"rendered":"[et_pb_section fb_built=&#8220;1&#8243; _builder_version=&#8220;4.16&#8243; custom_padding=&#8220;0px||||false|false&#8220; global_colors_info=&#8220;{}&#8220;][et_pb_row _builder_version=&#8220;4.16&#8243; background_size=&#8220;initial&#8220; background_position=&#8220;top_left&#8220; background_repeat=&#8220;repeat&#8220; width=&#8220;100%&#8220; custom_padding=&#8220;0px||0px||false|false&#8220; global_colors_info=&#8220;{}&#8220;][et_pb_column type=&#8220;4_4&#8243; _builder_version=&#8220;4.16&#8243; custom_padding=&#8220;|||&#8220; global_colors_info=&#8220;{}&#8220; custom_padding__hover=&#8220;|||&#8220;][et_pb_wc_breadcrumb disabled_on=&#8220;on|on|on&#8220; _builder_version=&#8220;4.16&#8243; disabled=&#8220;on&#8220; global_colors_info=&#8220;{}&#8220;][\/et_pb_wc_breadcrumb][et_pb_wc_cart_notice _builder_version=&#8220;4.16&#8243; global_colors_info=&#8220;{}&#8220;][\/et_pb_wc_cart_notice][\/et_pb_column][\/et_pb_row][et_pb_row column_structure=&#8220;1_2,1_2&#8243; _builder_version=&#8220;4.16&#8243; background_size=&#8220;initial&#8220; background_position=&#8220;top_left&#8220; background_repeat=&#8220;repeat&#8220; width=&#8220;100%&#8220; custom_padding=&#8220;0px||||false|false&#8220; global_colors_info=&#8220;{}&#8220;][et_pb_column type=&#8220;1_2&#8243; _builder_version=&#8220;4.16&#8243; custom_padding=&#8220;|||&#8220; global_colors_info=&#8220;{}&#8220; custom_padding__hover=&#8220;|||&#8220;][et_pb_wc_images _builder_version=&#8220;4.16&#8243; global_colors_info=&#8220;{}&#8220;][\/et_pb_wc_images][\/et_pb_column][et_pb_column type=&#8220;1_2&#8243; module_class=&#8220;card&#8220; _builder_version=&#8220;4.16&#8243; custom_padding=&#8220;|||&#8220; global_colors_info=&#8220;{}&#8220; custom_padding__hover=&#8220;|||&#8220;][et_pb_wc_title _builder_version=&#8220;4.16&#8243; global_colors_info=&#8220;{}&#8220;][\/et_pb_wc_title][et_pb_wc_rating _builder_version=&#8220;4.16&#8243; global_colors_info=&#8220;{}&#8220;][\/et_pb_wc_rating][et_pb_wc_price _builder_version=&#8220;4.16&#8243; global_colors_info=&#8220;{}&#8220;][\/et_pb_wc_price][et_pb_wc_description _builder_version=&#8220;4.16&#8243; global_colors_info=&#8220;{}&#8220;][\/et_pb_wc_description][et_pb_text disabled_on=&#8220;on|on|on&#8220; admin_label=&#8220;PRECOMMANDE&#8220; _builder_version=&#8220;4.16&#8243; disabled=&#8220;on&#8220; locked=&#8220;off&#8220; global_colors_info=&#8220;{}&#8220;]\n<p>Dieses Modell wird gerade wieder aufgef\u00fcllt :<br \/><i class=\"fas fa-truck\" style=\"color: #ff0000;\"><\/i> <span style=\"color: #ff0000;\">Lieferung ab dem 9. August<\/span><\/p>\n[\/et_pb_text][et_pb_text disabled_on=&#8220;on|on|on&#8220; admin_label=&#8220;RUPTURE DE STOCK&#8220; _builder_version=&#8220;4.16&#8243; locked=&#8220;off&#8220; global_colors_info=&#8220;{}&#8220; disabled=&#8220;on&#8220;]\n<p><i class=\"fas fa-store-slash\" style=\"color: #ff0000;\"><\/i> <span style=\"color: #ff0000;\">Vor\u00fcbergehend ausverkauft<\/span><\/p>\n[\/et_pb_text][et_pb_wc_add_to_cart _builder_version=&#8220;4.16&#8243; global_colors_info=&#8220;{}&#8220;][\/et_pb_wc_add_to_cart][et_pb_wc_meta disabled_on=&#8220;on|on|on&#8220; admin_label=&#8220;Woo Meta&#8220; _builder_version=&#8220;4.16&#8243; disabled=&#8220;on&#8220; global_colors_info=&#8220;{}&#8220;][\/et_pb_wc_meta][\/et_pb_column][\/et_pb_row][et_pb_row _builder_version=&#8220;4.16&#8243; background_size=&#8220;initial&#8220; background_position=&#8220;top_left&#8220; background_repeat=&#8220;repeat&#8220; width=&#8220;100%&#8220; global_colors_info=&#8220;{}&#8220;][et_pb_column type=&#8220;4_4&#8243; _builder_version=&#8220;4.16&#8243; custom_padding=&#8220;|||&#8220; global_colors_info=&#8220;{}&#8220; custom_padding__hover=&#8220;|||&#8220;][et_pb_wc_tabs include_tabs=&#8220;|additional_information&#8220; disabled_on=&#8220;off|off|off&#8220; module_class=&#8220;card&#8220; _builder_version=&#8220;4.20.4&#8243; global_colors_info=&#8220;{}&#8220;]\t\t\t\t\t[\/et_pb_wc_tabs][et_pb_wc_tabs include_tabs=&#8220;description|&#8220; disabled_on=&#8220;off|off|off&#8220; module_class=&#8220;card&#8220; _builder_version=&#8220;4.20.4&#8243; global_colors_info=&#8220;{}&#8220;]\t\t\t\t\t[\/et_pb_wc_tabs][et_pb_wc_upsells _builder_version=&#8220;4.16&#8243; global_colors_info=&#8220;{}&#8220;][\/et_pb_wc_upsells][et_pb_wc_related_products _builder_version=&#8220;4.16&#8243; global_colors_info=&#8220;{}&#8220;][\/et_pb_wc_related_products][\/et_pb_column][\/et_pb_row][\/et_pb_section]\n","protected":false},"excerpt":{"rendered":"<p>Das zweiteilige SUP-Kinderpaddel Lozen ist die ideale Wahl f\u00fcr junge Stand-up-Paddler.<br \/>\nEs l\u00e4sst sich in der L\u00e4nge von 130 bis 170 cm verstellen, passt sich dem Wachstum des Kindes an und bietet eine entwicklungsf\u00e4hige und komfortable Nutzung.<br \/>\nEs ist leicht, robust und leicht zu transportieren, sodass junge Paddler das Wasser mit Leichtigkeit und Kontrolle genie\u00dfen k\u00f6nnen.<\/p>\n","protected":false},"featured_media":4929,"comment_status":"closed","ping_status":"closed","template":"","meta":{"_et_pb_use_builder":"on","_et_pb_old_content":"Das zweiteilige SUP-Kinderpaddel der Marke Lozen ist die perfekte Wahl f\u00fcr junge Stand-up-Paddler. Dieses Paddel wurde speziell f\u00fcr ein kindgerechtes Erlebnis entwickelt und ist sowohl praktisch als auch funktional und verstellbar.\r\n\r\nMit seinem zweiteiligen Design l\u00e4sst sich das Paddel leicht auseinandernehmen und in einer kompakten Tragetasche verstauen, die sich ideal f\u00fcr Familienabenteuer im Freien eignet. Dank seiner verstellbaren L\u00e4nge von 130 bis 170 cm kann es an das Wachstum des Kindes angepasst werden und gew\u00e4hrleistet so eine dauerhafte und komfortable Nutzung \u00fcber viele Jahre hinweg.\r\n\r\nDas SUP-Kinderpaddel Lozen ist aus hochwertigen Materialien gefertigt, die sowohl Leichtigkeit als auch Robustheit garantieren. Das faserverst\u00e4rkte Nylonblatt sorgt f\u00fcr einen guten Auftrieb und eine hervorragende Energie\u00fcbertragung, sodass die jungen Paddler ihre Erfahrungen auf dem Wasser voll auskosten k\u00f6nnen.\r\n\r\nDer ergonomisch geformte Griff liegt bequem in der Hand, verringert Erm\u00fcdungserscheinungen und sorgt f\u00fcr eine optimale Kontrolle des Paddels. Au\u00dferdem verf\u00fcgt das Paddel \u00fcber ein sicheres Verriegelungssystem, das die beiden Teile w\u00e4hrend der Fahrt fest zusammenh\u00e4lt.\r\n\r\nOb f\u00fcr eine gem\u00fctliche Fahrt entlang der K\u00fcste oder um sich mit kleineren Wellen vertraut zu machen, das Lozen Kinder-SUP-Paddel ist eine zuverl\u00e4ssige Wahl f\u00fcr junge Stand-up-Paddle-Fans. Dieses Paddel ist praktisch, langlebig und leistungsstark und erm\u00f6glicht es den Kindern, die Freuden des Paddelns mit Vertrauen und Stil zu entdecken.","_et_gb_content_width":"","content-type":""},"product_brand":[],"product_cat":[110],"product_tag":[],"class_list":{"0":"post-4941","1":"product","2":"type-product","3":"status-publish","4":"has-post-thumbnail","6":"product_cat-sup-zubehoer","7":"product_shipping_class-zubehor","9":"first","10":"instock","11":"taxable","12":"shipping-taxable","13":"purchasable","14":"product-type-simple"},"yoast_head":"<!-- This site is optimized with the Yoast SEO plugin v25.9 - https:\/\/yoast.com\/wordpress\/plugins\/seo\/ -->\n<title>PADDEL SUP KIND 2 TEILIG - LOZEN<\/title>\n<meta name=\"description\" content=\"Entdecken Sie das zweiteilige, verstellbare SUP-Kinderpaddel, das speziell f\u00fcr Kinder entwickelt wurde. Die Aluminiumrohre sind d\u00fcnner und sehr leicht.\" \/>\n<meta name=\"robots\" content=\"index, follow, max-snippet:-1, max-image-preview:large, max-video-preview:-1\" \/>\n<link rel=\"canonical\" href=\"https:\/\/lozen-sport.com\/shop\/tous-les-produits\/accessoires-sup\/pagaie-sup-enfant-2-parties\/\" \/>\n<meta property=\"og:locale\" content=\"de_DE\" \/>\n<meta property=\"og:type\" content=\"article\" \/>\n<meta property=\"og:title\" content=\"PADDEL SUP KIND 2 TEILIG - LOZEN\" \/>\n<meta property=\"og:description\" content=\"Entdecken Sie das zweiteilige, verstellbare SUP-Kinderpaddel, das speziell f\u00fcr Kinder entwickelt wurde. Die Aluminiumrohre sind d\u00fcnner und sehr leicht.\" \/>\n<meta property=\"og:url\" content=\"https:\/\/lozen-sport.com\/shop\/tous-les-produits\/accessoires-sup\/pagaie-sup-enfant-2-parties\/\" \/>\n<meta property=\"og:site_name\" content=\"LOZEN\" \/>\n<meta property=\"article:modified_time\" content=\"2024-01-25T15:25:19+00:00\" \/>\n<meta property=\"og:image\" content=\"https:\/\/lozen-sport.com\/wp-content\/uploads\/2023\/05\/OZPA4022-PAGAIE_SUP-KID-2_PARTIES-ROUGE-DRAW_PLUS-FRONT-BACK-PARTS-WEB.jpg\" \/>\n\t<meta property=\"og:image:width\" content=\"1080\" \/>\n\t<meta property=\"og:image:height\" content=\"1080\" \/>\n\t<meta property=\"og:image:type\" content=\"image\/jpeg\" \/>\n<meta name=\"twitter:card\" content=\"summary_large_image\" \/>\n<meta name=\"twitter:label1\" content=\"Gesch\u00e4tzte Lesezeit\" \/>\n\t<meta name=\"twitter:data1\" content=\"2\u00a0Minuten\" \/>\n<script type=\"application\/ld+json\" class=\"yoast-schema-graph\">{\"@context\":\"https:\/\/schema.org\",\"@graph\":[{\"@type\":\"WebPage\",\"@id\":\"https:\/\/lozen-sport.com\/shop\/tous-les-produits\/accessoires-sup\/pagaie-sup-enfant-2-parties\/\",\"url\":\"https:\/\/lozen-sport.com\/shop\/tous-les-produits\/accessoires-sup\/pagaie-sup-enfant-2-parties\/\",\"name\":\"PADDEL SUP KIND 2 TEILIG - LOZEN\",\"isPartOf\":{\"@id\":\"https:\/\/lozen-sport.com\/#website\"},\"primaryImageOfPage\":{\"@id\":\"https:\/\/lozen-sport.com\/shop\/tous-les-produits\/accessoires-sup\/pagaie-sup-enfant-2-parties\/#primaryimage\"},\"image\":{\"@id\":\"https:\/\/lozen-sport.com\/shop\/tous-les-produits\/accessoires-sup\/pagaie-sup-enfant-2-parties\/#primaryimage\"},\"thumbnailUrl\":\"https:\/\/lozen-sport.com\/wp-content\/uploads\/2023\/05\/OZPA4022-PAGAIE_SUP-KID-2_PARTIES-ROUGE-DRAW_PLUS-FRONT-BACK-PARTS-WEB.jpg\",\"datePublished\":\"2023-05-15T08:03:30+00:00\",\"dateModified\":\"2024-01-25T15:25:19+00:00\",\"description\":\"Entdecken Sie das zweiteilige, verstellbare SUP-Kinderpaddel, das speziell f\u00fcr Kinder entwickelt wurde. Die Aluminiumrohre sind d\u00fcnner und sehr leicht.\",\"breadcrumb\":{\"@id\":\"https:\/\/lozen-sport.com\/shop\/tous-les-produits\/accessoires-sup\/pagaie-sup-enfant-2-parties\/#breadcrumb\"},\"inLanguage\":\"de\",\"potentialAction\":[{\"@type\":\"ReadAction\",\"target\":[\"https:\/\/lozen-sport.com\/shop\/tous-les-produits\/accessoires-sup\/pagaie-sup-enfant-2-parties\/\"]}]},{\"@type\":\"ImageObject\",\"inLanguage\":\"de\",\"@id\":\"https:\/\/lozen-sport.com\/shop\/tous-les-produits\/accessoires-sup\/pagaie-sup-enfant-2-parties\/#primaryimage\",\"url\":\"https:\/\/lozen-sport.com\/wp-content\/uploads\/2023\/05\/OZPA4022-PAGAIE_SUP-KID-2_PARTIES-ROUGE-DRAW_PLUS-FRONT-BACK-PARTS-WEB.jpg\",\"contentUrl\":\"https:\/\/lozen-sport.com\/wp-content\/uploads\/2023\/05\/OZPA4022-PAGAIE_SUP-KID-2_PARTIES-ROUGE-DRAW_PLUS-FRONT-BACK-PARTS-WEB.jpg\",\"width\":1080,\"height\":1080,\"caption\":\"OZPA4022-PAGAIE_SUP-KID-2_PARTIES-ROUGE-DRAW_PLUS-FRONT-BACK-PARTS-WEB\"},{\"@type\":\"BreadcrumbList\",\"@id\":\"https:\/\/lozen-sport.com\/shop\/tous-les-produits\/accessoires-sup\/pagaie-sup-enfant-2-parties\/#breadcrumb\",\"itemListElement\":[{\"@type\":\"ListItem\",\"position\":1,\"name\":\"Accueil\",\"item\":\"https:\/\/lozen-sport.com\/de\/\"},{\"@type\":\"ListItem\",\"position\":2,\"name\":\"Produits\",\"item\":\"https:\/\/lozen-sport.com\/shop\/\"},{\"@type\":\"ListItem\",\"position\":3,\"name\":\"PADDEL SUP KIND 2 TEILIG\"}]},{\"@type\":\"WebSite\",\"@id\":\"https:\/\/lozen-sport.com\/#website\",\"url\":\"https:\/\/lozen-sport.com\/\",\"name\":\"LOZEN\",\"description\":\"LE SUP POUR TOUS\",\"potentialAction\":[{\"@type\":\"SearchAction\",\"target\":{\"@type\":\"EntryPoint\",\"urlTemplate\":\"https:\/\/lozen-sport.com\/?s={search_term_string}\"},\"query-input\":{\"@type\":\"PropertyValueSpecification\",\"valueRequired\":true,\"valueName\":\"search_term_string\"}}],\"inLanguage\":\"de\"}]}<\/script>\n<!-- \/ Yoast SEO plugin. -->","yoast_head_json":{"title":"PADDEL SUP KIND 2 TEILIG - LOZEN","description":"Entdecken Sie das zweiteilige, verstellbare SUP-Kinderpaddel, das speziell f\u00fcr Kinder entwickelt wurde. Die Aluminiumrohre sind d\u00fcnner und sehr leicht.","robots":{"index":"index","follow":"follow","max-snippet":"max-snippet:-1","max-image-preview":"max-image-preview:large","max-video-preview":"max-video-preview:-1"},"canonical":"https:\/\/lozen-sport.com\/shop\/tous-les-produits\/accessoires-sup\/pagaie-sup-enfant-2-parties\/","og_locale":"de_DE","og_type":"article","og_title":"PADDEL SUP KIND 2 TEILIG - LOZEN","og_description":"Entdecken Sie das zweiteilige, verstellbare SUP-Kinderpaddel, das speziell f\u00fcr Kinder entwickelt wurde. Die Aluminiumrohre sind d\u00fcnner und sehr leicht.","og_url":"https:\/\/lozen-sport.com\/shop\/tous-les-produits\/accessoires-sup\/pagaie-sup-enfant-2-parties\/","og_site_name":"LOZEN","article_modified_time":"2024-01-25T15:25:19+00:00","og_image":[{"width":1080,"height":1080,"url":"https:\/\/lozen-sport.com\/wp-content\/uploads\/2023\/05\/OZPA4022-PAGAIE_SUP-KID-2_PARTIES-ROUGE-DRAW_PLUS-FRONT-BACK-PARTS-WEB.jpg","type":"image\/jpeg"}],"twitter_card":"summary_large_image","twitter_misc":{"Gesch\u00e4tzte Lesezeit":"2\u00a0Minuten"},"schema":{"@context":"https:\/\/schema.org","@graph":[{"@type":"WebPage","@id":"https:\/\/lozen-sport.com\/shop\/tous-les-produits\/accessoires-sup\/pagaie-sup-enfant-2-parties\/","url":"https:\/\/lozen-sport.com\/shop\/tous-les-produits\/accessoires-sup\/pagaie-sup-enfant-2-parties\/","name":"PADDEL SUP KIND 2 TEILIG - LOZEN","isPartOf":{"@id":"https:\/\/lozen-sport.com\/#website"},"primaryImageOfPage":{"@id":"https:\/\/lozen-sport.com\/shop\/tous-les-produits\/accessoires-sup\/pagaie-sup-enfant-2-parties\/#primaryimage"},"image":{"@id":"https:\/\/lozen-sport.com\/shop\/tous-les-produits\/accessoires-sup\/pagaie-sup-enfant-2-parties\/#primaryimage"},"thumbnailUrl":"https:\/\/lozen-sport.com\/wp-content\/uploads\/2023\/05\/OZPA4022-PAGAIE_SUP-KID-2_PARTIES-ROUGE-DRAW_PLUS-FRONT-BACK-PARTS-WEB.jpg","datePublished":"2023-05-15T08:03:30+00:00","dateModified":"2024-01-25T15:25:19+00:00","description":"Entdecken Sie das zweiteilige, verstellbare SUP-Kinderpaddel, das speziell f\u00fcr Kinder entwickelt wurde. Die Aluminiumrohre sind d\u00fcnner und sehr leicht.","breadcrumb":{"@id":"https:\/\/lozen-sport.com\/shop\/tous-les-produits\/accessoires-sup\/pagaie-sup-enfant-2-parties\/#breadcrumb"},"inLanguage":"de","potentialAction":[{"@type":"ReadAction","target":["https:\/\/lozen-sport.com\/shop\/tous-les-produits\/accessoires-sup\/pagaie-sup-enfant-2-parties\/"]}]},{"@type":"ImageObject","inLanguage":"de","@id":"https:\/\/lozen-sport.com\/shop\/tous-les-produits\/accessoires-sup\/pagaie-sup-enfant-2-parties\/#primaryimage","url":"https:\/\/lozen-sport.com\/wp-content\/uploads\/2023\/05\/OZPA4022-PAGAIE_SUP-KID-2_PARTIES-ROUGE-DRAW_PLUS-FRONT-BACK-PARTS-WEB.jpg","contentUrl":"https:\/\/lozen-sport.com\/wp-content\/uploads\/2023\/05\/OZPA4022-PAGAIE_SUP-KID-2_PARTIES-ROUGE-DRAW_PLUS-FRONT-BACK-PARTS-WEB.jpg","width":1080,"height":1080,"caption":"OZPA4022-PAGAIE_SUP-KID-2_PARTIES-ROUGE-DRAW_PLUS-FRONT-BACK-PARTS-WEB"},{"@type":"BreadcrumbList","@id":"https:\/\/lozen-sport.com\/shop\/tous-les-produits\/accessoires-sup\/pagaie-sup-enfant-2-parties\/#breadcrumb","itemListElement":[{"@type":"ListItem","position":1,"name":"Accueil","item":"https:\/\/lozen-sport.com\/de\/"},{"@type":"ListItem","position":2,"name":"Produits","item":"https:\/\/lozen-sport.com\/shop\/"},{"@type":"ListItem","position":3,"name":"PADDEL SUP KIND 2 TEILIG"}]},{"@type":"WebSite","@id":"https:\/\/lozen-sport.com\/#website","url":"https:\/\/lozen-sport.com\/","name":"LOZEN","description":"LE SUP POUR TOUS","potentialAction":[{"@type":"SearchAction","target":{"@type":"EntryPoint","urlTemplate":"https:\/\/lozen-sport.com\/?s={search_term_string}"},"query-input":{"@type":"PropertyValueSpecification","valueRequired":true,"valueName":"search_term_string"}}],"inLanguage":"de"}]}},"_links":{"self":[{"href":"https:\/\/lozen-sport.com\/de\/wp-json\/wp\/v2\/product\/4941","targetHints":{"allow":["GET"]}}],"collection":[{"href":"https:\/\/lozen-sport.com\/de\/wp-json\/wp\/v2\/product"}],"about":[{"href":"https:\/\/lozen-sport.com\/de\/wp-json\/wp\/v2\/types\/product"}],"replies":[{"embeddable":true,"href":"https:\/\/lozen-sport.com\/de\/wp-json\/wp\/v2\/comments?post=4941"}],"wp:featuredmedia":[{"embeddable":true,"href":"https:\/\/lozen-sport.com\/de\/wp-json\/wp\/v2\/media\/4929"}],"wp:attachment":[{"href":"https:\/\/lozen-sport.com\/de\/wp-json\/wp\/v2\/media?parent=4941"}],"wp:term":[{"taxonomy":"product_brand","embeddable":true,"href":"https:\/\/lozen-sport.com\/de\/wp-json\/wp\/v2\/product_brand?post=4941"},{"taxonomy":"product_cat","embeddable":true,"href":"https:\/\/lozen-sport.com\/de\/wp-json\/wp\/v2\/product_cat?post=4941"},{"taxonomy":"product_tag","embeddable":true,"href":"https:\/\/lozen-sport.com\/de\/wp-json\/wp\/v2\/product_tag?post=4941"}],"curies":[{"name":"wp","href":"https:\/\/api.w.org\/{rel}","templated":true}]}}