{"id":2010,"date":"2017-12-19T10:36:51","date_gmt":"2017-12-19T08:36:51","guid":{"rendered":"http:\/\/lozen-sport.com\/accessories\/"},"modified":"2024-01-24T11:51:16","modified_gmt":"2024-01-24T09:51:16","slug":"accessories","status":"publish","type":"page","link":"https:\/\/lozen-sport.com\/en\/accessories\/","title":{"rendered":"ACCESSORIES"},"content":{"rendered":"[et_pb_section fb_built=&#8221;1&#8243; _builder_version=&#8221;4.16&#8243; global_colors_info=&#8221;{}&#8221; theme_builder_area=&#8221;post_content&#8221;][et_pb_row _builder_version=&#8221;4.16&#8243; background_size=&#8221;initial&#8221; background_position=&#8221;top_left&#8221; background_repeat=&#8221;repeat&#8221; global_colors_info=&#8221;{}&#8221; theme_builder_area=&#8221;post_content&#8221;][et_pb_column type=&#8221;4_4&#8243; _builder_version=&#8221;4.16&#8243; custom_padding=&#8221;|||&#8221; global_colors_info=&#8221;{}&#8221; custom_padding__hover=&#8221;|||&#8221; theme_builder_area=&#8221;post_content&#8221;][et_pb_text _builder_version=&#8221;4.16&#8243; border_style=&#8221;solid&#8221; global_colors_info=&#8221;{}&#8221; theme_builder_area=&#8221;post_content&#8221;]\n<h1 style=\"text-align: justify;\">Affordable accessories for inflatable SUP boards<\/h1>\n<p style=\"text-align: justify;\">In order to guarantee the best sliding experience possible, with our SUP boards, they all come in packs, with all essential accessories for use or maintenance.<\/p>\n<p>Our SUP board are all sold in packs, with a double way SUP pump, a leash, a paddle, a fin, a reparation kit as well as a carry bag. Nos planches sont automatiquement vendues avec une pompe, une leash, une rame, un aileron, un kit de r\u00e9paration ainsi qu&#8217;un sac de rangement. Supplying this equipment directly in the pack allows us to offer lower price products.<br \/>\nHowever, some SUP accessories are not included in the pack. Therefore, you can find all Lozen SUP accessories here.<br \/>\n[\/et_pb_text][et_pb_shop type=&#8221;product_category&#8221; include_categories=&#8221;75&#8243; orderby=&#8221;menu_order&#8221; _builder_version=&#8221;4.17.5&#8243; hover_enabled=&#8221;0&#8243; global_colors_info=&#8221;{}&#8221; theme_builder_area=&#8221;post_content&#8221; posts_number=&#8221;16&#8243; sticky_enabled=&#8221;0&#8243;][\/et_pb_shop][\/et_pb_column][\/et_pb_row][et_pb_row _builder_version=&#8221;4.16&#8243; background_size=&#8221;initial&#8221; background_position=&#8221;top_left&#8221; background_repeat=&#8221;repeat&#8221; global_colors_info=&#8221;{}&#8221; column_structure=&#8221;1_2,1_2&#8243; theme_builder_area=&#8221;post_content&#8221;][et_pb_column type=&#8221;1_2&#8243; _builder_version=&#8221;4.16&#8243; custom_padding=&#8221;|||&#8221; global_colors_info=&#8221;{}&#8221; custom_padding__hover=&#8221;|||&#8221; theme_builder_area=&#8221;post_content&#8221;][et_pb_text _builder_version=&#8221;4.16&#8243; border_style=&#8221;solid&#8221; global_colors_info=&#8221;{}&#8221; theme_builder_area=&#8221;post_content&#8221;]\n<h3>Safety<\/h3>\n<p style=\"text-align: justify;\">A nautical sport comes with some risk, although it is often minor, it should not be overlooked. In order to be prepared for anything, you can choose among our different\u00a0 safety jackets according to your body shape and activity: from white water SUP to surf on seashore, including fishing or river kayak.<\/p>\n<p style=\"text-align: justify;\">The vests have ZIP on the front as well as reflecting tape and belts with quick release allowing a firm hold on the bust. The Rando model has many storage space fitting perfectly for fishing, whereas the Piko model for children is equipped with a whistle and a carry handle for even more safety.<\/p>\n[\/et_pb_text][\/et_pb_column][et_pb_column type=&#8221;1_2&#8243; _builder_version=&#8221;4.16&#8243; custom_padding=&#8221;|||&#8221; global_colors_info=&#8221;{}&#8221; custom_padding__hover=&#8221;|||&#8221; theme_builder_area=&#8221;post_content&#8221;][et_pb_text _builder_version=&#8221;4.16&#8243; border_style=&#8221;solid&#8221; global_colors_info=&#8221;{}&#8221; theme_builder_area=&#8221;post_content&#8221;]\n<h3 style=\"text-align: justify;\">Transport<\/h3>\n<p style=\"text-align: justify;\">In order to ease transport, all SUP&#8217;s come with carrying bag. Bigger and thicker than a standard backpack, it is designed to carry your SUP around more easily.<\/p>\n<p style=\"text-align: justify;\">Once the bag is full, the size is about the one of a hiking backpack, and thanks to its rectangular shape, fits perfectly in the trunk of your car, in the train or even as a standard luggage in the plane.<\/p>\n<p style=\"text-align: justify;\">Robust, handy, compact and comfortable, this bag for inflatable SUP is also waterproof !<\/p>\n[\/et_pb_text][\/et_pb_column][\/et_pb_row][et_pb_row _builder_version=&#8221;4.16&#8243; background_size=&#8221;initial&#8221; background_position=&#8221;top_left&#8221; background_repeat=&#8221;repeat&#8221; global_colors_info=&#8221;{}&#8221; theme_builder_area=&#8221;post_content&#8221;][et_pb_column type=&#8221;4_4&#8243; _builder_version=&#8221;4.16&#8243; custom_padding=&#8221;|||&#8221; global_colors_info=&#8221;{}&#8221; custom_padding__hover=&#8221;|||&#8221; theme_builder_area=&#8221;post_content&#8221;][et_pb_text _builder_version=&#8221;4.16&#8243; global_colors_info=&#8221;{}&#8221; theme_builder_area=&#8221;post_content&#8221;]\n<h3 style=\"text-align: justify;\">Les performances<\/h3>\n<p style=\"text-align: justify;\">Afin de profiter au maximum des capacit\u00e9s de votre stand up paddle gonflable, vous devez l&#8217;\u00e9quiper d&#8217;un aileron de qualit\u00e9 et vous munir d&#8217;un bon mod\u00e8le de pagaie.<\/p>\n<p style=\"text-align: justify;\">Pour tirer un maximum des performances de votre Stand Up Paddle Gonflable, il ne suffit pas seulement de se fier \u00e0 son shape. Sp\u00e9cifiquement con\u00e7u pour la performance des SUP gonflables de toutes marques, notre aileron vous aidera \u00e0 tirer le meilleur de votre planche. Ses dimensions de 18cm x 3cm lui offre un parfait compromis de puissance et de r\u00e9sistance.<\/p>\n<p style=\"text-align: justify;\">Tr\u00e8s simple \u00e0 fixer \u00e0 l&#8217;arri\u00e8re de votre SUP, il peut \u00e9galement s&#8217;utiliser sur une grande partie des mod\u00e8les gonflables standards.<\/p>\n<p style=\"text-align: justify;\">Concernant nos rames, nous avons opt\u00e9 pour des mod\u00e8les de pagaies modulables afin de permettre \u00e0 chacun de profiter au mieux de sa planche. Vous pourrez la pr\u00eater \u00e0 vos amis ou laisser vos enfants surfer avec sans avoir besoin d&#8217;acheter une nouvelle pagaie adapt\u00e9e \u00e0 leur taille. Compos\u00e9es d&#8217;aluminium et de nylon renforc\u00e9 en fibres de verre, nos rames pour SUP gonflables sont tr\u00e8s r\u00e9sistances.<\/p>\n[\/et_pb_text][\/et_pb_column][\/et_pb_row][\/et_pb_section]\n","protected":false},"excerpt":{"rendered":"<p>Affordable accessories for inflatable SUP boards In order to guarantee the best sliding experience possible, with our SUP boards, they all come in packs, with all essential accessories for use or maintenance. Our SUP board are all sold in packs, with a double way SUP pump, a leash, a paddle, a fin, a reparation kit [&hellip;]<\/p>\n","protected":false},"author":1,"featured_media":0,"parent":0,"menu_order":0,"comment_status":"closed","ping_status":"closed","template":"","meta":{"_et_pb_use_builder":"on","_et_pb_old_content":"","_et_gb_content_width":"","content-type":"","footnotes":""},"class_list":["post-2010","page","type-page","status-publish","hentry"],"yoast_head":"<!-- This site is optimized with the Yoast SEO plugin v25.9 - https:\/\/yoast.com\/wordpress\/plugins\/seo\/ -->\n<title>Lozen Stand Up Paddle Board Accessories<\/title>\n<meta name=\"description\" content=\"A wide range of Stand Up Paddle Board Accessories: Paddles, life vests, leash, carrying bags, fins... Go for the french design with the best price.\" \/>\n<meta name=\"robots\" content=\"index, follow, max-snippet:-1, max-image-preview:large, max-video-preview:-1\" \/>\n<link rel=\"canonical\" href=\"https:\/\/lozen-sport.com\/sup-accessoires\/\" \/>\n<meta property=\"og:locale\" content=\"en_US\" \/>\n<meta property=\"og:type\" content=\"article\" \/>\n<meta property=\"og:title\" content=\"Lozen Stand Up Paddle Board Accessories\" \/>\n<meta property=\"og:description\" content=\"A wide range of Stand Up Paddle Board Accessories: Paddles, life vests, leash, carrying bags, fins... Go for the french design with the best price.\" \/>\n<meta property=\"og:url\" content=\"https:\/\/lozen-sport.com\/sup-accessoires\/\" \/>\n<meta property=\"og:site_name\" content=\"LOZEN\" \/>\n<meta property=\"article:modified_time\" content=\"2024-01-24T09:51:16+00:00\" \/>\n<meta name=\"twitter:card\" content=\"summary_large_image\" \/>\n<meta name=\"twitter:label1\" content=\"Est. reading time\" \/>\n\t<meta name=\"twitter:data1\" content=\"4 minutes\" \/>\n<script type=\"application\/ld+json\" class=\"yoast-schema-graph\">{\"@context\":\"https:\/\/schema.org\",\"@graph\":[{\"@type\":\"WebPage\",\"@id\":\"https:\/\/lozen-sport.com\/sup-accessoires\/\",\"url\":\"https:\/\/lozen-sport.com\/sup-accessoires\/\",\"name\":\"Lozen Stand Up Paddle Board Accessories\",\"isPartOf\":{\"@id\":\"https:\/\/lozen-sport.com\/#website\"},\"datePublished\":\"2017-12-19T08:36:51+00:00\",\"dateModified\":\"2024-01-24T09:51:16+00:00\",\"description\":\"A wide range of Stand Up Paddle Board Accessories: Paddles, life vests, leash, carrying bags, fins... Go for the french design with the best price.\",\"breadcrumb\":{\"@id\":\"https:\/\/lozen-sport.com\/sup-accessoires\/#breadcrumb\"},\"inLanguage\":\"en-US\",\"potentialAction\":[{\"@type\":\"ReadAction\",\"target\":[\"https:\/\/lozen-sport.com\/sup-accessoires\/\"]}]},{\"@type\":\"BreadcrumbList\",\"@id\":\"https:\/\/lozen-sport.com\/sup-accessoires\/#breadcrumb\",\"itemListElement\":[{\"@type\":\"ListItem\",\"position\":1,\"name\":\"Accueil\",\"item\":\"https:\/\/lozen-sport.com\/en\/\"},{\"@type\":\"ListItem\",\"position\":2,\"name\":\"ACCESSORIES\"}]},{\"@type\":\"WebSite\",\"@id\":\"https:\/\/lozen-sport.com\/#website\",\"url\":\"https:\/\/lozen-sport.com\/\",\"name\":\"LOZEN\",\"description\":\"LE SUP POUR TOUS\",\"potentialAction\":[{\"@type\":\"SearchAction\",\"target\":{\"@type\":\"EntryPoint\",\"urlTemplate\":\"https:\/\/lozen-sport.com\/?s={search_term_string}\"},\"query-input\":{\"@type\":\"PropertyValueSpecification\",\"valueRequired\":true,\"valueName\":\"search_term_string\"}}],\"inLanguage\":\"en-US\"}]}<\/script>\n<!-- \/ Yoast SEO plugin. -->","yoast_head_json":{"title":"Lozen Stand Up Paddle Board Accessories","description":"A wide range of Stand Up Paddle Board Accessories: Paddles, life vests, leash, carrying bags, fins... Go for the french design with the best price.","robots":{"index":"index","follow":"follow","max-snippet":"max-snippet:-1","max-image-preview":"max-image-preview:large","max-video-preview":"max-video-preview:-1"},"canonical":"https:\/\/lozen-sport.com\/sup-accessoires\/","og_locale":"en_US","og_type":"article","og_title":"Lozen Stand Up Paddle Board Accessories","og_description":"A wide range of Stand Up Paddle Board Accessories: Paddles, life vests, leash, carrying bags, fins... Go for the french design with the best price.","og_url":"https:\/\/lozen-sport.com\/sup-accessoires\/","og_site_name":"LOZEN","article_modified_time":"2024-01-24T09:51:16+00:00","twitter_card":"summary_large_image","twitter_misc":{"Est. reading time":"4 minutes"},"schema":{"@context":"https:\/\/schema.org","@graph":[{"@type":"WebPage","@id":"https:\/\/lozen-sport.com\/sup-accessoires\/","url":"https:\/\/lozen-sport.com\/sup-accessoires\/","name":"Lozen Stand Up Paddle Board Accessories","isPartOf":{"@id":"https:\/\/lozen-sport.com\/#website"},"datePublished":"2017-12-19T08:36:51+00:00","dateModified":"2024-01-24T09:51:16+00:00","description":"A wide range of Stand Up Paddle Board Accessories: Paddles, life vests, leash, carrying bags, fins... Go for the french design with the best price.","breadcrumb":{"@id":"https:\/\/lozen-sport.com\/sup-accessoires\/#breadcrumb"},"inLanguage":"en-US","potentialAction":[{"@type":"ReadAction","target":["https:\/\/lozen-sport.com\/sup-accessoires\/"]}]},{"@type":"BreadcrumbList","@id":"https:\/\/lozen-sport.com\/sup-accessoires\/#breadcrumb","itemListElement":[{"@type":"ListItem","position":1,"name":"Accueil","item":"https:\/\/lozen-sport.com\/en\/"},{"@type":"ListItem","position":2,"name":"ACCESSORIES"}]},{"@type":"WebSite","@id":"https:\/\/lozen-sport.com\/#website","url":"https:\/\/lozen-sport.com\/","name":"LOZEN","description":"LE SUP POUR TOUS","potentialAction":[{"@type":"SearchAction","target":{"@type":"EntryPoint","urlTemplate":"https:\/\/lozen-sport.com\/?s={search_term_string}"},"query-input":{"@type":"PropertyValueSpecification","valueRequired":true,"valueName":"search_term_string"}}],"inLanguage":"en-US"}]}},"_links":{"self":[{"href":"https:\/\/lozen-sport.com\/en\/wp-json\/wp\/v2\/pages\/2010","targetHints":{"allow":["GET"]}}],"collection":[{"href":"https:\/\/lozen-sport.com\/en\/wp-json\/wp\/v2\/pages"}],"about":[{"href":"https:\/\/lozen-sport.com\/en\/wp-json\/wp\/v2\/types\/page"}],"author":[{"embeddable":true,"href":"https:\/\/lozen-sport.com\/en\/wp-json\/wp\/v2\/users\/1"}],"replies":[{"embeddable":true,"href":"https:\/\/lozen-sport.com\/en\/wp-json\/wp\/v2\/comments?post=2010"}],"version-history":[{"count":3,"href":"https:\/\/lozen-sport.com\/en\/wp-json\/wp\/v2\/pages\/2010\/revisions"}],"predecessor-version":[{"id":5107,"href":"https:\/\/lozen-sport.com\/en\/wp-json\/wp\/v2\/pages\/2010\/revisions\/5107"}],"wp:attachment":[{"href":"https:\/\/lozen-sport.com\/en\/wp-json\/wp\/v2\/media?parent=2010"}],"curies":[{"name":"wp","href":"https:\/\/api.w.org\/{rel}","templated":true}]}}