{"id":1867,"date":"2017-05-07T16:47:44","date_gmt":"2017-05-07T14:47:44","guid":{"rendered":"http:\/\/lozen-sport.com\/boutique\/non%20class\u00e9\/aileron-sup-gonflable\/"},"modified":"2025-11-30T12:16:06","modified_gmt":"2025-11-30T10:16:06","slug":"removable-fin-inflatable-paddle-board","status":"publish","type":"product","link":"https:\/\/lozen-sport.com\/en\/shop\/stand-up-paddle-board-accessories\/removable-fin-inflatable-paddle-board\/","title":{"rendered":"REMOVABLE PADDLE BOARD FIN"},"content":{"rendered":"[et_pb_section fb_built=&#8221;1&#8243; _builder_version=&#8221;3.22&#8243; custom_padding=&#8221;0px||||false|false&#8221;][et_pb_row _builder_version=&#8221;3.25&#8243; background_size=&#8221;initial&#8221; background_position=&#8221;top_left&#8221; background_repeat=&#8221;repeat&#8221; width=&#8221;100%&#8221; custom_padding=&#8221;0px||0px||false|false&#8221;][et_pb_column type=&#8221;4_4&#8243; _builder_version=&#8221;3.25&#8243; custom_padding=&#8221;|||&#8221; custom_padding__hover=&#8221;|||&#8221;][et_pb_wc_breadcrumb disabled_on=&#8221;on|on|on&#8221; _builder_version=&#8221;3.0.47&#8243; disabled=&#8221;on&#8221;][\/et_pb_wc_breadcrumb][et_pb_wc_cart_notice _builder_version=&#8221;3.0.47&#8243;][\/et_pb_wc_cart_notice][\/et_pb_column][\/et_pb_row][et_pb_row column_structure=&#8221;1_2,1_2&#8243; _builder_version=&#8221;4.3.3&#8243; background_size=&#8221;initial&#8221; background_position=&#8221;top_left&#8221; background_repeat=&#8221;repeat&#8221; width=&#8221;100%&#8221; custom_padding=&#8221;0px||||false|false&#8221;][et_pb_column type=&#8221;1_2&#8243; _builder_version=&#8221;3.25&#8243; custom_padding=&#8221;|||&#8221; custom_padding__hover=&#8221;|||&#8221;][et_pb_wc_images _builder_version=&#8221;3.0.47&#8243;][\/et_pb_wc_images][\/et_pb_column][et_pb_column type=&#8221;1_2&#8243; module_class=&#8221;card&#8221; _builder_version=&#8221;4.3.3&#8243; custom_padding=&#8221;|||&#8221; custom_padding__hover=&#8221;|||&#8221;][et_pb_wc_title _builder_version=&#8221;3.0.47&#8243;][\/et_pb_wc_title][et_pb_wc_rating _builder_version=&#8221;3.0.47&#8243;][\/et_pb_wc_rating][et_pb_wc_price _builder_version=&#8221;3.0.47&#8243;][\/et_pb_wc_price][et_pb_wc_description _builder_version=&#8221;3.0.47&#8243;][\/et_pb_wc_description][et_pb_wc_add_to_cart _builder_version=&#8221;3.0.47&#8243;][\/et_pb_wc_add_to_cart][et_pb_wc_meta disabled_on=&#8221;on|on|on&#8221; admin_label=&#8221;Woo Meta&#8221; _builder_version=&#8221;3.0.47&#8243; disabled=&#8221;on&#8221;][\/et_pb_wc_meta][\/et_pb_column][\/et_pb_row][et_pb_row _builder_version=&#8221;3.25&#8243; background_size=&#8221;initial&#8221; background_position=&#8221;top_left&#8221; background_repeat=&#8221;repeat&#8221; width=&#8221;100%&#8221;][et_pb_column type=&#8221;4_4&#8243; _builder_version=&#8221;3.25&#8243; custom_padding=&#8221;|||&#8221; custom_padding__hover=&#8221;|||&#8221;][et_pb_wc_tabs include_tabs=&#8221;|additional_information|reviews&#8221; disabled_on=&#8221;off|off|off&#8221; module_class=&#8221;card&#8221; _builder_version=&#8221;4.3.3&#8243;]\t\t\t\t\t[\/et_pb_wc_tabs][et_pb_wc_upsells _builder_version=&#8221;3.0.47&#8243;][\/et_pb_wc_upsells][et_pb_wc_related_products _builder_version=&#8221;3.0.47&#8243;][\/et_pb_wc_related_products][\/et_pb_column][\/et_pb_row][\/et_pb_section]\n","protected":false},"excerpt":{"rendered":"<p>Resistant and easy to install !<\/p>\n<p>In order for a Stand Up Paddle board to stay on course, it needs a beautiful, powerful and durable fin. Our fins specifically designed for inflatable paddle boards fit on most models on the market.<\/p>\n","protected":false},"featured_media":2027,"comment_status":"open","ping_status":"closed","template":"","meta":{"_et_pb_use_builder":"on","_et_pb_old_content":"","_et_gb_content_width":"","content-type":""},"product_brand":[],"product_cat":[77],"product_tag":[],"class_list":{"0":"post-1867","1":"product","2":"type-product","3":"status-publish","4":"has-post-thumbnail","6":"product_cat-stand-up-paddle-board-accessories","7":"product_shipping_class-sup-en-2","9":"first","10":"instock","11":"taxable","12":"shipping-taxable","13":"purchasable","14":"product-type-simple"},"yoast_head":"<!-- This site is optimized with the Yoast SEO plugin v25.9 - https:\/\/yoast.com\/wordpress\/plugins\/seo\/ -->\n<title>Aileron Standard pour SUP - Accessoires SUP Lozen<\/title>\n<meta name=\"description\" content=\"Para que una tabla de Stand Up Paddle mantenga el rumbo, necesita una buena aleta, \u00a1tan potente como resistente! Nuestras aletas, dise\u00f1adas espec\u00edficamente para las tablas de SUP inflables Lozen y estandardes, son aptas para la mayor\u00eda de los modelos disponibles en el mercado.\" \/>\n<meta name=\"robots\" content=\"index, follow, max-snippet:-1, max-image-preview:large, max-video-preview:-1\" \/>\n<link rel=\"canonical\" href=\"https:\/\/lozen-sport.com\/en\/shop\/stand-up-paddle-board-accessories\/removable-fin-inflatable-paddle-board\/\" \/>\n<meta property=\"og:locale\" content=\"en_US\" \/>\n<meta property=\"og:type\" content=\"article\" \/>\n<meta property=\"og:title\" content=\"Aileron Standard pour SUP - Accessoires SUP Lozen\" \/>\n<meta property=\"og:description\" content=\"Para que una tabla de Stand Up Paddle mantenga el rumbo, necesita una buena aleta, \u00a1tan potente como resistente! Nuestras aletas, dise\u00f1adas espec\u00edficamente para las tablas de SUP inflables Lozen y estandardes, son aptas para la mayor\u00eda de los modelos disponibles en el mercado.\" \/>\n<meta property=\"og:url\" content=\"https:\/\/lozen-sport.com\/en\/shop\/stand-up-paddle-board-accessories\/removable-fin-inflatable-paddle-board\/\" \/>\n<meta property=\"og:site_name\" content=\"LOZEN\" \/>\n<meta property=\"article:modified_time\" content=\"2025-11-30T10:16:06+00:00\" \/>\n<meta property=\"og:image\" content=\"https:\/\/lozen-sport.com\/wp-content\/uploads\/2017\/06\/LB7580-AILERON-DEMONTABLE-PLASTIQUE-GRANDE-TAILLE-SIDE-BLACK-2015.jpg\" \/>\n\t<meta property=\"og:image:width\" content=\"1000\" \/>\n\t<meta property=\"og:image:height\" content=\"1000\" \/>\n\t<meta property=\"og:image:type\" content=\"image\/jpeg\" \/>\n<meta name=\"twitter:card\" content=\"summary_large_image\" \/>\n<meta name=\"twitter:label1\" content=\"Est. reading time\" \/>\n\t<meta name=\"twitter:data1\" content=\"2 minutes\" \/>\n<script type=\"application\/ld+json\" class=\"yoast-schema-graph\">{\"@context\":\"https:\/\/schema.org\",\"@graph\":[{\"@type\":\"WebPage\",\"@id\":\"https:\/\/lozen-sport.com\/en\/shop\/stand-up-paddle-board-accessories\/removable-fin-inflatable-paddle-board\/\",\"url\":\"https:\/\/lozen-sport.com\/en\/shop\/stand-up-paddle-board-accessories\/removable-fin-inflatable-paddle-board\/\",\"name\":\"Aileron Standard pour SUP - Accessoires SUP Lozen\",\"isPartOf\":{\"@id\":\"https:\/\/lozen-sport.com\/#website\"},\"primaryImageOfPage\":{\"@id\":\"https:\/\/lozen-sport.com\/en\/shop\/stand-up-paddle-board-accessories\/removable-fin-inflatable-paddle-board\/#primaryimage\"},\"image\":{\"@id\":\"https:\/\/lozen-sport.com\/en\/shop\/stand-up-paddle-board-accessories\/removable-fin-inflatable-paddle-board\/#primaryimage\"},\"thumbnailUrl\":\"https:\/\/lozen-sport.com\/wp-content\/uploads\/2017\/06\/LB7580-AILERON-DEMONTABLE-PLASTIQUE-GRANDE-TAILLE-SIDE-BLACK-2015.jpg\",\"datePublished\":\"2017-05-07T14:47:44+00:00\",\"dateModified\":\"2025-11-30T10:16:06+00:00\",\"description\":\"Para que una tabla de Stand Up Paddle mantenga el rumbo, necesita una buena aleta, \u00a1tan potente como resistente! Nuestras aletas, dise\u00f1adas espec\u00edficamente para las tablas de SUP inflables Lozen y estandardes, son aptas para la mayor\u00eda de los modelos disponibles en el mercado.\",\"breadcrumb\":{\"@id\":\"https:\/\/lozen-sport.com\/en\/shop\/stand-up-paddle-board-accessories\/removable-fin-inflatable-paddle-board\/#breadcrumb\"},\"inLanguage\":\"en-US\",\"potentialAction\":[{\"@type\":\"ReadAction\",\"target\":[\"https:\/\/lozen-sport.com\/en\/shop\/stand-up-paddle-board-accessories\/removable-fin-inflatable-paddle-board\/\"]}]},{\"@type\":\"ImageObject\",\"inLanguage\":\"en-US\",\"@id\":\"https:\/\/lozen-sport.com\/en\/shop\/stand-up-paddle-board-accessories\/removable-fin-inflatable-paddle-board\/#primaryimage\",\"url\":\"https:\/\/lozen-sport.com\/wp-content\/uploads\/2017\/06\/LB7580-AILERON-DEMONTABLE-PLASTIQUE-GRANDE-TAILLE-SIDE-BLACK-2015.jpg\",\"contentUrl\":\"https:\/\/lozen-sport.com\/wp-content\/uploads\/2017\/06\/LB7580-AILERON-DEMONTABLE-PLASTIQUE-GRANDE-TAILLE-SIDE-BLACK-2015.jpg\",\"width\":1000,\"height\":1000},{\"@type\":\"BreadcrumbList\",\"@id\":\"https:\/\/lozen-sport.com\/en\/shop\/stand-up-paddle-board-accessories\/removable-fin-inflatable-paddle-board\/#breadcrumb\",\"itemListElement\":[{\"@type\":\"ListItem\",\"position\":1,\"name\":\"Accueil\",\"item\":\"https:\/\/lozen-sport.com\/en\/\"},{\"@type\":\"ListItem\",\"position\":2,\"name\":\"Produits\",\"item\":\"https:\/\/lozen-sport.com\/shop\/\"},{\"@type\":\"ListItem\",\"position\":3,\"name\":\"REMOVABLE PADDLE BOARD FIN\"}]},{\"@type\":\"WebSite\",\"@id\":\"https:\/\/lozen-sport.com\/#website\",\"url\":\"https:\/\/lozen-sport.com\/\",\"name\":\"LOZEN\",\"description\":\"LE SUP POUR TOUS\",\"potentialAction\":[{\"@type\":\"SearchAction\",\"target\":{\"@type\":\"EntryPoint\",\"urlTemplate\":\"https:\/\/lozen-sport.com\/?s={search_term_string}\"},\"query-input\":{\"@type\":\"PropertyValueSpecification\",\"valueRequired\":true,\"valueName\":\"search_term_string\"}}],\"inLanguage\":\"en-US\"}]}<\/script>\n<!-- \/ Yoast SEO plugin. -->","yoast_head_json":{"title":"Aileron Standard pour SUP - Accessoires SUP Lozen","description":"Para que una tabla de Stand Up Paddle mantenga el rumbo, necesita una buena aleta, \u00a1tan potente como resistente! Nuestras aletas, dise\u00f1adas espec\u00edficamente para las tablas de SUP inflables Lozen y estandardes, son aptas para la mayor\u00eda de los modelos disponibles en el mercado.","robots":{"index":"index","follow":"follow","max-snippet":"max-snippet:-1","max-image-preview":"max-image-preview:large","max-video-preview":"max-video-preview:-1"},"canonical":"https:\/\/lozen-sport.com\/en\/shop\/stand-up-paddle-board-accessories\/removable-fin-inflatable-paddle-board\/","og_locale":"en_US","og_type":"article","og_title":"Aileron Standard pour SUP - Accessoires SUP Lozen","og_description":"Para que una tabla de Stand Up Paddle mantenga el rumbo, necesita una buena aleta, \u00a1tan potente como resistente! Nuestras aletas, dise\u00f1adas espec\u00edficamente para las tablas de SUP inflables Lozen y estandardes, son aptas para la mayor\u00eda de los modelos disponibles en el mercado.","og_url":"https:\/\/lozen-sport.com\/en\/shop\/stand-up-paddle-board-accessories\/removable-fin-inflatable-paddle-board\/","og_site_name":"LOZEN","article_modified_time":"2025-11-30T10:16:06+00:00","og_image":[{"width":1000,"height":1000,"url":"https:\/\/lozen-sport.com\/wp-content\/uploads\/2017\/06\/LB7580-AILERON-DEMONTABLE-PLASTIQUE-GRANDE-TAILLE-SIDE-BLACK-2015.jpg","type":"image\/jpeg"}],"twitter_card":"summary_large_image","twitter_misc":{"Est. reading time":"2 minutes"},"schema":{"@context":"https:\/\/schema.org","@graph":[{"@type":"WebPage","@id":"https:\/\/lozen-sport.com\/en\/shop\/stand-up-paddle-board-accessories\/removable-fin-inflatable-paddle-board\/","url":"https:\/\/lozen-sport.com\/en\/shop\/stand-up-paddle-board-accessories\/removable-fin-inflatable-paddle-board\/","name":"Aileron Standard pour SUP - Accessoires SUP Lozen","isPartOf":{"@id":"https:\/\/lozen-sport.com\/#website"},"primaryImageOfPage":{"@id":"https:\/\/lozen-sport.com\/en\/shop\/stand-up-paddle-board-accessories\/removable-fin-inflatable-paddle-board\/#primaryimage"},"image":{"@id":"https:\/\/lozen-sport.com\/en\/shop\/stand-up-paddle-board-accessories\/removable-fin-inflatable-paddle-board\/#primaryimage"},"thumbnailUrl":"https:\/\/lozen-sport.com\/wp-content\/uploads\/2017\/06\/LB7580-AILERON-DEMONTABLE-PLASTIQUE-GRANDE-TAILLE-SIDE-BLACK-2015.jpg","datePublished":"2017-05-07T14:47:44+00:00","dateModified":"2025-11-30T10:16:06+00:00","description":"Para que una tabla de Stand Up Paddle mantenga el rumbo, necesita una buena aleta, \u00a1tan potente como resistente! Nuestras aletas, dise\u00f1adas espec\u00edficamente para las tablas de SUP inflables Lozen y estandardes, son aptas para la mayor\u00eda de los modelos disponibles en el mercado.","breadcrumb":{"@id":"https:\/\/lozen-sport.com\/en\/shop\/stand-up-paddle-board-accessories\/removable-fin-inflatable-paddle-board\/#breadcrumb"},"inLanguage":"en-US","potentialAction":[{"@type":"ReadAction","target":["https:\/\/lozen-sport.com\/en\/shop\/stand-up-paddle-board-accessories\/removable-fin-inflatable-paddle-board\/"]}]},{"@type":"ImageObject","inLanguage":"en-US","@id":"https:\/\/lozen-sport.com\/en\/shop\/stand-up-paddle-board-accessories\/removable-fin-inflatable-paddle-board\/#primaryimage","url":"https:\/\/lozen-sport.com\/wp-content\/uploads\/2017\/06\/LB7580-AILERON-DEMONTABLE-PLASTIQUE-GRANDE-TAILLE-SIDE-BLACK-2015.jpg","contentUrl":"https:\/\/lozen-sport.com\/wp-content\/uploads\/2017\/06\/LB7580-AILERON-DEMONTABLE-PLASTIQUE-GRANDE-TAILLE-SIDE-BLACK-2015.jpg","width":1000,"height":1000},{"@type":"BreadcrumbList","@id":"https:\/\/lozen-sport.com\/en\/shop\/stand-up-paddle-board-accessories\/removable-fin-inflatable-paddle-board\/#breadcrumb","itemListElement":[{"@type":"ListItem","position":1,"name":"Accueil","item":"https:\/\/lozen-sport.com\/en\/"},{"@type":"ListItem","position":2,"name":"Produits","item":"https:\/\/lozen-sport.com\/shop\/"},{"@type":"ListItem","position":3,"name":"REMOVABLE PADDLE BOARD FIN"}]},{"@type":"WebSite","@id":"https:\/\/lozen-sport.com\/#website","url":"https:\/\/lozen-sport.com\/","name":"LOZEN","description":"LE SUP POUR TOUS","potentialAction":[{"@type":"SearchAction","target":{"@type":"EntryPoint","urlTemplate":"https:\/\/lozen-sport.com\/?s={search_term_string}"},"query-input":{"@type":"PropertyValueSpecification","valueRequired":true,"valueName":"search_term_string"}}],"inLanguage":"en-US"}]}},"_links":{"self":[{"href":"https:\/\/lozen-sport.com\/en\/wp-json\/wp\/v2\/product\/1867","targetHints":{"allow":["GET"]}}],"collection":[{"href":"https:\/\/lozen-sport.com\/en\/wp-json\/wp\/v2\/product"}],"about":[{"href":"https:\/\/lozen-sport.com\/en\/wp-json\/wp\/v2\/types\/product"}],"replies":[{"embeddable":true,"href":"https:\/\/lozen-sport.com\/en\/wp-json\/wp\/v2\/comments?post=1867"}],"wp:featuredmedia":[{"embeddable":true,"href":"https:\/\/lozen-sport.com\/en\/wp-json\/wp\/v2\/media\/2027"}],"wp:attachment":[{"href":"https:\/\/lozen-sport.com\/en\/wp-json\/wp\/v2\/media?parent=1867"}],"wp:term":[{"taxonomy":"product_brand","embeddable":true,"href":"https:\/\/lozen-sport.com\/en\/wp-json\/wp\/v2\/product_brand?post=1867"},{"taxonomy":"product_cat","embeddable":true,"href":"https:\/\/lozen-sport.com\/en\/wp-json\/wp\/v2\/product_cat?post=1867"},{"taxonomy":"product_tag","embeddable":true,"href":"https:\/\/lozen-sport.com\/en\/wp-json\/wp\/v2\/product_tag?post=1867"}],"curies":[{"name":"wp","href":"https:\/\/api.w.org\/{rel}","templated":true}]}}