{"id":2355,"date":"2017-02-03T14:29:44","date_gmt":"2017-02-03T14:29:44","guid":{"rendered":"http:\/\/lozen-sport.com\/mentions-legales\/"},"modified":"2025-09-02T16:13:16","modified_gmt":"2025-09-02T14:13:16","slug":"mentions-legales","status":"publish","type":"page","link":"https:\/\/lozen-sport.com\/es\/mentions-legales\/","title":{"rendered":"MENTIONS L\u00c9GALES LOZEN"},"content":{"rendered":"[et_pb_section fb_built=\u00bb1&#8243; custom_padding_last_edited=\u00bbon|desktop\u00bb _builder_version=\u00bb4.16&#8243; background_color=\u00bb#ff0000&#8243; custom_padding_tablet=\u00bb50px|0|50px|0&#8243; custom_padding_phone=\u00bb\u00bb transparent_background=\u00bboff\u00bb padding_mobile=\u00bboff\u00bb make_fullwidth=\u00bboff\u00bb use_custom_width=\u00bboff\u00bb width_unit=\u00bbon\u00bb custom_width_px=\u00bb1080px\u00bb custom_width_percent=\u00bb80%\u00bb global_colors_info=\u00bb{}\u00bb theme_builder_area=\u00bbpost_content\u00bb][et_pb_row column_structure=\u00bb1_2,1_2&#8243; _builder_version=\u00bb4.16&#8243; background_size=\u00bbinitial\u00bb background_position=\u00bbtop_left\u00bb background_repeat=\u00bbrepeat\u00bb make_fullwidth=\u00bboff\u00bb use_custom_width=\u00bboff\u00bb width_unit=\u00bboff\u00bb custom_width_px=\u00bb1080px\u00bb custom_width_percent=\u00bb80%\u00bb global_colors_info=\u00bb{}\u00bb theme_builder_area=\u00bbpost_content\u00bb][et_pb_column type=\u00bb1_2&#8243; _builder_version=\u00bb4.16&#8243; custom_padding=\u00bb|||\u00bb global_colors_info=\u00bb{}\u00bb custom_padding__hover=\u00bb|||\u00bb theme_builder_area=\u00bbpost_content\u00bb][et_pb_text admin_label=\u00bbINTRODUCTION PRODUIT\u00bb _builder_version=\u00bb4.27.0&#8243; background_size=\u00bbinitial\u00bb background_position=\u00bbtop_left\u00bb background_repeat=\u00bbrepeat\u00bb text_orientation=\u00bbjustified\u00bb background_layout=\u00bbdark\u00bb custom_margin=\u00bb25px|||\u00bb border_style=\u00bbsolid\u00bb global_colors_info=\u00bb{}\u00bb theme_builder_area=\u00bbpost_content\u00bb]\n<h1 style=\"text-align: left;\"><span style=\"font-size: 32pt;\"><strong>MENTIONS L\u00c9GALES<\/strong><\/span><\/h1>\n<p><span style=\"font-size: 14pt;\">Nous vous remercions de votre visite sur le site www.lozen-sport.com Vous trouverez sur cette page toutes les r\u00e8gles et conditions li\u00e9es \u00e0 l&#8217;utilisation de ce site, notamment concernant le traitement des donn\u00e9es personnelles. <strong>En continuant votre visite sur ce ce site, vous vous engagez \u00e0 vous y conformer et \u00e0 les respecter.<\/strong> Pour signaler un contenu manifestement illicite ou ind\u00e9sirable, vous pouvez envoyer un courriel \u00e0 <strong>hello@mooving-brands.com<\/strong>\u00a0en pr\u00e9cisant :<\/span><\/p>\n<p><span style=\"font-size: 14pt;\"> \u2022 L&#8217;adresse de la page concern\u00e9e ;<\/span><br \/><span style=\"font-size: 14pt;\"> \u2022 Le contenu consid\u00e9r\u00e9 comme illicite ;<\/span><br \/><span style=\"font-size: 14pt;\"> \u2022 La date de d\u00e9couverte ;<\/span><br \/><span style=\"font-size: 14pt;\"> \u2022 Votre identit\u00e9 (nom et coordonn\u00e9es compl\u00e8tes).<\/span><\/p>\n[\/et_pb_text][\/et_pb_column][et_pb_column type=\u00bb1_2&#8243; _builder_version=\u00bb4.16&#8243; custom_padding=\u00bb|||\u00bb global_colors_info=\u00bb{}\u00bb custom_padding__hover=\u00bb|||\u00bb theme_builder_area=\u00bbpost_content\u00bb][\/et_pb_column][\/et_pb_row][\/et_pb_section][et_pb_section fb_built=\u00bb1&#8243; custom_padding_last_edited=\u00bbon|desktop\u00bb admin_label=\u00bbsection\u00bb _builder_version=\u00bb4.16&#8243; background_color=\u00bb#ffffff\u00bb custom_padding_tablet=\u00bb50px|0|50px|0&#8243; custom_padding_phone=\u00bb\u00bb transparent_background=\u00bboff\u00bb padding_mobile=\u00bboff\u00bb make_fullwidth=\u00bboff\u00bb use_custom_width=\u00bboff\u00bb width_unit=\u00bbon\u00bb custom_width_px=\u00bb1080px\u00bb custom_width_percent=\u00bb80%\u00bb global_colors_info=\u00bb{}\u00bb theme_builder_area=\u00bbpost_content\u00bb][et_pb_row _builder_version=\u00bb4.16&#8243; background_size=\u00bbinitial\u00bb background_position=\u00bbtop_left\u00bb background_repeat=\u00bbrepeat\u00bb make_fullwidth=\u00bboff\u00bb use_custom_width=\u00bboff\u00bb width_unit=\u00bboff\u00bb custom_width_px=\u00bb1080px\u00bb custom_width_percent=\u00bb80%\u00bb global_colors_info=\u00bb{}\u00bb theme_builder_area=\u00bbpost_content\u00bb][et_pb_column type=\u00bb4_4&#8243; _builder_version=\u00bb4.16&#8243; custom_padding=\u00bb|||\u00bb global_colors_info=\u00bb{}\u00bb custom_padding__hover=\u00bb|||\u00bb theme_builder_area=\u00bbpost_content\u00bb][et_pb_text admin_label=\u00bbTEXTE DES MENTIONS LEGALES\u00bb _builder_version=\u00bb4.27.0&#8243; text_font_size=\u00bb13&#8243; background_size=\u00bbinitial\u00bb background_position=\u00bbtop_left\u00bb background_repeat=\u00bbrepeat\u00bb text_orientation=\u00bbjustified\u00bb border_style=\u00bbsolid\u00bb global_colors_info=\u00bb{}\u00bb theme_builder_area=\u00bbpost_content\u00bb]\n<h2><span style=\"font-size: xx-large; color: #ff0000;\">1.\u00a0Pr\u00e9sentation du site<\/span><\/h2>\n<p><span style=\"font-size: 17.3333px;\">Ce site est \u00e9dit\u00e9 par MOOVING, soci\u00e9t\u00e9 immatricul\u00e9e au RCS Manosque 343 208 948 au capital de 45 734,71 \u20ac.<\/span><\/p>\n<p><span style=\"font-size: 17.3333px;\">Si\u00e8ge social : 1264 Avenue de Traversetolo 04 700 ORAISON.<\/span><\/p>\n<p><span style=\"font-size: 17.3333px;\">N\u00b0 d\u2019identification \u00e0 la TVA : FR 83343208948<\/span><\/p>\n<p><span style=\"font-size: 17.3333px;\">N\u00b0 tel : +33 (0)4 92 79 77 03<\/span><\/p>\n<p><span style=\"font-size: 17.3333px;\">Mail : <a href=\"mailto:hello@mooving-brands.com\">hello@mooving-brands.com<\/a><\/span><\/p>\n<p><span style=\"font-size: 17.3333px;\">Cr\u00e9ateur du site : Guillaume Barbier &#8211; <a href=\"mailto:guillaume@mooving-brands.com\">guillaume@mooving-brands.com<\/a><\/span><\/p>\n<p><span style=\"font-size: 17.3333px;\">Directeur de la publication : Guillaume Barbier &#8211; <a href=\"mailto:guillaume@lozen-sport.com\">guillaume@<\/a><a href=\"mailto:guillaume@mooving-brands.com\">mooving-brands.com<\/a><\/span><\/p>\n<h2 style=\"background-color: #ffffff;\"><span style=\"font-size: xx-large; color: #ff0000;\">2.\u00a0H\u00e9bergement du site<\/span><\/h2>\n<p>HOSTINGER INTERNATIONAL LTD<\/p>\n<p>61 Lordou Vironos Street,<\/p>\n<p>6023 Larnaca,<\/p>\n<p>Chypre<\/p>\n<h2 style=\"background-color: #ffffff;\"><span style=\"font-size: xx-large; color: #ff0000;\">3.\u00a0Donn\u00e9es personnelles<\/span><\/h2>\n<p><span style=\"font-size: 17.3333px;\">Les donn\u00e9es personnelles sont collect\u00e9es par MOOVING, soci\u00e9t\u00e9 immatricul\u00e9e au RCS Manosque 343 208 948 au capital de 45 734,71 \u20ac et dont le si\u00e8ge social se situe au 1264 Avenue de Traversetolo 04 700 ORAISON.<\/span><\/p>\n<p><span style=\"font-size: 17.3333px;\">Les donn\u00e9es collect\u00e9es et trait\u00e9es concernent principalement la gestion de vos commandes : noms, pr\u00e9noms, adresses, mail, num\u00e9ro de t\u00e9l\u00e9phone, adresse IP, donn\u00e9es de connexions et donn\u00e9es de navigation, historiques de commandes, produits consult\u00e9s, incidents de livraisons, r\u00e9clamations.<\/span><\/p>\n<p><span style=\"font-size: 17.3333px;\">Lors des commandes, les donn\u00e9es bancaires saisies pour les besoins du paiement seront collect\u00e9es et conserv\u00e9es par notre prestataire Stripe (Certifi\u00e9 PCI Service Provider Level 1) ou Paypal.<\/span><\/p>\n<p><span style=\"font-size: 17.3333px;\">Pour \u00e9tablir des statistiques, le site peut \u00e9galement r\u00e9colter certaines donn\u00e9es comme le nombre de visites ou les pages consult\u00e9es. Ces donn\u00e9es sont destin\u00e9es \u00e0 un usage interne et seront trait\u00e9es par la ou les personnes responsables du traitement chez MOOVING SARL.<\/span><\/p>\n<p><span style=\"font-size: 17.3333px;\">Ces donn\u00e9es nous permettent :<\/span><\/p>\n<p><span style=\"font-size: 17.3333px;\">\u2013 De g\u00e9rer vos commandes ;<\/span><\/p>\n<p><span style=\"font-size: 17.3333px;\">\u2013 D&#8217;optimiser nos services et vous faciliter la navigation ;<\/span><\/p>\n<p><span style=\"font-size: 17.3333px;\">\u2013 D&#8217;\u00e9ventuellement vous envoyer des informations concernant Lozen ;<\/span><\/p>\n<p><span style=\"font-size: 17.3333px;\">\u2013 D&#8217;\u00e9viter tout risque de fraude ou d&#8217;abus sur notre site.<\/span><\/p>\n<p><span style=\"font-size: 17.3333px;\">Ces donn\u00e9es seront conserv\u00e9es pendant 10 ann\u00e9es, dur\u00e9e n\u00e9cessaire aux finalit\u00e9s du traitement pour lequel elles ont \u00e9t\u00e9 enregistr\u00e9es.<\/span><\/p>\n<p><span style=\"font-size: 17.3333px;\">Acc\u00e8s, rectification ou opposition : Conform\u00e9ment aux dispositions de la loi n\u00b0 78-17 du 6 janvier 1978 \u00ab Loi Informatique \u00bb relative \u00e0 l\u2019informatique, aux fichiers et aux libert\u00e9s, modifi\u00e9e par la loi n\u00b0 2004-801 du 6 ao\u00fbt 2004, vous pouvez exercer vos droits d\u2019acc\u00e8s, de rectification ou d\u2019opposition en vous adressant au service suivant :<\/span><\/p>\n<p><span style=\"font-size: 17.3333px;\">MOOVING &#8211; LOZEN \u2013 1264 Avenue de Traversetolo 04 700 ORAISON<\/span><\/p>\n<p><span style=\"font-size: 17.3333px;\">D\u00e9claration : Les traitements de donn\u00e9es par MOOVING sont d\u00e9clar\u00e9s aupr\u00e8s de la C.N.I.L. (Commission nationale de l\u2019informatique et des libert\u00e9s) sous le num\u00e9ro 2038548 v 0<\/span><span style=\"font-size: 17.3333px;\">.<\/span><\/p>\n<p><span style=\"font-size: 17.3333px;\">Cookies : MOOVING emploie des cookies \u00e0 des fins d\u2019utilisation du Site, de personnalisation de votre navigation, ou encore de permettre la sauvegarde de votre panier. Les cookies sont d\u00e9finis comme une information conserv\u00e9e sur votre ordinateur par un site web que vous visitez. Ils ont notamment pour but de collecter des informations relatives \u00e0 votre navigation sur les sites et de vous adresser des services personnalis\u00e9s.<\/span><\/p>\n<p><span style=\"font-size: 17.3333px;\">Dans votre ordinateur, les cookies sont g\u00e9r\u00e9s par votre navigateur internet. Si vous ne souhaitez pas que nous utilisions des cookies, veuillez configurer votre navigateur en cons\u00e9quence. Pour cela, vous pouvez vous rendre \u00e0 la rubrique \u00ab Aide \u00bb de la plupart des navigateurs qui vous indiqueront comment refuser ces cookies ou encore vous permettront d\u2019obtenir un message vous signalant leur r\u00e9ception.<\/span><\/p>\n<p><span style=\"font-size: 17.3333px;\">La d\u00e9sactivation de certains cookies pourrait cependant emp\u00eacher l\u2019utilisation de certaines fonctionnalit\u00e9s du Site. Il s\u2019agit des cookies n\u00e9cessaires au fonctionnement de notre site comme par exemple les cookies permettant la sauvegarde de votre panier ou encore la connexion \u00e0 votre compte.<\/span><\/p>\n<p><span style=\"font-size: 17.3333px;\">Il est par ailleurs convenu que la poursuite de la navigation vaut acceptation, et la dur\u00e9e de validit\u00e9 de votre consentement est de treize (13) mois maximum. Si vous acceptez nos cookies, ils resteront stock\u00e9s dans votre ordinateur pendant cinq (5) ans, \u00e0 moins que vous ne les supprimiez.<\/span><\/p>\n<h2 style=\"background-color: #ffffff;\"><span style=\"font-size: xx-large; color: #ff0000;\">4.\u00a0Responsabilit\u00e9<\/span><\/h2>\n<p><span style=\"font-size: 17.3333px;\">Le site https:\/\/lozen-sport.com a pour objetif de fournir des informations concernant l\u2019ensemble des activit\u00e9s de la soci\u00e9t\u00e9. MOOVING s\u2019efforce de fournir des informations aussi pr\u00e9cises que possible sur le site. Toutes les informations disponibles sur le site https:\/\/lozen-sport.com sont donn\u00e9es \u00e0 titre indicatif. \u00a0MOOVING, propri\u00e9taire de ce Site, fait de son mieux pour assurer la fiabilit\u00e9 de l\u2019ensemble des informations fournies sur le Site au moment de leur mise en ligne et \u00e0 travers les mises \u00e0 jour. Cependant, l&#8217;usage ou l&#8217;interpr\u00e9tation de ces informations reste sous votre responsabilit\u00e9 exclusive. MOOVING d\u00e9cline toute responsabilit\u00e9 pour tous dommages, directs ou indirects, quelles qu\u2019en soient les causes, origines, natures ou cons\u00e9quences, provoqu\u00e9s \u00e0 raison de l\u2019acc\u00e8s de quiconque au Site ou de l\u2019impossibilit\u00e9 d\u2019y acc\u00e9der.<\/span><\/p>\n<p><span style=\"font-size: 17.3333px;\">MOOVING se r\u00e9serve le droit de faire \u00e9voluer le contenu publi\u00e9 sur ce site \u00e0 tout moment et sans pr\u00e9avis. MOOVING\u00a0 ne saurait \u00eatre tenue responsable des erreurs ou omissions dans les informations diffus\u00e9es ou des probl\u00e8mes techniques rencontr\u00e9s sur le site et sur tous les autres sites vers lesquels il \u00e9tablit des liens.<\/span><\/p>\n<h2 style=\"background-color: #ffffff;\"><span style=\"font-size: xx-large; color: #ff0000;\">5.\u00a0Propri\u00e9t\u00e9 intellectuelle<\/span><\/h2>\n<p><span style=\"font-size: 17.3333px;\">MOOVING est propri\u00e9taire du site. Sauf mention contraire, les droits de propri\u00e9t\u00e9 intellectuelle sur les \u00e9l\u00e9ments accessibles au site sont la propri\u00e9t\u00e9 exclusive de MOOVING. MOOVING ne conc\u00e9dant aucune licence, ni aucun autre droit que celui de consulter le Site.<\/span><\/p>\n<p><span style=\"font-size: 17.3333px;\">En cons\u00e9quence, sans accord pr\u00e9alable et \u00e9crit de la part de MOOVING, toute reproduction int\u00e9grale ou partielle, sur quelque support que ce soit, par quelque moyen que ce soit, notamment des textes et photographies est strictement interdite. La reproduction, l\u2019adaptation, la modification, la distribution ou utilisation notamment \u00e0 des fins commerciales de ces \u00e9l\u00e9ments pourra faire l\u2019objet de toute action appropri\u00e9e, notamment d\u2019une action en contrefa\u00e7on.<\/span><\/p>\n<p><span style=\"font-size: 17.3333px;\">Les bases de donn\u00e9es d\u2019informations sont prot\u00e9g\u00e9es au titre de la loi du 1er juillet 1998. Ainsi, toute extraction ou tentative d\u2019extraction, fut-elle totale ou partielle, du Site est susceptible d\u2019engager les responsabilit\u00e9s civile et p\u00e9nale de tout contrevenant. Il vous est donc interdit de proc\u00e9der \u00e0 une extraction qualitativement ou quantitativement substantielle des bases de donn\u00e9es mises en ligne sur le Site.<\/span><\/p>\n<p><span style=\"font-size: xx-large; color: #ff0000;\">6. Cr\u00e9dit<\/span><\/p>\n<p><span style=\"font-size: 17.3333px;\">\u00a9 MOOVING<\/span><\/p>\n[\/et_pb_text][\/et_pb_column][\/et_pb_row][\/et_pb_section]\n","protected":false},"excerpt":{"rendered":"<p>MENTIONS L\u00c9GALES Nous vous remercions de votre visite sur le site www.lozen-sport.com Vous trouverez sur cette page toutes les r\u00e8gles et conditions li\u00e9es \u00e0 l&#8217;utilisation de ce site, notamment concernant le traitement des donn\u00e9es personnelles. En continuant votre visite sur ce ce site, vous vous engagez \u00e0 vous y conformer et \u00e0 les respecter. Pour [&hellip;]<\/p>\n","protected":false},"author":1,"featured_media":0,"parent":0,"menu_order":0,"comment_status":"closed","ping_status":"closed","template":"","meta":{"_et_pb_use_builder":"on","_et_pb_old_content":"","_et_gb_content_width":"","content-type":"","footnotes":""},"class_list":["post-2355","page","type-page","status-publish","hentry"],"yoast_head":"<!-- This site is optimized with the Yoast SEO plugin v25.9 - https:\/\/yoast.com\/wordpress\/plugins\/seo\/ -->\n<title>MENTIONS L\u00c9GALES - LOZEN SPORT<\/title>\n<meta name=\"description\" content=\"Mentions l\u00e9gales. Vous trouverez sur cette page les r\u00e8gles et conditions gouvernant l&#039;utilisation du site www.lozen-sport.com\" \/>\n<meta name=\"robots\" content=\"index, follow, max-snippet:-1, max-image-preview:large, max-video-preview:-1\" \/>\n<link rel=\"canonical\" href=\"https:\/\/lozen-sport.com\/mentions-legales\/\" \/>\n<meta property=\"og:locale\" content=\"es_ES\" \/>\n<meta property=\"og:type\" content=\"article\" \/>\n<meta property=\"og:title\" content=\"MENTIONS L\u00c9GALES - LOZEN SPORT\" \/>\n<meta property=\"og:description\" content=\"Mentions l\u00e9gales. Vous trouverez sur cette page les r\u00e8gles et conditions gouvernant l&#039;utilisation du site www.lozen-sport.com\" \/>\n<meta property=\"og:url\" content=\"https:\/\/lozen-sport.com\/mentions-legales\/\" \/>\n<meta property=\"og:site_name\" content=\"LOZEN\" \/>\n<meta property=\"article:modified_time\" content=\"2025-09-02T14:13:16+00:00\" \/>\n<meta name=\"twitter:card\" content=\"summary_large_image\" \/>\n<meta name=\"twitter:label1\" content=\"Tiempo de lectura\" \/>\n\t<meta name=\"twitter:data1\" content=\"7 minutos\" \/>\n<script type=\"application\/ld+json\" class=\"yoast-schema-graph\">{\"@context\":\"https:\/\/schema.org\",\"@graph\":[{\"@type\":\"WebPage\",\"@id\":\"https:\/\/lozen-sport.com\/mentions-legales\/\",\"url\":\"https:\/\/lozen-sport.com\/mentions-legales\/\",\"name\":\"MENTIONS L\u00c9GALES - LOZEN SPORT\",\"isPartOf\":{\"@id\":\"https:\/\/lozen-sport.com\/#website\"},\"datePublished\":\"2017-02-03T14:29:44+00:00\",\"dateModified\":\"2025-09-02T14:13:16+00:00\",\"description\":\"Mentions l\u00e9gales. Vous trouverez sur cette page les r\u00e8gles et conditions gouvernant l'utilisation du site www.lozen-sport.com\",\"breadcrumb\":{\"@id\":\"https:\/\/lozen-sport.com\/mentions-legales\/#breadcrumb\"},\"inLanguage\":\"es\",\"potentialAction\":[{\"@type\":\"ReadAction\",\"target\":[\"https:\/\/lozen-sport.com\/mentions-legales\/\"]}]},{\"@type\":\"BreadcrumbList\",\"@id\":\"https:\/\/lozen-sport.com\/mentions-legales\/#breadcrumb\",\"itemListElement\":[{\"@type\":\"ListItem\",\"position\":1,\"name\":\"Accueil\",\"item\":\"https:\/\/lozen-sport.com\/es\/\"},{\"@type\":\"ListItem\",\"position\":2,\"name\":\"MENTIONS L\u00c9GALES LOZEN\"}]},{\"@type\":\"WebSite\",\"@id\":\"https:\/\/lozen-sport.com\/#website\",\"url\":\"https:\/\/lozen-sport.com\/\",\"name\":\"LOZEN\",\"description\":\"LE SUP POUR TOUS\",\"potentialAction\":[{\"@type\":\"SearchAction\",\"target\":{\"@type\":\"EntryPoint\",\"urlTemplate\":\"https:\/\/lozen-sport.com\/?s={search_term_string}\"},\"query-input\":{\"@type\":\"PropertyValueSpecification\",\"valueRequired\":true,\"valueName\":\"search_term_string\"}}],\"inLanguage\":\"es\"}]}<\/script>\n<!-- \/ Yoast SEO plugin. -->","yoast_head_json":{"title":"MENTIONS L\u00c9GALES - LOZEN SPORT","description":"Mentions l\u00e9gales. Vous trouverez sur cette page les r\u00e8gles et conditions gouvernant l'utilisation du site www.lozen-sport.com","robots":{"index":"index","follow":"follow","max-snippet":"max-snippet:-1","max-image-preview":"max-image-preview:large","max-video-preview":"max-video-preview:-1"},"canonical":"https:\/\/lozen-sport.com\/mentions-legales\/","og_locale":"es_ES","og_type":"article","og_title":"MENTIONS L\u00c9GALES - LOZEN SPORT","og_description":"Mentions l\u00e9gales. Vous trouverez sur cette page les r\u00e8gles et conditions gouvernant l'utilisation du site www.lozen-sport.com","og_url":"https:\/\/lozen-sport.com\/mentions-legales\/","og_site_name":"LOZEN","article_modified_time":"2025-09-02T14:13:16+00:00","twitter_card":"summary_large_image","twitter_misc":{"Tiempo de lectura":"7 minutos"},"schema":{"@context":"https:\/\/schema.org","@graph":[{"@type":"WebPage","@id":"https:\/\/lozen-sport.com\/mentions-legales\/","url":"https:\/\/lozen-sport.com\/mentions-legales\/","name":"MENTIONS L\u00c9GALES - LOZEN SPORT","isPartOf":{"@id":"https:\/\/lozen-sport.com\/#website"},"datePublished":"2017-02-03T14:29:44+00:00","dateModified":"2025-09-02T14:13:16+00:00","description":"Mentions l\u00e9gales. Vous trouverez sur cette page les r\u00e8gles et conditions gouvernant l'utilisation du site www.lozen-sport.com","breadcrumb":{"@id":"https:\/\/lozen-sport.com\/mentions-legales\/#breadcrumb"},"inLanguage":"es","potentialAction":[{"@type":"ReadAction","target":["https:\/\/lozen-sport.com\/mentions-legales\/"]}]},{"@type":"BreadcrumbList","@id":"https:\/\/lozen-sport.com\/mentions-legales\/#breadcrumb","itemListElement":[{"@type":"ListItem","position":1,"name":"Accueil","item":"https:\/\/lozen-sport.com\/es\/"},{"@type":"ListItem","position":2,"name":"MENTIONS L\u00c9GALES LOZEN"}]},{"@type":"WebSite","@id":"https:\/\/lozen-sport.com\/#website","url":"https:\/\/lozen-sport.com\/","name":"LOZEN","description":"LE SUP POUR TOUS","potentialAction":[{"@type":"SearchAction","target":{"@type":"EntryPoint","urlTemplate":"https:\/\/lozen-sport.com\/?s={search_term_string}"},"query-input":{"@type":"PropertyValueSpecification","valueRequired":true,"valueName":"search_term_string"}}],"inLanguage":"es"}]}},"_links":{"self":[{"href":"https:\/\/lozen-sport.com\/es\/wp-json\/wp\/v2\/pages\/2355","targetHints":{"allow":["GET"]}}],"collection":[{"href":"https:\/\/lozen-sport.com\/es\/wp-json\/wp\/v2\/pages"}],"about":[{"href":"https:\/\/lozen-sport.com\/es\/wp-json\/wp\/v2\/types\/page"}],"author":[{"embeddable":true,"href":"https:\/\/lozen-sport.com\/es\/wp-json\/wp\/v2\/users\/1"}],"replies":[{"embeddable":true,"href":"https:\/\/lozen-sport.com\/es\/wp-json\/wp\/v2\/comments?post=2355"}],"version-history":[{"count":2,"href":"https:\/\/lozen-sport.com\/es\/wp-json\/wp\/v2\/pages\/2355\/revisions"}],"predecessor-version":[{"id":5432,"href":"https:\/\/lozen-sport.com\/es\/wp-json\/wp\/v2\/pages\/2355\/revisions\/5432"}],"wp:attachment":[{"href":"https:\/\/lozen-sport.com\/es\/wp-json\/wp\/v2\/media?parent=2355"}],"curies":[{"name":"wp","href":"https:\/\/api.w.org\/{rel}","templated":true}]}}