{"id":2393,"date":"2017-09-06T12:29:33","date_gmt":"2017-09-06T12:29:33","guid":{"rendered":"http:\/\/lozen-sport.com\/accessoires-sup\/"},"modified":"2019-02-15T18:51:07","modified_gmt":"2019-02-15T16:51:07","slug":"sup-accessorios","status":"publish","type":"page","link":"https:\/\/lozen-sport.com\/es\/sup-accessorios\/","title":{"rendered":"ACCESSORIOS"},"content":{"rendered":"[et_pb_section bb_built=\u00bb1&#8243;][et_pb_row][et_pb_column type=\u00bb4_4&#8243;][et_pb_text _builder_version=\u00bb3.19.14&#8243;]\n<h1 style=\"text-align: justify;\">Accesorios para stand up paddle inflables a precios asequibles<br \/>\n<\/h1>\n<p style=\"text-align: justify;\">Para garantizarte la mejor experiencia deportiva, nuestros stand up paddles inflables vienen acompa\u00f1ados de todos los accesorios indispensables, tanto para el uso como para el mantenimiento.<\/p>\n<p>Nuestras tablas se venden de serie con un inflador, un leash, un remo, una aleta, un kit de reparaci\u00f3n y una bolsa de almacenamiento. Al incluir este equipamiento directamente con cada una de nuestras tablas, te proporcionamos material a bajo precio.<br \/>\nSin embargo, no todos los accesorios para los stand up paddle inflables vienen con las tablas Por esta raz\u00f3n, Lozen te ofrece aqu\u00ed todos los productos de su gama accesoria.<\/p>\n[\/et_pb_text][et_pb_shop _builder_version=\u00bb3.19.14&#8243; type=\u00bbproduct_category\u00bb include_categories=\u00bb75&#8243; columns_number=\u00bb0&#8243; \/][\/et_pb_column][\/et_pb_row][et_pb_row][et_pb_column type=\u00bb1_2&#8243;][et_pb_text _builder_version=\u00bb3.19.14&#8243;]\n<h3>Seguridad<\/h3>\n<p style=\"text-align: justify;\">Un deporte n\u00e1utico implica riesgos, normalmente m\u00ednimos, pero que hay que tener en cuenta. Para prevenir cualquier eventualidad, te ofrecemos varios modelos de chalecos salvavidas adaptados a tu estructura corporal y a tu uso: desde el SUP en mar abierto hasta el surf en la orilla, pasando por las canoas y kayaks en r\u00edo y la pesca.<\/p>\n<p style=\"text-align: justify;\">Los chalecos est\u00e1n equipados con una cremallera frontal, as\u00ed como varias tiras reflectantes y hebillas de ajuste que permiten sujetarlo firmemente sobre el pecho. El modelo de pesca cuenta con numerosos espacios de almacenamiento adaptados a esta actividad, mientras que el modelo infantil est\u00e1 equipado con un silbato para mayor seguridad.<\/p>\n[\/et_pb_text][\/et_pb_column][et_pb_column type=\u00bb1_2&#8243;][et_pb_text _builder_version=\u00bb3.19.14&#8243;]\n<h3 style=\"text-align: justify;\">Transporte<\/h3>\n<p style=\"text-align: justify;\">Para facilitar los traslados del stand up paddle inflable, se guarda f\u00e1cilmente en su bolsa de transporte, que es m\u00e1s grande y ligeramente m\u00e1s gruesa que una mochila est\u00e1ndar, pero est\u00e1 dise\u00f1ada especialmente para facilitarte los desplazamientos.<\/p>\n<p style=\"text-align: justify;\">Una vez llena, las dimensiones de la bolsa son similares a las de una mochila de senderismo y su forma rectangular permite llevarla f\u00e1cilmente en el maletero o en la cabina de un avi\u00f3n o tren.<\/p>\n<p style=\"text-align: justify;\">Esta bolsa de transporte para SUP inflable, resistente, pr\u00e1ctica, compacta y c\u00f3moda, \u00a1es tambi\u00e9n impermeable!<\/p>\n[\/et_pb_text][\/et_pb_column][\/et_pb_row][et_pb_row][et_pb_column type=\u00bb4_4&#8243;][et_pb_text _builder_version=\u00bb3.19.14&#8243;]\n<h3 style=\"text-align: justify;\">Rendimiento<\/h3>\n<p style=\"text-align: justify;\">Para aprovechar al m\u00e1ximo la capacidad de tu stand up paddle inflable, tienes que equiparlo con una aleta de calidad y un buen modelo de pala.<\/p>\n<p style=\"text-align: justify;\">M\u00e1s all\u00e1 de su forma y sus dimensiones, una tabla de SUP debe ir acompa\u00f1ada de una aleta potente, dise\u00f1ada para un paddle inflable. El modelo de 18 x 3 cm que proponemos combina potencia y resistencia para que puedas sacar el m\u00e1ximo partido de tu tabla.<\/p>\n<p style=\"text-align: justify;\">Es muy f\u00e1cil de fijar a la parte trasera del SUP y tambi\u00e9n puede utilizarse con gran n\u00famero de modelos inflables est\u00e1ndar.<\/p>\n<p style=\"text-align: justify;\">En cuanto a los remos, hemos optado por modelos de palas modulares para que todos puedan disfrutar de la tabla. Puedes prest\u00e1rsela a tus amigos o dejar que tus hijos naveguen con ella sin tener que comprar una nueva pala adaptada a su tama\u00f1o. Nuestros remos para SUP inflable, fabricados en aluminio y nailon reforzado con fibra de vidrio, son muy resistentes.<\/p>\n[\/et_pb_text][\/et_pb_column][\/et_pb_row][\/et_pb_section]\n","protected":false},"excerpt":{"rendered":"<p><div class=\"et_pb_row et_pb_row_0 et_pb_row_empty\">\n\t\t\t\t\n\t\t\t\t\n\t\t\t\t\n\t\t\t\t\n\t\t\t\t\n\t\t\t<\/div> Accesorios para stand up paddle inflables a precios asequibles Para garantizarte la mejor experiencia deportiva, nuestros stand up paddles inflables vienen acompa\u00f1ados de todos los accesorios indispensables, tanto para el uso como para el mantenimiento. Nuestras tablas se venden de serie con un inflador, un leash, un remo, una aleta, un kit de reparaci\u00f3n [&hellip;]<\/p>\n","protected":false},"author":1,"featured_media":0,"parent":0,"menu_order":0,"comment_status":"closed","ping_status":"closed","template":"","meta":{"_et_pb_use_builder":"on","_et_pb_old_content":"","_et_gb_content_width":"","content-type":"","footnotes":""},"class_list":["post-2393","page","type-page","status-publish","hentry"],"yoast_head":"<!-- This site is optimized with the Yoast SEO plugin v25.9 - https:\/\/yoast.com\/wordpress\/plugins\/seo\/ -->\n<title>Accessoire Stand up paddle par Lozen SUP<\/title>\n<meta name=\"description\" content=\"Une large gamme d&#039;accessoire pour Stand Up paddle: pagaie, gilet, leash, sac de transport, ailerons....Optez pour un design francais au meilleur prix.\" \/>\n<meta name=\"robots\" content=\"index, follow, max-snippet:-1, max-image-preview:large, max-video-preview:-1\" \/>\n<link rel=\"canonical\" href=\"https:\/\/lozen-sport.com\/es\/sup-accessorios\/\" \/>\n<meta property=\"og:locale\" content=\"es_ES\" \/>\n<meta property=\"og:type\" content=\"article\" \/>\n<meta property=\"og:title\" content=\"Accessoire Stand up paddle par Lozen SUP\" \/>\n<meta property=\"og:description\" content=\"Une large gamme d&#039;accessoire pour Stand Up paddle: pagaie, gilet, leash, sac de transport, ailerons....Optez pour un design francais au meilleur prix.\" \/>\n<meta property=\"og:url\" content=\"https:\/\/lozen-sport.com\/es\/sup-accessorios\/\" \/>\n<meta property=\"og:site_name\" content=\"LOZEN\" \/>\n<meta property=\"article:modified_time\" content=\"2019-02-15T16:51:07+00:00\" \/>\n<meta name=\"twitter:card\" content=\"summary_large_image\" \/>\n<meta name=\"twitter:label1\" content=\"Tiempo de lectura\" \/>\n\t<meta name=\"twitter:data1\" content=\"3 minutos\" \/>\n<script type=\"application\/ld+json\" class=\"yoast-schema-graph\">{\"@context\":\"https:\/\/schema.org\",\"@graph\":[{\"@type\":\"WebPage\",\"@id\":\"https:\/\/lozen-sport.com\/es\/sup-accessorios\/\",\"url\":\"https:\/\/lozen-sport.com\/es\/sup-accessorios\/\",\"name\":\"Accessoire Stand up paddle par Lozen SUP\",\"isPartOf\":{\"@id\":\"https:\/\/lozen-sport.com\/#website\"},\"datePublished\":\"2017-09-06T12:29:33+00:00\",\"dateModified\":\"2019-02-15T16:51:07+00:00\",\"description\":\"Une large gamme d'accessoire pour Stand Up paddle: pagaie, gilet, leash, sac de transport, ailerons....Optez pour un design francais au meilleur prix.\",\"breadcrumb\":{\"@id\":\"https:\/\/lozen-sport.com\/es\/sup-accessorios\/#breadcrumb\"},\"inLanguage\":\"es\",\"potentialAction\":[{\"@type\":\"ReadAction\",\"target\":[\"https:\/\/lozen-sport.com\/es\/sup-accessorios\/\"]}]},{\"@type\":\"BreadcrumbList\",\"@id\":\"https:\/\/lozen-sport.com\/es\/sup-accessorios\/#breadcrumb\",\"itemListElement\":[{\"@type\":\"ListItem\",\"position\":1,\"name\":\"Accueil\",\"item\":\"https:\/\/lozen-sport.com\/es\/\"},{\"@type\":\"ListItem\",\"position\":2,\"name\":\"ACCESSORIOS\"}]},{\"@type\":\"WebSite\",\"@id\":\"https:\/\/lozen-sport.com\/#website\",\"url\":\"https:\/\/lozen-sport.com\/\",\"name\":\"LOZEN\",\"description\":\"LE SUP POUR TOUS\",\"potentialAction\":[{\"@type\":\"SearchAction\",\"target\":{\"@type\":\"EntryPoint\",\"urlTemplate\":\"https:\/\/lozen-sport.com\/?s={search_term_string}\"},\"query-input\":{\"@type\":\"PropertyValueSpecification\",\"valueRequired\":true,\"valueName\":\"search_term_string\"}}],\"inLanguage\":\"es\"}]}<\/script>\n<!-- \/ Yoast SEO plugin. -->","yoast_head_json":{"title":"Accessoire Stand up paddle par Lozen SUP","description":"Une large gamme d'accessoire pour Stand Up paddle: pagaie, gilet, leash, sac de transport, ailerons....Optez pour un design francais au meilleur prix.","robots":{"index":"index","follow":"follow","max-snippet":"max-snippet:-1","max-image-preview":"max-image-preview:large","max-video-preview":"max-video-preview:-1"},"canonical":"https:\/\/lozen-sport.com\/es\/sup-accessorios\/","og_locale":"es_ES","og_type":"article","og_title":"Accessoire Stand up paddle par Lozen SUP","og_description":"Une large gamme d'accessoire pour Stand Up paddle: pagaie, gilet, leash, sac de transport, ailerons....Optez pour un design francais au meilleur prix.","og_url":"https:\/\/lozen-sport.com\/es\/sup-accessorios\/","og_site_name":"LOZEN","article_modified_time":"2019-02-15T16:51:07+00:00","twitter_card":"summary_large_image","twitter_misc":{"Tiempo de lectura":"3 minutos"},"schema":{"@context":"https:\/\/schema.org","@graph":[{"@type":"WebPage","@id":"https:\/\/lozen-sport.com\/es\/sup-accessorios\/","url":"https:\/\/lozen-sport.com\/es\/sup-accessorios\/","name":"Accessoire Stand up paddle par Lozen SUP","isPartOf":{"@id":"https:\/\/lozen-sport.com\/#website"},"datePublished":"2017-09-06T12:29:33+00:00","dateModified":"2019-02-15T16:51:07+00:00","description":"Une large gamme d'accessoire pour Stand Up paddle: pagaie, gilet, leash, sac de transport, ailerons....Optez pour un design francais au meilleur prix.","breadcrumb":{"@id":"https:\/\/lozen-sport.com\/es\/sup-accessorios\/#breadcrumb"},"inLanguage":"es","potentialAction":[{"@type":"ReadAction","target":["https:\/\/lozen-sport.com\/es\/sup-accessorios\/"]}]},{"@type":"BreadcrumbList","@id":"https:\/\/lozen-sport.com\/es\/sup-accessorios\/#breadcrumb","itemListElement":[{"@type":"ListItem","position":1,"name":"Accueil","item":"https:\/\/lozen-sport.com\/es\/"},{"@type":"ListItem","position":2,"name":"ACCESSORIOS"}]},{"@type":"WebSite","@id":"https:\/\/lozen-sport.com\/#website","url":"https:\/\/lozen-sport.com\/","name":"LOZEN","description":"LE SUP POUR TOUS","potentialAction":[{"@type":"SearchAction","target":{"@type":"EntryPoint","urlTemplate":"https:\/\/lozen-sport.com\/?s={search_term_string}"},"query-input":{"@type":"PropertyValueSpecification","valueRequired":true,"valueName":"search_term_string"}}],"inLanguage":"es"}]}},"_links":{"self":[{"href":"https:\/\/lozen-sport.com\/es\/wp-json\/wp\/v2\/pages\/2393","targetHints":{"allow":["GET"]}}],"collection":[{"href":"https:\/\/lozen-sport.com\/es\/wp-json\/wp\/v2\/pages"}],"about":[{"href":"https:\/\/lozen-sport.com\/es\/wp-json\/wp\/v2\/types\/page"}],"author":[{"embeddable":true,"href":"https:\/\/lozen-sport.com\/es\/wp-json\/wp\/v2\/users\/1"}],"replies":[{"embeddable":true,"href":"https:\/\/lozen-sport.com\/es\/wp-json\/wp\/v2\/comments?post=2393"}],"version-history":[{"count":0,"href":"https:\/\/lozen-sport.com\/es\/wp-json\/wp\/v2\/pages\/2393\/revisions"}],"wp:attachment":[{"href":"https:\/\/lozen-sport.com\/es\/wp-json\/wp\/v2\/media?parent=2393"}],"curies":[{"name":"wp","href":"https:\/\/api.w.org\/{rel}","templated":true}]}}