{"id":2430,"date":"2017-09-06T12:04:13","date_gmt":"2017-09-06T12:04:13","guid":{"rendered":"http:\/\/lozen-sport.com\/paddle-gonflable\/"},"modified":"2019-02-15T16:10:23","modified_gmt":"2019-02-15T14:10:23","slug":"paddle-inflable","status":"publish","type":"page","link":"https:\/\/lozen-sport.com\/es\/paddle-inflable\/","title":{"rendered":"PADDLE INFLABLE"},"content":{"rendered":"[et_pb_section bb_built=\u00bb1&#8243; _builder_version=\u00bb3.0.47&#8243;][et_pb_row _builder_version=\u00bb3.0.47&#8243; background_size=\u00bbinitial\u00bb background_position=\u00bbtop_left\u00bb background_repeat=\u00bbrepeat\u00bb][et_pb_column type=\u00bb4_4&#8243;][et_pb_text _builder_version=\u00bb3.19.14&#8243; text_font_size=\u00bb12px\u00bb header_font=\u00bbAKKURAT BOLD|||on|||||\u00bb header_font_size=\u00bb40px\u00bb header_text_shadow_style=\u00bbpreset3&#8243; header_text_shadow_color=\u00bbrgba(0,0,0,0.15)\u00bb text_orientation=\u00bbjustified\u00bb module_alignment=\u00bbleft\u00bb border_style=\u00bbsolid\u00bb]\n<h1>Nuestras tablas de STAND UP PADDLE inflables<\/h1>\n<p><span style=\"font-weight: 400;\">En Lozen, hemos decidido apostar por las tablas de SUP inflables. Son m\u00e1s accesibles, vers\u00e1tiles y f\u00e1ciles de transportar. Las tablas inflables de hoy en d\u00eda distan mucho de lo que nos pod\u00edamos imaginar hace unos a\u00f1os. Gracias a los avances tecnol\u00f3gicos, son tan eficientes como las tablas r\u00edgidas, a un precio m\u00e1s atractivo. A menos que vayas a luchar por el podio, son exactamente lo que necesitas.<\/span><\/p>\n[\/et_pb_text][\/et_pb_column][\/et_pb_row][et_pb_row _builder_version=\u00bb3.0.69&#8243;][et_pb_column type=\u00bb4_4&#8243;][et_pb_shop type=\u00bbproduct_category\u00bb posts_number=\u00bb10&#8243; include_categories=\u00bb74&#8243; columns_number=\u00bb4&#8243; orderby=\u00bbprice\u00bb _builder_version=\u00bb3.19.14&#8243; border_style_top_image=\u00bbsolid\u00bb border_style_right_image=\u00bbsolid\u00bb border_style_bottom_image=\u00bbsolid\u00bb border_style_left_image=\u00bbsolid\u00bb]\n[\/et_pb_shop][\/et_pb_column][\/et_pb_row][et_pb_row custom_padding=\u00bb27px|0px|25px|0px\u00bb _builder_version=\u00bb3.0.47&#8243; background_size=\u00bbinitial\u00bb background_position=\u00bbtop_left\u00bb background_repeat=\u00bbrepeat\u00bb][et_pb_column type=\u00bb4_4&#8243;][et_pb_text _builder_version=\u00bb3.19.14&#8243; text_font_size=\u00bb12px\u00bb header_font=\u00bbAKKURAT BOLD|||on|||||\u00bb header_font_size=\u00bb40px\u00bb header_text_shadow_style=\u00bbpreset3&#8243; header_text_shadow_color=\u00bbrgba(0,0,0,0.15)\u00bb header_2_font=\u00bbAKKURAT BOLD|||on|||||\u00bb header_2_text_align=\u00bbleft\u00bb header_2_font_size=\u00bb30px\u00bb header_2_text_shadow_style=\u00bbpreset3&#8243; header_2_text_shadow_color=\u00bbrgba(0,0,0,0.2)\u00bb text_orientation=\u00bbjustified\u00bb module_alignment=\u00bbleft\u00bb border_style=\u00bbsolid\u00bb]\n<h2>\u00bf QU\u00c9 VENTAJAS TIENE UN STAND UP PADDLE INFLABLE ?<\/h2>\n<p><span style=\"font-weight: 400;\">Con la intenci\u00f3n de compartir nuestro amor por esta disciplina, hemos optado por ofrecer stand up paddles inflables, que logran un rendimiento tan respetable como el de los modelos r\u00edgidos, por un precio menor.<\/span><\/p>\n[\/et_pb_text][\/et_pb_column][\/et_pb_row][et_pb_row custom_padding=\u00bb25px|0px|27px|0px\u00bb _builder_version=\u00bb3.0.87&#8243;][et_pb_column type=\u00bb1_2&#8243;][et_pb_toggle title=\u00bbUna tabla de SUP barata, \u00bfes un producto de calidad inferior?\u00bb open_toggle_background_color=\u00bb#ffffff\u00bb closed_toggle_background_color=\u00bb#ffffff\u00bb _builder_version=\u00bb3.19.14&#8243; title_level=\u00bbh2&#8243; title_font=\u00bbAKKURAT BOLD||||||||\u00bb title_font_size=\u00bb18px\u00bb body_font_size=\u00bb12px\u00bb text_orientation=\u00bbleft\u00bb]\n<h3 style=\"font-family: 'AKKURAT BOLD',Helvetica,Arial,Lucida,sans-serif; font-size: 120%; color: #333;\"><span style=\"font-weight: 400;\">\u00bfC\u00f3mo podemos ofrecer equipos de alta calidad, duraderos y baratos?<\/span><\/h3>\n<p><strong>1.\u00a0<\/strong><span style=\"font-weight: 400;\">En lugar de vender los accesorios para el stand up paddle por separado a un precio elevado, te ofrecemos una gama de SUP completa, con todos los accesorios indispensables para tu seguridad, el uso correcto de tu tabla y su mantenimiento.<\/span><\/p>\n<p><strong>2.\u00a0<\/strong><span style=\"font-weight: 400;\">\u00bfPor qu\u00e9 elegir un SUP con la firma de Denis Llorens o patrocinado por Monster? Hacemos hincapi\u00e9 en la calidad intr\u00ednseca de la tabla, m\u00e1s que en el prestigio de un nombre.<\/span><\/p>\n<p><strong>3.\u00a0<\/strong><span style=\"font-weight: 400;\">Un stand up paddle inflable es siempre menos costoso de fabricar. Los materiales y los procesos de fabricaci\u00f3n son m\u00e1s econ\u00f3micos que los de las planchas r\u00edgidas, al igual que el mantenimiento de la tabla a largo plazo. Estos elementos nos permiten ofrecer stand up paddles de calidad superior a bajo precio.<\/span><\/p>\n[\/et_pb_toggle][\/et_pb_column][et_pb_column type=\u00bb1_2&#8243;][et_pb_toggle title=\u00bb\u00bfPor qu\u00e9 es m\u00e1s barato un SUP inflable que un SUP r\u00edgido?\u00bb open_toggle_background_color=\u00bb#ffffff\u00bb closed_toggle_background_color=\u00bb#ffffff\u00bb _builder_version=\u00bb3.19.14&#8243; title_level=\u00bbh2&#8243; title_font=\u00bbAKKURAT BOLD||||||||\u00bb title_font_size=\u00bb18px\u00bb body_font_size=\u00bb12px\u00bb text_orientation=\u00bbleft\u00bb]\n<p><span style=\"font-weight: 400;\">Veamos primero los materiales utilizados para la composici\u00f3n de un SUP r\u00edgido: epoxi, fibra de vidrio, poliestireno expandido\u2026 Son materiales de alto rendimiento, pero caros. Adem\u00e1s, algunas tablas se fabrican a mano, de forma artesanal, con madera de calidad. Por \u00faltimo, los procesos de fabricaci\u00f3n, tratamiento y acabado de las tablas contribuyen tambi\u00e9n al incremento del coste de fabricaci\u00f3n, lo cual repercute en el precio de venta.<\/span><\/p>\n<p><span style=\"font-weight: 400;\">LOZEN, utilizando materiales m\u00e1s econ\u00f3micos y en menor cantidad, consigue una calidad equivalente y te ofrece stand up paddles inflables. Adem\u00e1s, una tabla de SUP es una inversi\u00f3n a largo plazo, que genera costes adicionales debido a su mantenimiento. Ahora bien, dada su composici\u00f3n, una tabla r\u00edgida es m\u00e1s sensible a los golpes y ara\u00f1azos, y repararla resulta muy caro. Nuestras tablas inflables requieren menos visitas al taller de reparaciones gracias al kit de mantenimiento que Lozen suministra con todas ellas.<\/span><\/p>\n<p><span style=\"font-weight: 400;\">Un stand up paddle inflable Lozen es m\u00e1s econ\u00f3mico a la hora de comprarlo y menos exigente a la hora de cuidarlo.<\/span><\/p>\n[\/et_pb_toggle][\/et_pb_column][\/et_pb_row][et_pb_row custom_padding=\u00bb25px|0px|25px|0px\u00bb _builder_version=\u00bb3.0.47&#8243; background_size=\u00bbinitial\u00bb background_position=\u00bbtop_left\u00bb background_repeat=\u00bbrepeat\u00bb][et_pb_column type=\u00bb4_4&#8243;][et_pb_text _builder_version=\u00bb3.19.14&#8243; text_font_size=\u00bb12px\u00bb header_font=\u00bbAKKURAT BOLD|||on|||||\u00bb header_font_size=\u00bb40px\u00bb header_text_shadow_style=\u00bbpreset3&#8243; header_text_shadow_color=\u00bbrgba(0,0,0,0.15)\u00bb header_2_font=\u00bbAKKURAT BOLD|||on|||||\u00bb header_2_text_align=\u00bbleft\u00bb header_2_font_size=\u00bb30px\u00bb header_2_text_shadow_style=\u00bbpreset3&#8243; header_2_text_shadow_color=\u00bbrgba(0,0,0,0.2)\u00bb text_orientation=\u00bbjustified\u00bb module_alignment=\u00bbleft\u00bb border_style=\u00bbsolid\u00bb]\n<h2>SUP INFLABLE LOZEN: \u00a1ECON\u00d3MICO Y MUY PR\u00c1CTICO !<\/h2>\n<p><span style=\"font-weight: 400;\">Optar por un stand up paddle inflable Lozen es elegir un equipo cuyas caracter\u00edsticas a\u00fanan calidad y practicidad.<\/span><\/p>\n[\/et_pb_text][\/et_pb_column][\/et_pb_row][et_pb_row custom_padding=\u00bb25px|0px|27px|0px\u00bb _builder_version=\u00bb3.0.87&#8243;][et_pb_column type=\u00bb1_3&#8243;][et_pb_toggle title=\u00bbSOLIDEZ\u00bb open_toggle_background_color=\u00bb#ffffff\u00bb closed_toggle_background_color=\u00bb#ffffff\u00bb _builder_version=\u00bb3.19.14&#8243; title_level=\u00bbh2&#8243; title_font=\u00bbAKKURAT BOLD||||||||\u00bb title_font_size=\u00bb18px\u00bb body_font_size=\u00bb12px\u00bb text_orientation=\u00bbleft\u00bb]\n<p><span style=\"font-weight: 400;\">A pesar de las apariencias, una tabla inflable es, en realidad, m\u00e1s robusta que un SUP r\u00edgido y claramente preferible para practicar en aguas bravas. Sus m\u00faltiples capas de PVC absorben con eficacia los impactos y fricciones.<\/span><\/p>\n<p><span style=\"font-weight: 400;\">A diferencia de una tabla r\u00edgida, no corres el riesgo de da\u00f1ar tu SUP inflable con un desafortunado golpe de remo ni de ara\u00f1arlo o da\u00f1arlo gravemente a causa de un contacto brusco contra las rocas.<\/span><\/p>\n<p><span style=\"font-weight: 400;\">Adem\u00e1s, cualquier pinchazo puede solucionarse de inmediato con el kit de mantenimiento que se proporciona con los SUP inflables Lozen. Sin embargo, en el caso de una tabla r\u00edgida, un desperfecto grave solo puede solucionarse en un taller: una reparaci\u00f3n costosa y larga.<\/span><\/p>\n[\/et_pb_toggle][\/et_pb_column][et_pb_column type=\u00bb1_3&#8243;][et_pb_toggle title=\u00bbTRANSPORTE\u00bb open_toggle_background_color=\u00bb#ffffff\u00bb closed_toggle_background_color=\u00bb#ffffff\u00bb _builder_version=\u00bb3.19.14&#8243; title_level=\u00bbh2&#8243; title_font=\u00bbAKKURAT BOLD||||||||\u00bb title_font_size=\u00bb18px\u00bb body_font_size=\u00bb12px\u00bb text_orientation=\u00bbleft\u00bb]\n<p><span style=\"font-weight: 400;\">Tanto si te gusta explorar los mejores lugares en solitario como si prefieres compartir tu afici\u00f3n por el stand up paddle con familiares o amigos, un modelo inflable es m\u00e1s f\u00e1cil de transportar. La tabla se introduce f\u00e1cilmente en su mochila, junto con el resto del equipamiento.<\/span><\/p>\n<p><span style=\"font-weight: 400;\">De este modo, podr\u00e1s llevarlo todo a la espalda y viajar en tren o avi\u00f3n hasta tu destino con un volumen m\u00ednimo. Por otra parte, las familias apreciar\u00e1n poder colocar varias tablas una junto a otra en el maletero y tener espacio a\u00fan para otros objetos.<\/span><\/p>\n[\/et_pb_toggle][\/et_pb_column][et_pb_column type=\u00bb1_3&#8243;][et_pb_toggle title=\u00bbALMACENAMIENTO\u00bb open_toggle_background_color=\u00bb#ffffff\u00bb closed_toggle_background_color=\u00bb#ffffff\u00bb _builder_version=\u00bb3.19.14&#8243; title_level=\u00bbh2&#8243; title_font=\u00bbAKKURAT BOLD||||||||\u00bb title_font_size=\u00bb18px\u00bb body_font_size=\u00bb12px\u00bb text_orientation=\u00bbleft\u00bb]\n<p><span style=\"font-weight: 400;\">Una vez desinflada, una tabla de stand up paddle Lozen ocupa muy poco espacio, comprimida en su mochila de transporte. En consecuencia, podr\u00e1s guardarla f\u00e1cilmente en un armario o en el sal\u00f3n, detr\u00e1s del sof\u00e1.<\/span><\/p>\n<p><span style=\"font-weight: 400;\">Esta caracter\u00edstica es especialmente interesante para las personas que viven en apartamentos de peque\u00f1o tama\u00f1o. Los residentes urbanos no siempre tienen garaje ni armarios lo suficientemente altos como para guardar f\u00e1cilmente una tabla r\u00edgida.<\/span><\/p>\n[\/et_pb_toggle][\/et_pb_column][\/et_pb_row][\/et_pb_section]\n","protected":false},"excerpt":{"rendered":"<p>Nuestras tablas de STAND UP PADDLE inflables En Lozen, hemos decidido apostar por las tablas de SUP inflables. Son m\u00e1s accesibles, vers\u00e1tiles y f\u00e1ciles de transportar. Las tablas inflables de hoy en d\u00eda distan mucho de lo que nos pod\u00edamos imaginar hace unos a\u00f1os. Gracias a los avances tecnol\u00f3gicos, son tan eficientes como las tablas [&hellip;]<\/p>\n","protected":false},"author":1,"featured_media":0,"parent":0,"menu_order":0,"comment_status":"closed","ping_status":"closed","template":"","meta":{"_et_pb_use_builder":"on","_et_pb_old_content":"","_et_gb_content_width":"","content-type":"","footnotes":""},"class_list":["post-2430","page","type-page","status-publish","hentry"],"yoast_head":"<!-- This site is optimized with the Yoast SEO plugin v25.9 - https:\/\/yoast.com\/wordpress\/plugins\/seo\/ -->\n<title>Stand up paddle gonflable pas cher - Lozen SUP<\/title>\n<meta name=\"description\" content=\"Les stand up paddles gonflables de Lozen sont des planches de qualit\u00e9, polyvalentes et accessibles pour tous les budgets. Design Fran\u00e7ais. Livraison express\" \/>\n<meta name=\"robots\" content=\"index, follow, max-snippet:-1, max-image-preview:large, max-video-preview:-1\" \/>\n<link rel=\"canonical\" href=\"https:\/\/lozen-sport.com\/es\/paddle-inflable\/\" \/>\n<meta property=\"og:locale\" content=\"es_ES\" \/>\n<meta property=\"og:type\" content=\"article\" \/>\n<meta property=\"og:title\" content=\"Stand up paddle gonflable pas cher - Lozen SUP\" \/>\n<meta property=\"og:description\" content=\"Les stand up paddles gonflables de Lozen sont des planches de qualit\u00e9, polyvalentes et accessibles pour tous les budgets. Design Fran\u00e7ais. Livraison express\" \/>\n<meta property=\"og:url\" content=\"https:\/\/lozen-sport.com\/es\/paddle-inflable\/\" \/>\n<meta property=\"og:site_name\" content=\"LOZEN\" \/>\n<meta property=\"article:modified_time\" content=\"2019-02-15T14:10:23+00:00\" \/>\n<meta name=\"twitter:card\" content=\"summary_large_image\" \/>\n<meta name=\"twitter:label1\" content=\"Tiempo de lectura\" \/>\n\t<meta name=\"twitter:data1\" content=\"7 minutos\" \/>\n<script type=\"application\/ld+json\" class=\"yoast-schema-graph\">{\"@context\":\"https:\/\/schema.org\",\"@graph\":[{\"@type\":\"WebPage\",\"@id\":\"https:\/\/lozen-sport.com\/es\/paddle-inflable\/\",\"url\":\"https:\/\/lozen-sport.com\/es\/paddle-inflable\/\",\"name\":\"Stand up paddle gonflable pas cher - Lozen SUP\",\"isPartOf\":{\"@id\":\"https:\/\/lozen-sport.com\/#website\"},\"datePublished\":\"2017-09-06T12:04:13+00:00\",\"dateModified\":\"2019-02-15T14:10:23+00:00\",\"description\":\"Les stand up paddles gonflables de Lozen sont des planches de qualit\u00e9, polyvalentes et accessibles pour tous les budgets. Design Fran\u00e7ais. Livraison express\",\"breadcrumb\":{\"@id\":\"https:\/\/lozen-sport.com\/es\/paddle-inflable\/#breadcrumb\"},\"inLanguage\":\"es\",\"potentialAction\":[{\"@type\":\"ReadAction\",\"target\":[\"https:\/\/lozen-sport.com\/es\/paddle-inflable\/\"]}]},{\"@type\":\"BreadcrumbList\",\"@id\":\"https:\/\/lozen-sport.com\/es\/paddle-inflable\/#breadcrumb\",\"itemListElement\":[{\"@type\":\"ListItem\",\"position\":1,\"name\":\"Accueil\",\"item\":\"https:\/\/lozen-sport.com\/es\/\"},{\"@type\":\"ListItem\",\"position\":2,\"name\":\"PADDLE INFLABLE\"}]},{\"@type\":\"WebSite\",\"@id\":\"https:\/\/lozen-sport.com\/#website\",\"url\":\"https:\/\/lozen-sport.com\/\",\"name\":\"LOZEN\",\"description\":\"LE SUP POUR TOUS\",\"potentialAction\":[{\"@type\":\"SearchAction\",\"target\":{\"@type\":\"EntryPoint\",\"urlTemplate\":\"https:\/\/lozen-sport.com\/?s={search_term_string}\"},\"query-input\":{\"@type\":\"PropertyValueSpecification\",\"valueRequired\":true,\"valueName\":\"search_term_string\"}}],\"inLanguage\":\"es\"}]}<\/script>\n<!-- \/ Yoast SEO plugin. -->","yoast_head_json":{"title":"Stand up paddle gonflable pas cher - Lozen SUP","description":"Les stand up paddles gonflables de Lozen sont des planches de qualit\u00e9, polyvalentes et accessibles pour tous les budgets. Design Fran\u00e7ais. Livraison express","robots":{"index":"index","follow":"follow","max-snippet":"max-snippet:-1","max-image-preview":"max-image-preview:large","max-video-preview":"max-video-preview:-1"},"canonical":"https:\/\/lozen-sport.com\/es\/paddle-inflable\/","og_locale":"es_ES","og_type":"article","og_title":"Stand up paddle gonflable pas cher - Lozen SUP","og_description":"Les stand up paddles gonflables de Lozen sont des planches de qualit\u00e9, polyvalentes et accessibles pour tous les budgets. Design Fran\u00e7ais. Livraison express","og_url":"https:\/\/lozen-sport.com\/es\/paddle-inflable\/","og_site_name":"LOZEN","article_modified_time":"2019-02-15T14:10:23+00:00","twitter_card":"summary_large_image","twitter_misc":{"Tiempo de lectura":"7 minutos"},"schema":{"@context":"https:\/\/schema.org","@graph":[{"@type":"WebPage","@id":"https:\/\/lozen-sport.com\/es\/paddle-inflable\/","url":"https:\/\/lozen-sport.com\/es\/paddle-inflable\/","name":"Stand up paddle gonflable pas cher - Lozen SUP","isPartOf":{"@id":"https:\/\/lozen-sport.com\/#website"},"datePublished":"2017-09-06T12:04:13+00:00","dateModified":"2019-02-15T14:10:23+00:00","description":"Les stand up paddles gonflables de Lozen sont des planches de qualit\u00e9, polyvalentes et accessibles pour tous les budgets. Design Fran\u00e7ais. Livraison express","breadcrumb":{"@id":"https:\/\/lozen-sport.com\/es\/paddle-inflable\/#breadcrumb"},"inLanguage":"es","potentialAction":[{"@type":"ReadAction","target":["https:\/\/lozen-sport.com\/es\/paddle-inflable\/"]}]},{"@type":"BreadcrumbList","@id":"https:\/\/lozen-sport.com\/es\/paddle-inflable\/#breadcrumb","itemListElement":[{"@type":"ListItem","position":1,"name":"Accueil","item":"https:\/\/lozen-sport.com\/es\/"},{"@type":"ListItem","position":2,"name":"PADDLE INFLABLE"}]},{"@type":"WebSite","@id":"https:\/\/lozen-sport.com\/#website","url":"https:\/\/lozen-sport.com\/","name":"LOZEN","description":"LE SUP POUR TOUS","potentialAction":[{"@type":"SearchAction","target":{"@type":"EntryPoint","urlTemplate":"https:\/\/lozen-sport.com\/?s={search_term_string}"},"query-input":{"@type":"PropertyValueSpecification","valueRequired":true,"valueName":"search_term_string"}}],"inLanguage":"es"}]}},"_links":{"self":[{"href":"https:\/\/lozen-sport.com\/es\/wp-json\/wp\/v2\/pages\/2430","targetHints":{"allow":["GET"]}}],"collection":[{"href":"https:\/\/lozen-sport.com\/es\/wp-json\/wp\/v2\/pages"}],"about":[{"href":"https:\/\/lozen-sport.com\/es\/wp-json\/wp\/v2\/types\/page"}],"author":[{"embeddable":true,"href":"https:\/\/lozen-sport.com\/es\/wp-json\/wp\/v2\/users\/1"}],"replies":[{"embeddable":true,"href":"https:\/\/lozen-sport.com\/es\/wp-json\/wp\/v2\/comments?post=2430"}],"version-history":[{"count":0,"href":"https:\/\/lozen-sport.com\/es\/wp-json\/wp\/v2\/pages\/2430\/revisions"}],"wp:attachment":[{"href":"https:\/\/lozen-sport.com\/es\/wp-json\/wp\/v2\/media?parent=2430"}],"curies":[{"name":"wp","href":"https:\/\/api.w.org\/{rel}","templated":true}]}}