{"id":2435,"date":"2019-01-17T14:35:38","date_gmt":"2019-01-17T12:35:38","guid":{"rendered":"http:\/\/lozen-sport.com\/prendre-rendez-vous-sur-un-evenement\/"},"modified":"2019-02-13T11:53:12","modified_gmt":"2019-02-13T09:53:12","slug":"prendre-rendez-vous-sur-un-evenement","status":"publish","type":"page","link":"https:\/\/lozen-sport.com\/es\/prendre-rendez-vous-sur-un-evenement\/","title":{"rendered":"RENDEZ-VOUS LOZEN"},"content":{"rendered":"[et_pb_section bb_built=\u00bb1&#8243; custom_padding_last_edited=\u00bbon|desktop\u00bb _builder_version=\u00bb3.0.74&#8243; background_color=\u00bb#ff0000&#8243; custom_padding_tablet=\u00bb50px|0|50px|0&#8243; transparent_background=\u00bboff\u00bb padding_mobile=\u00bboff\u00bb next_background_color=\u00bb#ffffff\u00bb][et_pb_row][et_pb_column type=\u00bb4_4&#8243;][et_pb_text admin_label=\u00bbINTRODUCTION\u00bb _builder_version=\u00bb3.19.5&#8243; header_font=\u00bbAKKURAT BOLD||||||||\u00bb header_font_size=\u00bb50px\u00bb background_size=\u00bbinitial\u00bb background_position=\u00bbtop_left\u00bb background_repeat=\u00bbrepeat\u00bb text_orientation=\u00bbcenter\u00bb background_layout=\u00bbdark\u00bb module_alignment=\u00bbleft\u00bb custom_margin=\u00bb25px|||\u00bb border_style=\u00bbsolid\u00bb]\n<h1>RENDEZ-VOUS LOZEN<\/h1>\n<p style=\"text-align: justify; text-align-last:center;\">Profitons de cet \u00e9v\u00e8nement pour prendre le temps de discuter !<\/p>\n[\/et_pb_text][\/et_pb_column][\/et_pb_row][\/et_pb_section][et_pb_section bb_built=\u00bb1&#8243; admin_label=\u00bbsection\u00bb custom_padding_last_edited=\u00bbon|desktop\u00bb _builder_version=\u00bb3.0.74&#8243; background_color=\u00bb#ffffff\u00bb custom_padding_tablet=\u00bb50px|0|50px|0&#8243; transparent_background=\u00bboff\u00bb padding_mobile=\u00bboff\u00bb prev_background_color=\u00bb#ff0000&#8243;][et_pb_row _builder_version=\u00bb3.19.5&#8243; background_size=\u00bbinitial\u00bb background_position=\u00bbtop_left\u00bb background_repeat=\u00bbrepeat\u00bb][et_pb_column type=\u00bb1_4&#8243;][\/et_pb_column][et_pb_column type=\u00bb1_2&#8243;][et_pb_image admin_label=\u00bbLOGO EVENT\u00bb _builder_version=\u00bb3.19.5&#8243; src=\u00bbhttp:\/\/lozen-sport.com\/docs\/logos\/logo-ispo-2019.svg\u00bb align=\u00bbcenter\u00bb module_alignment=\u00bbcenter\u00bb custom_padding=\u00bb25px|25px|25px|25px\u00bb max_width=\u00bb50%\u00bb \/][\/et_pb_column][et_pb_column type=\u00bb1_4&#8243;][\/et_pb_column][\/et_pb_row][et_pb_row _builder_version=\u00bb3.0.47&#8243; background_size=\u00bbinitial\u00bb background_position=\u00bbtop_left\u00bb background_repeat=\u00bbrepeat\u00bb][et_pb_column type=\u00bb4_4&#8243;][et_pb_code admin_label=\u00bbCODE FORMULAIRE\u00bb _builder_version=\u00bb3.19.5&#8243;][wpforms id=\u00bb2281&#8243; title=\u00bbfalse\u00bb description=\u00bbfalse\u00bb][\/et_pb_code][\/et_pb_column][\/et_pb_row][\/et_pb_section]\n","protected":false},"excerpt":{"rendered":"<p><div class=\"et_pb_row et_pb_row_0 et_pb_row_empty\">\n\t\t\t\t\n\t\t\t\t\n\t\t\t\t\n\t\t\t\t\n\t\t\t\t\n\t\t\t<\/div> RENDEZ-VOUS LOZEN Profitons de cet \u00e9v\u00e8nement pour prendre le temps de discuter ! [wpforms id=\u00bb2281&#8243; title=\u00bbfalse\u00bb description=\u00bbfalse\u00bb]<\/p>\n","protected":false},"author":1,"featured_media":0,"parent":0,"menu_order":0,"comment_status":"closed","ping_status":"closed","template":"","meta":{"_et_pb_use_builder":"on","_et_pb_old_content":"","_et_gb_content_width":"","content-type":"","footnotes":""},"class_list":["post-2435","page","type-page","status-publish","hentry"],"yoast_head":"<!-- This site is optimized with the Yoast SEO plugin v25.9 - https:\/\/yoast.com\/wordpress\/plugins\/seo\/ -->\n<title>RENDEZ-VOUS LOZEN - LOZEN<\/title>\n<meta name=\"description\" content=\"Profitons de cet \u00e9v\u00e8nement pour prendre le temps de discuter ! Remplissez ce formulaire pour bloquer un rendez-vous avec notre \u00e9quipe.\" \/>\n<meta name=\"robots\" content=\"index, follow, max-snippet:-1, max-image-preview:large, max-video-preview:-1\" \/>\n<link rel=\"canonical\" href=\"https:\/\/lozen-sport.com\/es\/prendre-rendez-vous-sur-un-evenement\/\" \/>\n<meta property=\"og:locale\" content=\"es_ES\" \/>\n<meta property=\"og:type\" content=\"article\" \/>\n<meta property=\"og:title\" content=\"RENDEZ-VOUS LOZEN - LOZEN\" \/>\n<meta property=\"og:description\" content=\"Profitons de cet \u00e9v\u00e8nement pour prendre le temps de discuter ! Remplissez ce formulaire pour bloquer un rendez-vous avec notre \u00e9quipe.\" \/>\n<meta property=\"og:url\" content=\"https:\/\/lozen-sport.com\/es\/prendre-rendez-vous-sur-un-evenement\/\" \/>\n<meta property=\"og:site_name\" content=\"LOZEN\" \/>\n<meta property=\"article:modified_time\" content=\"2019-02-13T09:53:12+00:00\" \/>\n<meta name=\"twitter:card\" content=\"summary_large_image\" \/>\n<meta name=\"twitter:label1\" content=\"Tiempo de lectura\" \/>\n\t<meta name=\"twitter:data1\" content=\"1 minuto\" \/>\n<script type=\"application\/ld+json\" class=\"yoast-schema-graph\">{\"@context\":\"https:\/\/schema.org\",\"@graph\":[{\"@type\":\"WebPage\",\"@id\":\"https:\/\/lozen-sport.com\/es\/prendre-rendez-vous-sur-un-evenement\/\",\"url\":\"https:\/\/lozen-sport.com\/es\/prendre-rendez-vous-sur-un-evenement\/\",\"name\":\"RENDEZ-VOUS LOZEN - LOZEN\",\"isPartOf\":{\"@id\":\"https:\/\/lozen-sport.com\/#website\"},\"datePublished\":\"2019-01-17T12:35:38+00:00\",\"dateModified\":\"2019-02-13T09:53:12+00:00\",\"description\":\"Profitons de cet \u00e9v\u00e8nement pour prendre le temps de discuter ! Remplissez ce formulaire pour bloquer un rendez-vous avec notre \u00e9quipe.\",\"breadcrumb\":{\"@id\":\"https:\/\/lozen-sport.com\/es\/prendre-rendez-vous-sur-un-evenement\/#breadcrumb\"},\"inLanguage\":\"es\",\"potentialAction\":[{\"@type\":\"ReadAction\",\"target\":[\"https:\/\/lozen-sport.com\/es\/prendre-rendez-vous-sur-un-evenement\/\"]}]},{\"@type\":\"BreadcrumbList\",\"@id\":\"https:\/\/lozen-sport.com\/es\/prendre-rendez-vous-sur-un-evenement\/#breadcrumb\",\"itemListElement\":[{\"@type\":\"ListItem\",\"position\":1,\"name\":\"Accueil\",\"item\":\"https:\/\/lozen-sport.com\/es\/\"},{\"@type\":\"ListItem\",\"position\":2,\"name\":\"RENDEZ-VOUS LOZEN\"}]},{\"@type\":\"WebSite\",\"@id\":\"https:\/\/lozen-sport.com\/#website\",\"url\":\"https:\/\/lozen-sport.com\/\",\"name\":\"LOZEN\",\"description\":\"LE SUP POUR TOUS\",\"potentialAction\":[{\"@type\":\"SearchAction\",\"target\":{\"@type\":\"EntryPoint\",\"urlTemplate\":\"https:\/\/lozen-sport.com\/?s={search_term_string}\"},\"query-input\":{\"@type\":\"PropertyValueSpecification\",\"valueRequired\":true,\"valueName\":\"search_term_string\"}}],\"inLanguage\":\"es\"}]}<\/script>\n<!-- \/ Yoast SEO plugin. -->","yoast_head_json":{"title":"RENDEZ-VOUS LOZEN - LOZEN","description":"Profitons de cet \u00e9v\u00e8nement pour prendre le temps de discuter ! Remplissez ce formulaire pour bloquer un rendez-vous avec notre \u00e9quipe.","robots":{"index":"index","follow":"follow","max-snippet":"max-snippet:-1","max-image-preview":"max-image-preview:large","max-video-preview":"max-video-preview:-1"},"canonical":"https:\/\/lozen-sport.com\/es\/prendre-rendez-vous-sur-un-evenement\/","og_locale":"es_ES","og_type":"article","og_title":"RENDEZ-VOUS LOZEN - LOZEN","og_description":"Profitons de cet \u00e9v\u00e8nement pour prendre le temps de discuter ! Remplissez ce formulaire pour bloquer un rendez-vous avec notre \u00e9quipe.","og_url":"https:\/\/lozen-sport.com\/es\/prendre-rendez-vous-sur-un-evenement\/","og_site_name":"LOZEN","article_modified_time":"2019-02-13T09:53:12+00:00","twitter_card":"summary_large_image","twitter_misc":{"Tiempo de lectura":"1 minuto"},"schema":{"@context":"https:\/\/schema.org","@graph":[{"@type":"WebPage","@id":"https:\/\/lozen-sport.com\/es\/prendre-rendez-vous-sur-un-evenement\/","url":"https:\/\/lozen-sport.com\/es\/prendre-rendez-vous-sur-un-evenement\/","name":"RENDEZ-VOUS LOZEN - LOZEN","isPartOf":{"@id":"https:\/\/lozen-sport.com\/#website"},"datePublished":"2019-01-17T12:35:38+00:00","dateModified":"2019-02-13T09:53:12+00:00","description":"Profitons de cet \u00e9v\u00e8nement pour prendre le temps de discuter ! Remplissez ce formulaire pour bloquer un rendez-vous avec notre \u00e9quipe.","breadcrumb":{"@id":"https:\/\/lozen-sport.com\/es\/prendre-rendez-vous-sur-un-evenement\/#breadcrumb"},"inLanguage":"es","potentialAction":[{"@type":"ReadAction","target":["https:\/\/lozen-sport.com\/es\/prendre-rendez-vous-sur-un-evenement\/"]}]},{"@type":"BreadcrumbList","@id":"https:\/\/lozen-sport.com\/es\/prendre-rendez-vous-sur-un-evenement\/#breadcrumb","itemListElement":[{"@type":"ListItem","position":1,"name":"Accueil","item":"https:\/\/lozen-sport.com\/es\/"},{"@type":"ListItem","position":2,"name":"RENDEZ-VOUS LOZEN"}]},{"@type":"WebSite","@id":"https:\/\/lozen-sport.com\/#website","url":"https:\/\/lozen-sport.com\/","name":"LOZEN","description":"LE SUP POUR TOUS","potentialAction":[{"@type":"SearchAction","target":{"@type":"EntryPoint","urlTemplate":"https:\/\/lozen-sport.com\/?s={search_term_string}"},"query-input":{"@type":"PropertyValueSpecification","valueRequired":true,"valueName":"search_term_string"}}],"inLanguage":"es"}]}},"_links":{"self":[{"href":"https:\/\/lozen-sport.com\/es\/wp-json\/wp\/v2\/pages\/2435","targetHints":{"allow":["GET"]}}],"collection":[{"href":"https:\/\/lozen-sport.com\/es\/wp-json\/wp\/v2\/pages"}],"about":[{"href":"https:\/\/lozen-sport.com\/es\/wp-json\/wp\/v2\/types\/page"}],"author":[{"embeddable":true,"href":"https:\/\/lozen-sport.com\/es\/wp-json\/wp\/v2\/users\/1"}],"replies":[{"embeddable":true,"href":"https:\/\/lozen-sport.com\/es\/wp-json\/wp\/v2\/comments?post=2435"}],"version-history":[{"count":0,"href":"https:\/\/lozen-sport.com\/es\/wp-json\/wp\/v2\/pages\/2435\/revisions"}],"wp:attachment":[{"href":"https:\/\/lozen-sport.com\/es\/wp-json\/wp\/v2\/media?parent=2435"}],"curies":[{"name":"wp","href":"https:\/\/api.w.org\/{rel}","templated":true}]}}