{"id":2661,"date":"2021-01-01T12:00:54","date_gmt":"2021-01-01T10:00:54","guid":{"rendered":"http:\/\/lozen-sport.com\/?post_type=product&#038;p=2661"},"modified":"2022-09-06T09:07:10","modified_gmt":"2022-09-06T07:07:10","slug":"paddle-inflable-lozen-116","status":"publish","type":"product","link":"https:\/\/lozen-sport.com\/es\/shop\/paddle-inflable-es\/paddle-inflable-lozen-116\/","title":{"rendered":"SUP LOZEN 11&#8217;6"},"content":{"rendered":"[et_pb_section fb_built=\u00bb1&#8243; _builder_version=\u00bb4.16&#8243; custom_padding=\u00bb0px||||false|false\u00bb global_colors_info=\u00bb{}\u00bb][et_pb_row _builder_version=\u00bb4.16&#8243; background_size=\u00bbinitial\u00bb background_position=\u00bbtop_left\u00bb background_repeat=\u00bbrepeat\u00bb width=\u00bb100%\u00bb custom_padding=\u00bb0px||0px||false|false\u00bb global_colors_info=\u00bb{}\u00bb][et_pb_column type=\u00bb4_4&#8243; _builder_version=\u00bb4.16&#8243; custom_padding=\u00bb|||\u00bb global_colors_info=\u00bb{}\u00bb custom_padding__hover=\u00bb|||\u00bb][et_pb_wc_breadcrumb disabled_on=\u00bbon|on|on\u00bb _builder_version=\u00bb4.16&#8243; disabled=\u00bbon\u00bb global_colors_info=\u00bb{}\u00bb][\/et_pb_wc_breadcrumb][et_pb_wc_cart_notice _builder_version=\u00bb4.16&#8243; global_colors_info=\u00bb{}\u00bb][\/et_pb_wc_cart_notice][\/et_pb_column][\/et_pb_row][et_pb_row column_structure=\u00bb1_2,1_2&#8243; _builder_version=\u00bb4.16&#8243; background_size=\u00bbinitial\u00bb background_position=\u00bbtop_left\u00bb background_repeat=\u00bbrepeat\u00bb width=\u00bb100%\u00bb custom_padding=\u00bb0px||||false|false\u00bb global_colors_info=\u00bb{}\u00bb][et_pb_column type=\u00bb1_2&#8243; _builder_version=\u00bb4.16&#8243; custom_padding=\u00bb|||\u00bb global_colors_info=\u00bb{}\u00bb custom_padding__hover=\u00bb|||\u00bb][et_pb_wc_images _builder_version=\u00bb4.16&#8243; global_colors_info=\u00bb{}\u00bb][\/et_pb_wc_images][\/et_pb_column][et_pb_column type=\u00bb1_2&#8243; module_class=\u00bbcard\u00bb _builder_version=\u00bb4.16&#8243; custom_padding=\u00bb|||\u00bb global_colors_info=\u00bb{}\u00bb custom_padding__hover=\u00bb|||\u00bb][et_pb_wc_title _builder_version=\u00bb4.16&#8243; global_colors_info=\u00bb{}\u00bb][\/et_pb_wc_title][et_pb_wc_rating _builder_version=\u00bb4.16&#8243; global_colors_info=\u00bb{}\u00bb][\/et_pb_wc_rating][et_pb_wc_price _builder_version=\u00bb4.16&#8243; global_colors_info=\u00bb{}\u00bb][\/et_pb_wc_price][et_pb_wc_description _builder_version=\u00bb4.16&#8243; global_colors_info=\u00bb{}\u00bb][\/et_pb_wc_description][et_pb_text disabled_on=\u00bbon|on|on\u00bb admin_label=\u00bbACTUELLEMENT EN RUPTURE DE STOCK\u00bb _builder_version=\u00bb4.16&#8243; locked=\u00bboff\u00bb global_colors_info=\u00bb{}\u00bb disabled=\u00bbon\u00bb]\n<p><i class=\"fas fa-store-slash\" style=\"color: #ff0000;\"><\/i> <span style=\"color: #ff0000;\">Actualmente no hay existencias<\/span><\/p>\n<p>P\u00f3ngase en contacto con nosotros para conocer la disponibilidad futura.<\/p>\n[\/et_pb_text][et_pb_text disabled_on=\u00bbon|on|on\u00bb admin_label=\u00bbRUPTURE TEMPORAIRE\u00bb _builder_version=\u00bb4.16&#8243; disabled=\u00bbon\u00bb locked=\u00bboff\u00bb global_colors_info=\u00bb{}\u00bb]\n<p><i class=\"fas fa-store-slash\" style=\"color: #ff0000;\"><\/i> <span style=\"color: #ff0000;\">Producto v\u00edctima de su propio \u00e9xito !<\/span><\/p>\n<p>Disponible para pre-pedido :<br \/>\nEnv\u00edo previsto a partir del 18 de septiembre.<\/p>\n[\/et_pb_text][et_pb_wc_add_to_cart _builder_version=\u00bb4.16&#8243; global_colors_info=\u00bb{}\u00bb][\/et_pb_wc_add_to_cart][et_pb_wc_meta disabled_on=\u00bbon|on|on\u00bb admin_label=\u00bbWoo Meta\u00bb _builder_version=\u00bb4.16&#8243; disabled=\u00bbon\u00bb global_colors_info=\u00bb{}\u00bb][\/et_pb_wc_meta][\/et_pb_column][\/et_pb_row][\/et_pb_section][et_pb_section fb_built=\u00bb1&#8243; _builder_version=\u00bb4.16&#8243; custom_padding=\u00bb0px||||false|false\u00bb global_colors_info=\u00bb{}\u00bb][et_pb_row admin_label=\u00bbCONSTRUCCI\u00d3N\u00bb _builder_version=\u00bb4.16&#8243; _module_preset=\u00bbdefault\u00bb background_color=\u00bb#dd0000&#8243; width=\u00bb100%\u00bb custom_margin=\u00bb25px|0px||0px|false|false\u00bb global_colors_info=\u00bb{}\u00bb][et_pb_column type=\u00bb4_4&#8243; _builder_version=\u00bb4.16&#8243; _module_preset=\u00bbdefault\u00bb global_colors_info=\u00bb{}\u00bb][et_pb_text admin_label=\u00bbTITRE CONSTRUCTION\u00bb _builder_version=\u00bb4.16&#8243; _module_preset=\u00bbdefault\u00bb header_line_height=\u00bb1.5em\u00bb header_3_font=\u00bbAKKURAT BOLD||||||||\u00bb header_3_text_align=\u00bbcenter\u00bb header_3_text_color=\u00bb#FFFFFF\u00bb header_3_font_size=\u00bb14px\u00bb header_3_letter_spacing=\u00bb10px\u00bb text_orientation=\u00bbcenter\u00bb custom_padding=\u00bb10px||0px||false|false\u00bb global_colors_info=\u00bb{}\u00bb]\n<h3>CONSTRUCTION RENFORC\u00c9E FUSION DROPSTITCH<\/h3>\n[\/et_pb_text][\/et_pb_column][\/et_pb_row][et_pb_row column_structure=\u00bb1_2,1_2&#8243; use_custom_gutter=\u00bbon\u00bb gutter_width=\u00bb1&#8243; make_equal=\u00bbon\u00bb admin_label=\u00bbCONSTRUCCI\u00d3N\u00bb _builder_version=\u00bb4.16&#8243; _module_preset=\u00bbdefault\u00bb width=\u00bb100%\u00bb custom_margin=\u00bb0px||||false|false\u00bb custom_padding=\u00bb0px||||false|false\u00bb global_colors_info=\u00bb{}\u00bb][et_pb_column type=\u00bb1_2&#8243; _builder_version=\u00bb4.16&#8243; _module_preset=\u00bbdefault\u00bb global_colors_info=\u00bb{}\u00bb][et_pb_image src=\u00bbhttps:\/\/lozen-sport.com\/wp-content\/uploads\/2021\/01\/VISUEL-CONSTRUCTION-FUSION-DROPSTITCH-LOZEN-PADDLE.jpg\u00bb alt=\u00bbMeilleure construction Stand Up Paddle Board r\u00e9sistante Fusion Dropstitch Lozen\u00bb title_text=\u00bbVISUEL-CONSTRUCTION-FUSION-DROPSTITCH-LOZEN-PADDLE\u00bb admin_label=\u00bbVisuel construction\u00bb _builder_version=\u00bb4.16&#8243; _module_preset=\u00bbdefault\u00bb global_colors_info=\u00bb{}\u00bb][\/et_pb_image][\/et_pb_column][et_pb_column type=\u00bb1_2&#8243; _builder_version=\u00bb4.16&#8243; _module_preset=\u00bbdefault\u00bb global_colors_info=\u00bb{}\u00bb][et_pb_image src=\u00bbhttps:\/\/lozen-sport.com\/wp-content\/uploads\/2021\/01\/DETAILS-CONSTRUCTION-FUSION-DROPSTITCH-LOZEN-PADDLE.jpg\u00bb alt=\u00bbTablero de p\u00e1del inflable ligero Dropstitch: 1. N\u00facleo Dropstitch de primera calidad 2. Primera capa de PVC 3. Capa s\u00f3lida de PVC de color 4. Primera capa de seguridad de PVC en el carril 5. Segunda capa de refuerzo de PVC en el carril 6. Almohadilla antideslizante Croco-Soft\u00bb title_text=\u00bbDETAILS-CONSTRUCTION-FUSION-DROPSTITCH-LOZEN-PADDLE\u00bb admin_label=\u00bbDescription\u00bb _builder_version=\u00bb4.16&#8243; _module_preset=\u00bbdefault\u00bb global_colors_info=\u00bb{}\u00bb][\/et_pb_image][\/et_pb_column][\/et_pb_row][\/et_pb_section][et_pb_section fb_built=\u00bb1&#8243; _builder_version=\u00bb4.16&#8243; custom_padding=\u00bb0px||||false|false\u00bb global_colors_info=\u00bb{}\u00bb][et_pb_row _builder_version=\u00bb4.16&#8243; background_size=\u00bbinitial\u00bb background_position=\u00bbtop_left\u00bb background_repeat=\u00bbrepeat\u00bb width=\u00bb100%\u00bb global_colors_info=\u00bb{}\u00bb][et_pb_column type=\u00bb4_4&#8243; _builder_version=\u00bb4.16&#8243; custom_padding=\u00bb|||\u00bb global_colors_info=\u00bb{}\u00bb custom_padding__hover=\u00bb|||\u00bb][et_pb_wc_tabs include_tabs=\u00bb|additional_information|reviews\u00bb disabled_on=\u00bboff|off|off\u00bb module_class=\u00bbcard\u00bb _builder_version=\u00bb4.16&#8243; global_colors_info=\u00bb{}\u00bb]\t\t\t\t\t[\/et_pb_wc_tabs][et_pb_wc_upsells _builder_version=\u00bb4.16&#8243; global_colors_info=\u00bb{}\u00bb][\/et_pb_wc_upsells][et_pb_wc_related_products _builder_version=\u00bb4.16&#8243; global_colors_info=\u00bb{}\u00bb][\/et_pb_wc_related_products][\/et_pb_column][\/et_pb_row][\/et_pb_section]\n","protected":false},"excerpt":{"rendered":"<p>\u00a1UNA OLA DE POTENCIA EN TU SUP!<\/p>\n<p>Si no quieres elegir una sola pr\u00e1ctica, \u00bfpor qu\u00e9 no optas por el equilibrio perfecto? Si quieres pasar al nivel superior sin lanzarte a\u00fan a la competici\u00f3n, \u00a1este SUP es para ti! Esta tabla, m\u00e1s din\u00e1mica y t\u00e9cnica que los modelos cl\u00e1sicos, tiende a tener un shape de competici\u00f3n pura, al tiempo que mantiene la accesibilidad para toda la familia. Es estable y ligera gracias a su construcci\u00f3n Fusion, muestra su eficacia en las distancias largas y te sorprender\u00e1 sin gran esfuerzo a la hora de aumentar la potencia.<\/p>\n<p>PACK: Bolsa + Inflador + Remo 3 partes + Aleta + Quilla Leash tel\u00e9fono + Kit de reparaci\u00f3n<\/p>\n","protected":false},"featured_media":5359,"comment_status":"closed","ping_status":"closed","template":"","meta":{"_et_pb_use_builder":"on","_et_pb_old_content":"","_et_gb_content_width":"","content-type":""},"product_brand":[],"product_cat":[104],"product_tag":[],"class_list":{"0":"post-2661","1":"product","2":"type-product","3":"status-publish","4":"has-post-thumbnail","6":"product_cat-paddle-inflable-es","7":"product_shipping_class-sup-es-2","9":"first","10":"instock","11":"taxable","12":"shipping-taxable","13":"purchasable","14":"product-type-simple"},"yoast_head":"<!-- This site is optimized with the Yoast SEO plugin v25.9 - https:\/\/yoast.com\/wordpress\/plugins\/seo\/ -->\n<title>S<\/title>\n<meta name=\"robots\" content=\"index, follow, max-snippet:-1, max-image-preview:large, max-video-preview:-1\" \/>\n<link rel=\"canonical\" href=\"https:\/\/lozen-sport.com\/es\/shop\/paddle-inflable-es\/paddle-inflable-lozen-116\/\" \/>\n<meta property=\"og:locale\" content=\"es_ES\" \/>\n<meta property=\"og:type\" content=\"article\" \/>\n<meta property=\"og:title\" content=\"S\" \/>\n<meta property=\"og:description\" content=\"\u00a1UNA OLA DE POTENCIA EN TU SUP!  Si no quieres elegir una sola pr\u00e1ctica, \u00bfpor qu\u00e9 no optas por el equilibrio perfecto? Si quieres pasar al nivel superior sin lanzarte a\u00fan a la competici\u00f3n, \u00a1este SUP es para ti! Esta tabla, m\u00e1s din\u00e1mica y t\u00e9cnica que los modelos cl\u00e1sicos, tiende a tener un shape de competici\u00f3n pura, al tiempo que mantiene la accesibilidad para toda la familia. Es estable y ligera gracias a su construcci\u00f3n Fusion, muestra su eficacia en las distancias largas y te sorprender\u00e1 sin gran esfuerzo a la hora de aumentar la potencia.  PACK: Bolsa + Inflador + Remo 3 partes + Aleta + Quilla Leash tel\u00e9fono + Kit de reparaci\u00f3n\" \/>\n<meta property=\"og:url\" content=\"https:\/\/lozen-sport.com\/es\/shop\/paddle-inflable-es\/paddle-inflable-lozen-116\/\" \/>\n<meta property=\"og:site_name\" content=\"LOZEN\" \/>\n<meta property=\"article:modified_time\" content=\"2022-09-06T07:07:10+00:00\" \/>\n<meta property=\"og:image\" content=\"https:\/\/lozen-sport.com\/wp-content\/uploads\/2021\/01\/OZLB7548-PACK_COMPLET-STAND_UP_PADDLE_BOARD-LOZEN-116x31x5-FUSION-WEB.jpg\" \/>\n\t<meta property=\"og:image:width\" content=\"1000\" \/>\n\t<meta property=\"og:image:height\" content=\"1000\" \/>\n\t<meta property=\"og:image:type\" content=\"image\/jpeg\" \/>\n<meta name=\"twitter:card\" content=\"summary_large_image\" \/>\n<meta name=\"twitter:label1\" content=\"Tiempo de lectura\" \/>\n\t<meta name=\"twitter:data1\" content=\"2 minutos\" \/>\n<script type=\"application\/ld+json\" class=\"yoast-schema-graph\">{\"@context\":\"https:\/\/schema.org\",\"@graph\":[{\"@type\":\"WebPage\",\"@id\":\"https:\/\/lozen-sport.com\/es\/shop\/paddle-inflable-es\/paddle-inflable-lozen-116\/\",\"url\":\"https:\/\/lozen-sport.com\/es\/shop\/paddle-inflable-es\/paddle-inflable-lozen-116\/\",\"name\":\"S\",\"isPartOf\":{\"@id\":\"https:\/\/lozen-sport.com\/#website\"},\"primaryImageOfPage\":{\"@id\":\"https:\/\/lozen-sport.com\/es\/shop\/paddle-inflable-es\/paddle-inflable-lozen-116\/#primaryimage\"},\"image\":{\"@id\":\"https:\/\/lozen-sport.com\/es\/shop\/paddle-inflable-es\/paddle-inflable-lozen-116\/#primaryimage\"},\"thumbnailUrl\":\"https:\/\/lozen-sport.com\/wp-content\/uploads\/2021\/01\/OZLB7548-SUP-LOZEN-11_6-31-5-FUSION-PACK.jpg\",\"datePublished\":\"2021-01-01T10:00:54+00:00\",\"dateModified\":\"2022-09-06T07:07:10+00:00\",\"breadcrumb\":{\"@id\":\"https:\/\/lozen-sport.com\/es\/shop\/paddle-inflable-es\/paddle-inflable-lozen-116\/#breadcrumb\"},\"inLanguage\":\"es\",\"potentialAction\":[{\"@type\":\"ReadAction\",\"target\":[\"https:\/\/lozen-sport.com\/es\/shop\/paddle-inflable-es\/paddle-inflable-lozen-116\/\"]}]},{\"@type\":\"ImageObject\",\"inLanguage\":\"es\",\"@id\":\"https:\/\/lozen-sport.com\/es\/shop\/paddle-inflable-es\/paddle-inflable-lozen-116\/#primaryimage\",\"url\":\"https:\/\/lozen-sport.com\/wp-content\/uploads\/2021\/01\/OZLB7548-SUP-LOZEN-11_6-31-5-FUSION-PACK.jpg\",\"contentUrl\":\"https:\/\/lozen-sport.com\/wp-content\/uploads\/2021\/01\/OZLB7548-SUP-LOZEN-11_6-31-5-FUSION-PACK.jpg\",\"width\":1000,\"height\":1000},{\"@type\":\"BreadcrumbList\",\"@id\":\"https:\/\/lozen-sport.com\/es\/shop\/paddle-inflable-es\/paddle-inflable-lozen-116\/#breadcrumb\",\"itemListElement\":[{\"@type\":\"ListItem\",\"position\":1,\"name\":\"Accueil\",\"item\":\"https:\/\/lozen-sport.com\/es\/\"},{\"@type\":\"ListItem\",\"position\":2,\"name\":\"Produits\",\"item\":\"https:\/\/lozen-sport.com\/shop\/\"},{\"@type\":\"ListItem\",\"position\":3,\"name\":\"SUP LOZEN 11&#8217;6\"}]},{\"@type\":\"WebSite\",\"@id\":\"https:\/\/lozen-sport.com\/#website\",\"url\":\"https:\/\/lozen-sport.com\/\",\"name\":\"LOZEN\",\"description\":\"LE SUP POUR TOUS\",\"potentialAction\":[{\"@type\":\"SearchAction\",\"target\":{\"@type\":\"EntryPoint\",\"urlTemplate\":\"https:\/\/lozen-sport.com\/?s={search_term_string}\"},\"query-input\":{\"@type\":\"PropertyValueSpecification\",\"valueRequired\":true,\"valueName\":\"search_term_string\"}}],\"inLanguage\":\"es\"}]}<\/script>\n<!-- \/ Yoast SEO plugin. -->","yoast_head_json":{"title":"S","robots":{"index":"index","follow":"follow","max-snippet":"max-snippet:-1","max-image-preview":"max-image-preview:large","max-video-preview":"max-video-preview:-1"},"canonical":"https:\/\/lozen-sport.com\/es\/shop\/paddle-inflable-es\/paddle-inflable-lozen-116\/","og_locale":"es_ES","og_type":"article","og_title":"S","og_description":"\u00a1UNA OLA DE POTENCIA EN TU SUP!  Si no quieres elegir una sola pr\u00e1ctica, \u00bfpor qu\u00e9 no optas por el equilibrio perfecto? Si quieres pasar al nivel superior sin lanzarte a\u00fan a la competici\u00f3n, \u00a1este SUP es para ti! Esta tabla, m\u00e1s din\u00e1mica y t\u00e9cnica que los modelos cl\u00e1sicos, tiende a tener un shape de competici\u00f3n pura, al tiempo que mantiene la accesibilidad para toda la familia. Es estable y ligera gracias a su construcci\u00f3n Fusion, muestra su eficacia en las distancias largas y te sorprender\u00e1 sin gran esfuerzo a la hora de aumentar la potencia.  PACK: Bolsa + Inflador + Remo 3 partes + Aleta + Quilla Leash tel\u00e9fono + Kit de reparaci\u00f3n","og_url":"https:\/\/lozen-sport.com\/es\/shop\/paddle-inflable-es\/paddle-inflable-lozen-116\/","og_site_name":"LOZEN","article_modified_time":"2022-09-06T07:07:10+00:00","og_image":[{"width":1000,"height":1000,"url":"https:\/\/lozen-sport.com\/wp-content\/uploads\/2021\/01\/OZLB7548-PACK_COMPLET-STAND_UP_PADDLE_BOARD-LOZEN-116x31x5-FUSION-WEB.jpg","type":"image\/jpeg"}],"twitter_card":"summary_large_image","twitter_misc":{"Tiempo de lectura":"2 minutos"},"schema":{"@context":"https:\/\/schema.org","@graph":[{"@type":"WebPage","@id":"https:\/\/lozen-sport.com\/es\/shop\/paddle-inflable-es\/paddle-inflable-lozen-116\/","url":"https:\/\/lozen-sport.com\/es\/shop\/paddle-inflable-es\/paddle-inflable-lozen-116\/","name":"S","isPartOf":{"@id":"https:\/\/lozen-sport.com\/#website"},"primaryImageOfPage":{"@id":"https:\/\/lozen-sport.com\/es\/shop\/paddle-inflable-es\/paddle-inflable-lozen-116\/#primaryimage"},"image":{"@id":"https:\/\/lozen-sport.com\/es\/shop\/paddle-inflable-es\/paddle-inflable-lozen-116\/#primaryimage"},"thumbnailUrl":"https:\/\/lozen-sport.com\/wp-content\/uploads\/2021\/01\/OZLB7548-SUP-LOZEN-11_6-31-5-FUSION-PACK.jpg","datePublished":"2021-01-01T10:00:54+00:00","dateModified":"2022-09-06T07:07:10+00:00","breadcrumb":{"@id":"https:\/\/lozen-sport.com\/es\/shop\/paddle-inflable-es\/paddle-inflable-lozen-116\/#breadcrumb"},"inLanguage":"es","potentialAction":[{"@type":"ReadAction","target":["https:\/\/lozen-sport.com\/es\/shop\/paddle-inflable-es\/paddle-inflable-lozen-116\/"]}]},{"@type":"ImageObject","inLanguage":"es","@id":"https:\/\/lozen-sport.com\/es\/shop\/paddle-inflable-es\/paddle-inflable-lozen-116\/#primaryimage","url":"https:\/\/lozen-sport.com\/wp-content\/uploads\/2021\/01\/OZLB7548-SUP-LOZEN-11_6-31-5-FUSION-PACK.jpg","contentUrl":"https:\/\/lozen-sport.com\/wp-content\/uploads\/2021\/01\/OZLB7548-SUP-LOZEN-11_6-31-5-FUSION-PACK.jpg","width":1000,"height":1000},{"@type":"BreadcrumbList","@id":"https:\/\/lozen-sport.com\/es\/shop\/paddle-inflable-es\/paddle-inflable-lozen-116\/#breadcrumb","itemListElement":[{"@type":"ListItem","position":1,"name":"Accueil","item":"https:\/\/lozen-sport.com\/es\/"},{"@type":"ListItem","position":2,"name":"Produits","item":"https:\/\/lozen-sport.com\/shop\/"},{"@type":"ListItem","position":3,"name":"SUP LOZEN 11&#8217;6"}]},{"@type":"WebSite","@id":"https:\/\/lozen-sport.com\/#website","url":"https:\/\/lozen-sport.com\/","name":"LOZEN","description":"LE SUP POUR TOUS","potentialAction":[{"@type":"SearchAction","target":{"@type":"EntryPoint","urlTemplate":"https:\/\/lozen-sport.com\/?s={search_term_string}"},"query-input":{"@type":"PropertyValueSpecification","valueRequired":true,"valueName":"search_term_string"}}],"inLanguage":"es"}]}},"_links":{"self":[{"href":"https:\/\/lozen-sport.com\/es\/wp-json\/wp\/v2\/product\/2661","targetHints":{"allow":["GET"]}}],"collection":[{"href":"https:\/\/lozen-sport.com\/es\/wp-json\/wp\/v2\/product"}],"about":[{"href":"https:\/\/lozen-sport.com\/es\/wp-json\/wp\/v2\/types\/product"}],"replies":[{"embeddable":true,"href":"https:\/\/lozen-sport.com\/es\/wp-json\/wp\/v2\/comments?post=2661"}],"wp:featuredmedia":[{"embeddable":true,"href":"https:\/\/lozen-sport.com\/es\/wp-json\/wp\/v2\/media\/5359"}],"wp:attachment":[{"href":"https:\/\/lozen-sport.com\/es\/wp-json\/wp\/v2\/media?parent=2661"}],"wp:term":[{"taxonomy":"product_brand","embeddable":true,"href":"https:\/\/lozen-sport.com\/es\/wp-json\/wp\/v2\/product_brand?post=2661"},{"taxonomy":"product_cat","embeddable":true,"href":"https:\/\/lozen-sport.com\/es\/wp-json\/wp\/v2\/product_cat?post=2661"},{"taxonomy":"product_tag","embeddable":true,"href":"https:\/\/lozen-sport.com\/es\/wp-json\/wp\/v2\/product_tag?post=2661"}],"curies":[{"name":"wp","href":"https:\/\/api.w.org\/{rel}","templated":true}]}}