{"id":2680,"date":"2016-11-27T21:36:16","date_gmt":"2019-02-15T16:22:10","guid":{"rendered":"http:\/\/lozen-sport.com\/?post_type=product&#038;p=2680"},"modified":"2020-02-26T15:35:22","modified_gmt":"2020-02-26T13:35:22","slug":"chaleco-piko","status":"publish","type":"product","link":"https:\/\/lozen-sport.com\/es\/shop\/accesorios-sup\/chaleco-piko\/","title":{"rendered":"CHALECO INFANTIL PIKO OZ"},"content":{"rendered":"[et_pb_section fb_built=\u00bb1&#8243; _builder_version=\u00bb3.22&#8243; custom_padding=\u00bb0px||||false|false\u00bb][et_pb_row _builder_version=\u00bb3.25&#8243; background_size=\u00bbinitial\u00bb background_position=\u00bbtop_left\u00bb background_repeat=\u00bbrepeat\u00bb width=\u00bb100%\u00bb custom_padding=\u00bb0px||0px||false|false\u00bb][et_pb_column type=\u00bb4_4&#8243; _builder_version=\u00bb3.25&#8243; custom_padding=\u00bb|||\u00bb custom_padding__hover=\u00bb|||\u00bb][et_pb_wc_breadcrumb disabled_on=\u00bbon|on|on\u00bb _builder_version=\u00bb3.0.47&#8243; disabled=\u00bbon\u00bb][\/et_pb_wc_breadcrumb][et_pb_wc_cart_notice _builder_version=\u00bb3.0.47&#8243;][\/et_pb_wc_cart_notice][\/et_pb_column][\/et_pb_row][et_pb_row column_structure=\u00bb1_2,1_2&#8243; _builder_version=\u00bb4.3.3&#8243; background_size=\u00bbinitial\u00bb background_position=\u00bbtop_left\u00bb background_repeat=\u00bbrepeat\u00bb width=\u00bb100%\u00bb custom_padding=\u00bb0px||||false|false\u00bb][et_pb_column type=\u00bb1_2&#8243; _builder_version=\u00bb3.25&#8243; custom_padding=\u00bb|||\u00bb custom_padding__hover=\u00bb|||\u00bb][et_pb_wc_images _builder_version=\u00bb3.0.47&#8243;][\/et_pb_wc_images][\/et_pb_column][et_pb_column type=\u00bb1_2&#8243; module_class=\u00bbcard\u00bb _builder_version=\u00bb4.3.3&#8243; custom_padding=\u00bb|||\u00bb custom_padding__hover=\u00bb|||\u00bb][et_pb_wc_title _builder_version=\u00bb3.0.47&#8243;][\/et_pb_wc_title][et_pb_wc_rating _builder_version=\u00bb3.0.47&#8243;][\/et_pb_wc_rating][et_pb_wc_price _builder_version=\u00bb3.0.47&#8243;][\/et_pb_wc_price][et_pb_wc_description _builder_version=\u00bb3.0.47&#8243;][\/et_pb_wc_description][et_pb_wc_add_to_cart _builder_version=\u00bb3.0.47&#8243;][\/et_pb_wc_add_to_cart][et_pb_wc_meta disabled_on=\u00bbon|on|on\u00bb admin_label=\u00bbWoo Meta\u00bb _builder_version=\u00bb3.0.47&#8243; disabled=\u00bbon\u00bb][\/et_pb_wc_meta][\/et_pb_column][\/et_pb_row][et_pb_row _builder_version=\u00bb3.25&#8243; background_size=\u00bbinitial\u00bb background_position=\u00bbtop_left\u00bb background_repeat=\u00bbrepeat\u00bb width=\u00bb100%\u00bb][et_pb_column type=\u00bb4_4&#8243; _builder_version=\u00bb3.25&#8243; custom_padding=\u00bb|||\u00bb custom_padding__hover=\u00bb|||\u00bb][et_pb_wc_tabs include_tabs=\u00bb|additional_information|reviews\u00bb disabled_on=\u00bboff|off|off\u00bb module_class=\u00bbcard\u00bb _builder_version=\u00bb4.3.3&#8243;]\t\t\t\t\t[\/et_pb_wc_tabs][et_pb_wc_upsells _builder_version=\u00bb3.0.47&#8243;][\/et_pb_wc_upsells][et_pb_wc_related_products _builder_version=\u00bb3.0.47&#8243;][\/et_pb_wc_related_products][\/et_pb_column][\/et_pb_row][\/et_pb_section]\n","protected":false},"excerpt":{"rendered":"<p>Chaleco salvavidas especialmente dise\u00f1ado para los ni\u00f1os. Dispone de tres hebillas de sujeci\u00f3n delanteras y est\u00e1 equipado con un silbato ISO, cincha de entrepierna, asa de remolque y tiras reflectantes.<\/p>\n","protected":false},"featured_media":2694,"comment_status":"closed","ping_status":"closed","template":"","meta":{"_et_pb_use_builder":"on","_et_pb_old_content":"","_et_gb_content_width":"","content-type":""},"product_brand":[],"product_cat":[107,137],"product_tag":[],"class_list":{"0":"post-2680","1":"product","2":"type-product","3":"status-publish","4":"has-post-thumbnail","6":"product_cat-accesorios-sup","7":"product_cat-buoyancy-aid-sup-es","8":"product_shipping_class-accesorios","10":"first","11":"outofstock","12":"taxable","13":"shipping-taxable","14":"purchasable","15":"product-type-variable"},"yoast_head":"<!-- This site is optimized with the Yoast SEO plugin v25.9 - https:\/\/yoast.com\/wordpress\/plugins\/seo\/ -->\n<title>CHALECO INFANTIL PIKO OZ - LOZEN<\/title>\n<meta name=\"robots\" content=\"index, follow, max-snippet:-1, max-image-preview:large, max-video-preview:-1\" \/>\n<link rel=\"canonical\" href=\"https:\/\/lozen-sport.com\/shop\/tous-les-produits\/accessoires-sup\/gilet-piko-lozen\/\" \/>\n<meta property=\"og:locale\" content=\"es_ES\" \/>\n<meta property=\"og:type\" content=\"article\" \/>\n<meta property=\"og:title\" content=\"CHALECO INFANTIL PIKO OZ - LOZEN\" \/>\n<meta property=\"og:description\" content=\"Chaleco salvavidas especialmente dise\u00f1ado para los ni\u00f1os. Dispone de tres hebillas de sujeci\u00f3n delanteras y est\u00e1 equipado con un silbato ISO, cincha de entrepierna, asa de remolque y tiras reflectantes.\" \/>\n<meta property=\"og:url\" content=\"https:\/\/lozen-sport.com\/shop\/tous-les-produits\/accessoires-sup\/gilet-piko-lozen\/\" \/>\n<meta property=\"og:site_name\" content=\"LOZEN\" \/>\n<meta property=\"article:modified_time\" content=\"2020-02-26T13:35:22+00:00\" \/>\n<meta property=\"og:image\" content=\"https:\/\/lozen-sport.com\/wp-content\/uploads\/2016\/11\/BO-4543-GILET-PIKO-LOZEN-ROUGE-FRONT-2016.jpg\" \/>\n\t<meta property=\"og:image:width\" content=\"1000\" \/>\n\t<meta property=\"og:image:height\" content=\"1000\" \/>\n\t<meta property=\"og:image:type\" content=\"image\/jpeg\" \/>\n<meta name=\"twitter:card\" content=\"summary_large_image\" \/>\n<meta name=\"twitter:label1\" content=\"Tiempo de lectura\" \/>\n\t<meta name=\"twitter:data1\" content=\"2 minutos\" \/>\n<script type=\"application\/ld+json\" class=\"yoast-schema-graph\">{\"@context\":\"https:\/\/schema.org\",\"@graph\":[{\"@type\":\"WebPage\",\"@id\":\"https:\/\/lozen-sport.com\/shop\/tous-les-produits\/accessoires-sup\/gilet-piko-lozen\/\",\"url\":\"https:\/\/lozen-sport.com\/shop\/tous-les-produits\/accessoires-sup\/gilet-piko-lozen\/\",\"name\":\"CHALECO INFANTIL PIKO OZ - LOZEN\",\"isPartOf\":{\"@id\":\"https:\/\/lozen-sport.com\/#website\"},\"primaryImageOfPage\":{\"@id\":\"https:\/\/lozen-sport.com\/shop\/tous-les-produits\/accessoires-sup\/gilet-piko-lozen\/#primaryimage\"},\"image\":{\"@id\":\"https:\/\/lozen-sport.com\/shop\/tous-les-produits\/accessoires-sup\/gilet-piko-lozen\/#primaryimage\"},\"thumbnailUrl\":\"https:\/\/lozen-sport.com\/wp-content\/uploads\/2016\/11\/BO-4543-GILET-PIKO-LOZEN-ROUGE-FRONT-2016.jpg\",\"datePublished\":\"2019-02-15T16:22:10+00:00\",\"dateModified\":\"2020-02-26T13:35:22+00:00\",\"breadcrumb\":{\"@id\":\"https:\/\/lozen-sport.com\/shop\/tous-les-produits\/accessoires-sup\/gilet-piko-lozen\/#breadcrumb\"},\"inLanguage\":\"es\",\"potentialAction\":[{\"@type\":\"ReadAction\",\"target\":[\"https:\/\/lozen-sport.com\/shop\/tous-les-produits\/accessoires-sup\/gilet-piko-lozen\/\"]}]},{\"@type\":\"ImageObject\",\"inLanguage\":\"es\",\"@id\":\"https:\/\/lozen-sport.com\/shop\/tous-les-produits\/accessoires-sup\/gilet-piko-lozen\/#primaryimage\",\"url\":\"https:\/\/lozen-sport.com\/wp-content\/uploads\/2016\/11\/BO-4543-GILET-PIKO-LOZEN-ROUGE-FRONT-2016.jpg\",\"contentUrl\":\"https:\/\/lozen-sport.com\/wp-content\/uploads\/2016\/11\/BO-4543-GILET-PIKO-LOZEN-ROUGE-FRONT-2016.jpg\",\"width\":1000,\"height\":1000},{\"@type\":\"BreadcrumbList\",\"@id\":\"https:\/\/lozen-sport.com\/shop\/tous-les-produits\/accessoires-sup\/gilet-piko-lozen\/#breadcrumb\",\"itemListElement\":[{\"@type\":\"ListItem\",\"position\":1,\"name\":\"Accueil\",\"item\":\"https:\/\/lozen-sport.com\/es\/\"},{\"@type\":\"ListItem\",\"position\":2,\"name\":\"Produits\",\"item\":\"https:\/\/lozen-sport.com\/shop\/\"},{\"@type\":\"ListItem\",\"position\":3,\"name\":\"CHALECO INFANTIL PIKO OZ\"}]},{\"@type\":\"WebSite\",\"@id\":\"https:\/\/lozen-sport.com\/#website\",\"url\":\"https:\/\/lozen-sport.com\/\",\"name\":\"LOZEN\",\"description\":\"LE SUP POUR TOUS\",\"potentialAction\":[{\"@type\":\"SearchAction\",\"target\":{\"@type\":\"EntryPoint\",\"urlTemplate\":\"https:\/\/lozen-sport.com\/?s={search_term_string}\"},\"query-input\":{\"@type\":\"PropertyValueSpecification\",\"valueRequired\":true,\"valueName\":\"search_term_string\"}}],\"inLanguage\":\"es\"}]}<\/script>\n<!-- \/ Yoast SEO plugin. -->","yoast_head_json":{"title":"CHALECO INFANTIL PIKO OZ - LOZEN","robots":{"index":"index","follow":"follow","max-snippet":"max-snippet:-1","max-image-preview":"max-image-preview:large","max-video-preview":"max-video-preview:-1"},"canonical":"https:\/\/lozen-sport.com\/shop\/tous-les-produits\/accessoires-sup\/gilet-piko-lozen\/","og_locale":"es_ES","og_type":"article","og_title":"CHALECO INFANTIL PIKO OZ - LOZEN","og_description":"Chaleco salvavidas especialmente dise\u00f1ado para los ni\u00f1os. Dispone de tres hebillas de sujeci\u00f3n delanteras y est\u00e1 equipado con un silbato ISO, cincha de entrepierna, asa de remolque y tiras reflectantes.","og_url":"https:\/\/lozen-sport.com\/shop\/tous-les-produits\/accessoires-sup\/gilet-piko-lozen\/","og_site_name":"LOZEN","article_modified_time":"2020-02-26T13:35:22+00:00","og_image":[{"width":1000,"height":1000,"url":"https:\/\/lozen-sport.com\/wp-content\/uploads\/2016\/11\/BO-4543-GILET-PIKO-LOZEN-ROUGE-FRONT-2016.jpg","type":"image\/jpeg"}],"twitter_card":"summary_large_image","twitter_misc":{"Tiempo de lectura":"2 minutos"},"schema":{"@context":"https:\/\/schema.org","@graph":[{"@type":"WebPage","@id":"https:\/\/lozen-sport.com\/shop\/tous-les-produits\/accessoires-sup\/gilet-piko-lozen\/","url":"https:\/\/lozen-sport.com\/shop\/tous-les-produits\/accessoires-sup\/gilet-piko-lozen\/","name":"CHALECO INFANTIL PIKO OZ - LOZEN","isPartOf":{"@id":"https:\/\/lozen-sport.com\/#website"},"primaryImageOfPage":{"@id":"https:\/\/lozen-sport.com\/shop\/tous-les-produits\/accessoires-sup\/gilet-piko-lozen\/#primaryimage"},"image":{"@id":"https:\/\/lozen-sport.com\/shop\/tous-les-produits\/accessoires-sup\/gilet-piko-lozen\/#primaryimage"},"thumbnailUrl":"https:\/\/lozen-sport.com\/wp-content\/uploads\/2016\/11\/BO-4543-GILET-PIKO-LOZEN-ROUGE-FRONT-2016.jpg","datePublished":"2019-02-15T16:22:10+00:00","dateModified":"2020-02-26T13:35:22+00:00","breadcrumb":{"@id":"https:\/\/lozen-sport.com\/shop\/tous-les-produits\/accessoires-sup\/gilet-piko-lozen\/#breadcrumb"},"inLanguage":"es","potentialAction":[{"@type":"ReadAction","target":["https:\/\/lozen-sport.com\/shop\/tous-les-produits\/accessoires-sup\/gilet-piko-lozen\/"]}]},{"@type":"ImageObject","inLanguage":"es","@id":"https:\/\/lozen-sport.com\/shop\/tous-les-produits\/accessoires-sup\/gilet-piko-lozen\/#primaryimage","url":"https:\/\/lozen-sport.com\/wp-content\/uploads\/2016\/11\/BO-4543-GILET-PIKO-LOZEN-ROUGE-FRONT-2016.jpg","contentUrl":"https:\/\/lozen-sport.com\/wp-content\/uploads\/2016\/11\/BO-4543-GILET-PIKO-LOZEN-ROUGE-FRONT-2016.jpg","width":1000,"height":1000},{"@type":"BreadcrumbList","@id":"https:\/\/lozen-sport.com\/shop\/tous-les-produits\/accessoires-sup\/gilet-piko-lozen\/#breadcrumb","itemListElement":[{"@type":"ListItem","position":1,"name":"Accueil","item":"https:\/\/lozen-sport.com\/es\/"},{"@type":"ListItem","position":2,"name":"Produits","item":"https:\/\/lozen-sport.com\/shop\/"},{"@type":"ListItem","position":3,"name":"CHALECO INFANTIL PIKO OZ"}]},{"@type":"WebSite","@id":"https:\/\/lozen-sport.com\/#website","url":"https:\/\/lozen-sport.com\/","name":"LOZEN","description":"LE SUP POUR TOUS","potentialAction":[{"@type":"SearchAction","target":{"@type":"EntryPoint","urlTemplate":"https:\/\/lozen-sport.com\/?s={search_term_string}"},"query-input":{"@type":"PropertyValueSpecification","valueRequired":true,"valueName":"search_term_string"}}],"inLanguage":"es"}]}},"_links":{"self":[{"href":"https:\/\/lozen-sport.com\/es\/wp-json\/wp\/v2\/product\/2680","targetHints":{"allow":["GET"]}}],"collection":[{"href":"https:\/\/lozen-sport.com\/es\/wp-json\/wp\/v2\/product"}],"about":[{"href":"https:\/\/lozen-sport.com\/es\/wp-json\/wp\/v2\/types\/product"}],"replies":[{"embeddable":true,"href":"https:\/\/lozen-sport.com\/es\/wp-json\/wp\/v2\/comments?post=2680"}],"wp:featuredmedia":[{"embeddable":true,"href":"https:\/\/lozen-sport.com\/es\/wp-json\/wp\/v2\/media\/2694"}],"wp:attachment":[{"href":"https:\/\/lozen-sport.com\/es\/wp-json\/wp\/v2\/media?parent=2680"}],"wp:term":[{"taxonomy":"product_brand","embeddable":true,"href":"https:\/\/lozen-sport.com\/es\/wp-json\/wp\/v2\/product_brand?post=2680"},{"taxonomy":"product_cat","embeddable":true,"href":"https:\/\/lozen-sport.com\/es\/wp-json\/wp\/v2\/product_cat?post=2680"},{"taxonomy":"product_tag","embeddable":true,"href":"https:\/\/lozen-sport.com\/es\/wp-json\/wp\/v2\/product_tag?post=2680"}],"curies":[{"name":"wp","href":"https:\/\/api.w.org\/{rel}","templated":true}]}}