{"id":4243,"date":"2021-01-01T12:00:23","date_gmt":"2021-01-27T16:35:24","guid":{"rendered":""},"modified":"2024-11-19T11:21:53","modified_gmt":"2024-11-19T09:21:53","slug":"lozen-14-fusion-dropstitch-es","status":"publish","type":"product","link":"https:\/\/lozen-sport.com\/es\/shop\/paddle-inflable-es\/lozen-14-fusion-dropstitch-es\/","title":{"rendered":"SUP LOZEN 14&#8242;"},"content":{"rendered":"[et_pb_section fb_built=\u00bb1&#8243; _builder_version=\u00bb4.16&#8243; custom_padding=\u00bb0px||||false|false\u00bb global_colors_info=\u00bb{}\u00bb][et_pb_row _builder_version=\u00bb4.16&#8243; background_size=\u00bbinitial\u00bb background_position=\u00bbtop_left\u00bb background_repeat=\u00bbrepeat\u00bb width=\u00bb100%\u00bb custom_padding=\u00bb0px||0px||false|false\u00bb global_colors_info=\u00bb{}\u00bb][et_pb_column type=\u00bb4_4&#8243; _builder_version=\u00bb4.16&#8243; custom_padding=\u00bb|||\u00bb global_colors_info=\u00bb{}\u00bb custom_padding__hover=\u00bb|||\u00bb][et_pb_wc_breadcrumb disabled_on=\u00bbon|on|on\u00bb _builder_version=\u00bb4.16&#8243; disabled=\u00bbon\u00bb global_colors_info=\u00bb{}\u00bb][\/et_pb_wc_breadcrumb][et_pb_wc_cart_notice _builder_version=\u00bb4.16&#8243; global_colors_info=\u00bb{}\u00bb][\/et_pb_wc_cart_notice][\/et_pb_column][\/et_pb_row][et_pb_row column_structure=\u00bb1_2,1_2&#8243; _builder_version=\u00bb4.16&#8243; background_size=\u00bbinitial\u00bb background_position=\u00bbtop_left\u00bb background_repeat=\u00bbrepeat\u00bb width=\u00bb100%\u00bb custom_padding=\u00bb0px||||false|false\u00bb global_colors_info=\u00bb{}\u00bb][et_pb_column type=\u00bb1_2&#8243; _builder_version=\u00bb4.16&#8243; custom_padding=\u00bb|||\u00bb global_colors_info=\u00bb{}\u00bb custom_padding__hover=\u00bb|||\u00bb][et_pb_wc_images _builder_version=\u00bb4.16&#8243; global_colors_info=\u00bb{}\u00bb][\/et_pb_wc_images][\/et_pb_column][et_pb_column type=\u00bb1_2&#8243; module_class=\u00bbcard\u00bb _builder_version=\u00bb4.16&#8243; custom_padding=\u00bb|||\u00bb global_colors_info=\u00bb{}\u00bb custom_padding__hover=\u00bb|||\u00bb][et_pb_wc_title _builder_version=\u00bb4.16&#8243; global_colors_info=\u00bb{}\u00bb][\/et_pb_wc_title][et_pb_wc_rating _builder_version=\u00bb4.16&#8243; global_colors_info=\u00bb{}\u00bb][\/et_pb_wc_rating][et_pb_wc_price _builder_version=\u00bb4.16&#8243; global_colors_info=\u00bb{}\u00bb][\/et_pb_wc_price][et_pb_wc_description _builder_version=\u00bb4.16&#8243; global_colors_info=\u00bb{}\u00bb][\/et_pb_wc_description][et_pb_text disabled_on=\u00bbon|on|on\u00bb admin_label=\u00bbACTUELLEMENT EN RUPTURE DE STOCK\u00bb _builder_version=\u00bb4.16&#8243; disabled=\u00bbon\u00bb locked=\u00bboff\u00bb global_colors_info=\u00bb{}\u00bb]\n<p><i class=\"fas fa-store-slash\" style=\"color: #ff0000;\"><\/i> <span style=\"color: #ff0000;\">Actualmente no hay existencias<\/span><\/p>\n<p>P\u00f3ngase en contacto con nosotros para obtener m\u00e1s informaci\u00f3n sobre la disponibilidad.<\/p>\n[\/et_pb_text][et_pb_text disabled_on=\u00bbon|on|on\u00bb admin_label=\u00bbRUPTURE TEMPORAIRE\u00bb _builder_version=\u00bb4.16&#8243; disabled=\u00bbon\u00bb locked=\u00bboff\u00bb global_colors_info=\u00bb{}\u00bb]\n<p><i class=\"fas fa-store-slash\" style=\"color: #ff0000;\"><\/i> <span style=\"color: #ff0000;\">Producto v\u00edctima de su propio \u00e9xito<\/span><\/p>\n<p>Disponible para pre-pedido<br \/>\nEnv\u00edo previsto a partir del 30 de julio.<\/p>\n[\/et_pb_text][et_pb_text disabled_on=\u00bboff|off|off\u00bb admin_label=\u00bbRUPTURE D\u00c9FINITIVE\u00bb _builder_version=\u00bb4.27.0&#8243; locked=\u00bboff\u00bb global_colors_info=\u00bb{}\u00bb]\n<p><i class=\"fas fa-store-slash\" style=\"color: #ff0000;\"><\/i> <span style=\"color: #ff0000;\">\u00a1Agotado permanentemente!<\/span><\/p>\n<p>Este producto est\u00e1 permanentemente agotado y no se repondr\u00e1.<\/p>\n[\/et_pb_text][et_pb_wc_add_to_cart _builder_version=\u00bb4.16&#8243; global_colors_info=\u00bb{}\u00bb][\/et_pb_wc_add_to_cart][et_pb_wc_meta disabled_on=\u00bbon|on|on\u00bb admin_label=\u00bbWoo Meta\u00bb _builder_version=\u00bb4.16&#8243; disabled=\u00bbon\u00bb global_colors_info=\u00bb{}\u00bb][\/et_pb_wc_meta][\/et_pb_column][\/et_pb_row][\/et_pb_section][et_pb_section fb_built=\u00bb1&#8243; _builder_version=\u00bb4.16&#8243; custom_padding=\u00bb0px||||false|false\u00bb global_colors_info=\u00bb{}\u00bb][et_pb_row admin_label=\u00bbCONSTRUCCI\u00d3N\u00bb _builder_version=\u00bb4.16&#8243; _module_preset=\u00bbdefault\u00bb background_color=\u00bb#dd0000&#8243; width=\u00bb100%\u00bb custom_margin=\u00bb25px|0px||0px|false|false\u00bb global_colors_info=\u00bb{}\u00bb][et_pb_column type=\u00bb4_4&#8243; _builder_version=\u00bb4.16&#8243; _module_preset=\u00bbdefault\u00bb global_colors_info=\u00bb{}\u00bb][et_pb_text admin_label=\u00bbTITRE CONSTRUCTION\u00bb _builder_version=\u00bb4.16&#8243; _module_preset=\u00bbdefault\u00bb header_line_height=\u00bb1.5em\u00bb header_3_font=\u00bbAKKURAT BOLD||||||||\u00bb header_3_text_align=\u00bbcenter\u00bb header_3_text_color=\u00bb#FFFFFF\u00bb header_3_font_size=\u00bb14px\u00bb header_3_letter_spacing=\u00bb10px\u00bb text_orientation=\u00bbcenter\u00bb custom_padding=\u00bb10px||0px||false|false\u00bb global_colors_info=\u00bb{}\u00bb]\n<h3>CONSTRUCTION RENFORC\u00c9E FUSION DROPSTITCH<\/h3>\n[\/et_pb_text][\/et_pb_column][\/et_pb_row][et_pb_row column_structure=\u00bb1_2,1_2&#8243; use_custom_gutter=\u00bbon\u00bb gutter_width=\u00bb1&#8243; make_equal=\u00bbon\u00bb admin_label=\u00bbCONSTRUCCI\u00d3N\u00bb _builder_version=\u00bb4.16&#8243; _module_preset=\u00bbdefault\u00bb width=\u00bb100%\u00bb custom_margin=\u00bb0px||||false|false\u00bb custom_padding=\u00bb0px||||false|false\u00bb global_colors_info=\u00bb{}\u00bb][et_pb_column type=\u00bb1_2&#8243; _builder_version=\u00bb4.16&#8243; _module_preset=\u00bbdefault\u00bb global_colors_info=\u00bb{}\u00bb][et_pb_image src=\u00bbhttps:\/\/lozen-sport.com\/wp-content\/uploads\/2021\/01\/VISUEL-CONSTRUCTION-FUSION-DROPSTITCH-LOZEN-PADDLE.jpg\u00bb alt=\u00bbMeilleure construction Stand Up Paddle Board r\u00e9sistante Fusion Dropstitch Lozen\u00bb title_text=\u00bbVISUEL-CONSTRUCTION-FUSION-DROPSTITCH-LOZEN-PADDLE\u00bb admin_label=\u00bbVisuel construction\u00bb _builder_version=\u00bb4.16&#8243; _module_preset=\u00bbdefault\u00bb global_colors_info=\u00bb{}\u00bb][\/et_pb_image][\/et_pb_column][et_pb_column type=\u00bb1_2&#8243; _builder_version=\u00bb4.16&#8243; _module_preset=\u00bbdefault\u00bb global_colors_info=\u00bb{}\u00bb][et_pb_image src=\u00bbhttps:\/\/lozen-sport.com\/wp-content\/uploads\/2021\/01\/DETAILS-CONSTRUCTION-FUSION-DROPSTITCH-LOZEN-PADDLE.jpg\u00bb alt=\u00bbTablero de p\u00e1del inflable ligero Dropstitch: 1. N\u00facleo Dropstitch de primera calidad 2. Primera capa de PVC 3. Capa s\u00f3lida de PVC de color 4. Primera capa de seguridad de PVC en el carril 5. Segunda capa de refuerzo de PVC en el carril 6. Almohadilla antideslizante Croco-Soft\u00bb title_text=\u00bbDETAILS-CONSTRUCTION-FUSION-DROPSTITCH-LOZEN-PADDLE\u00bb admin_label=\u00bbDescription\u00bb _builder_version=\u00bb4.16&#8243; _module_preset=\u00bbdefault\u00bb global_colors_info=\u00bb{}\u00bb][\/et_pb_image][\/et_pb_column][\/et_pb_row][\/et_pb_section][et_pb_section fb_built=\u00bb1&#8243; _builder_version=\u00bb4.16&#8243; custom_padding=\u00bb0px||||false|false\u00bb global_colors_info=\u00bb{}\u00bb][et_pb_row _builder_version=\u00bb4.16&#8243; background_size=\u00bbinitial\u00bb background_position=\u00bbtop_left\u00bb background_repeat=\u00bbrepeat\u00bb width=\u00bb100%\u00bb global_colors_info=\u00bb{}\u00bb][et_pb_column type=\u00bb4_4&#8243; _builder_version=\u00bb4.16&#8243; custom_padding=\u00bb|||\u00bb global_colors_info=\u00bb{}\u00bb custom_padding__hover=\u00bb|||\u00bb][et_pb_wc_tabs include_tabs=\u00bb|additional_information|reviews\u00bb disabled_on=\u00bboff|off|off\u00bb module_class=\u00bbcard\u00bb _builder_version=\u00bb4.16&#8243; global_colors_info=\u00bb{}\u00bb]\t\t\t\t\t[\/et_pb_wc_tabs][et_pb_wc_upsells _builder_version=\u00bb4.16&#8243; global_colors_info=\u00bb{}\u00bb][\/et_pb_wc_upsells][et_pb_wc_related_products _builder_version=\u00bb4.16&#8243; global_colors_info=\u00bb{}\u00bb][\/et_pb_wc_related_products][\/et_pb_column][\/et_pb_row][\/et_pb_section]\n","protected":false},"excerpt":{"rendered":"<p>\u00a1UNA TABLA DE RENDIMIENTO REAL!<\/p>\n<p>La tabla de Stand Up Paddle inflable Lozen 14&#8242; Fusion ha sido dise\u00f1ada para carreras y largas distancias. Gracias a su construcci\u00f3n de alta gama Dropstitch Fusion, esta tabla de Stand Up Paddle es una aut\u00e9ntica bomba. Su forma din\u00e1mica ofrece una penetraci\u00f3n en el agua ideal para la larga distancia y la velocidad. Es la elecci\u00f3n perfecta para los aventureros que buscan recorridos largos o para los que quieren competir.<\/p>\n<p>PACK: Bolsa + Inflador + Remo 3 partes + Aleta + Quilla Leash tel\u00e9fono + Kit de reparaci\u00f3n<\/p>\n","protected":false},"featured_media":4251,"comment_status":"closed","ping_status":"closed","template":"","meta":{"_et_pb_use_builder":"on","_et_pb_old_content":"","_et_gb_content_width":"","content-type":""},"product_brand":[],"product_cat":[104],"product_tag":[],"class_list":{"0":"post-4243","1":"product","2":"type-product","3":"status-publish","4":"has-post-thumbnail","6":"product_cat-paddle-inflable-es","7":"product_shipping_class-sup-es-2","9":"first","10":"outofstock","11":"taxable","12":"shipping-taxable","13":"purchasable","14":"product-type-simple"},"yoast_head":"<!-- This site is optimized with the Yoast SEO plugin v25.9 - https:\/\/yoast.com\/wordpress\/plugins\/seo\/ -->\n<title>PADDLE SURF LOZEN 14&#039; FUSION - LOZEN SUP<\/title>\n<meta name=\"description\" content=\"La tabla de Stand Up Paddle inflable Lozen 14&#039; Fusion est\u00e1 construida para el rendimiento. Duradero y perfecto para su uso en viajes y carreras.\" \/>\n<meta name=\"robots\" content=\"index, follow, max-snippet:-1, max-image-preview:large, max-video-preview:-1\" \/>\n<link rel=\"canonical\" href=\"https:\/\/lozen-sport.com\/shop\/tous-les-produits\/paddle-gonflable\/lozen-14-fusion-dropstitch\/\" \/>\n<meta property=\"og:locale\" content=\"es_ES\" \/>\n<meta property=\"og:type\" content=\"article\" \/>\n<meta property=\"og:title\" content=\"PADDLE SURF LOZEN 14&#039; FUSION - LOZEN SUP\" \/>\n<meta property=\"og:description\" content=\"La tabla de Stand Up Paddle inflable Lozen 14&#039; Fusion est\u00e1 construida para el rendimiento. Duradero y perfecto para su uso en viajes y carreras.\" \/>\n<meta property=\"og:url\" content=\"https:\/\/lozen-sport.com\/shop\/tous-les-produits\/paddle-gonflable\/lozen-14-fusion-dropstitch\/\" \/>\n<meta property=\"og:site_name\" content=\"LOZEN\" \/>\n<meta property=\"article:modified_time\" content=\"2024-11-19T09:21:53+00:00\" \/>\n<meta property=\"og:image\" content=\"https:\/\/lozen-sport.com\/wp-content\/uploads\/2021\/01\/OZLB7555-PACK_COMPLET-STAND_UP_PADDLE_BOARD-LOZEN-14x28x6-FUSION-WEB-1.jpg\" \/>\n\t<meta property=\"og:image:width\" content=\"1000\" \/>\n\t<meta property=\"og:image:height\" content=\"1000\" \/>\n\t<meta property=\"og:image:type\" content=\"image\/jpeg\" \/>\n<meta name=\"twitter:card\" content=\"summary_large_image\" \/>\n<meta name=\"twitter:label1\" content=\"Tiempo de lectura\" \/>\n\t<meta name=\"twitter:data1\" content=\"4 minutos\" \/>\n<script type=\"application\/ld+json\" class=\"yoast-schema-graph\">{\"@context\":\"https:\/\/schema.org\",\"@graph\":[{\"@type\":\"WebPage\",\"@id\":\"https:\/\/lozen-sport.com\/shop\/tous-les-produits\/paddle-gonflable\/lozen-14-fusion-dropstitch\/\",\"url\":\"https:\/\/lozen-sport.com\/shop\/tous-les-produits\/paddle-gonflable\/lozen-14-fusion-dropstitch\/\",\"name\":\"PADDLE SURF LOZEN 14' FUSION - LOZEN SUP\",\"isPartOf\":{\"@id\":\"https:\/\/lozen-sport.com\/#website\"},\"primaryImageOfPage\":{\"@id\":\"https:\/\/lozen-sport.com\/shop\/tous-les-produits\/paddle-gonflable\/lozen-14-fusion-dropstitch\/#primaryimage\"},\"image\":{\"@id\":\"https:\/\/lozen-sport.com\/shop\/tous-les-produits\/paddle-gonflable\/lozen-14-fusion-dropstitch\/#primaryimage\"},\"thumbnailUrl\":\"https:\/\/lozen-sport.com\/wp-content\/uploads\/2021\/01\/OZLB7555-PACK_COMPLET-STAND_UP_PADDLE_BOARD-LOZEN-14x28x6-FUSION-WEB-1.jpg\",\"datePublished\":\"2021-01-27T16:35:24+00:00\",\"dateModified\":\"2024-11-19T09:21:53+00:00\",\"description\":\"La tabla de Stand Up Paddle inflable Lozen 14' Fusion est\u00e1 construida para el rendimiento. Duradero y perfecto para su uso en viajes y carreras.\",\"breadcrumb\":{\"@id\":\"https:\/\/lozen-sport.com\/shop\/tous-les-produits\/paddle-gonflable\/lozen-14-fusion-dropstitch\/#breadcrumb\"},\"inLanguage\":\"es\",\"potentialAction\":[{\"@type\":\"ReadAction\",\"target\":[\"https:\/\/lozen-sport.com\/shop\/tous-les-produits\/paddle-gonflable\/lozen-14-fusion-dropstitch\/\"]}]},{\"@type\":\"ImageObject\",\"inLanguage\":\"es\",\"@id\":\"https:\/\/lozen-sport.com\/shop\/tous-les-produits\/paddle-gonflable\/lozen-14-fusion-dropstitch\/#primaryimage\",\"url\":\"https:\/\/lozen-sport.com\/wp-content\/uploads\/2021\/01\/OZLB7555-PACK_COMPLET-STAND_UP_PADDLE_BOARD-LOZEN-14x28x6-FUSION-WEB-1.jpg\",\"contentUrl\":\"https:\/\/lozen-sport.com\/wp-content\/uploads\/2021\/01\/OZLB7555-PACK_COMPLET-STAND_UP_PADDLE_BOARD-LOZEN-14x28x6-FUSION-WEB-1.jpg\",\"width\":1000,\"height\":1000,\"caption\":\"Stand Up Paddle Board gonflable Lozen 14' Fusion Dropstitch version 2021 marque fran\u00e7aise\"},{\"@type\":\"BreadcrumbList\",\"@id\":\"https:\/\/lozen-sport.com\/shop\/tous-les-produits\/paddle-gonflable\/lozen-14-fusion-dropstitch\/#breadcrumb\",\"itemListElement\":[{\"@type\":\"ListItem\",\"position\":1,\"name\":\"Accueil\",\"item\":\"https:\/\/lozen-sport.com\/es\/\"},{\"@type\":\"ListItem\",\"position\":2,\"name\":\"Produits\",\"item\":\"https:\/\/lozen-sport.com\/shop\/\"},{\"@type\":\"ListItem\",\"position\":3,\"name\":\"SUP LOZEN 14&#8242;\"}]},{\"@type\":\"WebSite\",\"@id\":\"https:\/\/lozen-sport.com\/#website\",\"url\":\"https:\/\/lozen-sport.com\/\",\"name\":\"LOZEN\",\"description\":\"LE SUP POUR TOUS\",\"potentialAction\":[{\"@type\":\"SearchAction\",\"target\":{\"@type\":\"EntryPoint\",\"urlTemplate\":\"https:\/\/lozen-sport.com\/?s={search_term_string}\"},\"query-input\":{\"@type\":\"PropertyValueSpecification\",\"valueRequired\":true,\"valueName\":\"search_term_string\"}}],\"inLanguage\":\"es\"}]}<\/script>\n<!-- \/ Yoast SEO plugin. -->","yoast_head_json":{"title":"PADDLE SURF LOZEN 14' FUSION - LOZEN SUP","description":"La tabla de Stand Up Paddle inflable Lozen 14' Fusion est\u00e1 construida para el rendimiento. Duradero y perfecto para su uso en viajes y carreras.","robots":{"index":"index","follow":"follow","max-snippet":"max-snippet:-1","max-image-preview":"max-image-preview:large","max-video-preview":"max-video-preview:-1"},"canonical":"https:\/\/lozen-sport.com\/shop\/tous-les-produits\/paddle-gonflable\/lozen-14-fusion-dropstitch\/","og_locale":"es_ES","og_type":"article","og_title":"PADDLE SURF LOZEN 14' FUSION - LOZEN SUP","og_description":"La tabla de Stand Up Paddle inflable Lozen 14' Fusion est\u00e1 construida para el rendimiento. Duradero y perfecto para su uso en viajes y carreras.","og_url":"https:\/\/lozen-sport.com\/shop\/tous-les-produits\/paddle-gonflable\/lozen-14-fusion-dropstitch\/","og_site_name":"LOZEN","article_modified_time":"2024-11-19T09:21:53+00:00","og_image":[{"width":1000,"height":1000,"url":"https:\/\/lozen-sport.com\/wp-content\/uploads\/2021\/01\/OZLB7555-PACK_COMPLET-STAND_UP_PADDLE_BOARD-LOZEN-14x28x6-FUSION-WEB-1.jpg","type":"image\/jpeg"}],"twitter_card":"summary_large_image","twitter_misc":{"Tiempo de lectura":"4 minutos"},"schema":{"@context":"https:\/\/schema.org","@graph":[{"@type":"WebPage","@id":"https:\/\/lozen-sport.com\/shop\/tous-les-produits\/paddle-gonflable\/lozen-14-fusion-dropstitch\/","url":"https:\/\/lozen-sport.com\/shop\/tous-les-produits\/paddle-gonflable\/lozen-14-fusion-dropstitch\/","name":"PADDLE SURF LOZEN 14' FUSION - LOZEN SUP","isPartOf":{"@id":"https:\/\/lozen-sport.com\/#website"},"primaryImageOfPage":{"@id":"https:\/\/lozen-sport.com\/shop\/tous-les-produits\/paddle-gonflable\/lozen-14-fusion-dropstitch\/#primaryimage"},"image":{"@id":"https:\/\/lozen-sport.com\/shop\/tous-les-produits\/paddle-gonflable\/lozen-14-fusion-dropstitch\/#primaryimage"},"thumbnailUrl":"https:\/\/lozen-sport.com\/wp-content\/uploads\/2021\/01\/OZLB7555-PACK_COMPLET-STAND_UP_PADDLE_BOARD-LOZEN-14x28x6-FUSION-WEB-1.jpg","datePublished":"2021-01-27T16:35:24+00:00","dateModified":"2024-11-19T09:21:53+00:00","description":"La tabla de Stand Up Paddle inflable Lozen 14' Fusion est\u00e1 construida para el rendimiento. Duradero y perfecto para su uso en viajes y carreras.","breadcrumb":{"@id":"https:\/\/lozen-sport.com\/shop\/tous-les-produits\/paddle-gonflable\/lozen-14-fusion-dropstitch\/#breadcrumb"},"inLanguage":"es","potentialAction":[{"@type":"ReadAction","target":["https:\/\/lozen-sport.com\/shop\/tous-les-produits\/paddle-gonflable\/lozen-14-fusion-dropstitch\/"]}]},{"@type":"ImageObject","inLanguage":"es","@id":"https:\/\/lozen-sport.com\/shop\/tous-les-produits\/paddle-gonflable\/lozen-14-fusion-dropstitch\/#primaryimage","url":"https:\/\/lozen-sport.com\/wp-content\/uploads\/2021\/01\/OZLB7555-PACK_COMPLET-STAND_UP_PADDLE_BOARD-LOZEN-14x28x6-FUSION-WEB-1.jpg","contentUrl":"https:\/\/lozen-sport.com\/wp-content\/uploads\/2021\/01\/OZLB7555-PACK_COMPLET-STAND_UP_PADDLE_BOARD-LOZEN-14x28x6-FUSION-WEB-1.jpg","width":1000,"height":1000,"caption":"Stand Up Paddle Board gonflable Lozen 14' Fusion Dropstitch version 2021 marque fran\u00e7aise"},{"@type":"BreadcrumbList","@id":"https:\/\/lozen-sport.com\/shop\/tous-les-produits\/paddle-gonflable\/lozen-14-fusion-dropstitch\/#breadcrumb","itemListElement":[{"@type":"ListItem","position":1,"name":"Accueil","item":"https:\/\/lozen-sport.com\/es\/"},{"@type":"ListItem","position":2,"name":"Produits","item":"https:\/\/lozen-sport.com\/shop\/"},{"@type":"ListItem","position":3,"name":"SUP LOZEN 14&#8242;"}]},{"@type":"WebSite","@id":"https:\/\/lozen-sport.com\/#website","url":"https:\/\/lozen-sport.com\/","name":"LOZEN","description":"LE SUP POUR TOUS","potentialAction":[{"@type":"SearchAction","target":{"@type":"EntryPoint","urlTemplate":"https:\/\/lozen-sport.com\/?s={search_term_string}"},"query-input":{"@type":"PropertyValueSpecification","valueRequired":true,"valueName":"search_term_string"}}],"inLanguage":"es"}]}},"_links":{"self":[{"href":"https:\/\/lozen-sport.com\/es\/wp-json\/wp\/v2\/product\/4243","targetHints":{"allow":["GET"]}}],"collection":[{"href":"https:\/\/lozen-sport.com\/es\/wp-json\/wp\/v2\/product"}],"about":[{"href":"https:\/\/lozen-sport.com\/es\/wp-json\/wp\/v2\/types\/product"}],"replies":[{"embeddable":true,"href":"https:\/\/lozen-sport.com\/es\/wp-json\/wp\/v2\/comments?post=4243"}],"wp:featuredmedia":[{"embeddable":true,"href":"https:\/\/lozen-sport.com\/es\/wp-json\/wp\/v2\/media\/4251"}],"wp:attachment":[{"href":"https:\/\/lozen-sport.com\/es\/wp-json\/wp\/v2\/media?parent=4243"}],"wp:term":[{"taxonomy":"product_brand","embeddable":true,"href":"https:\/\/lozen-sport.com\/es\/wp-json\/wp\/v2\/product_brand?post=4243"},{"taxonomy":"product_cat","embeddable":true,"href":"https:\/\/lozen-sport.com\/es\/wp-json\/wp\/v2\/product_cat?post=4243"},{"taxonomy":"product_tag","embeddable":true,"href":"https:\/\/lozen-sport.com\/es\/wp-json\/wp\/v2\/product_tag?post=4243"}],"curies":[{"name":"wp","href":"https:\/\/api.w.org\/{rel}","templated":true}]}}