{"id":4723,"date":"2021-01-01T12:00:26","date_gmt":"2021-01-01T10:00:26","guid":{"rendered":"http:\/\/lozen-sport.com\/shop\/sin%20categor\u00eda\/sup-lozen-10-8-touring-es\/"},"modified":"2025-06-24T14:10:55","modified_gmt":"2025-06-24T12:10:55","slug":"sup-lozen-10-8-touring-es","status":"publish","type":"product","link":"https:\/\/lozen-sport.com\/es\/shop\/paddle-inflable-es\/sup-lozen-10-8-touring-es\/","title":{"rendered":"SUP LOZEN 10&#8217;8 Touring"},"content":{"rendered":"[et_pb_section fb_built=\u00bb1&#8243; _builder_version=\u00bb4.16&#8243; custom_padding=\u00bb0px||||false|false\u00bb global_colors_info=\u00bb{}\u00bb][et_pb_row _builder_version=\u00bb4.16&#8243; background_size=\u00bbinitial\u00bb background_position=\u00bbtop_left\u00bb background_repeat=\u00bbrepeat\u00bb width=\u00bb100%\u00bb custom_padding=\u00bb0px||0px||false|false\u00bb global_colors_info=\u00bb{}\u00bb][et_pb_column type=\u00bb4_4&#8243; _builder_version=\u00bb4.16&#8243; custom_padding=\u00bb|||\u00bb global_colors_info=\u00bb{}\u00bb custom_padding__hover=\u00bb|||\u00bb][et_pb_wc_breadcrumb disabled_on=\u00bbon|on|on\u00bb _builder_version=\u00bb4.16&#8243; disabled=\u00bbon\u00bb global_colors_info=\u00bb{}\u00bb][\/et_pb_wc_breadcrumb][et_pb_wc_cart_notice _builder_version=\u00bb4.16&#8243; global_colors_info=\u00bb{}\u00bb][\/et_pb_wc_cart_notice][\/et_pb_column][\/et_pb_row][et_pb_row column_structure=\u00bb1_2,1_2&#8243; _builder_version=\u00bb4.16&#8243; background_size=\u00bbinitial\u00bb background_position=\u00bbtop_left\u00bb background_repeat=\u00bbrepeat\u00bb width=\u00bb100%\u00bb custom_padding=\u00bb0px||||false|false\u00bb global_colors_info=\u00bb{}\u00bb][et_pb_column type=\u00bb1_2&#8243; _builder_version=\u00bb4.16&#8243; custom_padding=\u00bb|||\u00bb global_colors_info=\u00bb{}\u00bb custom_padding__hover=\u00bb|||\u00bb][et_pb_wc_images _builder_version=\u00bb4.16&#8243; global_colors_info=\u00bb{}\u00bb][\/et_pb_wc_images][\/et_pb_column][et_pb_column type=\u00bb1_2&#8243; module_class=\u00bbcard\u00bb _builder_version=\u00bb4.16&#8243; custom_padding=\u00bb|||\u00bb global_colors_info=\u00bb{}\u00bb custom_padding__hover=\u00bb|||\u00bb][et_pb_wc_title _builder_version=\u00bb4.16&#8243; global_colors_info=\u00bb{}\u00bb][\/et_pb_wc_title][et_pb_wc_rating _builder_version=\u00bb4.16&#8243; global_colors_info=\u00bb{}\u00bb][\/et_pb_wc_rating][et_pb_wc_price _builder_version=\u00bb4.16&#8243; global_colors_info=\u00bb{}\u00bb][\/et_pb_wc_price][et_pb_wc_description _builder_version=\u00bb4.16&#8243; global_colors_info=\u00bb{}\u00bb][\/et_pb_wc_description][et_pb_text disabled_on=\u00bbon|on|on\u00bb admin_label=\u00bbACTUELLEMENT EN RUPTURE DE STOCK\u00bb _builder_version=\u00bb4.16&#8243; disabled=\u00bbon\u00bb locked=\u00bboff\u00bb global_colors_info=\u00bb{}\u00bb]\n<p><i class=\"fas fa-store-slash\" style=\"color: #ff0000;\"><\/i> <span style=\"color: #ff0000;\">\u00a1Agotado permanentemente!<\/span><\/p>\n<p>Este producto est\u00e1 permanentemente agotado y no se repondr\u00e1.<\/p>\n[\/et_pb_text][et_pb_text disabled_on=\u00bbon|on|on\u00bb admin_label=\u00bbRUPTURE D\u00c9FINITIVE\u00bb _builder_version=\u00bb4.27.0&#8243; disabled=\u00bbon\u00bb locked=\u00bboff\u00bb global_colors_info=\u00bb{}\u00bb]\n<p><i class=\"fas fa-store-slash\" style=\"color: #ff0000;\"><\/i> <span style=\"color: #ff0000;\">Rupture d\u00e9finitive !<\/span><\/p>\n<p>Ce produit est en rupture d\u00e9finitive et ne sera plus r\u00e9approvisionn\u00e9.<\/p>\n[\/et_pb_text][et_pb_wc_add_to_cart _builder_version=\u00bb4.16&#8243; locked=\u00bboff\u00bb global_colors_info=\u00bb{}\u00bb][\/et_pb_wc_add_to_cart][et_pb_wc_meta disabled_on=\u00bbon|on|on\u00bb admin_label=\u00bbWoo Meta\u00bb _builder_version=\u00bb4.16&#8243; disabled=\u00bbon\u00bb global_colors_info=\u00bb{}\u00bb][\/et_pb_wc_meta][\/et_pb_column][\/et_pb_row][\/et_pb_section][et_pb_section fb_built=\u00bb1&#8243; _builder_version=\u00bb4.16&#8243; custom_padding=\u00bb0px||||false|false\u00bb global_colors_info=\u00bb{}\u00bb][et_pb_row admin_label=\u00bbCONSTRUCCI\u00d3N\u00bb _builder_version=\u00bb4.16&#8243; _module_preset=\u00bbdefault\u00bb background_color=\u00bb#22c6d1&#8243; width=\u00bb100%\u00bb custom_margin=\u00bb25px|0px||0px|false|false\u00bb global_colors_info=\u00bb{}\u00bb][et_pb_column type=\u00bb4_4&#8243; _builder_version=\u00bb4.16&#8243; _module_preset=\u00bbdefault\u00bb global_colors_info=\u00bb{}\u00bb][et_pb_text admin_label=\u00bbTITRE CONSTRUCTION\u00bb _builder_version=\u00bb4.16&#8243; _module_preset=\u00bbdefault\u00bb header_line_height=\u00bb1.5em\u00bb header_3_font=\u00bbAKKURAT BOLD||||||||\u00bb header_3_text_align=\u00bbcenter\u00bb header_3_text_color=\u00bb#FFFFFF\u00bb header_3_font_size=\u00bb14px\u00bb header_3_letter_spacing=\u00bb10px\u00bb text_orientation=\u00bbcenter\u00bb custom_padding=\u00bb10px||0px||false|false\u00bb global_colors_info=\u00bb{}\u00bb]\n<h3>CONSTRUCTION AL\u00c9G\u00c9E LIGHT &#038; STRONG<\/h3>\n[\/et_pb_text][\/et_pb_column][\/et_pb_row][et_pb_row column_structure=\u00bb1_2,1_2&#8243; use_custom_gutter=\u00bbon\u00bb gutter_width=\u00bb1&#8243; make_equal=\u00bbon\u00bb admin_label=\u00bbCONSTRUCCI\u00d3N\u00bb _builder_version=\u00bb4.16&#8243; _module_preset=\u00bbdefault\u00bb width=\u00bb100%\u00bb custom_margin=\u00bb0px||||false|false\u00bb custom_padding=\u00bb0px||||false|false\u00bb global_colors_info=\u00bb{}\u00bb][et_pb_column type=\u00bb1_2&#8243; _builder_version=\u00bb4.16&#8243; _module_preset=\u00bbdefault\u00bb global_colors_info=\u00bb{}\u00bb][et_pb_image src=\u00bbhttps:\/\/lozen-sport.com\/wp-content\/uploads\/2021\/01\/VISUEL-CONSTRUCTION-LIGHT-DROPSTITCH-LOZEN-PADDLE.jpg\u00bb alt=\u00bbMeilleure construction Stand Up Paddle Board Light Dropstitch Lozen\u00bb title_text=\u00bbCONSTRUCCI\u00d3N DE VISUEL LUZ DE PUNTADA CA\u00cdDA DE LA PALETA DE LOZEN\u00bb admin_label=\u00bbVisuel construction\u00bb _builder_version=\u00bb4.16&#8243; _module_preset=\u00bbdefault\u00bb global_colors_info=\u00bb{}\u00bb][\/et_pb_image][\/et_pb_column][et_pb_column type=\u00bb1_2&#8243; _builder_version=\u00bb4.16&#8243; _module_preset=\u00bbdefault\u00bb global_colors_info=\u00bb{}\u00bb][et_pb_image src=\u00bbhttps:\/\/lozen-sport.com\/wp-content\/uploads\/2021\/01\/DETAILS-CONSTRUCTION-LIGHT-DROPSTITCH-LOZEN-PADDLE.jpg\u00bb alt=\u00bbTablero de p\u00e1del inflable ligero Dropstitch : 1. Capa s\u00f3lida de PVC coloreado 3. 3. Primera capa de seguridad de PVC en el carril Segunda capa de refuerzo de PVC en el carril 5. Almohadilla antideslizante croco-suave\u00bb title_text=\u00bbDETALLES DE LA CONSTRUCCI\u00d3N DE LA PALETA LIGERA DE PUNTADA CA\u00cdDA\u00bb admin_label=\u00bbDescription\u00bb _builder_version=\u00bb4.16&#8243; _module_preset=\u00bbdefault\u00bb global_colors_info=\u00bb{}\u00bb][\/et_pb_image][\/et_pb_column][\/et_pb_row][\/et_pb_section][et_pb_section fb_built=\u00bb1&#8243; _builder_version=\u00bb4.16&#8243; custom_padding=\u00bb0px||||false|false\u00bb global_colors_info=\u00bb{}\u00bb][et_pb_row _builder_version=\u00bb4.16&#8243; background_size=\u00bbinitial\u00bb background_position=\u00bbtop_left\u00bb background_repeat=\u00bbrepeat\u00bb width=\u00bb100%\u00bb global_colors_info=\u00bb{}\u00bb][et_pb_column type=\u00bb4_4&#8243; _builder_version=\u00bb4.16&#8243; custom_padding=\u00bb|||\u00bb global_colors_info=\u00bb{}\u00bb custom_padding__hover=\u00bb|||\u00bb][et_pb_wc_tabs include_tabs=\u00bb|additional_information|reviews\u00bb disabled_on=\u00bboff|off|off\u00bb module_class=\u00bbcard\u00bb _builder_version=\u00bb4.16&#8243; global_colors_info=\u00bb{}\u00bb]\t\t\t\t\t[\/et_pb_wc_tabs][et_pb_wc_upsells _builder_version=\u00bb4.16&#8243; global_colors_info=\u00bb{}\u00bb][\/et_pb_wc_upsells][et_pb_wc_related_products _builder_version=\u00bb4.16&#8243; global_colors_info=\u00bb{}\u00bb][\/et_pb_wc_related_products][\/et_pb_column][\/et_pb_row][\/et_pb_section]\n","protected":false},"excerpt":{"rendered":"<p>LA VERSATILIDAD DE LAS GIRAS<\/p>\n<p>El Lozen 10&#8217;8 Blue Line Stand Up Paddle ofrece una mezcla de ventajas de Touring y Allround SUP. Es un verdadero juguete tanto para los principiantes como para los m\u00e1s experimentados que apreciar\u00e1n la capacidad de respuesta de la tabla, m\u00e1s viva y divertida que una Touring habitual. Su forma ancha y su volumen confortable ser\u00e1n apreciados por toda la familia para que todos puedan experimentar sus primeras sensaciones en el Paddle Board.<\/p>\n<p>PACK: Bolsa + Bomba + Pala de 3 piezas + Aletas + Correa de tel\u00e9fono + Kit de reparaci\u00f3n<\/p>\n","protected":false},"featured_media":4189,"comment_status":"closed","ping_status":"closed","template":"","meta":{"_et_pb_use_builder":"on","_et_pb_old_content":"","_et_gb_content_width":"","content-type":""},"product_brand":[],"product_cat":[104,132],"product_tag":[],"class_list":{"0":"post-4723","1":"product","2":"type-product","3":"status-publish","4":"has-post-thumbnail","6":"product_cat-paddle-inflable-es","7":"product_cat-todos-los-productos","8":"product_shipping_class-sup-es-2","10":"first","11":"outofstock","12":"taxable","13":"shipping-taxable","14":"purchasable","15":"product-type-simple"},"yoast_head":"<!-- This site is optimized with the Yoast SEO plugin v25.9 - https:\/\/yoast.com\/wordpress\/plugins\/seo\/ -->\n<title>PADDLE SURF GONFLABLE - SUP 10&#039;8 Touring - LOZEN<\/title>\n<meta name=\"description\" content=\"La tabla de Stand Up Paddle inflable Lozen 10&#039;8 Touring ha sido dise\u00f1ada para jinetes ligeros que buscan potencia en la distancia.\" \/>\n<meta name=\"robots\" content=\"index, follow, max-snippet:-1, max-image-preview:large, max-video-preview:-1\" \/>\n<link rel=\"canonical\" href=\"https:\/\/lozen-sport.com\/es\/shop\/paddle-inflable-es\/sup-lozen-10-8-touring-es\/\" \/>\n<meta property=\"og:locale\" content=\"es_ES\" \/>\n<meta property=\"og:type\" content=\"article\" \/>\n<meta property=\"og:title\" content=\"PADDLE SURF GONFLABLE - SUP 10&#039;8 Touring - LOZEN\" \/>\n<meta property=\"og:description\" content=\"La tabla de Stand Up Paddle inflable Lozen 10&#039;8 Touring ha sido dise\u00f1ada para jinetes ligeros que buscan potencia en la distancia.\" \/>\n<meta property=\"og:url\" content=\"https:\/\/lozen-sport.com\/es\/shop\/paddle-inflable-es\/sup-lozen-10-8-touring-es\/\" \/>\n<meta property=\"og:site_name\" content=\"LOZEN\" \/>\n<meta property=\"article:modified_time\" content=\"2025-06-24T12:10:55+00:00\" \/>\n<meta property=\"og:image\" content=\"https:\/\/lozen-sport.com\/wp-content\/uploads\/2020\/04\/OZLB7544-PACK_COMPLET-STAND_UP_PADDLE_BOARD-LOZEN-108_x32x6-TOURING-LEGER.jpg\" \/>\n\t<meta property=\"og:image:width\" content=\"1000\" \/>\n\t<meta property=\"og:image:height\" content=\"1000\" \/>\n\t<meta property=\"og:image:type\" content=\"image\/jpeg\" \/>\n<meta name=\"twitter:card\" content=\"summary_large_image\" \/>\n<meta name=\"twitter:label1\" content=\"Tiempo de lectura\" \/>\n\t<meta name=\"twitter:data1\" content=\"4 minutos\" \/>\n<script type=\"application\/ld+json\" class=\"yoast-schema-graph\">{\"@context\":\"https:\/\/schema.org\",\"@graph\":[{\"@type\":\"WebPage\",\"@id\":\"https:\/\/lozen-sport.com\/es\/shop\/paddle-inflable-es\/sup-lozen-10-8-touring-es\/\",\"url\":\"https:\/\/lozen-sport.com\/es\/shop\/paddle-inflable-es\/sup-lozen-10-8-touring-es\/\",\"name\":\"PADDLE SURF GONFLABLE - SUP 10'8 Touring - LOZEN\",\"isPartOf\":{\"@id\":\"https:\/\/lozen-sport.com\/#website\"},\"primaryImageOfPage\":{\"@id\":\"https:\/\/lozen-sport.com\/es\/shop\/paddle-inflable-es\/sup-lozen-10-8-touring-es\/#primaryimage\"},\"image\":{\"@id\":\"https:\/\/lozen-sport.com\/es\/shop\/paddle-inflable-es\/sup-lozen-10-8-touring-es\/#primaryimage\"},\"thumbnailUrl\":\"https:\/\/lozen-sport.com\/wp-content\/uploads\/2020\/04\/OZLB7544-PACK_COMPLET-STAND_UP_PADDLE_BOARD-LOZEN-108_x32x6-TOURING-LEGER.jpg\",\"datePublished\":\"2021-01-01T10:00:26+00:00\",\"dateModified\":\"2025-06-24T12:10:55+00:00\",\"description\":\"La tabla de Stand Up Paddle inflable Lozen 10'8 Touring ha sido dise\u00f1ada para jinetes ligeros que buscan potencia en la distancia.\",\"breadcrumb\":{\"@id\":\"https:\/\/lozen-sport.com\/es\/shop\/paddle-inflable-es\/sup-lozen-10-8-touring-es\/#breadcrumb\"},\"inLanguage\":\"es\",\"potentialAction\":[{\"@type\":\"ReadAction\",\"target\":[\"https:\/\/lozen-sport.com\/es\/shop\/paddle-inflable-es\/sup-lozen-10-8-touring-es\/\"]}]},{\"@type\":\"ImageObject\",\"inLanguage\":\"es\",\"@id\":\"https:\/\/lozen-sport.com\/es\/shop\/paddle-inflable-es\/sup-lozen-10-8-touring-es\/#primaryimage\",\"url\":\"https:\/\/lozen-sport.com\/wp-content\/uploads\/2020\/04\/OZLB7544-PACK_COMPLET-STAND_UP_PADDLE_BOARD-LOZEN-108_x32x6-TOURING-LEGER.jpg\",\"contentUrl\":\"https:\/\/lozen-sport.com\/wp-content\/uploads\/2020\/04\/OZLB7544-PACK_COMPLET-STAND_UP_PADDLE_BOARD-LOZEN-108_x32x6-TOURING-LEGER.jpg\",\"width\":1000,\"height\":1000,\"caption\":\"Stand Up Paddle Board gonflable Lozen 10'8 Touring version 2021 marque fran\u00e7aise\"},{\"@type\":\"BreadcrumbList\",\"@id\":\"https:\/\/lozen-sport.com\/es\/shop\/paddle-inflable-es\/sup-lozen-10-8-touring-es\/#breadcrumb\",\"itemListElement\":[{\"@type\":\"ListItem\",\"position\":1,\"name\":\"Accueil\",\"item\":\"https:\/\/lozen-sport.com\/es\/\"},{\"@type\":\"ListItem\",\"position\":2,\"name\":\"Produits\",\"item\":\"https:\/\/lozen-sport.com\/shop\/\"},{\"@type\":\"ListItem\",\"position\":3,\"name\":\"SUP LOZEN 10&rsquo;8 Touring\"}]},{\"@type\":\"WebSite\",\"@id\":\"https:\/\/lozen-sport.com\/#website\",\"url\":\"https:\/\/lozen-sport.com\/\",\"name\":\"LOZEN\",\"description\":\"LE SUP POUR TOUS\",\"potentialAction\":[{\"@type\":\"SearchAction\",\"target\":{\"@type\":\"EntryPoint\",\"urlTemplate\":\"https:\/\/lozen-sport.com\/?s={search_term_string}\"},\"query-input\":{\"@type\":\"PropertyValueSpecification\",\"valueRequired\":true,\"valueName\":\"search_term_string\"}}],\"inLanguage\":\"es\"}]}<\/script>\n<!-- \/ Yoast SEO plugin. -->","yoast_head_json":{"title":"PADDLE SURF GONFLABLE - SUP 10'8 Touring - LOZEN","description":"La tabla de Stand Up Paddle inflable Lozen 10'8 Touring ha sido dise\u00f1ada para jinetes ligeros que buscan potencia en la distancia.","robots":{"index":"index","follow":"follow","max-snippet":"max-snippet:-1","max-image-preview":"max-image-preview:large","max-video-preview":"max-video-preview:-1"},"canonical":"https:\/\/lozen-sport.com\/es\/shop\/paddle-inflable-es\/sup-lozen-10-8-touring-es\/","og_locale":"es_ES","og_type":"article","og_title":"PADDLE SURF GONFLABLE - SUP 10'8 Touring - LOZEN","og_description":"La tabla de Stand Up Paddle inflable Lozen 10'8 Touring ha sido dise\u00f1ada para jinetes ligeros que buscan potencia en la distancia.","og_url":"https:\/\/lozen-sport.com\/es\/shop\/paddle-inflable-es\/sup-lozen-10-8-touring-es\/","og_site_name":"LOZEN","article_modified_time":"2025-06-24T12:10:55+00:00","og_image":[{"width":1000,"height":1000,"url":"https:\/\/lozen-sport.com\/wp-content\/uploads\/2020\/04\/OZLB7544-PACK_COMPLET-STAND_UP_PADDLE_BOARD-LOZEN-108_x32x6-TOURING-LEGER.jpg","type":"image\/jpeg"}],"twitter_card":"summary_large_image","twitter_misc":{"Tiempo de lectura":"4 minutos"},"schema":{"@context":"https:\/\/schema.org","@graph":[{"@type":"WebPage","@id":"https:\/\/lozen-sport.com\/es\/shop\/paddle-inflable-es\/sup-lozen-10-8-touring-es\/","url":"https:\/\/lozen-sport.com\/es\/shop\/paddle-inflable-es\/sup-lozen-10-8-touring-es\/","name":"PADDLE SURF GONFLABLE - SUP 10'8 Touring - LOZEN","isPartOf":{"@id":"https:\/\/lozen-sport.com\/#website"},"primaryImageOfPage":{"@id":"https:\/\/lozen-sport.com\/es\/shop\/paddle-inflable-es\/sup-lozen-10-8-touring-es\/#primaryimage"},"image":{"@id":"https:\/\/lozen-sport.com\/es\/shop\/paddle-inflable-es\/sup-lozen-10-8-touring-es\/#primaryimage"},"thumbnailUrl":"https:\/\/lozen-sport.com\/wp-content\/uploads\/2020\/04\/OZLB7544-PACK_COMPLET-STAND_UP_PADDLE_BOARD-LOZEN-108_x32x6-TOURING-LEGER.jpg","datePublished":"2021-01-01T10:00:26+00:00","dateModified":"2025-06-24T12:10:55+00:00","description":"La tabla de Stand Up Paddle inflable Lozen 10'8 Touring ha sido dise\u00f1ada para jinetes ligeros que buscan potencia en la distancia.","breadcrumb":{"@id":"https:\/\/lozen-sport.com\/es\/shop\/paddle-inflable-es\/sup-lozen-10-8-touring-es\/#breadcrumb"},"inLanguage":"es","potentialAction":[{"@type":"ReadAction","target":["https:\/\/lozen-sport.com\/es\/shop\/paddle-inflable-es\/sup-lozen-10-8-touring-es\/"]}]},{"@type":"ImageObject","inLanguage":"es","@id":"https:\/\/lozen-sport.com\/es\/shop\/paddle-inflable-es\/sup-lozen-10-8-touring-es\/#primaryimage","url":"https:\/\/lozen-sport.com\/wp-content\/uploads\/2020\/04\/OZLB7544-PACK_COMPLET-STAND_UP_PADDLE_BOARD-LOZEN-108_x32x6-TOURING-LEGER.jpg","contentUrl":"https:\/\/lozen-sport.com\/wp-content\/uploads\/2020\/04\/OZLB7544-PACK_COMPLET-STAND_UP_PADDLE_BOARD-LOZEN-108_x32x6-TOURING-LEGER.jpg","width":1000,"height":1000,"caption":"Stand Up Paddle Board gonflable Lozen 10'8 Touring version 2021 marque fran\u00e7aise"},{"@type":"BreadcrumbList","@id":"https:\/\/lozen-sport.com\/es\/shop\/paddle-inflable-es\/sup-lozen-10-8-touring-es\/#breadcrumb","itemListElement":[{"@type":"ListItem","position":1,"name":"Accueil","item":"https:\/\/lozen-sport.com\/es\/"},{"@type":"ListItem","position":2,"name":"Produits","item":"https:\/\/lozen-sport.com\/shop\/"},{"@type":"ListItem","position":3,"name":"SUP LOZEN 10&rsquo;8 Touring"}]},{"@type":"WebSite","@id":"https:\/\/lozen-sport.com\/#website","url":"https:\/\/lozen-sport.com\/","name":"LOZEN","description":"LE SUP POUR TOUS","potentialAction":[{"@type":"SearchAction","target":{"@type":"EntryPoint","urlTemplate":"https:\/\/lozen-sport.com\/?s={search_term_string}"},"query-input":{"@type":"PropertyValueSpecification","valueRequired":true,"valueName":"search_term_string"}}],"inLanguage":"es"}]}},"_links":{"self":[{"href":"https:\/\/lozen-sport.com\/es\/wp-json\/wp\/v2\/product\/4723","targetHints":{"allow":["GET"]}}],"collection":[{"href":"https:\/\/lozen-sport.com\/es\/wp-json\/wp\/v2\/product"}],"about":[{"href":"https:\/\/lozen-sport.com\/es\/wp-json\/wp\/v2\/types\/product"}],"replies":[{"embeddable":true,"href":"https:\/\/lozen-sport.com\/es\/wp-json\/wp\/v2\/comments?post=4723"}],"wp:featuredmedia":[{"embeddable":true,"href":"https:\/\/lozen-sport.com\/es\/wp-json\/wp\/v2\/media\/4189"}],"wp:attachment":[{"href":"https:\/\/lozen-sport.com\/es\/wp-json\/wp\/v2\/media?parent=4723"}],"wp:term":[{"taxonomy":"product_brand","embeddable":true,"href":"https:\/\/lozen-sport.com\/es\/wp-json\/wp\/v2\/product_brand?post=4723"},{"taxonomy":"product_cat","embeddable":true,"href":"https:\/\/lozen-sport.com\/es\/wp-json\/wp\/v2\/product_cat?post=4723"},{"taxonomy":"product_tag","embeddable":true,"href":"https:\/\/lozen-sport.com\/es\/wp-json\/wp\/v2\/product_tag?post=4723"}],"curies":[{"name":"wp","href":"https:\/\/api.w.org\/{rel}","templated":true}]}}