{"id":4940,"date":"2023-05-15T10:03:30","date_gmt":"2023-05-15T08:03:30","guid":{"rendered":"https:\/\/lozen-sport.com\/shop\/sin%20categor\u00eda\/pala-sup-para-ninos-2-partes\/"},"modified":"2024-01-25T17:29:20","modified_gmt":"2024-01-25T15:29:20","slug":"pala-sup-para-ninos-2-partes","status":"publish","type":"product","link":"https:\/\/lozen-sport.com\/es\/shop\/accesorios-sup\/pala-sup-para-ninos-2-partes\/","title":{"rendered":"PALA SUP PARA NI\u00d1OS 2 PARTES"},"content":{"rendered":"[et_pb_section fb_built=\u00bb1&#8243; _builder_version=\u00bb4.16&#8243; custom_padding=\u00bb0px||||false|false\u00bb global_colors_info=\u00bb{}\u00bb][et_pb_row _builder_version=\u00bb4.16&#8243; background_size=\u00bbinitial\u00bb background_position=\u00bbtop_left\u00bb background_repeat=\u00bbrepeat\u00bb width=\u00bb100%\u00bb custom_padding=\u00bb0px||0px||false|false\u00bb global_colors_info=\u00bb{}\u00bb][et_pb_column type=\u00bb4_4&#8243; _builder_version=\u00bb4.16&#8243; custom_padding=\u00bb|||\u00bb global_colors_info=\u00bb{}\u00bb custom_padding__hover=\u00bb|||\u00bb][et_pb_wc_breadcrumb disabled_on=\u00bbon|on|on\u00bb _builder_version=\u00bb4.16&#8243; disabled=\u00bbon\u00bb global_colors_info=\u00bb{}\u00bb][\/et_pb_wc_breadcrumb][et_pb_wc_cart_notice _builder_version=\u00bb4.16&#8243; global_colors_info=\u00bb{}\u00bb][\/et_pb_wc_cart_notice][\/et_pb_column][\/et_pb_row][et_pb_row column_structure=\u00bb1_2,1_2&#8243; _builder_version=\u00bb4.16&#8243; background_size=\u00bbinitial\u00bb background_position=\u00bbtop_left\u00bb background_repeat=\u00bbrepeat\u00bb width=\u00bb100%\u00bb custom_padding=\u00bb0px||||false|false\u00bb global_colors_info=\u00bb{}\u00bb][et_pb_column type=\u00bb1_2&#8243; _builder_version=\u00bb4.16&#8243; custom_padding=\u00bb|||\u00bb global_colors_info=\u00bb{}\u00bb custom_padding__hover=\u00bb|||\u00bb][et_pb_wc_images _builder_version=\u00bb4.16&#8243; global_colors_info=\u00bb{}\u00bb][\/et_pb_wc_images][\/et_pb_column][et_pb_column type=\u00bb1_2&#8243; module_class=\u00bbcard\u00bb _builder_version=\u00bb4.16&#8243; custom_padding=\u00bb|||\u00bb global_colors_info=\u00bb{}\u00bb custom_padding__hover=\u00bb|||\u00bb][et_pb_wc_title _builder_version=\u00bb4.16&#8243; global_colors_info=\u00bb{}\u00bb][\/et_pb_wc_title][et_pb_wc_rating _builder_version=\u00bb4.16&#8243; global_colors_info=\u00bb{}\u00bb][\/et_pb_wc_rating][et_pb_wc_price _builder_version=\u00bb4.16&#8243; global_colors_info=\u00bb{}\u00bb][\/et_pb_wc_price][et_pb_wc_description _builder_version=\u00bb4.16&#8243; global_colors_info=\u00bb{}\u00bb][\/et_pb_wc_description][et_pb_text disabled_on=\u00bbon|on|on\u00bb admin_label=\u00bbPRECOMMANDE\u00bb _builder_version=\u00bb4.16&#8243; disabled=\u00bbon\u00bb locked=\u00bboff\u00bb global_colors_info=\u00bb{}\u00bb]\n<p>Este modelo se est\u00e1 reponiendo actualmente:<br \/>\n<i class=\"fas fa-truck\" style=\"color: #ff0000;\"><\/i> <span style=\"color: #ff0000;\">Entrega a partir del 9 de agosto<\/span><\/p>\n[\/et_pb_text][et_pb_text disabled_on=\u00bbon|on|on\u00bb admin_label=\u00bbRUPTURE DE STOCK\u00bb _builder_version=\u00bb4.16&#8243; locked=\u00bboff\u00bb global_colors_info=\u00bb{}\u00bb disabled=\u00bbon\u00bb]\n<p><i class=\"fas fa-store-slash\" style=\"color: #ff0000;\"><\/i> <span style=\"color: #ff0000;\">Agotado temporalmente<\/span><\/p>\n[\/et_pb_text][et_pb_wc_add_to_cart _builder_version=\u00bb4.16&#8243; global_colors_info=\u00bb{}\u00bb][\/et_pb_wc_add_to_cart][et_pb_wc_meta disabled_on=\u00bbon|on|on\u00bb admin_label=\u00bbWoo Meta\u00bb _builder_version=\u00bb4.16&#8243; disabled=\u00bbon\u00bb global_colors_info=\u00bb{}\u00bb][\/et_pb_wc_meta][\/et_pb_column][\/et_pb_row][et_pb_row _builder_version=\u00bb4.16&#8243; background_size=\u00bbinitial\u00bb background_position=\u00bbtop_left\u00bb background_repeat=\u00bbrepeat\u00bb width=\u00bb100%\u00bb global_colors_info=\u00bb{}\u00bb][et_pb_column type=\u00bb4_4&#8243; _builder_version=\u00bb4.16&#8243; custom_padding=\u00bb|||\u00bb global_colors_info=\u00bb{}\u00bb custom_padding__hover=\u00bb|||\u00bb][et_pb_wc_tabs disabled_on=\u00bboff|off|off\u00bb module_class=\u00bbcard\u00bb _builder_version=\u00bb4.20.4&#8243; hover_enabled=\u00bb0&#8243; global_colors_info=\u00bb{}\u00bb sticky_enabled=\u00bb0&#8243; include_tabs=\u00bb|additional_information\u00bb]\t\t\t\t\t[\/et_pb_wc_tabs][et_pb_wc_tabs disabled_on=\u00bboff|off|off\u00bb module_class=\u00bbcard\u00bb _builder_version=\u00bb4.20.4&#8243; hover_enabled=\u00bb0&#8243; global_colors_info=\u00bb{}\u00bb sticky_enabled=\u00bb0&#8243; include_tabs=\u00bbdescription|\u00bb]\t\t\t\t\t[\/et_pb_wc_tabs][et_pb_wc_upsells _builder_version=\u00bb4.16&#8243; global_colors_info=\u00bb{}\u00bb][\/et_pb_wc_upsells][et_pb_wc_related_products _builder_version=\u00bb4.16&#8243; global_colors_info=\u00bb{}\u00bb][\/et_pb_wc_related_products][\/et_pb_column][\/et_pb_row][\/et_pb_section]\n","protected":false},"excerpt":{"rendered":"<p>El remo de SUP de dos piezas Lozen es la elecci\u00f3n ideal para los j\u00f3venes entusiastas del stand up paddle.<br \/>\nAjustable en longitud de 130 a 170 cm, se adapta al crecimiento del ni\u00f1o, ofreciendo un uso c\u00f3modo y progresivo.<br \/>\nLigero, robusto y f\u00e1cilmente transportable, permite a los j\u00f3venes remeros disfrutar del agua con facilidad y control.<\/p>\n","protected":false},"featured_media":4930,"comment_status":"closed","ping_status":"closed","template":"","meta":{"_et_pb_use_builder":"on","_et_pb_old_content":"<p>El remo de SUP de dos piezas Lozen es la elecci\u00f3n perfecta para los j\u00f3venes entusiastas del stand up paddle. Dise\u00f1ado espec\u00edficamente para proporcionar una experiencia agradable para los ni\u00f1os, este remo es a la vez pr\u00e1ctico, funcional y ajustable.<\/p>\r\n<p>Con su dise\u00f1o de dos piezas, el remo puede desmontarse f\u00e1cilmente y guardarse en una bolsa de transporte compacta, ideal para aventuras familiares al aire libre. Su longitud ajustable de 130 a 170 cm permite adaptarse al crecimiento del ni\u00f1o, garantizando un uso duradero y c\u00f3modo durante muchos a\u00f1os.<\/p>\r\n<p>El remo de SUP infantil Lozen est\u00e1 fabricado con materiales de alta calidad, que garantizan ligereza y resistencia. La pala de nylon reforzado con fibra asegura una buena flotabilidad y una excelente transmisi\u00f3n de energ\u00eda, permitiendo a los j\u00f3venes remeros disfrutar de su experiencia en el agua.<\/p>\r\n<p>El mango ergon\u00f3mico proporciona un agarre c\u00f3modo, reduciendo la fatiga y asegurando un control \u00f3ptimo de la pala. Adem\u00e1s, el remo cuenta con un sistema de bloqueo seguro que mantiene ambas partes firmemente unidas mientras se rema.<\/p>\r\n<p>Tanto si se trata de un paseo tranquilo por la costa como de una introducci\u00f3n a las olas m\u00e1s peque\u00f1as, el remo Lozen Kids SUP Paddle es una opci\u00f3n fiable para los j\u00f3venes entusiastas del stand up paddle. Ofreciendo practicidad, durabilidad y rendimiento, este remo les permitir\u00e1 descubrir las alegr\u00edas de remar con confianza y estilo.<\/p>","_et_gb_content_width":"","content-type":""},"product_brand":[],"product_cat":[107],"product_tag":[],"class_list":{"0":"post-4940","1":"product","2":"type-product","3":"status-publish","4":"has-post-thumbnail","6":"product_cat-accesorios-sup","7":"product_shipping_class-accesorios","9":"first","10":"instock","11":"taxable","12":"shipping-taxable","13":"purchasable","14":"product-type-simple"},"yoast_head":"<!-- This site is optimized with the Yoast SEO plugin v25.9 - https:\/\/yoast.com\/wordpress\/plugins\/seo\/ -->\n<title>PALA SUP PARA NI\u00d1OS 2 PARTES - LOZEN<\/title>\n<meta name=\"description\" content=\"Descubre el remo de SUP para ni\u00f1os en 2 partes, ajustable, especialmente dise\u00f1ado para ni\u00f1os. Tubos de aluminio m\u00e1s finos y muy ligeros.\" \/>\n<meta name=\"robots\" content=\"index, follow, max-snippet:-1, max-image-preview:large, max-video-preview:-1\" \/>\n<link rel=\"canonical\" href=\"https:\/\/lozen-sport.com\/shop\/tous-les-produits\/accessoires-sup\/pagaie-sup-enfant-2-parties\/\" \/>\n<meta property=\"og:locale\" content=\"es_ES\" \/>\n<meta property=\"og:type\" content=\"article\" \/>\n<meta property=\"og:title\" content=\"PALA SUP PARA NI\u00d1OS 2 PARTES - LOZEN\" \/>\n<meta property=\"og:description\" content=\"Descubre el remo de SUP para ni\u00f1os en 2 partes, ajustable, especialmente dise\u00f1ado para ni\u00f1os. Tubos de aluminio m\u00e1s finos y muy ligeros.\" \/>\n<meta property=\"og:url\" content=\"https:\/\/lozen-sport.com\/shop\/tous-les-produits\/accessoires-sup\/pagaie-sup-enfant-2-parties\/\" \/>\n<meta property=\"og:site_name\" content=\"LOZEN\" \/>\n<meta property=\"article:modified_time\" content=\"2024-01-25T15:29:20+00:00\" \/>\n<meta property=\"og:image\" content=\"https:\/\/lozen-sport.com\/wp-content\/uploads\/2023\/05\/OZPA4022-PAGAIE_SUP-KID-2_PARTIES-ROUGE-DRAW_PLUS-FRONT-BACK-PARTS-WEB.jpg\" \/>\n\t<meta property=\"og:image:width\" content=\"1080\" \/>\n\t<meta property=\"og:image:height\" content=\"1080\" \/>\n\t<meta property=\"og:image:type\" content=\"image\/jpeg\" \/>\n<meta name=\"twitter:card\" content=\"summary_large_image\" \/>\n<meta name=\"twitter:label1\" content=\"Tiempo de lectura\" \/>\n\t<meta name=\"twitter:data1\" content=\"2 minutos\" \/>\n<script type=\"application\/ld+json\" class=\"yoast-schema-graph\">{\"@context\":\"https:\/\/schema.org\",\"@graph\":[{\"@type\":\"WebPage\",\"@id\":\"https:\/\/lozen-sport.com\/shop\/tous-les-produits\/accessoires-sup\/pagaie-sup-enfant-2-parties\/\",\"url\":\"https:\/\/lozen-sport.com\/shop\/tous-les-produits\/accessoires-sup\/pagaie-sup-enfant-2-parties\/\",\"name\":\"PALA SUP PARA NI\u00d1OS 2 PARTES - LOZEN\",\"isPartOf\":{\"@id\":\"https:\/\/lozen-sport.com\/#website\"},\"primaryImageOfPage\":{\"@id\":\"https:\/\/lozen-sport.com\/shop\/tous-les-produits\/accessoires-sup\/pagaie-sup-enfant-2-parties\/#primaryimage\"},\"image\":{\"@id\":\"https:\/\/lozen-sport.com\/shop\/tous-les-produits\/accessoires-sup\/pagaie-sup-enfant-2-parties\/#primaryimage\"},\"thumbnailUrl\":\"https:\/\/lozen-sport.com\/wp-content\/uploads\/2023\/05\/OZPA4022-PAGAIE_SUP-KID-2_PARTIES-ROUGE-DRAW_PLUS-FRONT-BACK-PARTS-WEB.jpg\",\"datePublished\":\"2023-05-15T08:03:30+00:00\",\"dateModified\":\"2024-01-25T15:29:20+00:00\",\"description\":\"Descubre el remo de SUP para ni\u00f1os en 2 partes, ajustable, especialmente dise\u00f1ado para ni\u00f1os. Tubos de aluminio m\u00e1s finos y muy ligeros.\",\"breadcrumb\":{\"@id\":\"https:\/\/lozen-sport.com\/shop\/tous-les-produits\/accessoires-sup\/pagaie-sup-enfant-2-parties\/#breadcrumb\"},\"inLanguage\":\"es\",\"potentialAction\":[{\"@type\":\"ReadAction\",\"target\":[\"https:\/\/lozen-sport.com\/shop\/tous-les-produits\/accessoires-sup\/pagaie-sup-enfant-2-parties\/\"]}]},{\"@type\":\"ImageObject\",\"inLanguage\":\"es\",\"@id\":\"https:\/\/lozen-sport.com\/shop\/tous-les-produits\/accessoires-sup\/pagaie-sup-enfant-2-parties\/#primaryimage\",\"url\":\"https:\/\/lozen-sport.com\/wp-content\/uploads\/2023\/05\/OZPA4022-PAGAIE_SUP-KID-2_PARTIES-ROUGE-DRAW_PLUS-FRONT-BACK-PARTS-WEB.jpg\",\"contentUrl\":\"https:\/\/lozen-sport.com\/wp-content\/uploads\/2023\/05\/OZPA4022-PAGAIE_SUP-KID-2_PARTIES-ROUGE-DRAW_PLUS-FRONT-BACK-PARTS-WEB.jpg\",\"width\":1080,\"height\":1080,\"caption\":\"OZPA4022-PAGAIE_SUP-KID-2_PARTIES-ROUGE-DRAW_PLUS-FRONT-BACK-PARTS-WEB\"},{\"@type\":\"BreadcrumbList\",\"@id\":\"https:\/\/lozen-sport.com\/shop\/tous-les-produits\/accessoires-sup\/pagaie-sup-enfant-2-parties\/#breadcrumb\",\"itemListElement\":[{\"@type\":\"ListItem\",\"position\":1,\"name\":\"Accueil\",\"item\":\"https:\/\/lozen-sport.com\/es\/\"},{\"@type\":\"ListItem\",\"position\":2,\"name\":\"Produits\",\"item\":\"https:\/\/lozen-sport.com\/shop\/\"},{\"@type\":\"ListItem\",\"position\":3,\"name\":\"PALA SUP PARA NI\u00d1OS 2 PARTES\"}]},{\"@type\":\"WebSite\",\"@id\":\"https:\/\/lozen-sport.com\/#website\",\"url\":\"https:\/\/lozen-sport.com\/\",\"name\":\"LOZEN\",\"description\":\"LE SUP POUR TOUS\",\"potentialAction\":[{\"@type\":\"SearchAction\",\"target\":{\"@type\":\"EntryPoint\",\"urlTemplate\":\"https:\/\/lozen-sport.com\/?s={search_term_string}\"},\"query-input\":{\"@type\":\"PropertyValueSpecification\",\"valueRequired\":true,\"valueName\":\"search_term_string\"}}],\"inLanguage\":\"es\"}]}<\/script>\n<!-- \/ Yoast SEO plugin. -->","yoast_head_json":{"title":"PALA SUP PARA NI\u00d1OS 2 PARTES - LOZEN","description":"Descubre el remo de SUP para ni\u00f1os en 2 partes, ajustable, especialmente dise\u00f1ado para ni\u00f1os. Tubos de aluminio m\u00e1s finos y muy ligeros.","robots":{"index":"index","follow":"follow","max-snippet":"max-snippet:-1","max-image-preview":"max-image-preview:large","max-video-preview":"max-video-preview:-1"},"canonical":"https:\/\/lozen-sport.com\/shop\/tous-les-produits\/accessoires-sup\/pagaie-sup-enfant-2-parties\/","og_locale":"es_ES","og_type":"article","og_title":"PALA SUP PARA NI\u00d1OS 2 PARTES - LOZEN","og_description":"Descubre el remo de SUP para ni\u00f1os en 2 partes, ajustable, especialmente dise\u00f1ado para ni\u00f1os. Tubos de aluminio m\u00e1s finos y muy ligeros.","og_url":"https:\/\/lozen-sport.com\/shop\/tous-les-produits\/accessoires-sup\/pagaie-sup-enfant-2-parties\/","og_site_name":"LOZEN","article_modified_time":"2024-01-25T15:29:20+00:00","og_image":[{"width":1080,"height":1080,"url":"https:\/\/lozen-sport.com\/wp-content\/uploads\/2023\/05\/OZPA4022-PAGAIE_SUP-KID-2_PARTIES-ROUGE-DRAW_PLUS-FRONT-BACK-PARTS-WEB.jpg","type":"image\/jpeg"}],"twitter_card":"summary_large_image","twitter_misc":{"Tiempo de lectura":"2 minutos"},"schema":{"@context":"https:\/\/schema.org","@graph":[{"@type":"WebPage","@id":"https:\/\/lozen-sport.com\/shop\/tous-les-produits\/accessoires-sup\/pagaie-sup-enfant-2-parties\/","url":"https:\/\/lozen-sport.com\/shop\/tous-les-produits\/accessoires-sup\/pagaie-sup-enfant-2-parties\/","name":"PALA SUP PARA NI\u00d1OS 2 PARTES - LOZEN","isPartOf":{"@id":"https:\/\/lozen-sport.com\/#website"},"primaryImageOfPage":{"@id":"https:\/\/lozen-sport.com\/shop\/tous-les-produits\/accessoires-sup\/pagaie-sup-enfant-2-parties\/#primaryimage"},"image":{"@id":"https:\/\/lozen-sport.com\/shop\/tous-les-produits\/accessoires-sup\/pagaie-sup-enfant-2-parties\/#primaryimage"},"thumbnailUrl":"https:\/\/lozen-sport.com\/wp-content\/uploads\/2023\/05\/OZPA4022-PAGAIE_SUP-KID-2_PARTIES-ROUGE-DRAW_PLUS-FRONT-BACK-PARTS-WEB.jpg","datePublished":"2023-05-15T08:03:30+00:00","dateModified":"2024-01-25T15:29:20+00:00","description":"Descubre el remo de SUP para ni\u00f1os en 2 partes, ajustable, especialmente dise\u00f1ado para ni\u00f1os. Tubos de aluminio m\u00e1s finos y muy ligeros.","breadcrumb":{"@id":"https:\/\/lozen-sport.com\/shop\/tous-les-produits\/accessoires-sup\/pagaie-sup-enfant-2-parties\/#breadcrumb"},"inLanguage":"es","potentialAction":[{"@type":"ReadAction","target":["https:\/\/lozen-sport.com\/shop\/tous-les-produits\/accessoires-sup\/pagaie-sup-enfant-2-parties\/"]}]},{"@type":"ImageObject","inLanguage":"es","@id":"https:\/\/lozen-sport.com\/shop\/tous-les-produits\/accessoires-sup\/pagaie-sup-enfant-2-parties\/#primaryimage","url":"https:\/\/lozen-sport.com\/wp-content\/uploads\/2023\/05\/OZPA4022-PAGAIE_SUP-KID-2_PARTIES-ROUGE-DRAW_PLUS-FRONT-BACK-PARTS-WEB.jpg","contentUrl":"https:\/\/lozen-sport.com\/wp-content\/uploads\/2023\/05\/OZPA4022-PAGAIE_SUP-KID-2_PARTIES-ROUGE-DRAW_PLUS-FRONT-BACK-PARTS-WEB.jpg","width":1080,"height":1080,"caption":"OZPA4022-PAGAIE_SUP-KID-2_PARTIES-ROUGE-DRAW_PLUS-FRONT-BACK-PARTS-WEB"},{"@type":"BreadcrumbList","@id":"https:\/\/lozen-sport.com\/shop\/tous-les-produits\/accessoires-sup\/pagaie-sup-enfant-2-parties\/#breadcrumb","itemListElement":[{"@type":"ListItem","position":1,"name":"Accueil","item":"https:\/\/lozen-sport.com\/es\/"},{"@type":"ListItem","position":2,"name":"Produits","item":"https:\/\/lozen-sport.com\/shop\/"},{"@type":"ListItem","position":3,"name":"PALA SUP PARA NI\u00d1OS 2 PARTES"}]},{"@type":"WebSite","@id":"https:\/\/lozen-sport.com\/#website","url":"https:\/\/lozen-sport.com\/","name":"LOZEN","description":"LE SUP POUR TOUS","potentialAction":[{"@type":"SearchAction","target":{"@type":"EntryPoint","urlTemplate":"https:\/\/lozen-sport.com\/?s={search_term_string}"},"query-input":{"@type":"PropertyValueSpecification","valueRequired":true,"valueName":"search_term_string"}}],"inLanguage":"es"}]}},"_links":{"self":[{"href":"https:\/\/lozen-sport.com\/es\/wp-json\/wp\/v2\/product\/4940","targetHints":{"allow":["GET"]}}],"collection":[{"href":"https:\/\/lozen-sport.com\/es\/wp-json\/wp\/v2\/product"}],"about":[{"href":"https:\/\/lozen-sport.com\/es\/wp-json\/wp\/v2\/types\/product"}],"replies":[{"embeddable":true,"href":"https:\/\/lozen-sport.com\/es\/wp-json\/wp\/v2\/comments?post=4940"}],"wp:featuredmedia":[{"embeddable":true,"href":"https:\/\/lozen-sport.com\/es\/wp-json\/wp\/v2\/media\/4930"}],"wp:attachment":[{"href":"https:\/\/lozen-sport.com\/es\/wp-json\/wp\/v2\/media?parent=4940"}],"wp:term":[{"taxonomy":"product_brand","embeddable":true,"href":"https:\/\/lozen-sport.com\/es\/wp-json\/wp\/v2\/product_brand?post=4940"},{"taxonomy":"product_cat","embeddable":true,"href":"https:\/\/lozen-sport.com\/es\/wp-json\/wp\/v2\/product_cat?post=4940"},{"taxonomy":"product_tag","embeddable":true,"href":"https:\/\/lozen-sport.com\/es\/wp-json\/wp\/v2\/product_tag?post=4940"}],"curies":[{"name":"wp","href":"https:\/\/api.w.org\/{rel}","templated":true}]}}