{"id":5011,"date":"2023-07-25T09:57:42","date_gmt":"2023-07-25T07:57:43","guid":{"rendered":"https:\/\/lozen-sport.com\/?post_type=product&#038;p=5011"},"modified":"2024-01-24T12:29:49","modified_gmt":"2024-01-24T10:29:49","slug":"soporte-de-aleta-superior-universal","status":"publish","type":"product","link":"https:\/\/lozen-sport.com\/es\/shop\/accesorios-sup\/soporte-de-aleta-superior-universal\/","title":{"rendered":"SOPORTE DE ALETA SUPERIOR UNIVERSAL"},"content":{"rendered":"[et_pb_section fb_built=\u00bb1&#8243; _builder_version=\u00bb4.16&#8243; custom_padding=\u00bb0px||||false|false\u00bb global_colors_info=\u00bb{}\u00bb][et_pb_row _builder_version=\u00bb4.16&#8243; background_size=\u00bbinitial\u00bb background_position=\u00bbtop_left\u00bb background_repeat=\u00bbrepeat\u00bb width=\u00bb100%\u00bb custom_padding=\u00bb0px||0px||false|false\u00bb global_colors_info=\u00bb{}\u00bb][et_pb_column type=\u00bb4_4&#8243; _builder_version=\u00bb4.16&#8243; custom_padding=\u00bb|||\u00bb global_colors_info=\u00bb{}\u00bb custom_padding__hover=\u00bb|||\u00bb][et_pb_wc_breadcrumb disabled_on=\u00bbon|on|on\u00bb _builder_version=\u00bb4.16&#8243; disabled=\u00bbon\u00bb global_colors_info=\u00bb{}\u00bb][\/et_pb_wc_breadcrumb][et_pb_wc_cart_notice _builder_version=\u00bb4.16&#8243; global_colors_info=\u00bb{}\u00bb][\/et_pb_wc_cart_notice][\/et_pb_column][\/et_pb_row][et_pb_row column_structure=\u00bb1_2,1_2&#8243; _builder_version=\u00bb4.16&#8243; background_size=\u00bbinitial\u00bb background_position=\u00bbtop_left\u00bb background_repeat=\u00bbrepeat\u00bb width=\u00bb100%\u00bb custom_padding=\u00bb0px||||false|false\u00bb global_colors_info=\u00bb{}\u00bb][et_pb_column type=\u00bb1_2&#8243; _builder_version=\u00bb4.16&#8243; custom_padding=\u00bb|||\u00bb global_colors_info=\u00bb{}\u00bb custom_padding__hover=\u00bb|||\u00bb][et_pb_wc_images _builder_version=\u00bb4.16&#8243; global_colors_info=\u00bb{}\u00bb][\/et_pb_wc_images][\/et_pb_column][et_pb_column type=\u00bb1_2&#8243; module_class=\u00bbcard\u00bb _builder_version=\u00bb4.16&#8243; custom_padding=\u00bb|||\u00bb global_colors_info=\u00bb{}\u00bb custom_padding__hover=\u00bb|||\u00bb][et_pb_wc_title _builder_version=\u00bb4.16&#8243; global_colors_info=\u00bb{}\u00bb][\/et_pb_wc_title][et_pb_wc_rating _builder_version=\u00bb4.16&#8243; global_colors_info=\u00bb{}\u00bb][\/et_pb_wc_rating][et_pb_wc_price _builder_version=\u00bb4.16&#8243; global_colors_info=\u00bb{}\u00bb][\/et_pb_wc_price][et_pb_wc_description _builder_version=\u00bb4.16&#8243; global_colors_info=\u00bb{}\u00bb][\/et_pb_wc_description][et_pb_wc_add_to_cart _builder_version=\u00bb4.16&#8243; global_colors_info=\u00bb{}\u00bb][\/et_pb_wc_add_to_cart][et_pb_wc_meta disabled_on=\u00bbon|on|on\u00bb admin_label=\u00bbWoo Meta\u00bb _builder_version=\u00bb4.16&#8243; disabled=\u00bbon\u00bb global_colors_info=\u00bb{}\u00bb][\/et_pb_wc_meta][\/et_pb_column][\/et_pb_row][et_pb_row _builder_version=\u00bb4.16&#8243; background_size=\u00bbinitial\u00bb background_position=\u00bbtop_left\u00bb background_repeat=\u00bbrepeat\u00bb width=\u00bb100%\u00bb global_colors_info=\u00bb{}\u00bb][et_pb_column type=\u00bb4_4&#8243; _builder_version=\u00bb4.16&#8243; custom_padding=\u00bb|||\u00bb global_colors_info=\u00bb{}\u00bb custom_padding__hover=\u00bb|||\u00bb][et_pb_wc_tabs include_tabs=\u00bb|additional_information|\u00bb disabled_on=\u00bboff|off|off\u00bb module_class=\u00bbcard\u00bb _builder_version=\u00bb4.23.1&#8243; hover_enabled=\u00bb0&#8243; global_colors_info=\u00bb{}\u00bb sticky_enabled=\u00bb0&#8243;]\t\t\t\t\t[\/et_pb_wc_tabs][et_pb_wc_upsells _builder_version=\u00bb4.16&#8243; global_colors_info=\u00bb{}\u00bb][\/et_pb_wc_upsells][et_pb_wc_related_products _builder_version=\u00bb4.16&#8243; global_colors_info=\u00bb{}\u00bb][\/et_pb_wc_related_products][\/et_pb_column][\/et_pb_row][\/et_pb_section]\n","protected":false},"excerpt":{"rendered":"<p>Pieza de recambio indispensable para reparar una tabla de Stand up Paddle.<br \/>\nEl soporte de aleta SUP Standard se fija f\u00e1cilmente con un tubo de pegamento BOSTIK 1220 (no incluido).<\/p>\n","protected":false},"featured_media":3859,"comment_status":"open","ping_status":"closed","template":"","meta":{"_et_pb_use_builder":"on","_et_pb_old_content":"","_et_gb_content_width":"","content-type":""},"product_brand":[],"product_cat":[107],"product_tag":[],"class_list":{"0":"post-5011","1":"product","2":"type-product","3":"status-publish","4":"has-post-thumbnail","6":"product_cat-accesorios-sup","7":"product_shipping_class-sup-es-2","9":"first","10":"instock","11":"taxable","12":"shipping-taxable","13":"purchasable","14":"product-type-simple"},"yoast_head":"<!-- This site is optimized with the Yoast SEO plugin v25.9 - https:\/\/yoast.com\/wordpress\/plugins\/seo\/ -->\n<title>SUP Universal Fin Support - Accesorios SUP Lozen<\/title>\n<meta name=\"description\" content=\"Para que una tabla de Stand Up Paddle mantenga su rumbo, necesita una gran aleta que sea tan potente como resistente. Nuestras aletas, dise\u00f1adas espec\u00edficamente para tablas de SUP hinchables, se adaptan a la mayor\u00eda de los modelos del mercado.\" \/>\n<meta name=\"robots\" content=\"index, follow, max-snippet:-1, max-image-preview:large, max-video-preview:-1\" \/>\n<link rel=\"canonical\" href=\"https:\/\/lozen-sport.com\/shop\/tous-les-produits\/accessoires-sup\/support-aileron-sup-universel\/\" \/>\n<meta property=\"og:locale\" content=\"es_ES\" \/>\n<meta property=\"og:type\" content=\"article\" \/>\n<meta property=\"og:title\" content=\"SUP Universal Fin Support - Accesorios SUP Lozen\" \/>\n<meta property=\"og:description\" content=\"Para que una tabla de Stand Up Paddle mantenga su rumbo, necesita una gran aleta que sea tan potente como resistente. Nuestras aletas, dise\u00f1adas espec\u00edficamente para tablas de SUP hinchables, se adaptan a la mayor\u00eda de los modelos del mercado.\" \/>\n<meta property=\"og:url\" content=\"https:\/\/lozen-sport.com\/shop\/tous-les-produits\/accessoires-sup\/support-aileron-sup-universel\/\" \/>\n<meta property=\"og:site_name\" content=\"LOZEN\" \/>\n<meta property=\"article:modified_time\" content=\"2024-01-24T10:29:49+00:00\" \/>\n<meta property=\"og:image\" content=\"https:\/\/lozen-sport.com\/wp-content\/uploads\/2017\/05\/DETAILS-AILERON-DEMONTABLE-SUP-CARRE.jpg\" \/>\n\t<meta property=\"og:image:width\" content=\"1080\" \/>\n\t<meta property=\"og:image:height\" content=\"1080\" \/>\n\t<meta property=\"og:image:type\" content=\"image\/jpeg\" \/>\n<meta name=\"twitter:card\" content=\"summary_large_image\" \/>\n<meta name=\"twitter:label1\" content=\"Tiempo de lectura\" \/>\n\t<meta name=\"twitter:data1\" content=\"2 minutos\" \/>\n<script type=\"application\/ld+json\" class=\"yoast-schema-graph\">{\"@context\":\"https:\/\/schema.org\",\"@graph\":[{\"@type\":\"WebPage\",\"@id\":\"https:\/\/lozen-sport.com\/shop\/tous-les-produits\/accessoires-sup\/support-aileron-sup-universel\/\",\"url\":\"https:\/\/lozen-sport.com\/shop\/tous-les-produits\/accessoires-sup\/support-aileron-sup-universel\/\",\"name\":\"SUP Universal Fin Support - Accesorios SUP Lozen\",\"isPartOf\":{\"@id\":\"https:\/\/lozen-sport.com\/#website\"},\"primaryImageOfPage\":{\"@id\":\"https:\/\/lozen-sport.com\/shop\/tous-les-produits\/accessoires-sup\/support-aileron-sup-universel\/#primaryimage\"},\"image\":{\"@id\":\"https:\/\/lozen-sport.com\/shop\/tous-les-produits\/accessoires-sup\/support-aileron-sup-universel\/#primaryimage\"},\"thumbnailUrl\":\"https:\/\/lozen-sport.com\/wp-content\/uploads\/2017\/05\/DETAILS-AILERON-DEMONTABLE-SUP-CARRE.jpg\",\"datePublished\":\"2023-07-25T07:57:43+00:00\",\"dateModified\":\"2024-01-24T10:29:49+00:00\",\"description\":\"Para que una tabla de Stand Up Paddle mantenga su rumbo, necesita una gran aleta que sea tan potente como resistente. Nuestras aletas, dise\u00f1adas espec\u00edficamente para tablas de SUP hinchables, se adaptan a la mayor\u00eda de los modelos del mercado.\",\"breadcrumb\":{\"@id\":\"https:\/\/lozen-sport.com\/shop\/tous-les-produits\/accessoires-sup\/support-aileron-sup-universel\/#breadcrumb\"},\"inLanguage\":\"es\",\"potentialAction\":[{\"@type\":\"ReadAction\",\"target\":[\"https:\/\/lozen-sport.com\/shop\/tous-les-produits\/accessoires-sup\/support-aileron-sup-universel\/\"]}]},{\"@type\":\"ImageObject\",\"inLanguage\":\"es\",\"@id\":\"https:\/\/lozen-sport.com\/shop\/tous-les-produits\/accessoires-sup\/support-aileron-sup-universel\/#primaryimage\",\"url\":\"https:\/\/lozen-sport.com\/wp-content\/uploads\/2017\/05\/DETAILS-AILERON-DEMONTABLE-SUP-CARRE.jpg\",\"contentUrl\":\"https:\/\/lozen-sport.com\/wp-content\/uploads\/2017\/05\/DETAILS-AILERON-DEMONTABLE-SUP-CARRE.jpg\",\"width\":1080,\"height\":1080,\"caption\":\"DETAIL AILERON SUP 1\"},{\"@type\":\"BreadcrumbList\",\"@id\":\"https:\/\/lozen-sport.com\/shop\/tous-les-produits\/accessoires-sup\/support-aileron-sup-universel\/#breadcrumb\",\"itemListElement\":[{\"@type\":\"ListItem\",\"position\":1,\"name\":\"Accueil\",\"item\":\"https:\/\/lozen-sport.com\/es\/\"},{\"@type\":\"ListItem\",\"position\":2,\"name\":\"Produits\",\"item\":\"https:\/\/lozen-sport.com\/shop\/\"},{\"@type\":\"ListItem\",\"position\":3,\"name\":\"SOPORTE DE ALETA SUPERIOR UNIVERSAL\"}]},{\"@type\":\"WebSite\",\"@id\":\"https:\/\/lozen-sport.com\/#website\",\"url\":\"https:\/\/lozen-sport.com\/\",\"name\":\"LOZEN\",\"description\":\"LE SUP POUR TOUS\",\"potentialAction\":[{\"@type\":\"SearchAction\",\"target\":{\"@type\":\"EntryPoint\",\"urlTemplate\":\"https:\/\/lozen-sport.com\/?s={search_term_string}\"},\"query-input\":{\"@type\":\"PropertyValueSpecification\",\"valueRequired\":true,\"valueName\":\"search_term_string\"}}],\"inLanguage\":\"es\"}]}<\/script>\n<!-- \/ Yoast SEO plugin. -->","yoast_head_json":{"title":"SUP Universal Fin Support - Accesorios SUP Lozen","description":"Para que una tabla de Stand Up Paddle mantenga su rumbo, necesita una gran aleta que sea tan potente como resistente. Nuestras aletas, dise\u00f1adas espec\u00edficamente para tablas de SUP hinchables, se adaptan a la mayor\u00eda de los modelos del mercado.","robots":{"index":"index","follow":"follow","max-snippet":"max-snippet:-1","max-image-preview":"max-image-preview:large","max-video-preview":"max-video-preview:-1"},"canonical":"https:\/\/lozen-sport.com\/shop\/tous-les-produits\/accessoires-sup\/support-aileron-sup-universel\/","og_locale":"es_ES","og_type":"article","og_title":"SUP Universal Fin Support - Accesorios SUP Lozen","og_description":"Para que una tabla de Stand Up Paddle mantenga su rumbo, necesita una gran aleta que sea tan potente como resistente. Nuestras aletas, dise\u00f1adas espec\u00edficamente para tablas de SUP hinchables, se adaptan a la mayor\u00eda de los modelos del mercado.","og_url":"https:\/\/lozen-sport.com\/shop\/tous-les-produits\/accessoires-sup\/support-aileron-sup-universel\/","og_site_name":"LOZEN","article_modified_time":"2024-01-24T10:29:49+00:00","og_image":[{"width":1080,"height":1080,"url":"https:\/\/lozen-sport.com\/wp-content\/uploads\/2017\/05\/DETAILS-AILERON-DEMONTABLE-SUP-CARRE.jpg","type":"image\/jpeg"}],"twitter_card":"summary_large_image","twitter_misc":{"Tiempo de lectura":"2 minutos"},"schema":{"@context":"https:\/\/schema.org","@graph":[{"@type":"WebPage","@id":"https:\/\/lozen-sport.com\/shop\/tous-les-produits\/accessoires-sup\/support-aileron-sup-universel\/","url":"https:\/\/lozen-sport.com\/shop\/tous-les-produits\/accessoires-sup\/support-aileron-sup-universel\/","name":"SUP Universal Fin Support - Accesorios SUP Lozen","isPartOf":{"@id":"https:\/\/lozen-sport.com\/#website"},"primaryImageOfPage":{"@id":"https:\/\/lozen-sport.com\/shop\/tous-les-produits\/accessoires-sup\/support-aileron-sup-universel\/#primaryimage"},"image":{"@id":"https:\/\/lozen-sport.com\/shop\/tous-les-produits\/accessoires-sup\/support-aileron-sup-universel\/#primaryimage"},"thumbnailUrl":"https:\/\/lozen-sport.com\/wp-content\/uploads\/2017\/05\/DETAILS-AILERON-DEMONTABLE-SUP-CARRE.jpg","datePublished":"2023-07-25T07:57:43+00:00","dateModified":"2024-01-24T10:29:49+00:00","description":"Para que una tabla de Stand Up Paddle mantenga su rumbo, necesita una gran aleta que sea tan potente como resistente. Nuestras aletas, dise\u00f1adas espec\u00edficamente para tablas de SUP hinchables, se adaptan a la mayor\u00eda de los modelos del mercado.","breadcrumb":{"@id":"https:\/\/lozen-sport.com\/shop\/tous-les-produits\/accessoires-sup\/support-aileron-sup-universel\/#breadcrumb"},"inLanguage":"es","potentialAction":[{"@type":"ReadAction","target":["https:\/\/lozen-sport.com\/shop\/tous-les-produits\/accessoires-sup\/support-aileron-sup-universel\/"]}]},{"@type":"ImageObject","inLanguage":"es","@id":"https:\/\/lozen-sport.com\/shop\/tous-les-produits\/accessoires-sup\/support-aileron-sup-universel\/#primaryimage","url":"https:\/\/lozen-sport.com\/wp-content\/uploads\/2017\/05\/DETAILS-AILERON-DEMONTABLE-SUP-CARRE.jpg","contentUrl":"https:\/\/lozen-sport.com\/wp-content\/uploads\/2017\/05\/DETAILS-AILERON-DEMONTABLE-SUP-CARRE.jpg","width":1080,"height":1080,"caption":"DETAIL AILERON SUP 1"},{"@type":"BreadcrumbList","@id":"https:\/\/lozen-sport.com\/shop\/tous-les-produits\/accessoires-sup\/support-aileron-sup-universel\/#breadcrumb","itemListElement":[{"@type":"ListItem","position":1,"name":"Accueil","item":"https:\/\/lozen-sport.com\/es\/"},{"@type":"ListItem","position":2,"name":"Produits","item":"https:\/\/lozen-sport.com\/shop\/"},{"@type":"ListItem","position":3,"name":"SOPORTE DE ALETA SUPERIOR UNIVERSAL"}]},{"@type":"WebSite","@id":"https:\/\/lozen-sport.com\/#website","url":"https:\/\/lozen-sport.com\/","name":"LOZEN","description":"LE SUP POUR TOUS","potentialAction":[{"@type":"SearchAction","target":{"@type":"EntryPoint","urlTemplate":"https:\/\/lozen-sport.com\/?s={search_term_string}"},"query-input":{"@type":"PropertyValueSpecification","valueRequired":true,"valueName":"search_term_string"}}],"inLanguage":"es"}]}},"_links":{"self":[{"href":"https:\/\/lozen-sport.com\/es\/wp-json\/wp\/v2\/product\/5011","targetHints":{"allow":["GET"]}}],"collection":[{"href":"https:\/\/lozen-sport.com\/es\/wp-json\/wp\/v2\/product"}],"about":[{"href":"https:\/\/lozen-sport.com\/es\/wp-json\/wp\/v2\/types\/product"}],"replies":[{"embeddable":true,"href":"https:\/\/lozen-sport.com\/es\/wp-json\/wp\/v2\/comments?post=5011"}],"wp:featuredmedia":[{"embeddable":true,"href":"https:\/\/lozen-sport.com\/es\/wp-json\/wp\/v2\/media\/3859"}],"wp:attachment":[{"href":"https:\/\/lozen-sport.com\/es\/wp-json\/wp\/v2\/media?parent=5011"}],"wp:term":[{"taxonomy":"product_brand","embeddable":true,"href":"https:\/\/lozen-sport.com\/es\/wp-json\/wp\/v2\/product_brand?post=5011"},{"taxonomy":"product_cat","embeddable":true,"href":"https:\/\/lozen-sport.com\/es\/wp-json\/wp\/v2\/product_cat?post=5011"},{"taxonomy":"product_tag","embeddable":true,"href":"https:\/\/lozen-sport.com\/es\/wp-json\/wp\/v2\/product_tag?post=5011"}],"curies":[{"name":"wp","href":"https:\/\/api.w.org\/{rel}","templated":true}]}}